{"id":231153,"date":"2022-03-26T19:39:11","date_gmt":"2022-03-27T02:39:11","guid":{"rendered":"https:\/\/hivaz.org\/?page_id=231153"},"modified":"2024-10-04T16:14:24","modified_gmt":"2024-10-04T23:14:24","slug":"blog","status":"publish","type":"page","link":"https:\/\/hivaz.org\/es\/resources\/blog\/","title":{"rendered":"Blog"},"content":{"rendered":"<p>[et_pb_section fb_built=\u201d1\u2033 admin_label=\u201dHeader\u201d _builder_version=\u201d4.16\u2033 use_background_color_gradient=\u201don\u201d background_color_gradient_type=\u201dcircular\u201d background_color_gradient_direction_radial=\u201darriba a la izquierda\u201d background_color_gradient_stops=\u201drgba(255,255,255,0.89) 301TP,5,02|r5,02|r5,02 80%\u201d background_color_gradient_start=\u201drgba(255,255,255,0.89)\u201d background_color_gradient_start_position=\u201d30%\u201d background_color_gradient_end=\u201drgba(255,255,255,0)\u201d background_color_gradient_end_position=\u201d80%\u201d background_image=\u201dhttps:\/\/hivaz.org\/wp\/content\/upload \/03\/hivaz-generic-bg.png\u201d custom_padding=\u201d8vw|0px|280px|0px|false|false\u201d global_colors_info=\u201d{}\u201d][et_pb_row _builder_version=\u201d4.16\u2033 global_colors_info=\u201d{}\u201d][et_pb_column type =\u201d4_4\u2033 _builder_version=\u201d4.16\u2033 custom_padding=\u201d|||\u201d global_colors_info=\u201d{}\u201d custom_padding__hover=\u201d|||\u201d][et_pb_text _builder_version=\u201d4.16\u2033 text_font=\u201d||||||||\u201d header_text_color=\u201d#FFFFFF\u201d header_font_size=\u201d80px\u201d header_line_height=\u201d1.2em\u201d header_5_font=\u201dRaleway|700||on|||||\u201d header_5_text_color=\u201d#FFFFFF\u201d header_5_font_size=\u201d20px\u201d header_5_letter_spacing=\u201d0.5em\u201d header_5_line_height=\u201d1.8em\u201d animation_style=\u201dzoom\u201d animation_intensity_zoom=\u201d5%\u201d header_font_size_tablet=\u201d48px\u201d header_font_size_phone=\u201d32px\u201d header_5_phone_font_size_font_head=\u201d14px 12px\u201d header_5_font_size_last_edited=\u201den|escritorio\u201d global_colors_info=\u201d{}\u201d]<\/p>\n<h5>Nuestro blog<\/h5>\n<h1>\u00daltimas noticias<\/h1>\n<p>[\/et_pb_text][\/et_pb_column][\/et_pb_row][\/et_pb_section][et_pb_section fb_built=\u201d1\u2033 admin_label=\u201dBlog\u201d _builder_version=\u201d4.16\u2033 background_color=\u201d#ffffff\u201d max_width=\u201d90%\u201d max_width_tablet=\u201d\u201d max_width_phone=\u201d 100%\u201d max_width_last_edited=\u201den|tel\u00e9fono\u201d custom_margin=\u201d-160px|||\u201d border_color_all=\u201d#ffffff\u201d border_width_left=\u201d10vw\u201d global_colors_info=\u201d{}\u201d][et_pb_row column_structure=\u201d3_4,1_4\u2033 make_equal=\u201don\u201d _builder_version=\u201d4.16\u2033 width=\u201d100%\u201d custom_padding=\u201d|20px||20px| false|false\u201d global_colors_info=\u201d{}\u201d][et_pb_column type=\u201d3_4\u2033 _builder_version=\u201d4.16\u2033 custom_padding=\u201d|||\u201d global_colors_info=\u201d{}\u201d custom_padding__hover=\u201d|||\u201d][et_pb_blog fullwidth=\u201doff\u201d posts_number=\u201d99\u2033 include_categories=\u201dall\u201d show_more=\u201don\u201d show_author=\u201doff\u201d show_date=\u201doff\u201d _builder_version=\u201d4.16 \u2033 header_level=\u201dh5\u2033 header_font=\u201dRaleway|700|||||||\u201d header_font_size=\u201d20px\u201d header_line_height=\u201d1.2em\u201d body_font=\u201dMontserrat||||||||\u201d body_font_size=\u201d16px\u201d body_line_height=\u201d1.4em\u201d meta_font=\u201d||||||||\u201d meta_text_color=\u201drgba(0,0,0,0.24)\u201d meta_line_height=\u201d1.8em\u201d pagination_font=\u201dRaleway|700|||||||\u201d pagination_text_color=\u201d#000000\u2033 pagination_font_size=\u201d16px\u201d border_width_all=\u201d0px\u201d border_radii_image=\u201don|8px|8px|8px|8px\u201d global_colors_info=\u201d{}\u201d][\/et_pb_blog][\/et_pb_column][et_pb_column type=\u201d1_4\u2033 _builder_version=\u201d4.16\u2033 custom_padding=\u201d|||\u201d global_colors_info=\u201d{}\u201d custom_padding__hover=\u201d|||\u201d][et_pb_text _builder_version=\u201d4.16\u2033 _module_preset=\u201ddefault\u201d custom_margin=\u201d||14px|||\u201d global_colors_info=\u201d{}\u201d]<\/p>\n<h1>Temas del blog<\/h1>\n<p>[\/et_pb_text][et_pb_button button_url=&#8221;\/topics\/hiv\/&#8221; button_text=&#8221;HIV&#8221; button_alignment=&#8221;left&#8221; _builder_version=&#8221;4.16&#8243; _module_preset=&#8221;956107ef-ee9f-429d-96db-6e1e676097d3&#8243; button_bg_color=&#8221;gcid-e175341b-00a8-4061-89ca-5213f7d4a72e&#8221; global_colors_info=&#8221;{%22gcid-87279394-6308-41fb-8034-a74a095a19a0%22:%91%22button_text_color%22,%22button_text_color%22,%22button_text_color%22%93,%22gcid-e175341b-00a8-4061-89ca-5213f7d4a72e%22:%91%22button_bg_color%22%93}&#8221;][\/et_pb_button][et_pb_button button_url=&#8221;\/topics\/hep-c\/&#8221; button_text=&#8221;Hepatitis C&#8221; button_alignment=&#8221;left&#8221; _builder_version=&#8221;4.16&#8243; _module_preset=&#8221;956107ef-ee9f-429d-96db-6e1e676097d3&#8243; button_bg_color=&#8221;gcid-e175341b-00a8-4061-89ca-5213f7d4a72e&#8221; global_colors_info=&#8221;{%22gcid-87279394-6308-41fb-8034-a74a095a19a0%22:%91%22button_text_color%22,%22button_text_color%22,%22button_text_color%22%93,%22gcid-e175341b-00a8-4061-89ca-5213f7d4a72e%22:%91%22button_bg_color%22%93}&#8221;][\/et_pb_button][et_pb_button button_url=&#8221;\/topics\/stis\/&#8221; button_text=&#8221;STIs&#8221; button_alignment=&#8221;left&#8221; _builder_version=&#8221;4.16&#8243; _module_preset=&#8221;956107ef-ee9f-429d-96db-6e1e676097d3&#8243; button_bg_color=&#8221;gcid-e175341b-00a8-4061-89ca-5213f7d4a72e&#8221; global_colors_info=&#8221;{%22gcid-87279394-6308-41fb-8034-a74a095a19a0%22:%91%22button_text_color%22,%22button_text_color%22,%22button_text_color%22%93,%22gcid-e175341b-00a8-4061-89ca-5213f7d4a72e%22:%91%22button_bg_color%22%93}&#8221;][\/et_pb_button][et_pb_text _builder_version=&#8221;4.16&#8243; _module_preset=&#8221;default&#8221; text_line_height=&#8221;1.3em&#8221; custom_margin=&#8221;20px||20px||false|false&#8221; global_colors_info=&#8221;{}&#8221;]<\/p>\n<h1>Localizar Servicios<\/h1>\n<p><span>Encuentre proveedores de servicios en Arizona para cada categor\u00eda enumerada a continuaci\u00f3n o vea todos los proveedores en su \u00e1rea.<\/span><\/p>\n<p>[\/et_pb_text][et_pb_button button_url=&#8221;\/locate-services\/&#8221; button_text=&#8221;Search Now&#8221; _builder_version=&#8221;4.27.0&#8243; _module_preset=&#8221;default&#8221; custom_button=&#8221;on&#8221; button_text_color=&#8221;#FFFFFF&#8221; button_bg_color=&#8221;gcid-73d8ac0c-cd9a-4d4e-8b93-105ba7631331&#8243; button_border_width=&#8221;0px&#8221; button_border_radius=&#8221;8px&#8221; button_font=&#8221;|700|||||||&#8221; background_layout=&#8221;dark&#8221; custom_margin=&#8221;||54px|||&#8221; hover_enabled=&#8221;0&#8243; global_colors_info=&#8221;{%22gcid-73d8ac0c-cd9a-4d4e-8b93-105ba7631331%22:%91%22button_bg_color%22%93}&#8221; sticky_enabled=&#8221;0&#8243;][\/et_pb_button][et_pb_text admin_label=&#8221;Content Text&#8221; _builder_version=&#8221;4.16&#8243; text_text_color=&#8221;#316883&#8243; text_font_size=&#8221;20px&#8221; header_2_font=&#8221;Montserrat|700|||||||&#8221; text_orientation=&#8221;center&#8221; module_alignment=&#8221;center&#8221; custom_padding=&#8221;20px||20px||false|false&#8221; border_width_top=&#8221;4px&#8221; border_color_top=&#8221;#bde1c8&#8243; border_width_bottom=&#8221;4px&#8221; border_color_bottom=&#8221;#bde1c8&#8243; global_colors_info=&#8221;{}&#8221;]<\/p>\n<p>El VIH\/SIDA no tiene fronteras<\/p>\n<p>\u2013Annie Lennox<\/p>\n<p>[\/et_pb_text][\/et_pb_column][\/et_pb_row][\/et_pb_section]<\/p>","protected":false},"excerpt":{"rendered":"<p>Nuestro blog \u00daltimas noticias Temas del blog Localizar servicios Encuentre proveedores de servicios en Arizona para cada categor\u00eda enumerada a continuaci\u00f3n o vea todos los proveedores en su \u00e1rea. El VIH\/SIDA no tiene fronteras \u2013 Annie Lennox<\/p>","protected":false},"author":13,"featured_media":0,"parent":419,"menu_order":0,"comment_status":"closed","ping_status":"closed","template":"","meta":{"_et_pb_use_builder":"on","_et_pb_old_content":"","_et_gb_content_width":"","footnotes":""},"class_list":["post-231153","page","type-page","status-publish","hentry"],"yoast_head":"<!-- This site is optimized with the Yoast SEO plugin v26.1.1 - https:\/\/yoast.com\/wordpress\/plugins\/seo\/ -->\n<title>Blog - HIV prevention, care, and resources throughout Arizona. Developed and maintained by Aunt Rita\u2019s Foundation, HIVAZ is dedicated to providing accurate, thorough information to Arizona residents.<\/title>\n<meta name=\"robots\" content=\"index, follow, max-snippet:-1, max-image-preview:large, max-video-preview:-1\" \/>\n<link rel=\"canonical\" href=\"https:\/\/hivaz.org\/es\/resources\/blog\/\" \/>\n<meta property=\"og:locale\" content=\"es_MX\" \/>\n<meta property=\"og:type\" content=\"article\" \/>\n<meta property=\"og:title\" content=\"Blog - HIV prevention, care, and resources throughout Arizona. Developed and maintained by Aunt Rita\u2019s Foundation, HIVAZ is dedicated to providing accurate, thorough information to Arizona residents.\" \/>\n<meta property=\"og:description\" content=\"Our Blog Latest NewsBlog SubjectsLocate Services Find service providers in Arizona for each category listed below or see all providers in your area.HIV\/AIDS has no boundaries - Annie Lennox\" \/>\n<meta property=\"og:url\" content=\"https:\/\/hivaz.org\/es\/resources\/blog\/\" \/>\n<meta property=\"og:site_name\" content=\"HIV prevention, care, and resources throughout Arizona. Developed and maintained by Aunt Rita\u2019s Foundation, HIVAZ is dedicated to providing accurate, thorough information to Arizona residents.\" \/>\n<meta property=\"article:publisher\" content=\"https:\/\/www.facebook.com\/AuntRitasFoundation1\" \/>\n<meta property=\"article:modified_time\" content=\"2024-10-04T23:14:24+00:00\" \/>\n<meta name=\"twitter:card\" content=\"summary_large_image\" \/>\n<meta name=\"twitter:site\" content=\"@auntritas\" \/>\n<script type=\"application\/ld+json\" class=\"yoast-schema-graph\">{\"@context\":\"https:\/\/schema.org\",\"@graph\":[{\"@type\":\"WebPage\",\"@id\":\"https:\/\/hivaz.org\/resources\/blog\/\",\"url\":\"https:\/\/hivaz.org\/resources\/blog\/\",\"name\":\"Blog - HIV prevention, care, and resources throughout Arizona. Developed and maintained by Aunt Rita\u2019s Foundation, HIVAZ is dedicated to providing accurate, thorough information to Arizona residents.\",\"isPartOf\":{\"@id\":\"https:\/\/hivaz.org\/#website\"},\"datePublished\":\"2022-03-27T02:39:11+00:00\",\"dateModified\":\"2024-10-04T23:14:24+00:00\",\"breadcrumb\":{\"@id\":\"https:\/\/hivaz.org\/resources\/blog\/#breadcrumb\"},\"inLanguage\":\"es\",\"potentialAction\":[{\"@type\":\"ReadAction\",\"target\":[\"https:\/\/hivaz.org\/resources\/blog\/\"]}]},{\"@type\":\"BreadcrumbList\",\"@id\":\"https:\/\/hivaz.org\/resources\/blog\/#breadcrumb\",\"itemListElement\":[{\"@type\":\"ListItem\",\"position\":1,\"name\":\"Home\",\"item\":\"https:\/\/hivaz.org\/\"},{\"@type\":\"ListItem\",\"position\":2,\"name\":\"Resources\",\"item\":\"https:\/\/hivaz.org\/resources\/\"},{\"@type\":\"ListItem\",\"position\":3,\"name\":\"Blog\"}]},{\"@type\":\"WebSite\",\"@id\":\"https:\/\/hivaz.org\/#website\",\"url\":\"https:\/\/hivaz.org\/\",\"name\":\"HIV prevention, care, and resources throughout Arizona. Developed and maintained by Aunt Rita\u2019s Foundation, HIVAZ is dedicated to providing accurate, thorough information to Arizona residents.\",\"description\":\"Everyone, regardless of HIV status, is deserving of empathetic, competent care and education without prejudice or stigma.\",\"publisher\":{\"@id\":\"https:\/\/hivaz.org\/#organization\"},\"potentialAction\":[{\"@type\":\"SearchAction\",\"target\":{\"@type\":\"EntryPoint\",\"urlTemplate\":\"https:\/\/hivaz.org\/?s={search_term_string}\"},\"query-input\":{\"@type\":\"PropertyValueSpecification\",\"valueRequired\":true,\"valueName\":\"search_term_string\"}}],\"inLanguage\":\"es\"},{\"@type\":\"Organization\",\"@id\":\"https:\/\/hivaz.org\/#organization\",\"name\":\"Aunt Rita's Foundation\",\"url\":\"https:\/\/hivaz.org\/\",\"logo\":{\"@type\":\"ImageObject\",\"inLanguage\":\"es\",\"@id\":\"https:\/\/hivaz.org\/#\/schema\/logo\/image\/\",\"url\":\"https:\/\/hivaz.org\/wp-content\/uploads\/2022\/05\/Aunt-Ritas-Foundation-Logo-Tagline-01-300x202-1.png\",\"contentUrl\":\"https:\/\/hivaz.org\/wp-content\/uploads\/2022\/05\/Aunt-Ritas-Foundation-Logo-Tagline-01-300x202-1.png\",\"width\":300,\"height\":202,\"caption\":\"Aunt Rita's Foundation\"},\"image\":{\"@id\":\"https:\/\/hivaz.org\/#\/schema\/logo\/image\/\"},\"sameAs\":[\"https:\/\/www.facebook.com\/AuntRitasFoundation1\",\"https:\/\/x.com\/auntritas\"]}]}<\/script>\n<!-- \/ Yoast SEO plugin. -->","yoast_head_json":{"title":"Blog - HIV prevention, care, and resources throughout Arizona. Developed and maintained by Aunt Rita\u2019s Foundation, HIVAZ is dedicated to providing accurate, thorough information to Arizona residents.","robots":{"index":"index","follow":"follow","max-snippet":"max-snippet:-1","max-image-preview":"max-image-preview:large","max-video-preview":"max-video-preview:-1"},"canonical":"https:\/\/hivaz.org\/es\/resources\/blog\/","og_locale":"es_MX","og_type":"article","og_title":"Blog - HIV prevention, care, and resources throughout Arizona. Developed and maintained by Aunt Rita\u2019s Foundation, HIVAZ is dedicated to providing accurate, thorough information to Arizona residents.","og_description":"Our Blog Latest NewsBlog SubjectsLocate Services Find service providers in Arizona for each category listed below or see all providers in your area.HIV\/AIDS has no boundaries - Annie Lennox","og_url":"https:\/\/hivaz.org\/es\/resources\/blog\/","og_site_name":"HIV prevention, care, and resources throughout Arizona. Developed and maintained by Aunt Rita\u2019s Foundation, HIVAZ is dedicated to providing accurate, thorough information to Arizona residents.","article_publisher":"https:\/\/www.facebook.com\/AuntRitasFoundation1","article_modified_time":"2024-10-04T23:14:24+00:00","twitter_card":"summary_large_image","twitter_site":"@auntritas","schema":{"@context":"https:\/\/schema.org","@graph":[{"@type":"WebPage","@id":"https:\/\/hivaz.org\/resources\/blog\/","url":"https:\/\/hivaz.org\/resources\/blog\/","name":"Blog - HIV prevention, care, and resources throughout Arizona. Developed and maintained by Aunt Rita\u2019s Foundation, HIVAZ is dedicated to providing accurate, thorough information to Arizona residents.","isPartOf":{"@id":"https:\/\/hivaz.org\/#website"},"datePublished":"2022-03-27T02:39:11+00:00","dateModified":"2024-10-04T23:14:24+00:00","breadcrumb":{"@id":"https:\/\/hivaz.org\/resources\/blog\/#breadcrumb"},"inLanguage":"es","potentialAction":[{"@type":"ReadAction","target":["https:\/\/hivaz.org\/resources\/blog\/"]}]},{"@type":"BreadcrumbList","@id":"https:\/\/hivaz.org\/resources\/blog\/#breadcrumb","itemListElement":[{"@type":"ListItem","position":1,"name":"Home","item":"https:\/\/hivaz.org\/"},{"@type":"ListItem","position":2,"name":"Resources","item":"https:\/\/hivaz.org\/resources\/"},{"@type":"ListItem","position":3,"name":"Blog"}]},{"@type":"WebSite","@id":"https:\/\/hivaz.org\/#website","url":"https:\/\/hivaz.org\/","name":"Prevenci\u00f3n, atenci\u00f3n y recursos del VIH en todo Arizona. Desarrollado y mantenido por la Fundaci\u00f3n Aunt Rita, HIVAZ se dedica a brindar informaci\u00f3n precisa y completa a los residentes de Arizona.","description":"Todas las personas, independientemente de su estado serol\u00f3gico respecto del VIH, merecen atenci\u00f3n y educaci\u00f3n emp\u00e1ticas y competentes sin prejuicios ni estigmas.","publisher":{"@id":"https:\/\/hivaz.org\/#organization"},"potentialAction":[{"@type":"SearchAction","target":{"@type":"EntryPoint","urlTemplate":"https:\/\/hivaz.org\/?s={search_term_string}"},"query-input":{"@type":"PropertyValueSpecification","valueRequired":true,"valueName":"search_term_string"}}],"inLanguage":"es"},{"@type":"Organization","@id":"https:\/\/hivaz.org\/#organization","name":"Fundaci\u00f3n de la t\u00eda Rita","url":"https:\/\/hivaz.org\/","logo":{"@type":"ImageObject","inLanguage":"es","@id":"https:\/\/hivaz.org\/#\/schema\/logo\/image\/","url":"https:\/\/hivaz.org\/wp-content\/uploads\/2022\/05\/Aunt-Ritas-Foundation-Logo-Tagline-01-300x202-1.png","contentUrl":"https:\/\/hivaz.org\/wp-content\/uploads\/2022\/05\/Aunt-Ritas-Foundation-Logo-Tagline-01-300x202-1.png","width":300,"height":202,"caption":"Aunt Rita's Foundation"},"image":{"@id":"https:\/\/hivaz.org\/#\/schema\/logo\/image\/"},"sameAs":["https:\/\/www.facebook.com\/AuntRitasFoundation1","https:\/\/x.com\/auntritas"]}]}},"_links":{"self":[{"href":"https:\/\/hivaz.org\/es\/wp-json\/wp\/v2\/pages\/231153","targetHints":{"allow":["GET"]}}],"collection":[{"href":"https:\/\/hivaz.org\/es\/wp-json\/wp\/v2\/pages"}],"about":[{"href":"https:\/\/hivaz.org\/es\/wp-json\/wp\/v2\/types\/page"}],"author":[{"embeddable":true,"href":"https:\/\/hivaz.org\/es\/wp-json\/wp\/v2\/users\/13"}],"replies":[{"embeddable":true,"href":"https:\/\/hivaz.org\/es\/wp-json\/wp\/v2\/comments?post=231153"}],"version-history":[{"count":2,"href":"https:\/\/hivaz.org\/es\/wp-json\/wp\/v2\/pages\/231153\/revisions"}],"predecessor-version":[{"id":232646,"href":"https:\/\/hivaz.org\/es\/wp-json\/wp\/v2\/pages\/231153\/revisions\/232646"}],"up":[{"embeddable":true,"href":"https:\/\/hivaz.org\/es\/wp-json\/wp\/v2\/pages\/419"}],"wp:attachment":[{"href":"https:\/\/hivaz.org\/es\/wp-json\/wp\/v2\/media?parent=231153"}],"curies":[{"name":"wp","href":"https:\/\/api.w.org\/{rel}","templated":true}]}}