{"id":231176,"date":"2022-03-26T21:10:13","date_gmt":"2022-03-27T04:10:13","guid":{"rendered":"https:\/\/hivaz.org\/?page_id=231176"},"modified":"2024-10-04T16:17:40","modified_gmt":"2024-10-04T23:17:40","slug":"arizona-aids-drug-assistance-program-adap","status":"publish","type":"page","link":"https:\/\/hivaz.org\/es\/arizona-aids-drug-assistance-program-adap\/","title":{"rendered":"Programa de asistencia para medicamentos contra el SIDA de Arizona (ADAP)"},"content":{"rendered":"[et_pb_section fb_built=\u201d1\u2033 fullwidth=\u201don\u201d admin_label=\u201dEncabezado de secci\u00f3n de ancho completo\u201d _builder_version=\u201d4.27.0\u2033 _module_preset=\u201dpredeterminado\u201d background_color_gradient_start=\u201drgba(255,255,255,0.66)\u201d background_color_gradient_end=\u201drgba(255,255,255,0.81)\u201d background_image=\u201dhttps:\/\/hivaz.org\/wp-content\/uploads\/2022\/03\/hivaz-generic-bg.png\u201d background_position=\u201dtop_center\u201d min_height=\u201d600px\u201d min_height_tablet=\u201d600px\u201d min_height_phone=\u201d140px\u201d min_height_last_edited=\u201don|phone\u201d altura_tableta=\u201d\u201d altura_tel\u00e9fono=\u201d\u201d altura_\u00faltima_edici\u00f3n=\u201dactivado|tel\u00e9fono\u201d margen_personalizado=\u201d-96px||-64px||falso|falso\u201d relleno_personalizado=\u201d||||falso|falso\u201d color_fondo_tel\u00e9fono=\u201drgba(229,237,239,0.71)\u201d \u00faltima_edici\u00f3n_tel\u00e9fono=\u201dactivado|escritorio\u201d habilitar_color_fondo_tel\u00e9fono=\u201dactivado\u201d usar_gradiente_color_fondo_tel\u00e9fono=\u201ddesactivado\u201d gradiente_color_fondo_tel\u00e9fono=\u201d#ffffff 0%|rgba(255,255,255,0.96) 100%\u201d gradiente_color_fondo_tel\u00e9fono_inicio=\u201d#ffffff\u201d background_color_gradient_end_phone=\u201drgba(255,255,255,0.96)\u201d background_image_phone=\u201dhttps:\/\/hivaz.org\/wp-content\/uploads\/2022\/03\/hivaz-generic-bg.png\u201d background_enable_image_phone=\u201don\u201d background_enable_mask_style_phone=\u201doff\u201d global_colors_info=\u201d{}\u201d][et_pb_fullwidth_header title=\u201dPrograma de asistencia de medicamentos para el SIDA de Arizona (ADAP)\u201d subhead=\u201dAyuda para obtener medicamentos\u201d content_max_width=\u201d40%\u201d content_max_width_tablet=\u201d33%\u201d content_max_width_phone=\u201d100%\u201d content_max_width_last_edited=\u201don|desktop\u201d _builder_version=\u201d4.16\u2033 _module_preset=\u201dpredeterminado\u201d title_level=\u201dh2\u2033 title_font=\u201dMontserrat|700|||||||\u201d title_text_color=\u201d#FFFFFF\u201d title_font_size=\u201d52px\u201d subhead_font=\u201dMontserrat|700|||||||\u201d subhead_text_color=\u201d#FFFFFF\u201d subhead_font_size=\u201d29px\u201d subhead_line_height=\u201d1.2em\u201d background_color=\u201dRGBA(255,255,255,0)\u201d background_layout=\u201dlight\u201d min_height_tablet=\u201d\u201d min_height_phone=\u201d\u201d min_height_last_edited=\u201don|phone\u201d custom_padding=\u201d12%||12%||false|false\u201d custom_padding_tablet=\u201d||||false|false\u201d custom_padding_phone=\u201d||||false|false\u201d custom_padding_last_edited=\u201don|tablet\u201d title_text_color_tablet=\u201d#FFFFFF\u201d title_text_color_phone=\u201d#000000\u2033 t\u00edtulo_texto_color_\u00faltima_edici\u00f3n=\u201den|tel\u00e9fono\u201d t\u00edtulo_tama\u00f1o_fuente_tableta=\u201d31px\u201d t\u00edtulo_tama\u00f1o_fuente_tel\u00e9fono=\u201d24px\u201d t\u00edtulo_tama\u00f1o_fuente_\u00faltima_edici\u00f3n=\u201den|tel\u00e9fono\u201d subt\u00edtulo_tama\u00f1o_fuente_tableta=\u201d21px\u201d subt\u00edtulo_tama\u00f1o_fuente_tel\u00e9fono=\u201d20px\u201d subt\u00edtulo_tama\u00f1o_fuente_\u00faltima_edici\u00f3n=\u201den|tableta\u201d fondo_\u00faltima_edici\u00f3n=\u201den|tel\u00e9fono\u201d fondo_habilitar_color_tel\u00e9fono=\u201ddesactivado\u201d usar_gradiente_color_fondo_tel\u00e9fono=\u201dactivado\u201d gradiente_color_fondo_detiene_tel\u00e9fono=\u201drgba(255,255,255,0.85) 0%|rgba(255,255,255,0.86) 100%\u201d background_color_gradient_start_phone=\u201drgba(255,255,255,0.85)\u201d background_color_gradient_end_phone=\u201drgba(255,255,255,0.86)\u201d background_enable_image_phone=\u201doff\u201d global_colors_info=\u201d{}\u201d][\/et_pb_fullwidth_header][\/et_pb_section][et_pb_section fb_built=\u201d1\u2033 _builder_version=\u201d4.27.0\u2033 _module_preset=\u201ddefault\u201d background_color=\u201d#7CDA24\u2033 use_background_color_gradient=\u201don\u201d background_color_gradient_type=\u201dcircular\u201d global_colors_info=\u201d{}\u201d][et_pb_row _builder_version=\u201d4.27.0\u2033 _module_preset=\u201ddefault\u201d global_colors_info=\u201d{}\u201d][et_pb_column type=\u201d4_4\u2033 _builder_version=\u201d4.27.0\u2033 _module_preset=\u201ddefault\u201d global_colors_info=\u201d{}\u201d][et_pb_blurb title=\u201dLa inscripci\u00f3n abierta se extiende desde el 1 de noviembre de 2024 hasta el 15 de enero de 2025\u201d. content_max_width=\u201d1100px\u201d _builder_version=\u201d4.27.0\u2033 _module_preset=\u201ddefault\u201d header_level=\u201dh1\u2033 header_font=\u201d|||||||#7CDA24|ondulado\u201d header_text_color=\u201d#FFFFFF\u201d header_font_size=\u201d48px\u201d body_text_color=\u201d#FFFFFF\u201d body_font_size=\u201d31px\u201d body_line_height=\u201d1.8em\u201d custom_margin=\u201d|-45px|||false|false\u201d global_colors_info=\u201d{}\u201d]<p><span>Los clientes que tienen seguro m\u00e9dico por medio del Federally Facilitated Marketplace (FFM) [Mercado Facilitado por el Gobierno Federal] deben completar su inscripci\u00f3n antes del 15 de diciembre para que el seguro entre en vigencia el 1 de enero de 2025. Por favor, contacte a su manejador de caso para obtener m\u00e1s informaci\u00f3n.<\/span><\/p>\n<p>&nbsp;<\/p>[\/et_pb_blurb][\/et_pb_column][\/et_pb_row][\/et_pb_section][et_pb_section fb_built=\u201d1\u2033 admin_label=\u201dEsta es la secci\u00f3n ADAP\u201d module_class=\u201d.pa-parallax-background-image-size .et_parallax_bg\u201d _builder_version=\u201d4.16\u2033 background_image=\u201dhttps:\/\/hivaz.org\/wp-content\/uploads\/2022\/03\/lower-page-dots.png\u201d background_size=\u201dcontain\u201d background_last_edited=\u201don|tablet\u201d background_enable_image_tablet=\u201doff\u201d background_enable_image_phone=\u201doff\u201d global_colors_info=\u201d{}\u201d background__hover_enabled=\u201don|desktop\u201d][et_pb_row estructura_columna=\u201d2_3,1_3\u2033 uso_medianil_personalizado=\u201dactivado\u201d ancho_medianil=\u201d2\u2033 relleno_personalizado_\u00faltima_edici\u00f3n=\u201dactivado|tableta\u201d etiqueta_administradora=\u201dFila de contenido\u201d _builder_version=\u201d4.16\u2033 tama\u00f1o_fondo=\u201dinicial\u201d posici\u00f3n_fondo=\u201dsuperior_izquierda\u201d repetici\u00f3n_fondo=\u201drepetir\u201d relleno_personalizado_tableta=\u201d5px||||falso|falso\u201d relleno_personalizado_tel\u00e9fono=\u201d5px||||falso|falso\u201d colapsado=\u201ddesactivado\u201d informaci\u00f3n_colores_global=\u201d{}\u201d][et_pb_column tipo=\u201d2_3\u2033 _builder_version=\u201d4.16\u2033 relleno_personalizado=\u201d|||\u201d global_colors_info=\u201d{}\u201d custom_padding__hover=\u201d|||\u201d][et_pb_text admin_label=\u201dContenido principal\u201d _builder_version=\u201d4.16\u2033 ul_line_height=\u201d1.4em\u201d header_font=\u201dMontserrat|700||on|||||\u201d header_2_font=\u201dMontserrat|700||on|||||\u201d text_font_size_phone=\u201d16px\u201d ul_font_size_tablet=\u201d24px\u201d ul_font_size_phone=\u201d15px\u201d ul_font_size_last_edited=\u201don|phone\u201d global_colors_info=\u201d{}\u201d]<p><\/p>\n<h1 class=\"wp-block-heading\"><strong>ADAP AYUDA A LAS PERSONAS CON VIH A OBTENER SUS MEDICAMENTOS. <\/strong><\/h1>\n<p>ADAP est\u00e1 disponible para personas con VIH que son residentes de Arizona y cumplen con los requisitos de ingresos, y cuyo seguro no cubre todos los costos de sus medicamentos. Ayuda a las personas con VIH a obtener sus medicamentos relacionados con el VIH a bajo costo o sin costo alguno.<\/p>\n<p>Puede averiguar qu\u00e9 medicamentos recetados est\u00e1n cubiertos revisando la Lista de medicamentos cubiertos por el ADAP en <span><a href=\"https:\/\/www.azdhs.gov\/preparedness\/epidemiology-disease-control\/disease-integration-services\/index.php#aids-drug-assistance-program-adap-form\">AZADAPDROGAS.COM<\/a><\/span>. Se incluyen el tratamiento para la hepatitis C y la cobertura para la atenci\u00f3n de afirmaci\u00f3n de g\u00e9nero.<\/p>\n<h3><strong>VISITAR<\/strong> <span><a href=\"https:\/\/azdhs.gov\/preparedness\/epidemiology-disease-control\/disease-integration-services\/index.php#aids-drug-assistance-program-enroll\"><strong>AZADAP.ES<\/strong><\/a><\/span> <strong>\u00a1APRENDER M\u00c1S!<\/strong><\/h3>\n<p>Tambi\u00e9n puede comunicarse con ADAP para obtener m\u00e1s informaci\u00f3n sobre la inscripci\u00f3n y la elegibilidad:<\/p>\n<ul>\n<li>Llame al (602) 364-3610<\/li>\n<li>Texto (480) 601-4943<\/li>\n<li>Correo electr\u00f3nico <span><a href=\"mailto:CareandServices@azdhs.gov\">CareandServices@azdhs.gov<\/a><\/span><span><\/span><\/li>\n<\/ul>\n<p>Si se encuentra en los condados de Maricopa o Pinal, puede inscribirse llamando al (602) 212-3788.<\/p>\n<p>Si necesita ayuda con las primas del seguro u otros copagos relacionados con el VIH, \u00a1el Administrador de beneficios m\u00e9dicos (MBM) de ADAP puede ayudarlo! Llame al (520) 547-6136 o env\u00ede un correo electr\u00f3nico <span><a href=\"mailto:InsuranceProgram@saaf.org\">InsuranceProgram@saaf.org<\/a><\/span> aprender m\u00e1s.<\/p>\n<ul><\/ul>\n<p><\/p>[\/et_pb_text][\/et_pb_column][et_pb_column type=\u201d1_3\u2033 _builder_version=\u201d4.16\u2033 background_color=\u201d#cbdfe1\u2033 custom_padding=\u201d20px|20px|20px|20px|false|false\u201d border_radii=\u201doff|20px|20px|20px |20px\u201d global_colors_info=\u201d{}\u201d custom_padding__hover=\u201d|||\u201d][et_pb_text admin_label=\u201dEncabezado de la barra lateral\u201d _builder_version=\u201d4.16\u2033 _module_preset=\u201d021209c3-8a8b-4f8a-a07a-c747310fb902\u2033 Saved_tabs=\u201dall\u201d global_colors_info= \u201d{}\u201d]<h1>Recursos<\/h1>[\/et_pb_text][et_pb_menu menu_id=&#8221;37&#8243; active_link_color=&#8221;gcid-73d8ac0c-cd9a-4d4e-8b93-105ba7631331&#8243; module_class=&#8221;lwp-hide-mobile-menu&#8221; _builder_version=&#8221;4.17.4&#8243; _module_preset=&#8221;default&#8221; menu_font=&#8221;Montserrat|700|||||||&#8221; menu_text_color=&#8221;gcid-87279394-6308-41fb-8034-a74a095a19a0&#8243; menu_font_size=&#8221;20px&#8221; menu_line_height=&#8221;1.1em&#8221; background_enable_color=&#8221;off&#8221; width=&#8221;100%&#8221; custom_css_main_element=&#8221;width:100%!important;&#8221; custom_css_menu_link=&#8221;background-color: rgba(255,255,255,0.71);||padding: .5em 2em .5em 1em;||border-radius:8px;||||||&#8221; custom_css_active_menu_link=&#8221;background-color: rgba(255,255,255,1);||padding: .5em 2em .5em 1em;||border-radius:8px;&#8221; global_colors_info=&#8221;{%22gcid-73d8ac0c-cd9a-4d4e-8b93-105ba7631331%22:%91%22active_link_color%22,%22menu_text_color__hover%22%93,%22gcid-87279394-6308-41fb-8034-a74a095a19a0%22:%91%22menu_text_color%22%93}&#8221; menu_text_color__hover_enabled=&#8221;on|desktop&#8221; menu_text_color__hover=&#8221;#e14f25&#8243;][\/et_pb_menu][et_pb_cta title=&#8221;AZ 2022-2026 HIV\/STI\/HEP C Integrated Plan&#8221; button_url=&#8221;@ET-DC@eyJkeW5hbWljIjp0cnVlLCJjb250ZW50IjoicG9zdF9saW5rX3VybF9wYWdlIiwic2V0dGluZ3MiOnsicG9zdF9pZCI6IjIzMTE4MyJ9fQ==@&#8221; button_text=&#8221;Learn More&#8221; admin_label=&#8221;Integrated Plan&#8221; _builder_version=&#8221;4.17.6&#8243; _dynamic_attributes=&#8221;button_url&#8221; _module_preset=&#8221;default&#8221; header_font=&#8221;Montserrat|700|||||||&#8221; header_font_size=&#8221;18px&#8221; header_line_height=&#8221;1.2em&#8221; body_font=&#8221;Montserrat|700|||||||&#8221; background_color=&#8221;gcid-87279394-6308-41fb-8034-a74a095a19a0&#8243; custom_button=&#8221;on&#8221; button_text_color=&#8221;#FFFFFF&#8221; button_bg_color=&#8221;gcid-73d8ac0c-cd9a-4d4e-8b93-105ba7631331&#8243; button_border_width=&#8221;0px&#8221; button_border_radius=&#8221;8px&#8221; button_font=&#8221;Montserrat|700|||||||&#8221; custom_margin=&#8221;24px||||false|false&#8221; custom_padding=&#8221;20px||20px||true|false&#8221; custom_css_promo_button=&#8221;width:100%;&#8221; border_radii=&#8221;on|10px|10px|10px|10px&#8221; global_module=&#8221;231341&#8243; saved_tabs=&#8221;all&#8221; locked=&#8221;off&#8221; global_colors_info=&#8221;{%22gcid-87279394-6308-41fb-8034-a74a095a19a0%22:%91%22background_color%22%93,%22gcid-73d8ac0c-cd9a-4d4e-8b93-105ba7631331%22:%91%22button_bg_color%22%93}&#8221;][\/et_pb_cta][\/et_pb_column][\/et_pb_row][\/et_pb_section]","protected":false},"excerpt":{"rendered":"<p>Los clientes con seguro del Mercado Facilitado por el Gobierno Federal (FFM) deben completar la inscripci\u00f3n antes del 15 de diciembre para que el seguro entre en vigencia el 1 de enero de 2025. Comun\u00edquese con su administrador de casos para obtener m\u00e1s informaci\u00f3n. [\u2026]<\/p>","protected":false},"author":13,"featured_media":0,"parent":0,"menu_order":0,"comment_status":"closed","ping_status":"closed","template":"","meta":{"_et_pb_use_builder":"on","_et_pb_old_content":"","_et_gb_content_width":"","footnotes":""},"class_list":["post-231176","page","type-page","status-publish","hentry"],"yoast_head":"<!-- This site is optimized with the Yoast SEO plugin v26.1.1 - https:\/\/yoast.com\/wordpress\/plugins\/seo\/ -->\n<title>Arizona AIDS Drug Assistance Program (ADAP) - HIV prevention, care, and resources throughout Arizona. Developed and maintained by Aunt Rita\u2019s Foundation, HIVAZ is dedicated to providing accurate, thorough information to Arizona residents.<\/title>\n<meta name=\"robots\" content=\"index, follow, max-snippet:-1, max-image-preview:large, max-video-preview:-1\" \/>\n<link rel=\"canonical\" href=\"https:\/\/hivaz.org\/es\/arizona-aids-drug-assistance-program-adap\/\" \/>\n<meta property=\"og:locale\" content=\"es_MX\" \/>\n<meta property=\"og:type\" content=\"article\" \/>\n<meta property=\"og:title\" content=\"Arizona AIDS Drug Assistance Program (ADAP) - HIV prevention, care, and resources throughout Arizona. Developed and maintained by Aunt Rita\u2019s Foundation, HIVAZ is dedicated to providing accurate, thorough information to Arizona residents.\" \/>\n<meta property=\"og:description\" content=\"Clients with Federally Facilitated Marketplace (FFM) insurance must complete enrollment by December 15th for insurance to be effective January 1, 2025. Please contact your case manager for more information. &nbsp; [&hellip;]\" \/>\n<meta property=\"og:url\" content=\"https:\/\/hivaz.org\/es\/arizona-aids-drug-assistance-program-adap\/\" \/>\n<meta property=\"og:site_name\" content=\"HIV prevention, care, and resources throughout Arizona. Developed and maintained by Aunt Rita\u2019s Foundation, HIVAZ is dedicated to providing accurate, thorough information to Arizona residents.\" \/>\n<meta property=\"article:publisher\" content=\"https:\/\/www.facebook.com\/AuntRitasFoundation1\" \/>\n<meta property=\"article:modified_time\" content=\"2024-10-04T23:17:40+00:00\" \/>\n<meta name=\"twitter:card\" content=\"summary_large_image\" \/>\n<meta name=\"twitter:site\" content=\"@auntritas\" \/>\n<script type=\"application\/ld+json\" class=\"yoast-schema-graph\">{\"@context\":\"https:\/\/schema.org\",\"@graph\":[{\"@type\":\"WebPage\",\"@id\":\"https:\/\/hivaz.org\/arizona-aids-drug-assistance-program-adap\/\",\"url\":\"https:\/\/hivaz.org\/arizona-aids-drug-assistance-program-adap\/\",\"name\":\"Arizona AIDS Drug Assistance Program (ADAP) - HIV prevention, care, and resources throughout Arizona. Developed and maintained by Aunt Rita\u2019s Foundation, HIVAZ is dedicated to providing accurate, thorough information to Arizona residents.\",\"isPartOf\":{\"@id\":\"https:\/\/hivaz.org\/#website\"},\"datePublished\":\"2022-03-27T04:10:13+00:00\",\"dateModified\":\"2024-10-04T23:17:40+00:00\",\"breadcrumb\":{\"@id\":\"https:\/\/hivaz.org\/arizona-aids-drug-assistance-program-adap\/#breadcrumb\"},\"inLanguage\":\"es\",\"potentialAction\":[{\"@type\":\"ReadAction\",\"target\":[\"https:\/\/hivaz.org\/arizona-aids-drug-assistance-program-adap\/\"]}]},{\"@type\":\"BreadcrumbList\",\"@id\":\"https:\/\/hivaz.org\/arizona-aids-drug-assistance-program-adap\/#breadcrumb\",\"itemListElement\":[{\"@type\":\"ListItem\",\"position\":1,\"name\":\"Home\",\"item\":\"https:\/\/hivaz.org\/\"},{\"@type\":\"ListItem\",\"position\":2,\"name\":\"Arizona AIDS Drug Assistance Program (ADAP)\"}]},{\"@type\":\"WebSite\",\"@id\":\"https:\/\/hivaz.org\/#website\",\"url\":\"https:\/\/hivaz.org\/\",\"name\":\"HIV prevention, care, and resources throughout Arizona. Developed and maintained by Aunt Rita\u2019s Foundation, HIVAZ is dedicated to providing accurate, thorough information to Arizona residents.\",\"description\":\"Everyone, regardless of HIV status, is deserving of empathetic, competent care and education without prejudice or stigma.\",\"publisher\":{\"@id\":\"https:\/\/hivaz.org\/#organization\"},\"potentialAction\":[{\"@type\":\"SearchAction\",\"target\":{\"@type\":\"EntryPoint\",\"urlTemplate\":\"https:\/\/hivaz.org\/?s={search_term_string}\"},\"query-input\":{\"@type\":\"PropertyValueSpecification\",\"valueRequired\":true,\"valueName\":\"search_term_string\"}}],\"inLanguage\":\"es\"},{\"@type\":\"Organization\",\"@id\":\"https:\/\/hivaz.org\/#organization\",\"name\":\"Aunt Rita's Foundation\",\"url\":\"https:\/\/hivaz.org\/\",\"logo\":{\"@type\":\"ImageObject\",\"inLanguage\":\"es\",\"@id\":\"https:\/\/hivaz.org\/#\/schema\/logo\/image\/\",\"url\":\"https:\/\/hivaz.org\/wp-content\/uploads\/2022\/05\/Aunt-Ritas-Foundation-Logo-Tagline-01-300x202-1.png\",\"contentUrl\":\"https:\/\/hivaz.org\/wp-content\/uploads\/2022\/05\/Aunt-Ritas-Foundation-Logo-Tagline-01-300x202-1.png\",\"width\":300,\"height\":202,\"caption\":\"Aunt Rita's Foundation\"},\"image\":{\"@id\":\"https:\/\/hivaz.org\/#\/schema\/logo\/image\/\"},\"sameAs\":[\"https:\/\/www.facebook.com\/AuntRitasFoundation1\",\"https:\/\/x.com\/auntritas\"]}]}<\/script>\n<!-- \/ Yoast SEO plugin. -->","yoast_head_json":{"title":"Arizona AIDS Drug Assistance Program (ADAP) - HIV prevention, care, and resources throughout Arizona. Developed and maintained by Aunt Rita\u2019s Foundation, HIVAZ is dedicated to providing accurate, thorough information to Arizona residents.","robots":{"index":"index","follow":"follow","max-snippet":"max-snippet:-1","max-image-preview":"max-image-preview:large","max-video-preview":"max-video-preview:-1"},"canonical":"https:\/\/hivaz.org\/es\/arizona-aids-drug-assistance-program-adap\/","og_locale":"es_MX","og_type":"article","og_title":"Arizona AIDS Drug Assistance Program (ADAP) - HIV prevention, care, and resources throughout Arizona. Developed and maintained by Aunt Rita\u2019s Foundation, HIVAZ is dedicated to providing accurate, thorough information to Arizona residents.","og_description":"Clients with Federally Facilitated Marketplace (FFM) insurance must complete enrollment by December 15th for insurance to be effective January 1, 2025. Please contact your case manager for more information. &nbsp; [&hellip;]","og_url":"https:\/\/hivaz.org\/es\/arizona-aids-drug-assistance-program-adap\/","og_site_name":"HIV prevention, care, and resources throughout Arizona. Developed and maintained by Aunt Rita\u2019s Foundation, HIVAZ is dedicated to providing accurate, thorough information to Arizona residents.","article_publisher":"https:\/\/www.facebook.com\/AuntRitasFoundation1","article_modified_time":"2024-10-04T23:17:40+00:00","twitter_card":"summary_large_image","twitter_site":"@auntritas","schema":{"@context":"https:\/\/schema.org","@graph":[{"@type":"WebPage","@id":"https:\/\/hivaz.org\/arizona-aids-drug-assistance-program-adap\/","url":"https:\/\/hivaz.org\/arizona-aids-drug-assistance-program-adap\/","name":"Arizona AIDS Drug Assistance Program (ADAP) - HIV prevention, care, and resources throughout Arizona. Developed and maintained by Aunt Rita\u2019s Foundation, HIVAZ is dedicated to providing accurate, thorough information to Arizona residents.","isPartOf":{"@id":"https:\/\/hivaz.org\/#website"},"datePublished":"2022-03-27T04:10:13+00:00","dateModified":"2024-10-04T23:17:40+00:00","breadcrumb":{"@id":"https:\/\/hivaz.org\/arizona-aids-drug-assistance-program-adap\/#breadcrumb"},"inLanguage":"es","potentialAction":[{"@type":"ReadAction","target":["https:\/\/hivaz.org\/arizona-aids-drug-assistance-program-adap\/"]}]},{"@type":"BreadcrumbList","@id":"https:\/\/hivaz.org\/arizona-aids-drug-assistance-program-adap\/#breadcrumb","itemListElement":[{"@type":"ListItem","position":1,"name":"Home","item":"https:\/\/hivaz.org\/"},{"@type":"ListItem","position":2,"name":"Arizona AIDS Drug Assistance Program (ADAP)"}]},{"@type":"WebSite","@id":"https:\/\/hivaz.org\/#website","url":"https:\/\/hivaz.org\/","name":"Prevenci\u00f3n, atenci\u00f3n y recursos del VIH en todo Arizona. Desarrollado y mantenido por la Fundaci\u00f3n Aunt Rita, HIVAZ se dedica a brindar informaci\u00f3n precisa y completa a los residentes de Arizona.","description":"Todas las personas, independientemente de su estado serol\u00f3gico respecto del VIH, merecen atenci\u00f3n y educaci\u00f3n emp\u00e1ticas y competentes sin prejuicios ni estigmas.","publisher":{"@id":"https:\/\/hivaz.org\/#organization"},"potentialAction":[{"@type":"SearchAction","target":{"@type":"EntryPoint","urlTemplate":"https:\/\/hivaz.org\/?s={search_term_string}"},"query-input":{"@type":"PropertyValueSpecification","valueRequired":true,"valueName":"search_term_string"}}],"inLanguage":"es"},{"@type":"Organization","@id":"https:\/\/hivaz.org\/#organization","name":"Fundaci\u00f3n de la t\u00eda Rita","url":"https:\/\/hivaz.org\/","logo":{"@type":"ImageObject","inLanguage":"es","@id":"https:\/\/hivaz.org\/#\/schema\/logo\/image\/","url":"https:\/\/hivaz.org\/wp-content\/uploads\/2022\/05\/Aunt-Ritas-Foundation-Logo-Tagline-01-300x202-1.png","contentUrl":"https:\/\/hivaz.org\/wp-content\/uploads\/2022\/05\/Aunt-Ritas-Foundation-Logo-Tagline-01-300x202-1.png","width":300,"height":202,"caption":"Aunt Rita's Foundation"},"image":{"@id":"https:\/\/hivaz.org\/#\/schema\/logo\/image\/"},"sameAs":["https:\/\/www.facebook.com\/AuntRitasFoundation1","https:\/\/x.com\/auntritas"]}]}},"_links":{"self":[{"href":"https:\/\/hivaz.org\/es\/wp-json\/wp\/v2\/pages\/231176","targetHints":{"allow":["GET"]}}],"collection":[{"href":"https:\/\/hivaz.org\/es\/wp-json\/wp\/v2\/pages"}],"about":[{"href":"https:\/\/hivaz.org\/es\/wp-json\/wp\/v2\/types\/page"}],"author":[{"embeddable":true,"href":"https:\/\/hivaz.org\/es\/wp-json\/wp\/v2\/users\/13"}],"replies":[{"embeddable":true,"href":"https:\/\/hivaz.org\/es\/wp-json\/wp\/v2\/comments?post=231176"}],"version-history":[{"count":9,"href":"https:\/\/hivaz.org\/es\/wp-json\/wp\/v2\/pages\/231176\/revisions"}],"predecessor-version":[{"id":232647,"href":"https:\/\/hivaz.org\/es\/wp-json\/wp\/v2\/pages\/231176\/revisions\/232647"}],"wp:attachment":[{"href":"https:\/\/hivaz.org\/es\/wp-json\/wp\/v2\/media?parent=231176"}],"curies":[{"name":"wp","href":"https:\/\/api.w.org\/{rel}","templated":true}]}}