{"id":231203,"date":"2022-03-28T00:21:06","date_gmt":"2022-03-28T07:21:06","guid":{"rendered":"https:\/\/hivaz.org\/?page_id=231203"},"modified":"2023-09-06T12:49:03","modified_gmt":"2023-09-06T19:49:03","slug":"get-involved","status":"publish","type":"page","link":"https:\/\/hivaz.org\/es\/get-involved\/","title":{"rendered":"Involucrarse"},"content":{"rendered":"<p>[et_pb_section fb_built=\u201d1\u2033 fullwidth=\u201don\u201d admin_label=\u201dEncabezado de secci\u00f3n de ancho completo\u201d _builder_version=\u201d4.16\u2033 _module_preset=\u201ddefault\u201d background_color_gradient_start=\u201drgba(255,255,255,0.66)\u201d background_color_gradient_end=\u201drgba(255,255,255,0.81) \u201dimagen_de_fondo =\u201dhttps:\/\/hivaz.org\/wp-content\/uploads\/2022\/03\/contact-hero.png\u201d background_position=\u201dtop_center\u201d min_height=\u201d600px\u201d min_height_tablet=\u201d600px\u201d min_height_phone=\u201d140px\u201d min_height_last_edited=\u201don |tel\u00e9fono\u201d height_tablet=\u201d\u201d height_phone=\u201d\u201d height_last_edited=\u201don|phone\u201d custom_padding=\u201d||||false|false\u201d background_color_phone=\u201drgba(229,237,239,0.71)\u201d background_last_edited=\u201don|escritorio\u201d background_enable_color_phone=\u201don \u201d use_background_color_gradient_phone=\u201doff\u201d background_color_gradient_stops_phone=\u201d#ffffff 0%|rgba(255,255,255,0.96) 100%\u201d background_color_gradient_start_phone=\u201d#ffffff\u201d background_color_gradient_end_phone=\u201drgba(255,255,255,0.9 6)\u201d background_image_phone=\u201dhttps:\/\/hivaz.org\/wp-content\/ uploads\/2022\/03\/contact-hero.png\u201d background_enable_image_phone=\u201don\u201d global_colors_info=\u201d{}\u201d][et_pb_fullwidth_header title=\u201d\u00a1Participe!\u201d subhead=\u201dHaz o\u00edr tu voz\u201d content_max_width=\u201d40%\u201d content_max_width_tablet=\u201d33%\u201d content_max_width_phone=\u201d100%\u201d content_max_width_last_edited=\u201don|desktop\u201d _builder_version=\u201d4.16\u2033 _module_preset=\u201ddefault\u201d title_level=\u201dh2\u2033 title_font=\u201dMonts errar| 700|||||||\u201d title_text_color=\u201d#FFFFFF\u201d title_font_size=\u201d52px\u201d subhead_font=\u201dMontserrat|700|||||||\u201d subhead_text_color = \u201d#000000 \u2033 subhead_font_size =\u201d 29px \u201dsubhead_line_height =\u201d 1.2em \u201den segundo plano_color =\u201d rgba (255,255,255,0) \u201den segundo plano =\u201d light \u201dmin_height_tablet =\u201d min_height_phone = \u201d\u201d m\u00edntele. Agregar = \u201d12% ||12%||false|false\u201d custom_padding_tablet=\u201d||||false|false\u201d custom_padding_phone=\u201d||||false|false\u201d custom_padding_last_edited=\u201den|tablet\u201d title_font_size_tablet=\u201d31px\u201d title_font_size_phone=\u201d24px\u201d title_font_size_last_edited= \u201den|tel\u00e9fono\u201d subhead_font_size_tablet=\u201d21px\u201d subhead_font_size_phone=\u201d20px\u201d subhead_font_size_last_edited=\u201den|tableta\u201d background_last_edited=\u201den|tel\u00e9fono\u201d background_enable_color_phone=\u201doff\u201d use_background_color_gradient_phone=\u201don\u201d background_color_gradient_stops_phone=\u201drgba(255,255,255 ,0,85) 0%| rgba(255,255,255,0.86) 100%\u201d background_color_gradient_start_phone=\u201drgba(255,255,255,0.85)\u201d background_color_gradient_end_phone=\u201drgba(255,255,255,0.86)\u201d background_enable_image_phone=\u201doff\u201d global_colors_info=\u201d{}\u201d][\/ et_pb_fullwidth_header][\/et_pb_section][et_pb_section fb_built=\u201d1\u2033 admin_label=\u201dSecci\u00f3n de contenido\u201d module_class=\u201d.pa-parallax-background-image-size .et_parallax_bg\u201d _builder_version=\u201d4.16\u2033 background_image=\u201dhttps:\/\/hivaz.org\/wp-content\/uploads\/2022 \/03\/lower-page-dots.png\u201d background_size=\u201dcontain\u201d background_last_edited=\u201don|tablet\u201d background_enable_image_tablet=\u201doff\u201d background_enable_image_phone=\u201doff\u201d global_colors_info=\u201d{}\u201d background__hover_enabled=\u201don|desktop\u201d][et_pb_row column_structure =\u201d3_4,1_4\u2033 use_custom_gutter=\u201don\u201d gutter_width=\u201d2\u2033 custom_padding_last_edited=\u201don|tablet\u201d admin_label=\u201dFila de contenido\u201d _builder_version=\u201d4.16\u2033 background_size=\u201dinicial\u201d background_position=\u201darriba_izquierda\u201d background_repeat=\u201drepetir\u201d custom_padding_tablet =\u201d5px||||false|false\u201d custom_padding_phone=\u201d5px||||false|false\u201d global_colors_info=\u201d{}\u201d][et_pb_column type=\u201d3_4\u2033 _builder_version=\u201d4.16\u2033 custom_padding=\u201d|||\u201d global_colors_info=\u201d{}\u201d custom_padding__hover=\u201d|||\u201d][et_pb_text admin_label=\u201dContenido principal\u201d _builder_version=\u201d4.16.0\u2033 _module_preset=\u201ddefault\u201d text_font=\u201d||||||||\u201d text_line_height=\u201d1.3em\u201d ul_font=\u201d||||||||\u201d ul_font_size=\u201d20px\u201d ul_line_height=\u201d1.2em\u201d header_font=\u201dMontserrat|700||on|||||\u201d header_2_font=\u201dMontserrat|700||en|||||\u201d text_font_size_phone=\u201d16px\u201d ul_font_size_tablet=\u201d24px\u201d ul_font_size_phone=\u201d15px\u201d ul_font_size_last_edited=\u201don|phone\u201d global_colors_info=\u201d{}\u201d]<\/p>\n<p>Hay tantas maneras de compartir su historia, hacer o\u00edr su voz y conocer a otras personas. \u00a1Consulte las siguientes p\u00e1ginas para participar!<\/p>\n<h3><strong>PARA SABER QU\u00c9 PASA:<\/strong><\/h3>\n<p>Consulte nuestra p\u00e1gina de Eventos, que incluye un calendario de pr\u00f3ximos eventos.<\/p>\n<p>P\u00f3ngase al d\u00eda con las historias recientes en nuestra p\u00e1gina de Blog, que presenta personas y programas de todo el estado.<\/p>\n<p>Para recibir el bolet\u00edn mensual de prevenci\u00f3n y atenci\u00f3n del VIH del ADHS, reg\u00edstrese <a href=\"https:\/\/public.govdelivery.com\/accounts\/AZDHS\/subscriber\/new\">aqu\u00ed<\/a>. Cuando haga clic para registrarse, autom\u00e1ticamente seleccionar\u00e1 &quot;Preparaci\u00f3n - RWPB &amp; Prevention Newsletter&quot; en sus opciones de suscripci\u00f3n.<\/p>\n<h3><strong>PARA HACER ESCUCHAR SU VOZ:<\/strong><\/h3>\n<p>Consulte nuestra p\u00e1gina del Plan Integrado de VIH\/ITS\/Hepatitis C de Arizona 2022-2026 para obtener informaci\u00f3n sobre nuestro proceso de planificaci\u00f3n impulsado por la comunidad y c\u00f3mo puede asegurarse de que se escuche su voz durante el desarrollo, la redacci\u00f3n y la implementaci\u00f3n de nuestro plan estatal de cinco a\u00f1os. plan. Para preguntas, env\u00edenos un correo electr\u00f3nico a <a href=\"mailto:HIVintegratedplan@azdhs.gov\">HIVintegratedplan@azdhs.gov<\/a><\/p>\n<p>Considere unirse a uno de los grupos de planificaci\u00f3n de VIH de nuestro estado:<\/p>\n<ul>\n<li>En los condados de Maricopa y Pinal, \u00fanase a la <a href=\"https:\/\/www.maricopa.gov\/384\/Greater-Phx-Ryan-White-HIV-Svcs-Planning\">Consejo de Planificaci\u00f3n Ryan White del \u00c1rea Metropolitana de Phoenix<\/a> para discutir la atenci\u00f3n del VIH<\/li>\n<li>En todo el estado, \u00fanase a la <a href=\"https:\/\/azdhs.gov\/preparedness\/epidemiology-disease-control\/disease-integration-services\/hiv-prevention\/index.php#swag\">Grupo asesor estatal (SWAG)<\/a> para discutir la prevenci\u00f3n y atenci\u00f3n del VIH<\/li>\n<\/ul>\n<p>Si actualmente vive con el VIH y vive en el condado de Maricopa, solicite ser orador en la Oficina de Oradores. \u00a1No se necesita experiencia para hablar en p\u00fablico! Compru\u00e9balo en este <a href=\"https:\/\/valleywisehealth.org\/hiv-ete-speakers-bureau\/#:~:text=The%20Valleywise%20Health%20Voices%20of,and%20expertise%20initiates%20important%20conversations.\">p\u00e1gina web<\/a>.<\/p>\n<h3><strong>\u00bfBUSCAS ALGO M\u00c1S?<\/strong><\/h3>\n<p>Mire nuestra lista de contactos y programas en el <a href=\"\/es\/contact\/\">Cont\u00e1ctenos<\/a> p\u00e1gina.<\/p>\n<p>[\/et_pb_text][\/et_pb_column][et_pb_column type=\u201d1_4\u2033 _builder_version=\u201d4.16\u2033 custom_padding=\u201d|||\u201d global_colors_info=\u201d{}\u201d custom_padding__hover=\u201d|||\u201d][\/et_pb_column][\/et_pb_row][\/et_pb_section]<\/p>","protected":false},"excerpt":{"rendered":"<p>Hay tantas maneras de compartir su historia, hacer o\u00edr su voz y conocer a otras personas. \u00a1Consulte las siguientes p\u00e1ginas para participar! PARA SABER QU\u00c9 PASA [\u2026]<\/p>","protected":false},"author":13,"featured_media":0,"parent":0,"menu_order":0,"comment_status":"closed","ping_status":"closed","template":"","meta":{"_et_pb_use_builder":"on","_et_pb_old_content":"","_et_gb_content_width":"","footnotes":""},"class_list":["post-231203","page","type-page","status-publish","hentry"],"yoast_head":"<!-- This site is optimized with the Yoast SEO plugin v26.1.1 - https:\/\/yoast.com\/wordpress\/plugins\/seo\/ -->\n<title>Get Involved - HIV prevention, care, and resources throughout Arizona. Developed and maintained by Aunt Rita\u2019s Foundation, HIVAZ is dedicated to providing accurate, thorough information to Arizona residents.<\/title>\n<meta name=\"robots\" content=\"index, follow, max-snippet:-1, max-image-preview:large, max-video-preview:-1\" \/>\n<link rel=\"canonical\" href=\"https:\/\/hivaz.org\/es\/get-involved\/\" \/>\n<meta property=\"og:locale\" content=\"es_MX\" \/>\n<meta property=\"og:type\" content=\"article\" \/>\n<meta property=\"og:title\" content=\"Get Involved - HIV prevention, care, and resources throughout Arizona. Developed and maintained by Aunt Rita\u2019s Foundation, HIVAZ is dedicated to providing accurate, thorough information to Arizona residents.\" \/>\n<meta property=\"og:description\" content=\"There are so many ways to share your story, make your voice heard, and meet other people. Check out the following pages to get involved! TO FIND OUT WHAT\u2019S GOING [&hellip;]\" \/>\n<meta property=\"og:url\" content=\"https:\/\/hivaz.org\/es\/get-involved\/\" \/>\n<meta property=\"og:site_name\" content=\"HIV prevention, care, and resources throughout Arizona. Developed and maintained by Aunt Rita\u2019s Foundation, HIVAZ is dedicated to providing accurate, thorough information to Arizona residents.\" \/>\n<meta property=\"article:publisher\" content=\"https:\/\/www.facebook.com\/AuntRitasFoundation1\" \/>\n<meta property=\"article:modified_time\" content=\"2023-09-06T19:49:03+00:00\" \/>\n<meta name=\"twitter:card\" content=\"summary_large_image\" \/>\n<meta name=\"twitter:site\" content=\"@auntritas\" \/>\n<script type=\"application\/ld+json\" class=\"yoast-schema-graph\">{\"@context\":\"https:\/\/schema.org\",\"@graph\":[{\"@type\":\"WebPage\",\"@id\":\"https:\/\/hivaz.org\/get-involved\/\",\"url\":\"https:\/\/hivaz.org\/get-involved\/\",\"name\":\"Get Involved - HIV prevention, care, and resources throughout Arizona. Developed and maintained by Aunt Rita\u2019s Foundation, HIVAZ is dedicated to providing accurate, thorough information to Arizona residents.\",\"isPartOf\":{\"@id\":\"https:\/\/hivaz.org\/#website\"},\"datePublished\":\"2022-03-28T07:21:06+00:00\",\"dateModified\":\"2023-09-06T19:49:03+00:00\",\"breadcrumb\":{\"@id\":\"https:\/\/hivaz.org\/get-involved\/#breadcrumb\"},\"inLanguage\":\"es\",\"potentialAction\":[{\"@type\":\"ReadAction\",\"target\":[\"https:\/\/hivaz.org\/get-involved\/\"]}]},{\"@type\":\"BreadcrumbList\",\"@id\":\"https:\/\/hivaz.org\/get-involved\/#breadcrumb\",\"itemListElement\":[{\"@type\":\"ListItem\",\"position\":1,\"name\":\"Home\",\"item\":\"https:\/\/hivaz.org\/\"},{\"@type\":\"ListItem\",\"position\":2,\"name\":\"Get Involved\"}]},{\"@type\":\"WebSite\",\"@id\":\"https:\/\/hivaz.org\/#website\",\"url\":\"https:\/\/hivaz.org\/\",\"name\":\"HIV prevention, care, and resources throughout Arizona. Developed and maintained by Aunt Rita\u2019s Foundation, HIVAZ is dedicated to providing accurate, thorough information to Arizona residents.\",\"description\":\"Everyone, regardless of HIV status, is deserving of empathetic, competent care and education without prejudice or stigma.\",\"publisher\":{\"@id\":\"https:\/\/hivaz.org\/#organization\"},\"potentialAction\":[{\"@type\":\"SearchAction\",\"target\":{\"@type\":\"EntryPoint\",\"urlTemplate\":\"https:\/\/hivaz.org\/?s={search_term_string}\"},\"query-input\":{\"@type\":\"PropertyValueSpecification\",\"valueRequired\":true,\"valueName\":\"search_term_string\"}}],\"inLanguage\":\"es\"},{\"@type\":\"Organization\",\"@id\":\"https:\/\/hivaz.org\/#organization\",\"name\":\"Aunt Rita's Foundation\",\"url\":\"https:\/\/hivaz.org\/\",\"logo\":{\"@type\":\"ImageObject\",\"inLanguage\":\"es\",\"@id\":\"https:\/\/hivaz.org\/#\/schema\/logo\/image\/\",\"url\":\"https:\/\/hivaz.org\/wp-content\/uploads\/2022\/05\/Aunt-Ritas-Foundation-Logo-Tagline-01-300x202-1.png\",\"contentUrl\":\"https:\/\/hivaz.org\/wp-content\/uploads\/2022\/05\/Aunt-Ritas-Foundation-Logo-Tagline-01-300x202-1.png\",\"width\":300,\"height\":202,\"caption\":\"Aunt Rita's Foundation\"},\"image\":{\"@id\":\"https:\/\/hivaz.org\/#\/schema\/logo\/image\/\"},\"sameAs\":[\"https:\/\/www.facebook.com\/AuntRitasFoundation1\",\"https:\/\/x.com\/auntritas\"]}]}<\/script>\n<!-- \/ Yoast SEO plugin. -->","yoast_head_json":{"title":"Invol\u00facrese: prevenci\u00f3n, atenci\u00f3n y recursos sobre el VIH en todo Arizona. Desarrollada y mantenida por la Fundaci\u00f3n T\u00eda Rita, HIVAZ se dedica a proporcionar informaci\u00f3n precisa y completa a los residentes de Arizona.","robots":{"index":"index","follow":"follow","max-snippet":"max-snippet:-1","max-image-preview":"max-image-preview:large","max-video-preview":"max-video-preview:-1"},"canonical":"https:\/\/hivaz.org\/es\/get-involved\/","og_locale":"es_MX","og_type":"article","og_title":"Get Involved - HIV prevention, care, and resources throughout Arizona. Developed and maintained by Aunt Rita\u2019s Foundation, HIVAZ is dedicated to providing accurate, thorough information to Arizona residents.","og_description":"There are so many ways to share your story, make your voice heard, and meet other people. Check out the following pages to get involved! TO FIND OUT WHAT\u2019S GOING [&hellip;]","og_url":"https:\/\/hivaz.org\/es\/get-involved\/","og_site_name":"HIV prevention, care, and resources throughout Arizona. Developed and maintained by Aunt Rita\u2019s Foundation, HIVAZ is dedicated to providing accurate, thorough information to Arizona residents.","article_publisher":"https:\/\/www.facebook.com\/AuntRitasFoundation1","article_modified_time":"2023-09-06T19:49:03+00:00","twitter_card":"summary_large_image","twitter_site":"@auntritas","schema":{"@context":"https:\/\/schema.org","@graph":[{"@type":"WebPage","@id":"https:\/\/hivaz.org\/get-involved\/","url":"https:\/\/hivaz.org\/get-involved\/","name":"Invol\u00facrese: prevenci\u00f3n, atenci\u00f3n y recursos sobre el VIH en todo Arizona. Desarrollada y mantenida por la Fundaci\u00f3n T\u00eda Rita, HIVAZ se dedica a proporcionar informaci\u00f3n precisa y completa a los residentes de Arizona.","isPartOf":{"@id":"https:\/\/hivaz.org\/#website"},"datePublished":"2022-03-28T07:21:06+00:00","dateModified":"2023-09-06T19:49:03+00:00","breadcrumb":{"@id":"https:\/\/hivaz.org\/get-involved\/#breadcrumb"},"inLanguage":"es","potentialAction":[{"@type":"ReadAction","target":["https:\/\/hivaz.org\/get-involved\/"]}]},{"@type":"BreadcrumbList","@id":"https:\/\/hivaz.org\/get-involved\/#breadcrumb","itemListElement":[{"@type":"ListItem","position":1,"name":"Home","item":"https:\/\/hivaz.org\/"},{"@type":"ListItem","position":2,"name":"Get Involved"}]},{"@type":"WebSite","@id":"https:\/\/hivaz.org\/#website","url":"https:\/\/hivaz.org\/","name":"Prevenci\u00f3n, atenci\u00f3n y recursos del VIH en todo Arizona. Desarrollado y mantenido por la Fundaci\u00f3n Aunt Rita, HIVAZ se dedica a brindar informaci\u00f3n precisa y completa a los residentes de Arizona.","description":"Todas las personas, independientemente de su estado serol\u00f3gico respecto del VIH, merecen atenci\u00f3n y educaci\u00f3n emp\u00e1ticas y competentes sin prejuicios ni estigmas.","publisher":{"@id":"https:\/\/hivaz.org\/#organization"},"potentialAction":[{"@type":"SearchAction","target":{"@type":"EntryPoint","urlTemplate":"https:\/\/hivaz.org\/?s={search_term_string}"},"query-input":{"@type":"PropertyValueSpecification","valueRequired":true,"valueName":"search_term_string"}}],"inLanguage":"es"},{"@type":"Organization","@id":"https:\/\/hivaz.org\/#organization","name":"Fundaci\u00f3n de la t\u00eda Rita","url":"https:\/\/hivaz.org\/","logo":{"@type":"ImageObject","inLanguage":"es","@id":"https:\/\/hivaz.org\/#\/schema\/logo\/image\/","url":"https:\/\/hivaz.org\/wp-content\/uploads\/2022\/05\/Aunt-Ritas-Foundation-Logo-Tagline-01-300x202-1.png","contentUrl":"https:\/\/hivaz.org\/wp-content\/uploads\/2022\/05\/Aunt-Ritas-Foundation-Logo-Tagline-01-300x202-1.png","width":300,"height":202,"caption":"Aunt Rita's Foundation"},"image":{"@id":"https:\/\/hivaz.org\/#\/schema\/logo\/image\/"},"sameAs":["https:\/\/www.facebook.com\/AuntRitasFoundation1","https:\/\/x.com\/auntritas"]}]}},"_links":{"self":[{"href":"https:\/\/hivaz.org\/es\/wp-json\/wp\/v2\/pages\/231203","targetHints":{"allow":["GET"]}}],"collection":[{"href":"https:\/\/hivaz.org\/es\/wp-json\/wp\/v2\/pages"}],"about":[{"href":"https:\/\/hivaz.org\/es\/wp-json\/wp\/v2\/types\/page"}],"author":[{"embeddable":true,"href":"https:\/\/hivaz.org\/es\/wp-json\/wp\/v2\/users\/13"}],"replies":[{"embeddable":true,"href":"https:\/\/hivaz.org\/es\/wp-json\/wp\/v2\/comments?post=231203"}],"version-history":[{"count":1,"href":"https:\/\/hivaz.org\/es\/wp-json\/wp\/v2\/pages\/231203\/revisions"}],"predecessor-version":[{"id":232177,"href":"https:\/\/hivaz.org\/es\/wp-json\/wp\/v2\/pages\/231203\/revisions\/232177"}],"wp:attachment":[{"href":"https:\/\/hivaz.org\/es\/wp-json\/wp\/v2\/media?parent=231203"}],"curies":[{"name":"wp","href":"https:\/\/api.w.org\/{rel}","templated":true}]}}