{"id":231229,"date":"2022-03-28T01:51:31","date_gmt":"2022-03-28T08:51:31","guid":{"rendered":"https:\/\/hivaz.org\/?page_id=231229"},"modified":"2022-05-18T08:42:25","modified_gmt":"2022-05-18T15:42:25","slug":"harm-reduction","status":"publish","type":"page","link":"https:\/\/hivaz.org\/es\/harm-reduction\/","title":{"rendered":"Reducci\u00f3n de da\u00f1os"},"content":{"rendered":"[et_pb_section fb_built=\u201d1\u2033 fullwidth=\u201don\u201d admin_label=\u201dEncabezado de secci\u00f3n de ancho completo\u201d _builder_version=\u201d4.16\u2033 _module_preset=\u201ddefault\u201d background_color_gradient_start=\u201drgba(255,255,255,0.66)\u201d background_color_gradient_end=\u201drgba(255,255,825)\u201dbackground_image. =\u201dhttps:\/\/hivaz.org\/wp-content\/uploads\/2022\/03\/plain-light-bg.png\u201d background_position=\u201dtop_center\u201d min_height=\u201d600px\u201d min_height_tablet=\u201d600px\u201d min_height_phone=\u201d140px\u201d min_height_last_edited= \u201den|tel\u00e9fono\u201d height_tablet=\u201d\u201d height_phone=\u201d\u201d height_last_edited=\u201den|tel\u00e9fono\u201d custom_padding=\u201d||||false|false\u201d background_color_phone=\u201drgba(229,237,239,0.71)\u201d background_last_edited=\u201den|tel\u00e9fono\u201d background_enable_color_phone= \u201don\u201d use_background_color_gradient_phone=\u201doff\u201d background_color_gradient_stops_phone=\u201d#ffffff 0%|rgba(255,255,255,0.96) 100%\u201d background_color_gradient_start_phone=\u201d#ffffff\u201d background_color_gradient_end_phone=\u201drgba(255,255,255)\u201dhttps:\/\/backgroundimage.org\/wp-z_phone. content\/uploads\/2022\/03\/plain-lig ht-bg.png\u201d background_enable_image_phone=\u201don\u201d global_colors_info=\u201d{}\u201d][et_pb_fullwidth_header title=\u201dReducci\u00f3n de da\u00f1os\u201d subhead=\u201dReduce el riesgo, salva vidas.\u201d content_max_width=\u201d40%\u201d content_max_width_tablet=\u201d33%\u201d content_max_width_phone=\u201d100%\u201d content_max_width_last_edited=\u201den|escritorio\u201d _builder_version=\u201d4.16\u2033 _module_preset=\u201ddefault\u201d title_level=\u201dh2\u2033 title_font=\u201dMontserrat|||||700| \u201d title_text_color=\u201d#FFFFFFF\u201d title_font_size=\u201d52px\u201d subhead_font=\u201dMontserrat|700|||||||\u201d subhead_text_color=\u201d#000000\u2033 subhead_font_size=\u201d29px\u201d subhead_line_height=\u201d1.2em\u201d background_color=\u201dRGBA(255,255,255,0)\u201d background_layout=\u201dlight\u201d min_height_tablet=\u201d\u201d min_height_phone=\u201d\u201d min_height_last_edited=\u201don|phone\u201d custom_padding=\u201d12% ||12%||falso|falso\u201d custom_padding_tablet=\u201d||||falso|falso\u201d custom_padding_phone=\u201d||||falso|falso\u201d custom_padding_last_edited=\u201den|tableta\u201d title_font_size_tablet=\u201d31px\u201d title_font_size_phone=\u201d24px\u201d title_font_size_last_edited= \u201don|phone\u201d subhead_font_size_tablet=\u201d21px\u201d subhead_font_size_phone=\u201d20px\u201d subhead_font_size_last_edited=\u201don|tablet\u201d background_last_edited=\u201don|phone\u201d background_enable_color_phone=\u201doff\u201d use_background_color_gradient_phone=\u201don\u201d background_color_gradient_stops_phone=\u201drgba(255,255,255)|0.85T rgba(255,255,255,0.86) 100%\u201d background_color_gradient_start_phone=\u201drgba(255,255,255,0.85)\u201d background_color_gradient_end_phone=\u201drgba(255,255,255,0.86)\u201d background_enable_image_phone=\u201doff\u201d global_colors_info=\u201d{}\u201d_f ullwidth_header][\/et_pb_section][et_pb_section fb_built=\u201d1\u2033 admin_label=\u201dContent Section\u201d module_class=\u201d.pa-parallax-background-image-size .et_parallax_bg\u201d _builder_version=\u201d4.16\u2033 background_image=\u201dhttps:\/\/hivaz.org \/wp-content\/uploads\/2022\/03\/lower-page-dots.png\u201d background_size=\u201dcontain\u201d background_last_edited=\u201don|tablet\u201d background_enable_image_tablet=\u201doff\u201d background_enable_image_phone=\u201doff\u201d global_colors_info=\u201d{}\u201d background__hover_enabled=\u201d on|desktop\u201d][et_pb_row column_structure=\u201d2_3,1_3\u2033 use_custom_gutter=\u201don\u201d gutter_width=\u201d2\u2033 custom_padding_last_edited=\u201don|tablet\u201d admin_label=\u201dContent Row\u201d _builder_version=\u201d4.16\u2033 background_size=\u201dinitial\u201d background_position=\u201d top_left\u201d background_repeat=\u201drepetir\u201d custom_padding_tablet=\u201d5px||||false|false\u201d custom_padding_phone=\u201d5px||||false|false\u201d global_colors_info=\u201d{}\u201d][et_pb_column type=\u201d2_3\u2033 _builder_version=\u201d4.16\u2033 custom_padding=\u201d|||\u201d global_colors_info=\u201d{}\u201d custom_padding__hover=\u201d|||\u201d][et_pb_text admin_label=\u201dContenido principal\u201d _builder_version=\u201d4.16.0\u2033 text_font_size=\u201d20px\u201d ul_font_size=\u201d20px\u201d ul_line_height=\u201d1.4em\u201d header_font=\u201dMontserrat| 700||en|||||\u201d header_line_height=\u201d1.3em\u201d header_2_font=\u201dMontserrat|700||en|||||\u201d header_2_line_height=\u201d1.3em\u201d text_font_size_tablet=\u201d\u201d text_font_size_phone=\u201d16px\u201d text_font_size_last_edited=\u201den|escritorio\u201d ul_font_size_tablet=\u201d24px\u201d ul_font_size_phone=\u201d15px\u201d ul_font_size_last_edited=\u201den|tel\u00e9fono\u201d global_colors_info=\u201d{}\u201d]<p><\/p>\n<h1 class=\"wp-block-heading\">\u00a1Estrategias para reducir el riesgo y salvar vidas!<\/h1>\n<p>La reducci\u00f3n de da\u00f1os es un conjunto de principios de salud p\u00fablica que otorgan respeto y derechos a las personas que consumen drogas. \u00c9stos incluyen:<\/p>\n<h3>Buscando minimizar los efectos nocivos de las drogas en lugar de ignorar o condenar a las personas que las consumen.<\/h3>\n<ul>\n<li>Entender que el consumo de drogas es un fen\u00f3meno complejo que va desde el uso frecuente hasta la abstinencia total.<\/li>\n<li>Solicitar recursos libres de juicio, voluntarios y accesibles para las personas que consumen drogas.<\/li>\n<li>Conocer a las personas donde est\u00e1n reconociendo que las personas que usan drogas son individuos aut\u00f3nomos con diferentes necesidades.<\/li>\n<li>Ser honesto acerca de los riesgos del consumo de drogas.<\/li>\n<\/ul>\n<p>Hay muchos recursos en Arizona para ayudar a mantener seguras a las personas que usan drogas durante el uso. Vea a continuaci\u00f3n recursos \u00fatiles para la reducci\u00f3n de da\u00f1os:<\/p>\n<h3><strong>NALOXONA<\/strong><\/h3>\n<p>La naloxona es un medicamento recetado que revierte las sobredosis de opioides. Bloquea temporalmente el efecto de los opioides y ayuda a la persona a comenzar a respirar nuevamente. Siempre debe tener naloxona a mano cuando use drogas.<\/p>\n<p>Cosas que debe saber sobre la naloxona:<\/p>\n<ul>\n<li>Solo funciona para alguien que toma opioides.<\/li>\n<li>Seguro y f\u00e1cil de usar<\/li>\n<li>Tarda de 2 a 5 minutos en hacer efecto<\/li>\n<li>Puede rociarse en la nariz de alguien o inyectarse en el m\u00fasculo<\/li>\n<li>Puede requerir m\u00e1s de una dosis<\/li>\n<li>Permanece en el cuerpo de 30 a 90 minutos.<\/li>\n<li>Puede causar abstinencia (p. ej., escalofr\u00edos, n\u00e1useas, v\u00f3mitos, agitaci\u00f3n, dolores musculares)<\/li>\n<\/ul>\n<p>Aunque la naloxona es un medicamento recetado, est\u00e1 disponible para todos los arizonenses a trav\u00e9s de una orden permanente en todo el estado. Una orden permanente le permite <u>conseguir naloxona en farmacias<\/u><span>\u00a0<\/span> sin receta T\u00fa tambi\u00e9n puedes <a href=\"https:\/\/spwaz.org\/ordernaloxone\/\">solicitar que le env\u00eden naloxona por correo<\/a>.<\/p>\n<p><a href=\"https:\/\/harmreduction.org\/issues\/overdose-prevention\/overview\/overdose-basics\/responding-to-opioid-overdose\/\">Aprenda a reconocer una sobredosis de opioides y a usar naloxona<\/a>.<\/p>\n<h3>PROGRAMAS DE SERVICIO DE JERINGAS\/CAMBIOS DE AGUJAS<\/h3>\n<p>Puede exponerse al VIH y la hepatitis C al compartir jeringas y otros equipos para drogas. Si se inyecta drogas, debe usar equipo esterilizado cada vez que las use. Puede obtener jeringas est\u00e9riles en sitios llamados Programas de servicio de jeringas (SSP), que tambi\u00e9n se denominan Intercambios de agujas.<\/p>\n<p>Los SSP son programas comunitarios de salud p\u00fablica que recolectan jeringas usadas y potencialmente contaminadas de personas que se inyectan drogas y las intercambian por jeringas est\u00e9riles. Muchos SSP tambi\u00e9n pueden vincularlo con otros servicios sociales, incluidos:<\/p>\n<ul>\n<li>Detecci\u00f3n, atenci\u00f3n y tratamiento de la hepatitis viral y el VIH.<\/li>\n<li>Educaci\u00f3n sobre prevenci\u00f3n de sobredosis y pr\u00e1cticas de inyecci\u00f3n m\u00e1s seguras.<\/li>\n<li>Vacunas, incluidas las de hepatitis A y hepatitis B.<\/li>\n<li>Detecci\u00f3n de enfermedades de transmisi\u00f3n sexual.<\/li>\n<li>Cuidado de abscesos y heridas.<\/li>\n<li>Distribuci\u00f3n y educaci\u00f3n de naloxona.<\/li>\n<li>Remisi\u00f3n a servicios sociales, de salud mental y otros servicios m\u00e9dicos.<\/li>\n<\/ul>\n<p><a href=\"\/es\/locate-services\/?services=50\">haga clic aqu\u00ed<\/a> para obtener una lista de los SSP con sede en Arizona.<\/p>\n<p>&nbsp;<\/p>\n<h3><strong>APRENDE M\u00c1S<\/strong><\/h3>\n<ul>\n<li><a href=\"http:\/\/www.drugpolicy.org\/?_ga=2.79689617.445695395.1546445325-1754424240.1546445324\">Alianza Nacional de Pol\u00edticas de Drogas<\/a> busca promover pol\u00edticas y actitudes que mejor reduzcan los da\u00f1os tanto del uso de drogas como de la prohibici\u00f3n de las mismas<\/li>\n<li><u>Nacional <\/u><a href=\"https:\/\/harmreduction.org\/\">Coalici\u00f3n para la Reducci\u00f3n de Da\u00f1os<\/a> promueve la salud y la dignidad de las personas y comunidades afectadas por el consumo de drogas.<\/li>\n<li><a href=\"https:\/\/neverusealone.com\/\">Nunca use solo<\/a> es una l\u00ednea directa a la que puede llamar para ayudarlo a mantenerse seguro si est\u00e1 usando solo<\/li>\n<li><a href=\"https:\/\/prescribetoprevent.org\/\">prescribir para prevenir<\/a> proporciona recursos para ayudar a los proveedores de atenci\u00f3n m\u00e9dica a educar a sus pacientes para reducir el riesgo de sobredosis y proporcionar kits de rescate de naloxona a los pacientes<\/li>\n<li><a href=\"https:\/\/www.cdc.gov\/ssp\/syringe-services-programs-faq.html\">Gu\u00eda de preguntas frecuentes sobre el programa de servicio de jeringas de los CDC<\/a><\/li>\n<\/ul>\n<p><strong><\/strong><\/p>\n<h3><strong>Local<\/strong><\/h3>\n<ul>\n<li><a href=\"https:\/\/spwaz.org\/\">Obras de Prevenci\u00f3n de Sonora (SPW)<\/a> es un grupo de base que trabaja para reducir las vulnerabilidades que enfrentan las personas y las comunidades afectadas por el consumo de drogas en Arizona.<\/li>\n<li><a href=\"https:\/\/southwestrecoveryalliance.org\/\">Alianza para la Recuperaci\u00f3n del Suroeste (SWRA)<\/a>La misi\u00f3n de ) es centrar la reducci\u00f3n de da\u00f1os en Arizona a trav\u00e9s de la defensa, la educaci\u00f3n y la divulgaci\u00f3n impulsadas por los participantes.<\/li>\n<li><a href=\"https:\/\/sitdaz.org\/\">Disparo en la oscuridad (SITD)<\/a> brinda acceso a una variedad de recursos de reducci\u00f3n de da\u00f1os a las personas que usan drogas en el condado de Maricopa, que incluyen: jeringas limpias, eliminaci\u00f3n de jeringas, naloxona, recursos educativos, referencias para tratamiento y mucho m\u00e1s.<\/li>\n<\/ul>\n<p><em>La reducci\u00f3n de da\u00f1os tiene como objetivo reducir las consecuencias sociales y de salud negativas asociadas con el consumo de drogas.<\/em><\/p>\n<p><span><\/span><\/p>\n<p>&nbsp;<\/p>\n<p><\/p>[\/et_pb_text][\/et_pb_column][et_pb_column type=&#8221;1_3&#8243; _builder_version=&#8221;4.16&#8243; background_color=&#8221;gcid-e175341b-00a8-4061-89ca-5213f7d4a72e&#8221; custom_padding=&#8221;20px|20px|20px|20px|false|false&#8221; border_radii=&#8221;off|20px|20px|20px|20px&#8221; global_colors_info=&#8221;{%22gcid-e175341b-00a8-4061-89ca-5213f7d4a72e%22:%91%22background_color%22%93}&#8221; custom_padding__hover=&#8221;|||&#8221;][et_pb_text admin_label=&#8221;Sidebar Header&#8221; _builder_version=&#8221;4.16&#8243; _module_preset=&#8221;021209c3-8a8b-4f8a-a07a-c747310fb902&#8243; saved_tabs=&#8221;all&#8221; global_colors_info=&#8221;{}&#8221;]<h1>Recursos<\/h1>[\/et_pb_text][et_pb_menu menu_id=&#8221;38&#8243; active_link_color=&#8221;gcid-73d8ac0c-cd9a-4d4e-8b93-105ba7631331&#8243; _builder_version=&#8221;4.17.4&#8243; _module_preset=&#8221;default&#8221; menu_font=&#8221;Montserrat|700|||||||&#8221; menu_text_color=&#8221;gcid-87279394-6308-41fb-8034-a74a095a19a0&#8243; menu_font_size=&#8221;20px&#8221; menu_line_height=&#8221;1.1em&#8221; background_enable_color=&#8221;off&#8221; width=&#8221;100%&#8221; hover_enabled=&#8221;0&#8243; custom_css_main_element=&#8221;width:100%!important;&#8221; custom_css_menu_link=&#8221;background-color: rgba(255,255,255,0.71);||padding: .5em 2em .5em 1em;||border-radius:8px;||||||&#8221; custom_css_active_menu_link=&#8221;background-color: rgba(255,255,255,1);||padding: .5em 2em .5em 1em;||border-radius:8px;&#8221; global_colors_info=&#8221;{%22gcid-73d8ac0c-cd9a-4d4e-8b93-105ba7631331%22:%91%22active_link_color%22,%22menu_text_color__hover%22%93,%22gcid-87279394-6308-41fb-8034-a74a095a19a0%22:%91%22menu_text_color%22%93}&#8221; menu_text_color__hover_enabled=&#8221;on|desktop&#8221; menu_text_color__hover=&#8221;#e14f25&#8243; module_class=&#8221;lwp-hide-mobile-menu&#8221; sticky_enabled=&#8221;0&#8243;][\/et_pb_menu][et_pb_cta title=&#8221;AZ 2022-2026 HIV\/STI\/HEP C Integrated Plan&#8221; button_url=&#8221;@ET-DC@eyJkeW5hbWljIjp0cnVlLCJjb250ZW50IjoicG9zdF9saW5rX3VybF9wYWdlIiwic2V0dGluZ3MiOnsicG9zdF9pZCI6IjIzMTE4MyJ9fQ==@&#8221; button_text=&#8221;Learn More&#8221; admin_label=&#8221;Integrated Plan&#8221; _builder_version=&#8221;4.15.1&#8243; _dynamic_attributes=&#8221;button_url&#8221; _module_preset=&#8221;default&#8221; header_font=&#8221;Montserrat|700|||||||&#8221; header_font_size=&#8221;18px&#8221; header_line_height=&#8221;1.2em&#8221; body_font=&#8221;Montserrat|700|||||||&#8221; background_color=&#8221;gcid-87279394-6308-41fb-8034-a74a095a19a0&#8243; custom_button=&#8221;on&#8221; button_text_color=&#8221;#FFFFFF&#8221; button_bg_color=&#8221;gcid-73d8ac0c-cd9a-4d4e-8b93-105ba7631331&#8243; button_border_width=&#8221;0px&#8221; button_border_radius=&#8221;8px&#8221; button_font=&#8221;Montserrat|700|||||||&#8221; custom_margin=&#8221;24px||||false|false&#8221; custom_padding=&#8221;20px||20px||true|false&#8221; custom_css_promo_button=&#8221;width:100%;&#8221; border_radii=&#8221;on|10px|10px|10px|10px&#8221; global_module=&#8221;231341&#8243; saved_tabs=&#8221;all&#8221; global_colors_info=&#8221;{%22gcid-87279394-6308-41fb-8034-a74a095a19a0%22:%91%22background_color%22%93,%22gcid-73d8ac0c-cd9a-4d4e-8b93-105ba7631331%22:%91%22button_bg_color%22%93}&#8221;][\/et_pb_cta][\/et_pb_column][\/et_pb_row][\/et_pb_section]","protected":false},"excerpt":{"rendered":"<p>\u00a1Estrategias para reducir el riesgo y salvar vidas! La reducci\u00f3n de da\u00f1os es un conjunto de principios de salud p\u00fablica que otorgan respeto y derechos a las personas que consumen drogas. Estos incluyen: Buscando [\u2026]<\/p>","protected":false},"author":13,"featured_media":0,"parent":0,"menu_order":0,"comment_status":"closed","ping_status":"closed","template":"","meta":{"_et_pb_use_builder":"on","_et_pb_old_content":"","_et_gb_content_width":"","footnotes":""},"class_list":["post-231229","page","type-page","status-publish","hentry"],"yoast_head":"<!-- This site is optimized with the Yoast SEO plugin v26.1.1 - https:\/\/yoast.com\/wordpress\/plugins\/seo\/ -->\n<title>Harm Reduction - HIV prevention, care, and resources throughout Arizona. Developed and maintained by Aunt Rita\u2019s Foundation, HIVAZ is dedicated to providing accurate, thorough information to Arizona residents.<\/title>\n<meta name=\"robots\" content=\"index, follow, max-snippet:-1, max-image-preview:large, max-video-preview:-1\" \/>\n<link rel=\"canonical\" href=\"https:\/\/hivaz.org\/es\/harm-reduction\/\" \/>\n<meta property=\"og:locale\" content=\"es_MX\" \/>\n<meta property=\"og:type\" content=\"article\" \/>\n<meta property=\"og:title\" content=\"Harm Reduction - HIV prevention, care, and resources throughout Arizona. Developed and maintained by Aunt Rita\u2019s Foundation, HIVAZ is dedicated to providing accurate, thorough information to Arizona residents.\" \/>\n<meta property=\"og:description\" content=\"Strategies to Reduce Risk and Save Lives! Harm reduction is a set of public health principles that give respect and rights to people who use drugs. These include: Seeking to [&hellip;]\" \/>\n<meta property=\"og:url\" content=\"https:\/\/hivaz.org\/es\/harm-reduction\/\" \/>\n<meta property=\"og:site_name\" content=\"HIV prevention, care, and resources throughout Arizona. Developed and maintained by Aunt Rita\u2019s Foundation, HIVAZ is dedicated to providing accurate, thorough information to Arizona residents.\" \/>\n<meta property=\"article:publisher\" content=\"https:\/\/www.facebook.com\/AuntRitasFoundation1\" \/>\n<meta property=\"article:modified_time\" content=\"2022-05-18T15:42:25+00:00\" \/>\n<meta name=\"twitter:card\" content=\"summary_large_image\" \/>\n<meta name=\"twitter:site\" content=\"@auntritas\" \/>\n<script type=\"application\/ld+json\" class=\"yoast-schema-graph\">{\"@context\":\"https:\/\/schema.org\",\"@graph\":[{\"@type\":\"WebPage\",\"@id\":\"https:\/\/hivaz.org\/harm-reduction\/\",\"url\":\"https:\/\/hivaz.org\/harm-reduction\/\",\"name\":\"Harm Reduction - HIV prevention, care, and resources throughout Arizona. Developed and maintained by Aunt Rita\u2019s Foundation, HIVAZ is dedicated to providing accurate, thorough information to Arizona residents.\",\"isPartOf\":{\"@id\":\"https:\/\/hivaz.org\/#website\"},\"datePublished\":\"2022-03-28T08:51:31+00:00\",\"dateModified\":\"2022-05-18T15:42:25+00:00\",\"breadcrumb\":{\"@id\":\"https:\/\/hivaz.org\/harm-reduction\/#breadcrumb\"},\"inLanguage\":\"es\",\"potentialAction\":[{\"@type\":\"ReadAction\",\"target\":[\"https:\/\/hivaz.org\/harm-reduction\/\"]}]},{\"@type\":\"BreadcrumbList\",\"@id\":\"https:\/\/hivaz.org\/harm-reduction\/#breadcrumb\",\"itemListElement\":[{\"@type\":\"ListItem\",\"position\":1,\"name\":\"Home\",\"item\":\"https:\/\/hivaz.org\/\"},{\"@type\":\"ListItem\",\"position\":2,\"name\":\"Harm Reduction\"}]},{\"@type\":\"WebSite\",\"@id\":\"https:\/\/hivaz.org\/#website\",\"url\":\"https:\/\/hivaz.org\/\",\"name\":\"HIV prevention, care, and resources throughout Arizona. Developed and maintained by Aunt Rita\u2019s Foundation, HIVAZ is dedicated to providing accurate, thorough information to Arizona residents.\",\"description\":\"Everyone, regardless of HIV status, is deserving of empathetic, competent care and education without prejudice or stigma.\",\"publisher\":{\"@id\":\"https:\/\/hivaz.org\/#organization\"},\"potentialAction\":[{\"@type\":\"SearchAction\",\"target\":{\"@type\":\"EntryPoint\",\"urlTemplate\":\"https:\/\/hivaz.org\/?s={search_term_string}\"},\"query-input\":{\"@type\":\"PropertyValueSpecification\",\"valueRequired\":true,\"valueName\":\"search_term_string\"}}],\"inLanguage\":\"es\"},{\"@type\":\"Organization\",\"@id\":\"https:\/\/hivaz.org\/#organization\",\"name\":\"Aunt Rita's Foundation\",\"url\":\"https:\/\/hivaz.org\/\",\"logo\":{\"@type\":\"ImageObject\",\"inLanguage\":\"es\",\"@id\":\"https:\/\/hivaz.org\/#\/schema\/logo\/image\/\",\"url\":\"https:\/\/hivaz.org\/wp-content\/uploads\/2022\/05\/Aunt-Ritas-Foundation-Logo-Tagline-01-300x202-1.png\",\"contentUrl\":\"https:\/\/hivaz.org\/wp-content\/uploads\/2022\/05\/Aunt-Ritas-Foundation-Logo-Tagline-01-300x202-1.png\",\"width\":300,\"height\":202,\"caption\":\"Aunt Rita's Foundation\"},\"image\":{\"@id\":\"https:\/\/hivaz.org\/#\/schema\/logo\/image\/\"},\"sameAs\":[\"https:\/\/www.facebook.com\/AuntRitasFoundation1\",\"https:\/\/x.com\/auntritas\"]}]}<\/script>\n<!-- \/ Yoast SEO plugin. -->","yoast_head_json":{"title":"Reducci\u00f3n de da\u00f1os: prevenci\u00f3n, atenci\u00f3n y recursos sobre el VIH en todo Arizona. Desarrollado y mantenido por la Fundaci\u00f3n T\u00eda Rita, HIVAZ se dedica a proporcionar informaci\u00f3n precisa y completa a los residentes de Arizona.","robots":{"index":"index","follow":"follow","max-snippet":"max-snippet:-1","max-image-preview":"max-image-preview:large","max-video-preview":"max-video-preview:-1"},"canonical":"https:\/\/hivaz.org\/es\/harm-reduction\/","og_locale":"es_MX","og_type":"article","og_title":"Harm Reduction - HIV prevention, care, and resources throughout Arizona. Developed and maintained by Aunt Rita\u2019s Foundation, HIVAZ is dedicated to providing accurate, thorough information to Arizona residents.","og_description":"Strategies to Reduce Risk and Save Lives! Harm reduction is a set of public health principles that give respect and rights to people who use drugs. These include: Seeking to [&hellip;]","og_url":"https:\/\/hivaz.org\/es\/harm-reduction\/","og_site_name":"HIV prevention, care, and resources throughout Arizona. Developed and maintained by Aunt Rita\u2019s Foundation, HIVAZ is dedicated to providing accurate, thorough information to Arizona residents.","article_publisher":"https:\/\/www.facebook.com\/AuntRitasFoundation1","article_modified_time":"2022-05-18T15:42:25+00:00","twitter_card":"summary_large_image","twitter_site":"@auntritas","schema":{"@context":"https:\/\/schema.org","@graph":[{"@type":"WebPage","@id":"https:\/\/hivaz.org\/harm-reduction\/","url":"https:\/\/hivaz.org\/harm-reduction\/","name":"Reducci\u00f3n de da\u00f1os: prevenci\u00f3n, atenci\u00f3n y recursos sobre el VIH en todo Arizona. Desarrollado y mantenido por la Fundaci\u00f3n T\u00eda Rita, HIVAZ se dedica a proporcionar informaci\u00f3n precisa y completa a los residentes de Arizona.","isPartOf":{"@id":"https:\/\/hivaz.org\/#website"},"datePublished":"2022-03-28T08:51:31+00:00","dateModified":"2022-05-18T15:42:25+00:00","breadcrumb":{"@id":"https:\/\/hivaz.org\/harm-reduction\/#breadcrumb"},"inLanguage":"es","potentialAction":[{"@type":"ReadAction","target":["https:\/\/hivaz.org\/harm-reduction\/"]}]},{"@type":"BreadcrumbList","@id":"https:\/\/hivaz.org\/harm-reduction\/#breadcrumb","itemListElement":[{"@type":"ListItem","position":1,"name":"Home","item":"https:\/\/hivaz.org\/"},{"@type":"ListItem","position":2,"name":"Harm Reduction"}]},{"@type":"WebSite","@id":"https:\/\/hivaz.org\/#website","url":"https:\/\/hivaz.org\/","name":"Prevenci\u00f3n, atenci\u00f3n y recursos del VIH en todo Arizona. Desarrollado y mantenido por la Fundaci\u00f3n Aunt Rita, HIVAZ se dedica a brindar informaci\u00f3n precisa y completa a los residentes de Arizona.","description":"Todas las personas, independientemente de su estado serol\u00f3gico respecto del VIH, merecen atenci\u00f3n y educaci\u00f3n emp\u00e1ticas y competentes sin prejuicios ni estigmas.","publisher":{"@id":"https:\/\/hivaz.org\/#organization"},"potentialAction":[{"@type":"SearchAction","target":{"@type":"EntryPoint","urlTemplate":"https:\/\/hivaz.org\/?s={search_term_string}"},"query-input":{"@type":"PropertyValueSpecification","valueRequired":true,"valueName":"search_term_string"}}],"inLanguage":"es"},{"@type":"Organization","@id":"https:\/\/hivaz.org\/#organization","name":"Fundaci\u00f3n de la t\u00eda Rita","url":"https:\/\/hivaz.org\/","logo":{"@type":"ImageObject","inLanguage":"es","@id":"https:\/\/hivaz.org\/#\/schema\/logo\/image\/","url":"https:\/\/hivaz.org\/wp-content\/uploads\/2022\/05\/Aunt-Ritas-Foundation-Logo-Tagline-01-300x202-1.png","contentUrl":"https:\/\/hivaz.org\/wp-content\/uploads\/2022\/05\/Aunt-Ritas-Foundation-Logo-Tagline-01-300x202-1.png","width":300,"height":202,"caption":"Aunt Rita's Foundation"},"image":{"@id":"https:\/\/hivaz.org\/#\/schema\/logo\/image\/"},"sameAs":["https:\/\/www.facebook.com\/AuntRitasFoundation1","https:\/\/x.com\/auntritas"]}]}},"_links":{"self":[{"href":"https:\/\/hivaz.org\/es\/wp-json\/wp\/v2\/pages\/231229","targetHints":{"allow":["GET"]}}],"collection":[{"href":"https:\/\/hivaz.org\/es\/wp-json\/wp\/v2\/pages"}],"about":[{"href":"https:\/\/hivaz.org\/es\/wp-json\/wp\/v2\/types\/page"}],"author":[{"embeddable":true,"href":"https:\/\/hivaz.org\/es\/wp-json\/wp\/v2\/users\/13"}],"replies":[{"embeddable":true,"href":"https:\/\/hivaz.org\/es\/wp-json\/wp\/v2\/comments?post=231229"}],"version-history":[{"count":0,"href":"https:\/\/hivaz.org\/es\/wp-json\/wp\/v2\/pages\/231229\/revisions"}],"wp:attachment":[{"href":"https:\/\/hivaz.org\/es\/wp-json\/wp\/v2\/media?parent=231229"}],"curies":[{"name":"wp","href":"https:\/\/api.w.org\/{rel}","templated":true}]}}