{"id":231885,"date":"2022-07-28T15:27:50","date_gmt":"2022-07-28T22:27:50","guid":{"rendered":"https:\/\/hivaz.org\/?page_id=231885"},"modified":"2025-01-14T11:31:57","modified_gmt":"2025-01-14T18:31:57","slug":"mpox","status":"publish","type":"page","link":"https:\/\/hivaz.org\/es\/mpox\/","title":{"rendered":"Mpox"},"content":{"rendered":"<p>[et_pb_section fb_built=\u201d1\u2033 fullwidth=\u201don\u201d admin_label=\u201dEncabezado de secci\u00f3n de ancho completo\u201d _builder_version=\u201d4.16\u2033 _module_preset=\u201ddefault\u201d background_color_gradient_start=\u201drgba(255,255,255,0.66)\u201d background_color_gradient_end=\u201drgba(255,255,255,0.81)\u201d background_image=\u201dhttps:\/\/hivaz.org\/wp-content\/uploads\/2022\/03\/hivaz-generic-bg.png\u201d background_position=\u201dtop_center\u201d min_height=\u201d300px\u201d min_height_tablet=\u201d300px\u201d min_height_phone=\u201d140px\u201d min_height_last_edited=\u201don|tablet\u201d height_tablet=\u201d\u201d altura_tel\u00e9fono=\u201d\u201d altura_\u00faltima_edici\u00f3n=\u201dactivado|tel\u00e9fono\u201d relleno_personalizado=\u201d||||falso|falso\u201d color_fondo_tel\u00e9fono=\u201drgba(229,237,239,0.71)\u201d \u00faltima_edici\u00f3n_tel\u00e9fono=\u201dactivado|tel\u00e9fono\u201d habilitar_color_fondo_tel\u00e9fono=\u201dactivado\u201d usar_gradiente_color_fondo_tel\u00e9fono=\u201ddesactivado\u201d gradiente_color_fondo_tel\u00e9fono_detiene=\u201d#ffffff 0%|rgba(255,255,255,0.96) 100%\u201d gradiente_color_fondo_tel\u00e9fono_inicio=\u201d#ffffff\u201d gradiente_color_fondo_tel\u00e9fono_fin=\u201drgba(255,255,255,0.96)\u201d Imagen de fondo para tel\u00e9fono = &quot;https:\/\/hivaz.org\/wp-content\/uploads\/2022\/03\/hivaz-generic-bg.png&quot; Activaci\u00f3n de imagen de fondo para tel\u00e9fono = &quot;activado&quot; Informaci\u00f3n de colores globales = &quot;{}&quot;] [et_pb_fullwidth_header T\u00edtulo = &quot;MPOX&quot; Subt\u00edtulo = &quot;(Anteriormente conocido como Monkeypox)&quot; Ancho m\u00e1ximo del contenido = &quot;40%&quot; Ancho m\u00e1ximo del contenido para tableta = &quot;33%&quot; Ancho m\u00e1ximo del contenido para tel\u00e9fono = &quot;100%&quot; Ancho m\u00e1ximo del contenido para \u00faltima edici\u00f3n = &quot;activado | escritorio&quot; Versi\u00f3n del generador = &quot;4.20.0&quot; Preajuste del m\u00f3dulo = &quot;predeterminado&quot; Nivel del t\u00edtulo = &quot;h2&quot; Fuente del t\u00edtulo = &quot;Montserrat | 700 | | | | | | |&quot; color del texto del t\u00edtulo=\u201d#FFFFFF\u201d tama\u00f1o de la fuente del t\u00edtulo=\u201d52px\u201d fuente del subt\u00edtulo=\u201dMontserrat|700|||||||\u201d Color del texto del subt\u00edtulo = \u201c#FFFFFF\u201d Tama\u00f1o de la fuente del subt\u00edtulo = \u201c29px\u201d Altura de la l\u00ednea del subt\u00edtulo = \u201c1.2em\u201d Color del fondo = \u201cRGBA(255,255,255,0)\u201d Dise\u00f1o del fondo = \u201cclaro\u201d Altura m\u00ednima de la tableta = \u201c\u201d Altura m\u00ednima del tel\u00e9fono = \u201c\u201d Altura m\u00ednima de la \u00faltima edici\u00f3n = \u201cen el tel\u00e9fono\u201d Relleno personalizado = \u201c12%||12%||Falso|Falso\u201d Relleno personalizado de la tableta = \u201c||||Falso|Falso\u201d Relleno personalizado del tel\u00e9fono = \u201c||||Falso|Falso\u201d Relleno personalizado de la \u00faltima edici\u00f3n = \u201cen la tableta\u201d Color del texto del t\u00edtulo de la tableta = \u201c#FFFFFF\u201d Color del texto del t\u00edtulo del tel\u00e9fono = \u201c#000000\u2033 T\u00edtulo_texto_\u00faltima_edici\u00f3n=\u201dactivado|tel\u00e9fono\u201d T\u00edtulo_fuente_tama\u00f1o_tableta=\u201d31px\u201d T\u00edtulo_fuente_tama\u00f1o_tel\u00e9fono=\u201d24px\u201d T\u00edtulo_fuente_\u00faltima_edici\u00f3n=\u201dactivado|tel\u00e9fono\u201d Subt\u00edtulo_texto_tablita=\u201d#FFFFFF\u201d Subt\u00edtulo_texto_tel\u00e9fono=\u201d#000000\u2033 Subt\u00edtulo_texto_\u00faltima_edici\u00f3n=\u201dactivado|tel\u00e9fono\u201d Subt\u00edtulo_fuente_tama\u00f1o_tableta=\u201d21px\u201d Subt\u00edtulo_fuente_tama\u00f1o_tel\u00e9fono=\u201d20px\u201d Subt\u00edtulo_fuente_\u00faltima_edici\u00f3n=\u201dactivado|tableta\u201d Fondo_\u00faltima_edici\u00f3n=\u201dactivado|tel\u00e9fono\u201d Fondo_habilitar_color_tel\u00e9fono=\u201ddesactivado\u201d Usar_gradiente_color_de_fondo_tel\u00e9fono=\u201dactivado\u201d Fondo_gradiente_color_detiene_tel\u00e9fono=\u201drgba(255,255,255,0.85) 0%|rgba(255,255,255,0.86) 100%\u201d background_color_gradient_start_phone=\u201drgba(255,255,255,0.85)\u201d background_color_gradient_end_phone=\u201drgba(255,255,255,0.86)\u201d background_enable_image_phone=\u201doff\u201d global_colors_info=\u201d{}\u201d][\/et_pb_fullwidth_header][\/et_pb_section][et_pb_section fb_built=\u201d1\u2033 admin_label=\u201dSecci\u00f3n de contenido\u201d module_class=\u201d.pa-parallax-background-image-size .et_parallax_bg\u201d _builder_version=\u201d4.16\u2033 Imagen de fondo = &quot;https:\/\/hivaz.org\/wp-content\/uploads\/2022\/03\/lower-page-dots.png&quot; Tama\u00f1o de fondo = &quot;Contiene&quot; \u00daltima edici\u00f3n de fondo = &quot;Activado\/a&quot; Imagen de fondo habilitada para tableta = &quot;Desactivado&quot; Imagen de fondo habilitada para tel\u00e9fono = &quot;Desactivado&quot; Informaci\u00f3n de colores globales = &quot;{}&quot; Fondo habilitado para desplazamiento = &quot;Activado\/a&quot; Escritorio [et_pb_row estructura de columna = &quot;2_3,1_3&quot; _versi\u00f3n del generador = &quot;4.17.6&quot; _ajuste preestablecido del m\u00f3dulo = &quot;Predeterminado&quot; Informaci\u00f3n de colores globales = &quot;{}&quot;] [et_pb_columna tipo = &quot;2_3&quot; _versi\u00f3n del generador = &quot;4.17.6&quot; _ajuste preestablecido del m\u00f3dulo = &quot;Predeterminado&quot; Informaci\u00f3n de colores globales = &quot;{}&quot;] [et_pb_imagen src=\u201dhttps:\/\/hivaz.org\/wp-content\/uploads\/2024\/12\/mpox-graphic.png\u201d title_text=\u201dgr\u00e1fico mpox\u201d url=\u201dhttps:\/\/www.cdc.gov\/poxvirus\/mpox\/\u201d _builder_version=\u201d4.27.4\u2033 _module_preset=\u201ddefault\u201d global_colors_info=\u201d{}\u201d][\/et_pb_image][et_pb_text _builder_version=\u201d4.27.4\u2033 _module_preset=\u201ddefault\u201d global_colors_info=\u201d{}\u201d]<\/p>\n<h2><span>\u00bfQu\u00e9 es MPOX? <\/span><\/h2>\n<p><span style=\"font-weight: 400;\">La viruela del mono (Mpox, antes llamada viruela del mono) es una enfermedad poco com\u00fan causada por el virus mpox. Antes de 2022, era una infecci\u00f3n viral rara end\u00e9mica de \u00c1frica central y occidental, y rara vez se observaba en quienes viajaban fuera de estas regiones. Sin embargo, desde mayo de 2022, los Centros para el Control y la Prevenci\u00f3n de Enfermedades (CDC, por sus siglas en ingl\u00e9s) han estado monitoreando un brote de mpox que se ha extendido por varios pa\u00edses que normalmente no informan la enfermedad, incluido Estados Unidos. Los s\u00edntomas de la enfermedad son similares a los de la viruela, pero m\u00e1s leves y rara vez son mortales.<\/span><\/p>\n<p><span style=\"font-weight: 400;\">En este momento, el riesgo para la mayor\u00eda de las personas en los EE. UU. sigue siendo bajo, ya que la enfermedad se transmite en gran medida a trav\u00e9s del contacto \u00edntimo y cercano. La mayor\u00eda de las personas en el reciente brote de mpox en los EE. UU. informaron haber tenido contacto \u00edntimo, cercano o sexual con una persona infectada con mpox.<\/span><\/p>\n<p><span style=\"font-weight: 400;\">La mejor manera de prevenir mpox es <\/span><a href=\"https:\/\/www.cdc.gov\/mpox\/vaccines\/index.html\"><span style=\"font-weight: 400;\"><span style=\"color: #0000ff;\">vacunarse<\/span><\/span><\/a><span style=\"font-weight: 400;\"> con la vacuna JYNNEOS, aplicada en una serie de dos dosis. La vacuna no protege al 100% contra la infecci\u00f3n, pero si una persona que est\u00e1 vacunada contrae mpox, la enfermedad generalmente es muy leve.\u00a0<\/span><\/p>\n<p><span style=\"font-weight: 400;\">Las personas que viven con VIH y no est\u00e1n recibiendo tratamiento para el VIH, particularmente con CD4 menor a 200 y\/o carga viral no controlada, pueden tener un mayor riesgo de experimentar s\u00edntomas de mpox m\u00e1s graves. Los CDC contin\u00faan reuniendo <\/span><a href=\"https:\/\/www.cdc.gov\/mpox\/hcp\/clinical-care\/immunocompromised-people.html\"><span style=\"font-weight: 400;\"><span style=\"color: #0000ff;\">informaci\u00f3n acerca del VIH y la mpox<\/span>.<\/span><\/a><span style=\"font-weight: 400;\">\u00a0<\/span><\/p>\n<p><span style=\"font-weight: 400;\">Los CDC tienen <a href=\"https:\/\/www.cdc.gov\/mpox\/site.html#hcp\"><span style=\"color: #0000ff;\">informaci\u00f3n extensa<\/span><\/a> para profesionales de la salud y p\u00fablico en general. Estos sitios se actualizan de manera regular<\/span><\/p>\n<p style=\"font-weight: 400;\"><span style=\"font-weight: 400;\">Tambi\u00e9n puede consultar las siguientes p\u00e1ginas web para informaci\u00f3n en Arizona <\/span><a href=\"https:\/\/www.azdhs.gov\/preparedness\/epidemiology-disease-control\/mpox\/index.php\"><span style=\"font-weight: 400;\"><span style=\"color: #0000ff;\">Mpox webpage<\/span><\/span><\/a><span style=\"font-weight: 400;\"> y <\/span><a href=\"https:\/\/www.azdhs.gov\/preparedness\/epidemiology-disease-control\/mpox\/dashboard\/\"><span style=\"font-weight: 400;\"><span style=\"color: #0000ff;\">Mpox Data Dashboard<\/span><\/span><\/a><span style=\"font-weight: 400;\">. <\/span><\/p>\n<p>[\/et_pb_text][et_pb_text _builder_version=\u201d4.27.4\u2033 _module_preset=\u201ddefault\u201d global_colors_info=\u201d{}\u201d]<\/p>\n<p><b>Informaci\u00f3n para p\u00fablico en general:<\/b><span style=\"font-weight: 400;\">\u00a0<\/span><\/p>\n<p><a href=\"https:\/\/www.cdc.gov\/mpox\/?CDC_AAref_Val=https:\/\/www.cdc.gov\/poxvirus\/mpox\/your-health\/index.html\"><span style=\"color: #3366ff;\">Haga clic aqu\u00ed para m\u00e1s informaci\u00f3n.<\/span><\/a><\/p>\n<ul>\n<li style=\"font-weight: 400;\" aria-level=\"1\"><span style=\"color: #000000;\"><span style=\"color: #3366ff;\"><a href=\"https:\/\/www.cdc.gov\/mpox\/prevention\/close-contact.html?CDC_AAref_Val=https:\/\/www.cdc.gov\/poxvirus\/mpox\/prevention\/close-contact.html\" style=\"color: #3366ff;\"><span style=\"font-weight: 400;\">Qu\u00e9 hacer<\/span><\/a><\/span><span style=\"font-weight: 400;\"> si ha tenido una exposici\u00f3n a la mpox\u00a0<\/span><\/span><\/li>\n<li style=\"font-weight: 400;\" aria-level=\"1\"><span style=\"color: #000000;\"><a href=\"https:\/\/www.cdc.gov\/mpox\/signs-symptoms\/?CDC_AAref_Val=https:\/\/www.cdc.gov\/poxvirus\/mpox\/symptoms\/index.html\" style=\"color: #000000;\"><span style=\"font-weight: 400;\"><span style=\"color: #3366ff;\">S\u00edntomas comunes de mpox<\/span><\/span><\/a><\/span><\/li>\n<li style=\"font-weight: 400;\" aria-level=\"1\"><span style=\"color: #000000;\"><span style=\"color: #3366ff;\"><a href=\"https:\/\/www.cdc.gov\/mpox\/caring\/index.html\" style=\"color: #3366ff;\"><span style=\"font-weight: 400;\">Qu\u00e9 hacer<\/span><\/a><\/span><span style=\"font-weight: 400;\"> si tiene s\u00edntomas de mpox\u00a0<\/span><\/span><\/li>\n<\/ul>\n<p style=\"font-weight: 400;\"><b>Informaci\u00f3n para proveedores de atenci\u00f3n m\u00e9dica:<\/b><span style=\"font-weight: 400;\">\u00a0<\/span><\/p>\n<p><span style=\"color: #3366ff;\"><a href=\"https:\/\/www.cdc.gov\/poxvirus\/monkeypox\/clinicians\/index.html\" style=\"color: #3366ff;\">https:\/\/www.cdc.gov\/poxvirus\/monkeypox\/clinicians\/index.html<\/a><a href=\"https:\/\/www.cdc.gov\/poxvirus\/monkeypox\/clinicians\/index.html\" style=\"color: #3366ff;\"><\/a><\/span><\/p>\n<p><span style=\"color: #3366ff;\"><a href=\"https:\/\/www.cdc.gov\/mpox\/hcp\/clinical-care\/immunocompromised-people.html?CDC_AAref_Val=https:\/\/www.cdc.gov\/poxvirus\/mpox\/clinicians\/people-with-HIV.html\" style=\"color: #3366ff;\">https:\/\/www.cdc.gov\/mpox\/hcp\/clinical-care\/immunocompromised-people.html?CDC_AAref_Val=https:\/\/www.cdc.gov\/poxvirus\/mpox\/clinicians\/people-with-HIV.html<\/a><\/span><\/p>\n<p><b>Sexo m\u00e1s seguro y reuniones sociales:<\/b><\/p>\n<p><span style=\"font-weight: 400;\">La vacunaci\u00f3n es una herramienta importante para prevenir la propagaci\u00f3n de la mpox. No es 100% efectiva, pero s\u00ed reduce la gravedad de la enfermedad en caso de una infecci\u00f3n. Otra forma de reducir el riesgo de contraer mpox es cambiar algunos aspectos de su vida sexual para reducir el riesgo de exposici\u00f3n al virus. Esto es especialmente importante si no est\u00e1 vacunado, si solo ha recibido una dosis de la vacuna o si han pasado menos de dos semanas desde su segunda dosis de vacuna.\u00a0<\/span><\/p>\n<p style=\"font-weight: 400;\"><span style=\"font-weight: 400;\">Obtenga m\u00e1s informaci\u00f3n sobre el sexo m\u00e1s seguro y las reuniones sociales en esta <\/span><a href=\"https:\/\/www.cdc.gov\/mpox\/prevention\/safer-sex-social-gatherings-and-mpox.html?CDC_AAref_Val=https:\/\/www.cdc.gov\/poxvirus\/mpox\/prevention\/sexual-health.html\"><span style=\"font-weight: 400;\"><span style=\"color: #0000ff;\">p\u00e1gina web de los CDC<\/span>.<\/span><\/a><\/p>\n<p style=\"font-weight: 400;\"><span style=\"font-weight: 400;\"><b>Informaci\u00f3n adicional de Mpox en espa\u00f1ol:<\/b><\/span><\/p>\n<p style=\"font-weight: 400;\"><span style=\"color: #3366ff;\"><a href=\"https:\/\/www.who.int\/es\/news-room\/fact-sheets\/detail\/mpox\" style=\"color: #3366ff;\">Haga clic aqu\u00ed para obtener informaci\u00f3n adicional en espa\u00f1ol.<\/a><\/span><\/p>\n<p>[\/et_pb_text][\/et_pb_column][et_pb_column type=\u201d1_3\u2033 _builder_version=\u201d4.17.6\u2033 _module_preset=\u201ddefault\u201d background_color=\u201d#cbdfe1\u2033 custom_padding=\u201d20px|20px|20px|20px|false|false\u201d border_radii=\u201d off|20px|20px|20px|20px\u201d global_colors_info=\u201d{}\u201d][et_pb_text admin_label=\u201dEncabezado de la barra lateral\u201d _builder_version=\u201d4.16\u2033 _module_preset=\u201d021209c3-8a8b-4f8a-a07a-c747310fb902\u2033 Saved_tabs=\u201dall\u201d global_colors_info= \u201d{}\u201d]<\/p>\n<h1>Recursos<\/h1>\n<p>[\/et_pb_text][et_pb_menu menu_id=&#8221;36&#8243; active_link_color=&#8221;gcid-73d8ac0c-cd9a-4d4e-8b93-105ba7631331&#8243; _builder_version=&#8221;4.16&#8243; _module_preset=&#8221;default&#8221; menu_font=&#8221;Montserrat|700|||||||&#8221; menu_text_color=&#8221;gcid-87279394-6308-41fb-8034-a74a095a19a0&#8243; menu_font_size=&#8221;20px&#8221; menu_line_height=&#8221;1.1em&#8221; background_enable_color=&#8221;off&#8221; width=&#8221;100%&#8221; custom_css_main_element=&#8221;width:100%!important;&#8221; custom_css_menu_link=&#8221;background-color: rgba(255,255,255,0.71);||padding: .5em 2em .5em 1em;||border-radius:8px;||||||&#8221; custom_css_active_menu_link=&#8221;background-color: rgba(255,255,255,1);||padding: .5em 2em .5em 1em;||border-radius:8px;&#8221; global_colors_info=&#8221;{%22gcid-73d8ac0c-cd9a-4d4e-8b93-105ba7631331%22:%91%22active_link_color%22,%22menu_text_color__hover%22%93,%22gcid-87279394-6308-41fb-8034-a74a095a19a0%22:%91%22menu_text_color%22%93}&#8221; menu_text_color__hover_enabled=&#8221;on|desktop&#8221; menu_text_color__hover=&#8221;#e14f25&#8243;][\/et_pb_menu][et_pb_cta title=&#8221;AZ 2022-2026 HIV\/STI\/HEP C Integrated Plan&#8221; button_url=&#8221;@ET-DC@eyJkeW5hbWljIjp0cnVlLCJjb250ZW50IjoicG9zdF9saW5rX3VybF9wYWdlIiwic2V0dGluZ3MiOnsicG9zdF9pZCI6IjIzMTE4MyJ9fQ==@&#8221; button_text=&#8221;Learn More&#8221; admin_label=&#8221;Integrated Plan&#8221; _builder_version=&#8221;4.17.6&#8243; _dynamic_attributes=&#8221;button_url&#8221; _module_preset=&#8221;default&#8221; header_font=&#8221;Montserrat|700|||||||&#8221; header_font_size=&#8221;18px&#8221; header_line_height=&#8221;1.2em&#8221; body_font=&#8221;Montserrat|700|||||||&#8221; background_color=&#8221;gcid-87279394-6308-41fb-8034-a74a095a19a0&#8243; custom_button=&#8221;on&#8221; button_text_color=&#8221;#FFFFFF&#8221; button_bg_color=&#8221;gcid-73d8ac0c-cd9a-4d4e-8b93-105ba7631331&#8243; button_border_width=&#8221;0px&#8221; button_border_radius=&#8221;8px&#8221; button_font=&#8221;Montserrat|700|||||||&#8221; custom_margin=&#8221;24px||||false|false&#8221; custom_padding=&#8221;20px||20px||true|false&#8221; custom_css_promo_button=&#8221;width:100%;&#8221; border_radii=&#8221;on|10px|10px|10px|10px&#8221; global_module=&#8221;231341&#8243; saved_tabs=&#8221;all&#8221; locked=&#8221;off&#8221; global_colors_info=&#8221;{%22gcid-87279394-6308-41fb-8034-a74a095a19a0%22:%91%22background_color%22%93,%22gcid-73d8ac0c-cd9a-4d4e-8b93-105ba7631331%22:%91%22button_bg_color%22%93}&#8221;][\/et_pb_cta][\/et_pb_column][\/et_pb_row][\/et_pb_section]<\/p>","protected":false},"excerpt":{"rendered":"<p>\u00bfQu\u00e9 es el virus mpox? El virus mpox (antes llamado viruela del mono) es una enfermedad rara causada por el virus mpox. Antes de 2022, era una infecci\u00f3n viral rara end\u00e9mica de [\u2026]<\/p>","protected":false},"author":10,"featured_media":0,"parent":0,"menu_order":0,"comment_status":"closed","ping_status":"closed","template":"","meta":{"_et_pb_use_builder":"on","_et_pb_old_content":"","_et_gb_content_width":"","footnotes":""},"class_list":["post-231885","page","type-page","status-publish","hentry"],"yoast_head":"<!-- This site is optimized with the Yoast SEO plugin v26.1.1 - https:\/\/yoast.com\/wordpress\/plugins\/seo\/ -->\n<title>Mpox - HIV prevention, care, and resources throughout Arizona. Developed and maintained by Aunt Rita\u2019s Foundation, HIVAZ is dedicated to providing accurate, thorough information to Arizona residents.<\/title>\n<meta name=\"robots\" content=\"index, follow, max-snippet:-1, max-image-preview:large, max-video-preview:-1\" \/>\n<link rel=\"canonical\" href=\"https:\/\/hivaz.org\/es\/mpox\/\" \/>\n<meta property=\"og:locale\" content=\"es_MX\" \/>\n<meta property=\"og:type\" content=\"article\" \/>\n<meta property=\"og:title\" content=\"Mpox - HIV prevention, care, and resources throughout Arizona. Developed and maintained by Aunt Rita\u2019s Foundation, HIVAZ is dedicated to providing accurate, thorough information to Arizona residents.\" \/>\n<meta property=\"og:description\" content=\"What is mpox? Mpox (formerly called monkeypox) is a rare disease caused by the mpox virus. Previous to 2022, it was a rare viral infection endemic to Central and West [&hellip;]\" \/>\n<meta property=\"og:url\" content=\"https:\/\/hivaz.org\/es\/mpox\/\" \/>\n<meta property=\"og:site_name\" content=\"HIV prevention, care, and resources throughout Arizona. Developed and maintained by Aunt Rita\u2019s Foundation, HIVAZ is dedicated to providing accurate, thorough information to Arizona residents.\" \/>\n<meta property=\"article:publisher\" content=\"https:\/\/www.facebook.com\/AuntRitasFoundation1\" \/>\n<meta property=\"article:modified_time\" content=\"2025-01-14T18:31:57+00:00\" \/>\n<meta name=\"twitter:card\" content=\"summary_large_image\" \/>\n<meta name=\"twitter:site\" content=\"@auntritas\" \/>\n<script type=\"application\/ld+json\" class=\"yoast-schema-graph\">{\"@context\":\"https:\/\/schema.org\",\"@graph\":[{\"@type\":\"WebPage\",\"@id\":\"https:\/\/hivaz.org\/mpox\/\",\"url\":\"https:\/\/hivaz.org\/mpox\/\",\"name\":\"Mpox - HIV prevention, care, and resources throughout Arizona. Developed and maintained by Aunt Rita\u2019s Foundation, HIVAZ is dedicated to providing accurate, thorough information to Arizona residents.\",\"isPartOf\":{\"@id\":\"https:\/\/hivaz.org\/#website\"},\"datePublished\":\"2022-07-28T22:27:50+00:00\",\"dateModified\":\"2025-01-14T18:31:57+00:00\",\"breadcrumb\":{\"@id\":\"https:\/\/hivaz.org\/mpox\/#breadcrumb\"},\"inLanguage\":\"es\",\"potentialAction\":[{\"@type\":\"ReadAction\",\"target\":[\"https:\/\/hivaz.org\/mpox\/\"]}]},{\"@type\":\"BreadcrumbList\",\"@id\":\"https:\/\/hivaz.org\/mpox\/#breadcrumb\",\"itemListElement\":[{\"@type\":\"ListItem\",\"position\":1,\"name\":\"Home\",\"item\":\"https:\/\/hivaz.org\/\"},{\"@type\":\"ListItem\",\"position\":2,\"name\":\"Mpox\"}]},{\"@type\":\"WebSite\",\"@id\":\"https:\/\/hivaz.org\/#website\",\"url\":\"https:\/\/hivaz.org\/\",\"name\":\"HIV prevention, care, and resources throughout Arizona. Developed and maintained by Aunt Rita\u2019s Foundation, HIVAZ is dedicated to providing accurate, thorough information to Arizona residents.\",\"description\":\"Everyone, regardless of HIV status, is deserving of empathetic, competent care and education without prejudice or stigma.\",\"publisher\":{\"@id\":\"https:\/\/hivaz.org\/#organization\"},\"potentialAction\":[{\"@type\":\"SearchAction\",\"target\":{\"@type\":\"EntryPoint\",\"urlTemplate\":\"https:\/\/hivaz.org\/?s={search_term_string}\"},\"query-input\":{\"@type\":\"PropertyValueSpecification\",\"valueRequired\":true,\"valueName\":\"search_term_string\"}}],\"inLanguage\":\"es\"},{\"@type\":\"Organization\",\"@id\":\"https:\/\/hivaz.org\/#organization\",\"name\":\"Aunt Rita's Foundation\",\"url\":\"https:\/\/hivaz.org\/\",\"logo\":{\"@type\":\"ImageObject\",\"inLanguage\":\"es\",\"@id\":\"https:\/\/hivaz.org\/#\/schema\/logo\/image\/\",\"url\":\"https:\/\/hivaz.org\/wp-content\/uploads\/2022\/05\/Aunt-Ritas-Foundation-Logo-Tagline-01-300x202-1.png\",\"contentUrl\":\"https:\/\/hivaz.org\/wp-content\/uploads\/2022\/05\/Aunt-Ritas-Foundation-Logo-Tagline-01-300x202-1.png\",\"width\":300,\"height\":202,\"caption\":\"Aunt Rita's Foundation\"},\"image\":{\"@id\":\"https:\/\/hivaz.org\/#\/schema\/logo\/image\/\"},\"sameAs\":[\"https:\/\/www.facebook.com\/AuntRitasFoundation1\",\"https:\/\/x.com\/auntritas\"]}]}<\/script>\n<!-- \/ Yoast SEO plugin. -->","yoast_head_json":{"title":"Mpox: prevenci\u00f3n, atenci\u00f3n y recursos sobre el VIH en todo Arizona. Desarrollado y mantenido por la Fundaci\u00f3n T\u00eda Rita, HIVAZ se dedica a proporcionar informaci\u00f3n precisa y completa a los residentes de Arizona.","robots":{"index":"index","follow":"follow","max-snippet":"max-snippet:-1","max-image-preview":"max-image-preview:large","max-video-preview":"max-video-preview:-1"},"canonical":"https:\/\/hivaz.org\/es\/mpox\/","og_locale":"es_MX","og_type":"article","og_title":"Mpox - HIV prevention, care, and resources throughout Arizona. Developed and maintained by Aunt Rita\u2019s Foundation, HIVAZ is dedicated to providing accurate, thorough information to Arizona residents.","og_description":"What is mpox? Mpox (formerly called monkeypox) is a rare disease caused by the mpox virus. Previous to 2022, it was a rare viral infection endemic to Central and West [&hellip;]","og_url":"https:\/\/hivaz.org\/es\/mpox\/","og_site_name":"HIV prevention, care, and resources throughout Arizona. Developed and maintained by Aunt Rita\u2019s Foundation, HIVAZ is dedicated to providing accurate, thorough information to Arizona residents.","article_publisher":"https:\/\/www.facebook.com\/AuntRitasFoundation1","article_modified_time":"2025-01-14T18:31:57+00:00","twitter_card":"summary_large_image","twitter_site":"@auntritas","schema":{"@context":"https:\/\/schema.org","@graph":[{"@type":"WebPage","@id":"https:\/\/hivaz.org\/mpox\/","url":"https:\/\/hivaz.org\/mpox\/","name":"Mpox: prevenci\u00f3n, atenci\u00f3n y recursos sobre el VIH en todo Arizona. Desarrollado y mantenido por la Fundaci\u00f3n T\u00eda Rita, HIVAZ se dedica a proporcionar informaci\u00f3n precisa y completa a los residentes de Arizona.","isPartOf":{"@id":"https:\/\/hivaz.org\/#website"},"datePublished":"2022-07-28T22:27:50+00:00","dateModified":"2025-01-14T18:31:57+00:00","breadcrumb":{"@id":"https:\/\/hivaz.org\/mpox\/#breadcrumb"},"inLanguage":"es","potentialAction":[{"@type":"ReadAction","target":["https:\/\/hivaz.org\/mpox\/"]}]},{"@type":"BreadcrumbList","@id":"https:\/\/hivaz.org\/mpox\/#breadcrumb","itemListElement":[{"@type":"ListItem","position":1,"name":"Home","item":"https:\/\/hivaz.org\/"},{"@type":"ListItem","position":2,"name":"Mpox"}]},{"@type":"WebSite","@id":"https:\/\/hivaz.org\/#website","url":"https:\/\/hivaz.org\/","name":"Prevenci\u00f3n, atenci\u00f3n y recursos del VIH en todo Arizona. Desarrollado y mantenido por la Fundaci\u00f3n Aunt Rita, HIVAZ se dedica a brindar informaci\u00f3n precisa y completa a los residentes de Arizona.","description":"Todas las personas, independientemente de su estado serol\u00f3gico respecto del VIH, merecen atenci\u00f3n y educaci\u00f3n emp\u00e1ticas y competentes sin prejuicios ni estigmas.","publisher":{"@id":"https:\/\/hivaz.org\/#organization"},"potentialAction":[{"@type":"SearchAction","target":{"@type":"EntryPoint","urlTemplate":"https:\/\/hivaz.org\/?s={search_term_string}"},"query-input":{"@type":"PropertyValueSpecification","valueRequired":true,"valueName":"search_term_string"}}],"inLanguage":"es"},{"@type":"Organization","@id":"https:\/\/hivaz.org\/#organization","name":"Fundaci\u00f3n de la t\u00eda Rita","url":"https:\/\/hivaz.org\/","logo":{"@type":"ImageObject","inLanguage":"es","@id":"https:\/\/hivaz.org\/#\/schema\/logo\/image\/","url":"https:\/\/hivaz.org\/wp-content\/uploads\/2022\/05\/Aunt-Ritas-Foundation-Logo-Tagline-01-300x202-1.png","contentUrl":"https:\/\/hivaz.org\/wp-content\/uploads\/2022\/05\/Aunt-Ritas-Foundation-Logo-Tagline-01-300x202-1.png","width":300,"height":202,"caption":"Aunt Rita's Foundation"},"image":{"@id":"https:\/\/hivaz.org\/#\/schema\/logo\/image\/"},"sameAs":["https:\/\/www.facebook.com\/AuntRitasFoundation1","https:\/\/x.com\/auntritas"]}]}},"_links":{"self":[{"href":"https:\/\/hivaz.org\/es\/wp-json\/wp\/v2\/pages\/231885","targetHints":{"allow":["GET"]}}],"collection":[{"href":"https:\/\/hivaz.org\/es\/wp-json\/wp\/v2\/pages"}],"about":[{"href":"https:\/\/hivaz.org\/es\/wp-json\/wp\/v2\/types\/page"}],"author":[{"embeddable":true,"href":"https:\/\/hivaz.org\/es\/wp-json\/wp\/v2\/users\/10"}],"replies":[{"embeddable":true,"href":"https:\/\/hivaz.org\/es\/wp-json\/wp\/v2\/comments?post=231885"}],"version-history":[{"count":17,"href":"https:\/\/hivaz.org\/es\/wp-json\/wp\/v2\/pages\/231885\/revisions"}],"predecessor-version":[{"id":232725,"href":"https:\/\/hivaz.org\/es\/wp-json\/wp\/v2\/pages\/231885\/revisions\/232725"}],"wp:attachment":[{"href":"https:\/\/hivaz.org\/es\/wp-json\/wp\/v2\/media?parent=231885"}],"curies":[{"name":"wp","href":"https:\/\/api.w.org\/{rel}","templated":true}]}}