{"id":231995,"date":"2022-11-23T14:44:25","date_gmt":"2022-11-23T21:44:25","guid":{"rendered":"https:\/\/hivaz.org\/?page_id=231995"},"modified":"2025-01-30T06:19:12","modified_gmt":"2025-01-30T13:19:12","slug":"academic-detailing","status":"publish","type":"page","link":"https:\/\/hivaz.org\/es\/academic-detailing\/","title":{"rendered":"Detallado Acad\u00e9mico"},"content":{"rendered":"<p>[et_pb_section fb_built=\u201d1\u2033 fullwidth=\u201don\u201d admin_label=\u201dEncabezado de secci\u00f3n de ancho completo\u201d _builder_version=\u201d4.16\u2033 _module_preset=\u201ddefault\u201d background_color_gradient_start=\u201drgba(255,255,255,0.66)\u201d background_color_gradient_end=\u201drgba(255,255,255,0.81)\u201d background_image=\u201dhttps:\/\/hivaz.org\/wp-content\/uploads\/2022\/03\/hivaz-generic-bg.png\u201d background_position=\u201dtop_center\u201d min_height=\u201d300px\u201d min_height_tablet=\u201d300px\u201d min_height_phone=\u201d140px\u201d min_height_last_edited=\u201don|tablet\u201d height_tablet=\u201d\u201d altura_tel\u00e9fono=\u201d\u201d altura_\u00faltima_edici\u00f3n=\u201dactivado|tel\u00e9fono\u201d relleno_personalizado=\u201d||||falso|falso\u201d color_fondo_tel\u00e9fono=\u201drgba(229,237,239,0.71)\u201d \u00faltima_edici\u00f3n_tel\u00e9fono=\u201dactivado|tel\u00e9fono\u201d habilitar_color_fondo_tel\u00e9fono=\u201dactivado\u201d usar_gradiente_color_fondo_tel\u00e9fono=\u201ddesactivado\u201d gradiente_color_fondo_tel\u00e9fono_detiene=\u201d#ffffff 0%|rgba(255,255,255,0.96) 100%\u201d gradiente_color_fondo_tel\u00e9fono_inicio=\u201d#ffffff\u201d gradiente_color_fondo_tel\u00e9fono_fin=\u201drgba(255,255,255,0.96)\u201d Imagen de fondo para tel\u00e9fono = &quot;https:\/\/hivaz.org\/wp-content\/uploads\/2022\/03\/hivaz-generic-bg.png&quot; Imagen de fondo para tel\u00e9fono = &quot;activado&quot; Contra\u00eddo = &quot;activado&quot; Informaci\u00f3n de color global = &quot;{}&quot;][et_pb_fullwidth_header T\u00edtulo = &quot;Detalles acad\u00e9micos&quot; Subt\u00edtulo = &quot;Conectar, educar y apoyar la salud sexual y social&quot; Ancho m\u00e1ximo del contenido = &quot;40%&quot; Ancho m\u00e1ximo del contenido para tableta = &quot;33%&quot; Ancho m\u00e1ximo del contenido para tel\u00e9fono = &quot;100%&quot; Last_edited = &quot;activado | escritorio&quot; Versi\u00f3n del generador = &quot;4.19.1&quot; Ajuste preestablecido del m\u00f3dulo = &quot;predeterminado&quot; Nivel del t\u00edtulo = &quot;h2&quot; t\u00edtulo_fuente=\u201dMontserrat|700|||||||\u201d t\u00edtulo_texto_color=\u201d#FFFFFF\u201d t\u00edtulo_fuente_tama\u00f1o=\u201d52px\u201d subt\u00edtulo_fuente=\u201dMontserrat|700|||||||\u201d Color del texto del subt\u00edtulo = \u201c#FFFFFF\u201d Tama\u00f1o de la fuente del subt\u00edtulo = \u201c29px\u201d Altura de la l\u00ednea del subt\u00edtulo = \u201c1.2em\u201d Color del fondo = \u201cRGBA(255,255,255,0)\u201d Dise\u00f1o del fondo = \u201cclaro\u201d Altura m\u00ednima de la tableta = \u201c\u201d Altura m\u00ednima del tel\u00e9fono = \u201c\u201d Altura m\u00ednima de la \u00faltima edici\u00f3n = \u201cen el tel\u00e9fono\u201d Relleno personalizado = \u201c12%||12%||Falso|Falso\u201d Relleno personalizado de la tableta = \u201c||||Falso|Falso\u201d Relleno personalizado del tel\u00e9fono = \u201c||||Falso|Falso\u201d Relleno personalizado de la \u00faltima edici\u00f3n = \u201cen la tableta\u201d Color del texto del t\u00edtulo de la tableta = \u201c#FFFFFF\u201d Color del texto del t\u00edtulo del tel\u00e9fono = \u201c#000000\u2033 T\u00edtulo_texto_\u00faltima_edici\u00f3n=\u201dactivado|tel\u00e9fono\u201d T\u00edtulo_fuente_tama\u00f1o_tableta=\u201d31px\u201d T\u00edtulo_fuente_tama\u00f1o_tel\u00e9fono=\u201d24px\u201d T\u00edtulo_fuente_\u00faltima_edici\u00f3n=\u201dactivado|tel\u00e9fono\u201d Subt\u00edtulo_texto_tablita=\u201d#FFFFFF\u201d Subt\u00edtulo_texto_tel\u00e9fono=\u201d#000000\u2033 Subt\u00edtulo_texto_\u00faltima_edici\u00f3n=\u201dactivado|tel\u00e9fono\u201d Subt\u00edtulo_fuente_tama\u00f1o_tableta=\u201d21px\u201d Subt\u00edtulo_fuente_tama\u00f1o_tel\u00e9fono=\u201d20px\u201d Subt\u00edtulo_fuente_\u00faltima_edici\u00f3n=\u201dactivado|tableta\u201d Fondo_\u00faltima_edici\u00f3n=\u201dactivado|tel\u00e9fono\u201d Fondo_habilitar_color_tel\u00e9fono=\u201ddesactivado\u201d Usar_gradiente_color_de_fondo_tel\u00e9fono=\u201dactivado\u201d Fondo_gradiente_color_detiene_tel\u00e9fono=\u201drgba(255,255,255,0.85) 0%|rgba(255,255,255,0.86) 100%\u201d background_color_gradient_start_phone=\u201drgba(255,255,255,0.85)\u201d background_color_gradient_end_phone=\u201drgba(255,255,255,0.86)\u201d background_enable_image_phone=\u201doff\u201d global_colors_info=\u201d{}\u201d][\/et_pb_fullwidth_header][\/et_pb_section][et_pb_section fb_built=\u201d1\u2033 admin_label=\u201dSecci\u00f3n de contenido\u201d module_class=\u201d.pa-parallax-background-image-size .et_parallax_bg\u201d _builder_version=\u201d4.16\u2033 Imagen de fondo = &quot;https:\/\/hivaz.org\/wp-content\/uploads\/2022\/03\/lower-page-dots.png&quot; Tama\u00f1o de fondo = &quot;Contiene&quot; \u00daltima edici\u00f3n de fondo = &quot;Activado\/a&quot; Tableta = &quot;Desactivado\/a&quot; Imagen de fondo habilitada para tableta = &quot;Desactivado\/a&quot; Tel\u00e9fono = &quot;Desactivado\/a&quot; Contra\u00eddo = &quot;Desactivado\/a&quot; Informaci\u00f3n de colores globales = &quot;{}&quot; Fondo habilitado con el mouse = &quot;Activado\/a&quot; Escritorio = &quot;Ejecutado\/a&quot;][et_pb_row Estructura de columna = &quot;2_3,1_3&quot; _versi\u00f3n del generador = &quot;4.17.6&quot; _ajuste predeterminado del m\u00f3dulo = &quot;Predeterminado\/a&quot; Informaci\u00f3n de colores globales = &quot;{}&quot;][et_pb_column Tipo = &quot;2_3&quot; _versi\u00f3n del generador = &quot;4.17.6&quot; _ajuste predeterminado del m\u00f3dulo = &quot;Predeterminado\/a&quot; Informaci\u00f3n de colores globales = &quot;{}&quot;][et_pb_imagen src=\u201dhttps:\/\/hivaz.org\/wp-content\/uploads\/2025\/01\/New.png\u201d title_text=\u201dNuevo\u201d _builder_version=\u201d4.27.4\u2033 _module_preset=\u201ddefault\u201d global_colors_info=\u201d{}\u201d][\/et_pb_image][et_pb_text _builder_version=\u201d4.22.1\u2033 _module_preset=\u201ddefault\u201d global_colors_info=\u201d{}\u201d]<\/p>\n<h2 dir=\"ltr\"><span data-ogsc=\"rgb(0, 0, 0)\">ANTECEDENTES DEL PROGRAMA<\/span><\/h2>\n<p><span data-ogsc=\"rgb(0, 0, 0)\"><\/span><\/p>\n<p dir=\"ltr\"><span data-ogsc=\"rgb(0, 0, 0)\">El Centro de Investigaci\u00f3n Interdisciplinaria del Suroeste (SIRC, por sus siglas en ingl\u00e9s) de la Arizona State University, en colaboraci\u00f3n con el Arizona Department of Health Services (ADHS), tiene un programa de Detallado Acad\u00e9mico para mejorar las condiciones de salud de las personas en Arizona. DISH-AZ proporciona vinculaci\u00f3n, educaci\u00f3n y apoyo de manera individualizada y continua para los proveedores de servicios de salud y el personal de las cl\u00ednicas en Arizona para el cuidado integral<\/span><span data-ogsc=\"rgb(0, 0, 0)\">.\u00a0<\/span><\/p>\n<p dir=\"ltr\"><span data-ogsc=\"rgb(0, 0, 0)\">El detallado acad\u00e9mico es una pr\u00e1ctica que consiste en visitas educativas a proveedores de servicios de atenci\u00f3n m\u00e9dica, con el objetivo de apoyarles para que adopten y practiquen comportamientos basados en evidencia que mejoren los resultados de salud de sus pacientes. Por medio de DISH-AZ, puede agendar una sesi\u00f3n de detallado acad\u00e9mico con un Detallador experto en VIH, ITS, Hep C, y salud sexual.<\/span><\/p>\n<p>[\/et_pb_text][et_pb_text _builder_version=\u201d4.22.1\u2033 _module_preset=\u201ddefault\u201d global_colors_info=\u201d{}\u201d]<\/p>\n<h2><span>\u00bfQu\u00e9 implica una sesi\u00f3n de detallado acad\u00e9mico?<\/span><\/h2>\n<p><span><\/span><\/p>\n<p dir=\"ltr\"><span data-ogsc=\"rgb(0, 0, 0)\">Las sesiones son gratuitas y est\u00e1n disponibles en persona, de manera virtual, o por tel\u00e9fono. Por lo general, se realizan individualmente, pero tambi\u00e9n se pueden realizar en grupos peque\u00f1os que idealmente conducen a sesiones individuales de detallado acad\u00e9mico. Las sesiones de detallado acad\u00e9mico son continuas y se centran en satisfacer las necesidades de cada proveedor de atenci\u00f3n m\u00e9dica.<\/span><span data-ogsc=\"rgb(0, 0, 0)\"><\/span><\/p>\n<p dir=\"ltr\"><span data-ogsc=\"rgb(0, 0, 0)\">Un proveedor de atenci\u00f3n m\u00e9dica y un  Detallador agendan una sesi\u00f3n para una \u201cvisita\u201d de detallado acad\u00e9mico. La mayor\u00eda de estas relaciones comienzan con una evaluaci\u00f3n colaborativa. El Detallador aporta su experiencia en salud sexual y social, VIH, ITS y\/o hepatitis C. Las visitas pueden durar tan solo 10 minutos o hasta una hora o m\u00e1s.<\/span><\/p>\n<p>[\/et_pb_text][et_pb_text _builder_version=\u201d4.27.4\u2033 _module_preset=\u201ddefault\u201d global_colors_info=\u201d{}\u201d]<\/p>\n<h2><span>\u00bfQu\u00e9 temas se pueden abordar?<\/span><\/h2>\n<p><span><\/span><\/p>\n<p dir=\"ltr\"><span data-ogsc=\"rgb(0, 0, 0)\">Las sesiones se enfocan en los siguientes temas:\u00a0<\/span><\/p>\n<ul>\n<li style=\"list-style-type: none;\">\n<ul>\n<li dir=\"ltr\" role=\"presentation\"><span>C\u00f3mo iniciar una conversaci\u00f3n con el paciente acerca de su salud sexual y tomar un historial cl\u00ednico<\/span><\/li>\n<li dir=\"ltr\" role=\"presentation\"><span>Atenci\u00f3n a personas que consumen sustancias<\/span><\/li>\n<li dir=\"ltr\" role=\"presentation\"><span>Pruebas y tratamiento del VIH\/ITS, incluida la s\u00edfilis entre hombres que tienen sexo con hombres (HSH)\u00a0<\/span><\/li>\n<li dir=\"ltr\" role=\"presentation\"><span>Profilaxis pre-exposici\u00f3n (PrEP) y profilaxis post-exposici\u00f3n (PEP) para la prevenci\u00f3n del VIH\u00a0<\/span><\/li>\n<li dir=\"ltr\" role=\"presentation\"><span>Inicio r\u00e1pido de la terapia antirretroviral para nuevos diagn\u00f3sticos de VIH (Rapid StART)<\/span><\/li>\n<li dir=\"ltr\" role=\"presentation\"><span><\/span><span>Pruebas y tratamiento para la Hepatitis C\u00a0<\/span><\/li>\n<li dir=\"ltr\" role=\"presentation\"><span>Mpox (anteriormente conocido como Monkeypox)<\/span><\/li>\n<\/ul>\n<\/li>\n<\/ul>\n<p>&nbsp;<\/p>\n<p>[\/et_pb_text][et_pb_image src=\u201dhttps:\/\/hivaz.org\/wp-content\/uploads\/2025\/01\/DISH-Flyer-V12-png.png\u201d _builder_version=\u201d4.27.4\u2033 _module_preset=\u201ddefault\u201d title_text=\u201dDISH Flyer V12 png\u201d hover_enabled=\u201d0\u2033 sticky_enabled=\u201d0\u2033][\/et_pb_image][et_pb_text _builder_version=\u201d4.22.1\u2033 _module_preset=\u201ddefault\u201d global_colors_info=\u201d{}\u201d]<\/p>\n<h2>\u00bfCOMO PUEDO AGENDAR UNA CITA?<\/h2>\n<p>&nbsp;<\/p>\n<p dir=\"ltr\"><span data-ogsc=\"rgb(0, 0, 0)\">Si est\u00e1 interesado en recibir una visita de AD, comun\u00edquese con el Gerente del programa AD haciendo clic en el bot\u00f3n a continuaci\u00f3n o llamando <a href=\"tel:4804077642\">480-407-7642<\/a>.<\/span><\/p>\n<p>[\/et_pb_text][et_pb_button button_url=\u201d@ET-DC@eyJkeW5hbWljIjp0cnVlLCJjb250ZW50IjoicG9zdF9saW5rX3VybCIsInNldHRpbmdzIjp7fX0=@\u201d button_text=\u201dSolicitar visita de AD\u201d button_alignment=\u201dcenter\u201d admin_label=\u201dSolicitar visita de AD\u201d module_class=\u201dpopmake-232238\u2033 _builder_version=\u201d4.22.1\u2033 _dynamic_attributes=\u201dbutton_url\u201d _module_preset=\u201ddefault\u201d custom_button=\u201don\u201d button_text_color=\u201d#FFFFFF\u201d button_bg_color=\u201d#e14f25\u2033 button_border_width=\u201d0px\u201d radio_del_borde_del_bot\u00f3n=\u201d8px\u201d fuente_del_bot\u00f3n=\u201dMontserrat|700|||||||\u201d icono_del_bot\u00f3n=\u201d\ue023||divi||400\u2033 dise\u00f1o_de_fondo=\u201doscuro\u201d margen_personalizado=\u201d24px||||falso|falso\u201d relleno_personalizado=\u201d10px|50px|10px|20px|falso|falso\u201d informaci\u00f3n_de_colores_global=\u201d{}\u201d][\/et_pb_button][et_pb_text _builder_version=\u201d4.22.1\u2033 _module_preset=\u201dpredeterminado\u201d informaci\u00f3n_de_colores_global=\u201d{}\u201d]<\/p>\n<p dir=\"ltr\"><span data-ogsc=\"rgb(0, 0, 0)\">DISH-AZ es un programa del Centro de Investigaci\u00f3n Interdisciplinaria del Suroeste de la Arizona State University, en colaboraci\u00f3n con el Arizona Department of Health Services.<\/span><\/p>\n<p>[\/et_pb_text][\/et_pb_column][et_pb_column type=\u201d1_3\u2033 _builder_version=\u201d4.17.6\u2033 _module_preset=\u201ddefault\u201d background_color=\u201d#cbdfe1\u2033 custom_padding=\u201d20px|20px|20px|20px|false|false\u201d border_radii=\u201d off|20px|20px|20px|20px\u201d global_colors_info=\u201d{}\u201d][et_pb_text admin_label=\u201dEncabezado de la barra lateral\u201d _builder_version=\u201d4.16\u2033 _module_preset=\u201d021209c3-8a8b-4f8a-a07a-c747310fb902\u2033 Saved_tabs=\u201dall\u201d global_colors_info= \u201d{}\u201d]<\/p>\n<h1>Recursos<\/h1>\n<p>[\/et_pb_text][et_pb_menu menu_id=&#8221;36&#8243; active_link_color=&#8221;gcid-73d8ac0c-cd9a-4d4e-8b93-105ba7631331&#8243; _builder_version=&#8221;4.16&#8243; _module_preset=&#8221;default&#8221; menu_font=&#8221;Montserrat|700|||||||&#8221; menu_text_color=&#8221;gcid-87279394-6308-41fb-8034-a74a095a19a0&#8243; menu_font_size=&#8221;20px&#8221; menu_line_height=&#8221;1.1em&#8221; background_enable_color=&#8221;off&#8221; width=&#8221;100%&#8221; custom_css_main_element=&#8221;width:100%!important;&#8221; custom_css_menu_link=&#8221;background-color: rgba(255,255,255,0.71);||padding: .5em 2em .5em 1em;||border-radius:8px;||||||&#8221; custom_css_active_menu_link=&#8221;background-color: rgba(255,255,255,1);||padding: .5em 2em .5em 1em;||border-radius:8px;&#8221; global_colors_info=&#8221;{%22gcid-73d8ac0c-cd9a-4d4e-8b93-105ba7631331%22:%91%22active_link_color%22,%22menu_text_color__hover%22%93,%22gcid-87279394-6308-41fb-8034-a74a095a19a0%22:%91%22menu_text_color%22%93}&#8221; menu_text_color__hover_enabled=&#8221;on|desktop&#8221; menu_text_color__hover=&#8221;#e14f25&#8243;][\/et_pb_menu][et_pb_cta title=&#8221;AZ 2022-2026 HIV\/STI\/HEP C Integrated Plan&#8221; button_url=&#8221;@ET-DC@eyJkeW5hbWljIjp0cnVlLCJjb250ZW50IjoicG9zdF9saW5rX3VybF9wYWdlIiwic2V0dGluZ3MiOnsicG9zdF9pZCI6IjIzMTE4MyJ9fQ==@&#8221; button_text=&#8221;Learn More&#8221; admin_label=&#8221;Integrated Plan&#8221; _builder_version=&#8221;4.17.6&#8243; _dynamic_attributes=&#8221;button_url&#8221; _module_preset=&#8221;default&#8221; header_font=&#8221;Montserrat|700|||||||&#8221; header_font_size=&#8221;18px&#8221; header_line_height=&#8221;1.2em&#8221; body_font=&#8221;Montserrat|700|||||||&#8221; background_color=&#8221;gcid-87279394-6308-41fb-8034-a74a095a19a0&#8243; custom_button=&#8221;on&#8221; button_text_color=&#8221;#FFFFFF&#8221; button_bg_color=&#8221;gcid-73d8ac0c-cd9a-4d4e-8b93-105ba7631331&#8243; button_border_width=&#8221;0px&#8221; button_border_radius=&#8221;8px&#8221; button_font=&#8221;Montserrat|700|||||||&#8221; custom_margin=&#8221;24px||||false|false&#8221; custom_padding=&#8221;20px||20px||true|false&#8221; custom_css_promo_button=&#8221;width:100%;&#8221; border_radii=&#8221;on|10px|10px|10px|10px&#8221; global_module=&#8221;231341&#8243; saved_tabs=&#8221;all&#8221; locked=&#8221;off&#8221; global_colors_info=&#8221;{%22gcid-87279394-6308-41fb-8034-a74a095a19a0%22:%91%22background_color%22%93,%22gcid-73d8ac0c-cd9a-4d4e-8b93-105ba7631331%22:%91%22button_bg_color%22%93}&#8221;][\/et_pb_cta][\/et_pb_column][\/et_pb_row][\/et_pb_section]<\/p>","protected":false},"excerpt":{"rendered":"<p>ANTECEDENTES DEL PROGRAMA SIRC de la Universidad Estatal de Arizona, en asociaci\u00f3n con el Departamento de Servicios de Salud de Arizona (ADHS), tiene un programa de Detallado Acad\u00e9mico (AD) para mejorar los resultados de salud de las personas en Arizona. PLATO-AZ [\u2026]<\/p>","protected":false},"author":10,"featured_media":0,"parent":0,"menu_order":0,"comment_status":"closed","ping_status":"closed","template":"","meta":{"_et_pb_use_builder":"on","_et_pb_old_content":"","_et_gb_content_width":"","footnotes":""},"class_list":["post-231995","page","type-page","status-publish","hentry"],"yoast_head":"<!-- This site is optimized with the Yoast SEO plugin v26.1.1 - https:\/\/yoast.com\/wordpress\/plugins\/seo\/ -->\n<title>Academic Detailing - HIV prevention, care, and resources throughout Arizona. Developed and maintained by Aunt Rita\u2019s Foundation, HIVAZ is dedicated to providing accurate, thorough information to Arizona residents.<\/title>\n<meta name=\"robots\" content=\"index, follow, max-snippet:-1, max-image-preview:large, max-video-preview:-1\" \/>\n<link rel=\"canonical\" href=\"https:\/\/hivaz.org\/es\/academic-detailing\/\" \/>\n<meta property=\"og:locale\" content=\"es_MX\" \/>\n<meta property=\"og:type\" content=\"article\" \/>\n<meta property=\"og:title\" content=\"Academic Detailing - HIV prevention, care, and resources throughout Arizona. Developed and maintained by Aunt Rita\u2019s Foundation, HIVAZ is dedicated to providing accurate, thorough information to Arizona residents.\" \/>\n<meta property=\"og:description\" content=\"PROGRAM BACKGROUND Arizona State University SIRC, in partnership with Arizona Department of Health Services (ADHS), has an Academic Detailing (AD) program to improve health outcomes for people in Arizona. DISH-AZ [&hellip;]\" \/>\n<meta property=\"og:url\" content=\"https:\/\/hivaz.org\/es\/academic-detailing\/\" \/>\n<meta property=\"og:site_name\" content=\"HIV prevention, care, and resources throughout Arizona. Developed and maintained by Aunt Rita\u2019s Foundation, HIVAZ is dedicated to providing accurate, thorough information to Arizona residents.\" \/>\n<meta property=\"article:publisher\" content=\"https:\/\/www.facebook.com\/AuntRitasFoundation1\" \/>\n<meta property=\"article:modified_time\" content=\"2025-01-30T13:19:12+00:00\" \/>\n<meta name=\"twitter:card\" content=\"summary_large_image\" \/>\n<meta name=\"twitter:site\" content=\"@auntritas\" \/>\n<script type=\"application\/ld+json\" class=\"yoast-schema-graph\">{\"@context\":\"https:\/\/schema.org\",\"@graph\":[{\"@type\":\"WebPage\",\"@id\":\"https:\/\/hivaz.org\/academic-detailing\/\",\"url\":\"https:\/\/hivaz.org\/academic-detailing\/\",\"name\":\"Academic Detailing - HIV prevention, care, and resources throughout Arizona. Developed and maintained by Aunt Rita\u2019s Foundation, HIVAZ is dedicated to providing accurate, thorough information to Arizona residents.\",\"isPartOf\":{\"@id\":\"https:\/\/hivaz.org\/#website\"},\"datePublished\":\"2022-11-23T21:44:25+00:00\",\"dateModified\":\"2025-01-30T13:19:12+00:00\",\"breadcrumb\":{\"@id\":\"https:\/\/hivaz.org\/academic-detailing\/#breadcrumb\"},\"inLanguage\":\"es\",\"potentialAction\":[{\"@type\":\"ReadAction\",\"target\":[\"https:\/\/hivaz.org\/academic-detailing\/\"]}]},{\"@type\":\"BreadcrumbList\",\"@id\":\"https:\/\/hivaz.org\/academic-detailing\/#breadcrumb\",\"itemListElement\":[{\"@type\":\"ListItem\",\"position\":1,\"name\":\"Home\",\"item\":\"https:\/\/hivaz.org\/\"},{\"@type\":\"ListItem\",\"position\":2,\"name\":\"Academic Detailing\"}]},{\"@type\":\"WebSite\",\"@id\":\"https:\/\/hivaz.org\/#website\",\"url\":\"https:\/\/hivaz.org\/\",\"name\":\"HIV prevention, care, and resources throughout Arizona. Developed and maintained by Aunt Rita\u2019s Foundation, HIVAZ is dedicated to providing accurate, thorough information to Arizona residents.\",\"description\":\"Everyone, regardless of HIV status, is deserving of empathetic, competent care and education without prejudice or stigma.\",\"publisher\":{\"@id\":\"https:\/\/hivaz.org\/#organization\"},\"potentialAction\":[{\"@type\":\"SearchAction\",\"target\":{\"@type\":\"EntryPoint\",\"urlTemplate\":\"https:\/\/hivaz.org\/?s={search_term_string}\"},\"query-input\":{\"@type\":\"PropertyValueSpecification\",\"valueRequired\":true,\"valueName\":\"search_term_string\"}}],\"inLanguage\":\"es\"},{\"@type\":\"Organization\",\"@id\":\"https:\/\/hivaz.org\/#organization\",\"name\":\"Aunt Rita's Foundation\",\"url\":\"https:\/\/hivaz.org\/\",\"logo\":{\"@type\":\"ImageObject\",\"inLanguage\":\"es\",\"@id\":\"https:\/\/hivaz.org\/#\/schema\/logo\/image\/\",\"url\":\"https:\/\/hivaz.org\/wp-content\/uploads\/2022\/05\/Aunt-Ritas-Foundation-Logo-Tagline-01-300x202-1.png\",\"contentUrl\":\"https:\/\/hivaz.org\/wp-content\/uploads\/2022\/05\/Aunt-Ritas-Foundation-Logo-Tagline-01-300x202-1.png\",\"width\":300,\"height\":202,\"caption\":\"Aunt Rita's Foundation\"},\"image\":{\"@id\":\"https:\/\/hivaz.org\/#\/schema\/logo\/image\/\"},\"sameAs\":[\"https:\/\/www.facebook.com\/AuntRitasFoundation1\",\"https:\/\/x.com\/auntritas\"]}]}<\/script>\n<!-- \/ Yoast SEO plugin. -->","yoast_head_json":{"title":"Informaci\u00f3n acad\u00e9mica detallada sobre la prevenci\u00f3n, la atenci\u00f3n y los recursos relacionados con el VIH en todo Arizona. Desarrollada y mantenida por la Fundaci\u00f3n T\u00eda Rita, HIVAZ se dedica a proporcionar informaci\u00f3n precisa y completa a los residentes de Arizona.","robots":{"index":"index","follow":"follow","max-snippet":"max-snippet:-1","max-image-preview":"max-image-preview:large","max-video-preview":"max-video-preview:-1"},"canonical":"https:\/\/hivaz.org\/es\/academic-detailing\/","og_locale":"es_MX","og_type":"article","og_title":"Academic Detailing - HIV prevention, care, and resources throughout Arizona. Developed and maintained by Aunt Rita\u2019s Foundation, HIVAZ is dedicated to providing accurate, thorough information to Arizona residents.","og_description":"PROGRAM BACKGROUND Arizona State University SIRC, in partnership with Arizona Department of Health Services (ADHS), has an Academic Detailing (AD) program to improve health outcomes for people in Arizona. DISH-AZ [&hellip;]","og_url":"https:\/\/hivaz.org\/es\/academic-detailing\/","og_site_name":"HIV prevention, care, and resources throughout Arizona. Developed and maintained by Aunt Rita\u2019s Foundation, HIVAZ is dedicated to providing accurate, thorough information to Arizona residents.","article_publisher":"https:\/\/www.facebook.com\/AuntRitasFoundation1","article_modified_time":"2025-01-30T13:19:12+00:00","twitter_card":"summary_large_image","twitter_site":"@auntritas","schema":{"@context":"https:\/\/schema.org","@graph":[{"@type":"WebPage","@id":"https:\/\/hivaz.org\/academic-detailing\/","url":"https:\/\/hivaz.org\/academic-detailing\/","name":"Informaci\u00f3n acad\u00e9mica detallada sobre la prevenci\u00f3n, la atenci\u00f3n y los recursos relacionados con el VIH en todo Arizona. Desarrollada y mantenida por la Fundaci\u00f3n T\u00eda Rita, HIVAZ se dedica a proporcionar informaci\u00f3n precisa y completa a los residentes de Arizona.","isPartOf":{"@id":"https:\/\/hivaz.org\/#website"},"datePublished":"2022-11-23T21:44:25+00:00","dateModified":"2025-01-30T13:19:12+00:00","breadcrumb":{"@id":"https:\/\/hivaz.org\/academic-detailing\/#breadcrumb"},"inLanguage":"es","potentialAction":[{"@type":"ReadAction","target":["https:\/\/hivaz.org\/academic-detailing\/"]}]},{"@type":"BreadcrumbList","@id":"https:\/\/hivaz.org\/academic-detailing\/#breadcrumb","itemListElement":[{"@type":"ListItem","position":1,"name":"Home","item":"https:\/\/hivaz.org\/"},{"@type":"ListItem","position":2,"name":"Academic Detailing"}]},{"@type":"WebSite","@id":"https:\/\/hivaz.org\/#website","url":"https:\/\/hivaz.org\/","name":"Prevenci\u00f3n, atenci\u00f3n y recursos del VIH en todo Arizona. Desarrollado y mantenido por la Fundaci\u00f3n Aunt Rita, HIVAZ se dedica a brindar informaci\u00f3n precisa y completa a los residentes de Arizona.","description":"Todas las personas, independientemente de su estado serol\u00f3gico respecto del VIH, merecen atenci\u00f3n y educaci\u00f3n emp\u00e1ticas y competentes sin prejuicios ni estigmas.","publisher":{"@id":"https:\/\/hivaz.org\/#organization"},"potentialAction":[{"@type":"SearchAction","target":{"@type":"EntryPoint","urlTemplate":"https:\/\/hivaz.org\/?s={search_term_string}"},"query-input":{"@type":"PropertyValueSpecification","valueRequired":true,"valueName":"search_term_string"}}],"inLanguage":"es"},{"@type":"Organization","@id":"https:\/\/hivaz.org\/#organization","name":"Fundaci\u00f3n de la t\u00eda Rita","url":"https:\/\/hivaz.org\/","logo":{"@type":"ImageObject","inLanguage":"es","@id":"https:\/\/hivaz.org\/#\/schema\/logo\/image\/","url":"https:\/\/hivaz.org\/wp-content\/uploads\/2022\/05\/Aunt-Ritas-Foundation-Logo-Tagline-01-300x202-1.png","contentUrl":"https:\/\/hivaz.org\/wp-content\/uploads\/2022\/05\/Aunt-Ritas-Foundation-Logo-Tagline-01-300x202-1.png","width":300,"height":202,"caption":"Aunt Rita's Foundation"},"image":{"@id":"https:\/\/hivaz.org\/#\/schema\/logo\/image\/"},"sameAs":["https:\/\/www.facebook.com\/AuntRitasFoundation1","https:\/\/x.com\/auntritas"]}]}},"_links":{"self":[{"href":"https:\/\/hivaz.org\/es\/wp-json\/wp\/v2\/pages\/231995","targetHints":{"allow":["GET"]}}],"collection":[{"href":"https:\/\/hivaz.org\/es\/wp-json\/wp\/v2\/pages"}],"about":[{"href":"https:\/\/hivaz.org\/es\/wp-json\/wp\/v2\/types\/page"}],"author":[{"embeddable":true,"href":"https:\/\/hivaz.org\/es\/wp-json\/wp\/v2\/users\/10"}],"replies":[{"embeddable":true,"href":"https:\/\/hivaz.org\/es\/wp-json\/wp\/v2\/comments?post=231995"}],"version-history":[{"count":26,"href":"https:\/\/hivaz.org\/es\/wp-json\/wp\/v2\/pages\/231995\/revisions"}],"predecessor-version":[{"id":232768,"href":"https:\/\/hivaz.org\/es\/wp-json\/wp\/v2\/pages\/231995\/revisions\/232768"}],"wp:attachment":[{"href":"https:\/\/hivaz.org\/es\/wp-json\/wp\/v2\/media?parent=231995"}],"curies":[{"name":"wp","href":"https:\/\/api.w.org\/{rel}","templated":true}]}}