{"id":232436,"date":"2024-06-05T08:13:47","date_gmt":"2024-06-05T15:13:47","guid":{"rendered":"https:\/\/hivaz.org\/?page_id=232436"},"modified":"2025-01-15T14:10:51","modified_gmt":"2025-01-15T21:10:51","slug":"ryan-white-portal-informational-videos-2","status":"publish","type":"page","link":"https:\/\/hivaz.org\/es\/ryan-white-portal-informational-videos-2\/","title":{"rendered":"V\u00eddeos informativos del portal Ryan White"},"content":{"rendered":"<p>[et_pb_section fb_built=\u201d1\u2033 fullwidth=\u201don\u201d admin_label=\u201dEncabezado de secci\u00f3n de ancho completo\u201d _builder_version=\u201d4.26.0\u2033 _module_preset=\u201ddefault\u201d background_color_gradient_start=\u201drgba(255,255,255,0.66)\u201d background_color_gradient_end=\u201drgba(255,255,255,0.81)\u201d background_image=\u201dhttps:\/\/hivaz.org\/wp-content\/uploads\/2022\/03\/contact-hero.png\u201d background_position=\u201dtop_center\u201d min_height=\u201d600px\u201d min_height_tablet=\u201d600px\u201d min_height_phone=\u201d140px\u201d min_height_last_edited=\u201don|phone\u201d height_tablet=\u201d\u201d altura_tel\u00e9fono=\u201d\u201d altura_\u00faltima_edici\u00f3n=\u201dactivado|tel\u00e9fono\u201d relleno_personalizado=\u201d||||falso|falso\u201d fondo_color_tel\u00e9fono=\u201d#33bda6\u2033 fondo_\u00faltima_edici\u00f3n=\u201dactivado|tel\u00e9fono\u201d fondo_habilitar_color_tel\u00e9fono=\u201dactivado\u201d usar_gradiente_color_de_fondo_tel\u00e9fono=\u201ddesactivado\u201d fondo_gradiente_color_detiene_tel\u00e9fono=\u201d#ffffff 0%|rgba(255,255,255,0.96) 100%\u201d fondo_gradiente_color_inicio_tel\u00e9fono=\u201d#ffffff\u201d fondo_gradiente_color_fin_tel\u00e9fono=\u201drgba(255,255,255,0.96)\u201d fondo_habilitar_imagen_tel\u00e9fono=\u201ddesactivado\u201d informaci\u00f3n_colores_globales=\u201d{}\u201d][et_pb_fullwidth_header t\u00edtulo=\u201dRyan Videos informativos del Portal Ryan White\u201d button_one_text=\u201dHaga clic aqu\u00ed para el Portal Ryan White\u201d button_one_url=\u201dhttps:\/\/rwp.azdhs.gov\u201d content_max_width=\u201d40%\u201d content_max_width_tablet=\u201d33%\u201d content_max_width_phone=\u201d100%\u201d content_max_width_last_edited=\u201don|desktop\u201d _builder_version=\u201d4.27.4\u2033 _module_preset=\u201ddefault\u201d title_level=\u201dh2\u2033 title_font=\u201dMontserrat|700|||||||\u201d color del texto del t\u00edtulo=\u201d#000000\u2033 tama\u00f1o de la fuente del t\u00edtulo=\u201d52px\u201d tama\u00f1o de la fuente del contenido=\u201d19px\u201d altura de la l\u00ednea del contenido=\u201d1.8em\u201d fuente del subt\u00edtulo=\u201dMontserrat|700|||||||\u201d color_del_texto_del_subt\u00edtulo=\u201d#000000\u2033 tama\u00f1o_de_fuente_del_subt\u00edtulo=\u201d29px\u201d altura_de_l\u00ednea_del_subt\u00edtulo=\u201d1.2em\u201d color_de_fondo=\u201dRGBA(255,255,255,0)\u201d bot\u00f3n_uno_personalizado=\u201dactivado\u201d tama\u00f1o_del_texto_del_bot\u00f3n_uno=\u201d24px\u201d color_del_texto_del_bot\u00f3n_uno=\u201d#000000\u2033 color_de_fondo_del_bot\u00f3n_uno=\u201d#FFFFFF\u201d dise\u00f1o_de_fondo=\u201dclaro\u201d altura_m\u00ednima_tableta=\u201d\u201d altura_m\u00ednima_tel\u00e9fono=\u201d\u201d altura_m\u00ednima_\u00faltima_edici\u00f3n=\u201dactivado|tel\u00e9fono\u201d margen_personalizado=\u201d||-34px|||\u201d Relleno personalizado = 12% | 4 px | 24.9% | 0 px | falso | falso. Relleno personalizado para tableta = 12% | 4 px | 24.9% | 0 px | falso. Relleno personalizado para tel\u00e9fono = 20 px | \u00faltima edici\u00f3n del relleno personalizado = activado | tableta. Opci\u00f3n de enlace para URL en nueva ventana = activado. Activaci\u00f3n del hover = 0. Tama\u00f1o de fuente del t\u00edtulo para tableta = 31 px. Tama\u00f1o de fuente del t\u00edtulo para tel\u00e9fono = 24 px. Tama\u00f1o de fuente del t\u00edtulo para \u00faltima edici\u00f3n = activado | tel\u00e9fono. Tama\u00f1o de fuente del subt\u00edtulo para tableta = 21 px. Tama\u00f1o de fuente del subt\u00edtulo para tel\u00e9fono = 20 px. Tama\u00f1o de fuente del subt\u00edtulo para \u00faltima edici\u00f3n = activado | tableta. \u00daltima edici\u00f3n del fondo = activado | tel\u00e9fono. Color de fondo habilitado para tel\u00e9fono = desactivado. usar_fondo_color_gradiente_tel\u00e9fono=\u201dactivado\u201d fondo_color_gradiente_detiene_tel\u00e9fono=\u201drgba(255,255,255,0.85) 0%|rgba(255,255,255,0.86) 100%\u201d fondo_color_gradiente_inicio_tel\u00e9fono=\u201drgba(255,255,255,0.85)\u201d fondo_color_gradiente_fin_tel\u00e9fono=\u201drgba(255,255,255,0.86)\u201d fondo_habilitar_imagen_tel\u00e9fono=\u201ddesactivado\u201d caja_estilo_sombra_bot\u00f3n_uno=\u201dpreset4\u2033 global_colors_info=\u201d{}\u201d sticky_enabled=\u201d0\u2033]<\/p>\n<p>&nbsp;<\/p>\n<p><span style=\"color: #000000;\"><b>Este <\/b><\/span><a href=\"https:\/\/rwp.azdhs.gov\"><b><span style=\"color: #ffffff;\">portal de solicitud en l\u00ednea<\/span><\/b><\/a><span style=\"color: #000000;\"><b> est\u00e1 dise\u00f1ado para cualquier persona interesada en inscribirse o renovar para el programa de Ryan White o ADAP.<\/b><\/span><\/p>\n<p><span style=\"font-weight: 400;\">\u00a0<\/span><\/p>\n<p><span style=\"font-weight: 400; color: #000000;\">Nuestra meta es conectar a clientes como usted a los servicios de atenci\u00f3n m\u00e9dica. Cuando se inscriben a los servicios, podemos ayudarle a conectarse al tratamiento del VIH y ayudarle a navegar el sistema de atenci\u00f3n m\u00e9dica del HIV.<\/span><\/p>\n<p><span style=\"font-weight: 400; color: #000000;\">\u00a0<\/span><\/p>\n<p><span style=\"font-weight: 400; color: #000000;\">A medida que avanza en el proceso de solicitud, le recomendamos que<strong> mira cada video a continuaci\u00f3n<\/strong> a medida que completa cada paso. Los videos est\u00e1n disponibles tanto en espa\u00f1ol como en ingl\u00e9s y describen cada paso del proceso. Esto le permite saber lo que viene y ad\u00f3nde acudir si tiene preguntas. \u00a1Puedes ver estos videos tantas veces como quieras!<\/span><\/p>\n<p><span style=\"font-weight: 400; color: #000000;\">\u00a0<\/span><\/p>\n<p><span style=\"font-weight: 400; color: #000000;\">Puede completar esta solicitud para inscribirse en Ryan White y ADAP servicios usted mismo o con la ayuda de un ayudante o manejador de casos.<\/span><\/p>\n<p><span style=\"font-weight: 400; color: #000000;\">\u00a0<\/span><\/p>\n<p><span style=\"font-weight: 400;\"><span style=\"color: #000000;\">\u00bfTiene preguntas? Aqu\u00ed estamos para ayudarle. Puede llamarnos o mandar un correo electr\u00f3nico al 602.364.3610 o<\/span> <strong><a href=\"mailto:CareAndServices@azdhs.gov\"><span style=\"color: #ffffff;\">CareAndServices@azdhs.gov<\/span><\/a><\/strong>. <span style=\"color: #000000;\">Visitar<\/span> <span style=\"color: #ffffff;\"><a style=\"color: #ffffff;\" href=\"https:\/\/positivelyyouaz.com\/\"><strong>Positively You<\/strong><\/a><\/span> <span style=\"color: #000000;\">\u00a1Para obtener a\u00fan m\u00e1s informaci\u00f3n sobre servicios de VIH!<\/span><\/span><\/p>\n<p>&nbsp;<\/p>\n<p><span style=\"color: #000000;\"><strong>APRENDE M\u00c1S<\/strong><\/span><\/p>\n<p><span style=\"color: #000000;\">Ingresos -<\/span> <span style=\"color: #ffffff;\"><a style=\"color: #ffffff;\" href=\"https:\/\/hivaz.org\/wp-content\/uploads\/2024\/06\/UPDATED-Spanish-Insurance-Cheat-Sheet.pdf\">Gu\u00eda para los documentos de apoyo<\/a><\/span><\/p>\n<p><span style=\"color: #000000;\">Aseguranza \u2013<\/span> <span style=\"color: #ffffff;\"><a style=\"color: #ffffff;\" href=\"https:\/\/hivaz.org\/wp-content\/uploads\/2024\/06\/UPDATED-Spanish-Insurance-Cheat-Sheet.pdf\">Gu\u00eda para los documentos de apoyo<\/a><\/span><\/p>\n<p><span style=\"color: #000000;\">Preguntas frecuentes \u2013<\/span><span style=\"color: #ffffff;\"> <a style=\"color: #ffffff;\" href=\"https:\/\/hivaz.org\/wp-content\/uploads\/2024\/06\/RWP-FAQ.pdf\">Documento de Preguntas Frecuentes del Portal Ryan White Ingl\u00e9s y Espa\u00f1ol<\/a><\/span><\/p>\n<p>&nbsp;<\/p>\n<p>[\/et_pb_fullwidth_header][\/et_pb_section][et_pb_section fb_built=\u201d1\u2033 prev_background_color=\u201d#4feac6\u2033 admin_label=\u201dSecci\u00f3n de contenido\u201d module_class=\u201d.pa-parallax-background-image-size .et_parallax_bg\u201d _builder_version=\u201d4.27.4\u2033 use_background_color_gradient=\u201don\u201d background_color_gradient_type=\u201delliptical\u201d background_color_gradient_stops=\u201d#2b87da 10%|#29c4a9 100%\u201d background_image=\u201dhttps:\/\/hivaz.org\/wp-content\/uploads\/2022\/03\/lower-page-dots.png\u201d background_size=\u201dcontain\u201d min_height=\u201d1449.3px\u201d custom_padding=\u201d||0px|||\u201d top_divider_style=\u201dslant2\u2033 background_last_edited=\u201don|desktop\u201d background_enable_image_tablet=\u201doff\u201d background_enable_image_phone=\u201doff\u201d global_colors_info=\u201d{}\u201d background__hover_enabled=\u201don|desktop\u201d][et_pb_row column_structure=\u201d1_4,1_4,1_4,1_4\u2033 _builder_version=\u201d4.25.0\u2033 _module_preset=\u201ddefault\u201d global_colors_info=\u201d{}\u201d][et_pb_column type=\u201d1_4\u2033 _builder_version=\u201d4.25.0\u2033 _module_preset=\u201ddefault\u201d global_colors_info=\u201d{}\u201d][et_pb_video Origen de la imagen: https:\/\/www.youtube.com\/watch?v=lQw-5oUFYBI&amp;list=PLeL9ROmy1WLR_NFHV8nJMkkpujqe0fCWf&amp;index=1. Color del icono de reproducci\u00f3n: #0C71C3. Tama\u00f1o de fuente del icono: 65 px. Versi\u00f3n del constructor: 4.25.0. Ajuste preestablecido del m\u00f3dulo: predeterminado. Ancho del borde: 6 px. Color del borde: #000000. Estilo de sombra del cuadro: preestablecido 4. Informaci\u00f3n global de colores = &quot;{}&quot;][\/et_pb_video][\/et_pb_column][et_pb_column tipo = &quot;1_4&quot; _builder_version = &quot;4.25.0&quot; _module_preset = &quot;predeterminado&quot; Informaci\u00f3n global de colores = &quot;{}&quot;][et_pb_video origen = &quot;https:\/\/www.youtube.com\/watch?v=uee1FcJHdZc&amp;list=PLeL9ROmy1WLR_NFHV8nJMkkpujqe0fCWf&amp;index=2&quot; origen de la imagen = &quot;https:\/\/hivaz.org\/wp-content\/uploads\/2024\/05\/For-2.png&quot; color del icono de reproducci\u00f3n = &quot;#0C71C3&quot; tama\u00f1o de fuente del icono de uso = &quot;activado&quot; tama\u00f1o de fuente del icono = &quot;65px&quot; Versi\u00f3n del constructor: 4.25.0. Ajuste preestablecido del m\u00f3dulo: predeterminado. Ancho del borde: 6 px. Color del borde: #000000. Estilo de sombra del cuadro: preestablecido 4. Informaci\u00f3n de colores globales: {}. origen de la imagen=\u201dhttps:\/\/hivaz.org\/wp-content\/uploads\/2024\/05\/For-3.png\u201d color del icono de reproducci\u00f3n=\u201d#0C71C3\u2033 tama\u00f1o de fuente del icono de uso=\u201don\u201d tama\u00f1o de fuente del icono=\u201d65px\u201d color de superposici\u00f3n de miniatura=\u201d#0C71C3\u2033 _versi\u00f3n del constructor=\u201d4.25.0\u2033 _ajuste predefinido del m\u00f3dulo=\u201dpredeterminado\u201d ancho del borde=\u201d6px\u201d color del borde=\u201d#000000\u2033 estilo de sombra del cuadro=\u201dpreset4\u2033 informaci\u00f3n de colores globales=\u201d{}\u201d][\/et_pb_video][\/et_pb_column][et_pb_column tipo=\u201d1_4\u2033 _versi\u00f3n del constructor=\u201d4.25.0\u2033 _module_preset=\u201dpredeterminado\u201d global_colors_info=\u201d{}\u201d][et_pb_video src=\u201dhttps:\/\/www.youtube.com\/watch?v=G4QZIdJeFlc&amp;list=PLeL9ROmy1WLR_NFHV8nJMkkpujqe0fCWf&amp;index=4\u2033 image_src=\u201dhttps:\/\/hivaz.org\/wp-content\/uploads\/2024\/05\/For-4.png\u201d play_icon_color=\u201d#0C71C3\u2033 use_icon_font_size=\u201don\u201d icon_font_size=\u201d65px\u201d _builder_version=\u201d4.25.0\u2033 _module_preset=\u201dpredeterminado\u201d border_width_all=\u201d6px\u201d box_shadow_style=\u201dpreset4\u2033 Informaci\u00f3n global de colores = &quot;{}&quot;][\/et_pb_video][\/et_pb_column][\/et_pb_row][et_pb_row estructura de columna = &quot;1_4,1_4,1_4,1_4&quot; _versi\u00f3n del generador = &quot;4.25.0&quot; _ajuste preestablecido del m\u00f3dulo = &quot;predeterminado&quot; Informaci\u00f3n global de colores = &quot;{}&quot;][et_pb_column tipo = &quot;1_4&quot; _versi\u00f3n del generador = &quot;4.25.0&quot; _ajuste preestablecido del m\u00f3dulo = &quot;predeterminado&quot; Informaci\u00f3n global de colores = &quot;{}&quot;][et_pb_video origen = &quot;https:\/\/www.youtube.com\/watch?v=fYmwbvzptZU&amp;list=PLeL9ROmy1WLR_NFHV8nJMkkpujqe0fCWf&amp;index=5&quot; src_webm=\u201dhttps:\/\/www.youtube.com\/watch?v=fYmwbvzptZU&amp;list=PLeL9ROmy1WLR_NFHV8nJMkkpujqe0fCWf&amp;index=5\u2033 image_src=\u201dhttps:\/\/hivaz.org\/wp-content\/uploads\/2024\/05\/Para-1.png\u201d play_icon_color=\u201d#0C71C3\u2033 use_icon_font_size=\u201don\u201d icon_font_size=\u201d62px\u201d _builder_version=\u201d4.25.0\u2033 _module_preset=\u201ddefault\u201d border_width_all=\u201d6px\u201d border_color_all=\u201d#000000\u2033 box_shadow_style=\u201dpreset4\u2033 Informaci\u00f3n global de colores = &quot;{}&quot;][\/et_pb_video][\/et_pb_column][et_pb_column tipo = &quot;1_4&quot; _builder_version = &quot;4.25.0&quot; _module_preset = &quot;predeterminado&quot; Informaci\u00f3n global de colores = &quot;{}&quot;][et_pb_video origen = &quot;https:\/\/www.youtube.com\/watch?v=8S_MBiQeNw8&amp;list=PLeL9ROmy1WLR_NFHV8nJMkkpujqe0fCWf&amp;index=6&quot; origen_webm = &quot;https:\/\/www.youtube.com\/watch?v=8S_MBiQeNw8&amp;list=PLeL9ROmy1WLR_NFHV8nJMkkpujqe0fCWf&amp;index=6&quot; Fuente de la imagen: https:\/\/hivaz.org\/wp-content\/uploads\/2024\/05\/Para-2.5.png. Color del icono de reproducci\u00f3n: #0C71C3. Tama\u00f1o de fuente del icono: 62 px. Versi\u00f3n del constructor: 4.25.0. Ajuste preestablecido del m\u00f3dulo: predeterminado. Ancho del borde: 6 px. Color del borde: #000000. Estilo de sombra del cuadro: preestablecido4. Informaci\u00f3n de colores globales: {}. Informaci\u00f3n global de colores=\u201d{}\u201d][origen del v\u00eddeo et_pb=\u201dhttps:\/\/www.youtube.com\/watch?v=hxHePkhQs_8&amp;list=PLeL9ROmy1WLR_NFHV8nJMkkpujqe0fCWf&amp;index=7\u2033 origen de la imagen=\u201dhttps:\/\/hivaz.org\/wp-content\/uploads\/2024\/05\/Para-3.png\u201d color del icono de reproducci\u00f3n=\u201d#0C71C3\u2033 tama\u00f1o de fuente del icono de uso=\u201don\u201d tama\u00f1o de fuente del icono=\u201d62px\u201d _versi\u00f3n del constructor=\u201d4.25.0\u2033 _ajuste predefinido del m\u00f3dulo=\u201dpredeterminado\u201d ancho del borde=\u201d6px\u201d color del borde=\u201d#000000\u2033 estilo de sombra del cuadro=\u201dpreset4\u2033 Informaci\u00f3n global de colores = &quot;{}&quot;][\/et_pb_video][\/et_pb_column][et_pb_column tipo = &quot;1_4&quot; _builder_version = &quot;4.25.0&quot; _module_preset = &quot;predeterminado&quot; Informaci\u00f3n global de colores = &quot;{}&quot;][et_pb_video origen = &quot;https:\/\/www.youtube.com\/watch?v=51Cs7-i1oaU&amp;list=PLeL9ROmy1WLR_NFHV8nJMkkpujqe0fCWf&amp;index=8&quot; origen de la imagen = &quot;https:\/\/hivaz.org\/wp-content\/uploads\/2024\/05\/para-4.png&quot; color del icono de reproducci\u00f3n = &quot;#0C71C3&quot; tama\u00f1o de fuente del icono de uso = &quot;activado&quot; tama\u00f1o de fuente del icono = &quot;62px&quot; Versi\u00f3n del constructor: 4.25.0. Ajuste predeterminado del m\u00f3dulo: predeterminado. Ancho del borde: 6px. Color del borde: #000000. Estilo de sombra del cuadro: preestablecido 4. Informaci\u00f3n de colores globales: {}.<\/p>","protected":false},"excerpt":{"rendered":"<p>&nbsp; Este portal de solicitud en l\u00ednea est\u00e1 dise\u00f1ado para cualquier persona interesada en recibir o renovar los servicios Ryan White o ADAP.  Nuestros objetivos son conectar a clientes como usted con la atenci\u00f3n [\u2026]<\/p>","protected":false},"author":14,"featured_media":0,"parent":0,"menu_order":0,"comment_status":"closed","ping_status":"closed","template":"","meta":{"_et_pb_use_builder":"on","_et_pb_old_content":"","_et_gb_content_width":"","footnotes":""},"class_list":["post-232436","page","type-page","status-publish","hentry"],"yoast_head":"<!-- This site is optimized with the Yoast SEO plugin v26.1.1 - https:\/\/yoast.com\/wordpress\/plugins\/seo\/ -->\n<title>Ryan White Portal Informational Videos - HIV prevention, care, and resources throughout Arizona. Developed and maintained by Aunt Rita\u2019s Foundation, HIVAZ is dedicated to providing accurate, thorough information to Arizona residents.<\/title>\n<meta name=\"robots\" content=\"index, follow, max-snippet:-1, max-image-preview:large, max-video-preview:-1\" \/>\n<link rel=\"canonical\" href=\"https:\/\/hivaz.org\/es\/ryan-white-portal-informational-videos-2\/\" \/>\n<meta property=\"og:locale\" content=\"es_MX\" \/>\n<meta property=\"og:type\" content=\"article\" \/>\n<meta property=\"og:title\" content=\"Ryan White Portal Informational Videos - HIV prevention, care, and resources throughout Arizona. Developed and maintained by Aunt Rita\u2019s Foundation, HIVAZ is dedicated to providing accurate, thorough information to Arizona residents.\" \/>\n<meta property=\"og:description\" content=\"&nbsp; This online application portal is designed for anyone interested in receiving or renewing Ryan White or ADAP services. \u00a0 Our goals are to connect clients like you to care [&hellip;]\" \/>\n<meta property=\"og:url\" content=\"https:\/\/hivaz.org\/es\/ryan-white-portal-informational-videos-2\/\" \/>\n<meta property=\"og:site_name\" content=\"HIV prevention, care, and resources throughout Arizona. Developed and maintained by Aunt Rita\u2019s Foundation, HIVAZ is dedicated to providing accurate, thorough information to Arizona residents.\" \/>\n<meta property=\"article:publisher\" content=\"https:\/\/www.facebook.com\/AuntRitasFoundation1\" \/>\n<meta property=\"article:modified_time\" content=\"2025-01-15T21:10:51+00:00\" \/>\n<meta name=\"twitter:card\" content=\"summary_large_image\" \/>\n<meta name=\"twitter:site\" content=\"@auntritas\" \/>\n<script type=\"application\/ld+json\" class=\"yoast-schema-graph\">{\"@context\":\"https:\/\/schema.org\",\"@graph\":[{\"@type\":\"WebPage\",\"@id\":\"https:\/\/hivaz.org\/ryan-white-portal-informational-videos-2\/\",\"url\":\"https:\/\/hivaz.org\/ryan-white-portal-informational-videos-2\/\",\"name\":\"Ryan White Portal Informational Videos - HIV prevention, care, and resources throughout Arizona. Developed and maintained by Aunt Rita\u2019s Foundation, HIVAZ is dedicated to providing accurate, thorough information to Arizona residents.\",\"isPartOf\":{\"@id\":\"https:\/\/hivaz.org\/#website\"},\"datePublished\":\"2024-06-05T15:13:47+00:00\",\"dateModified\":\"2025-01-15T21:10:51+00:00\",\"breadcrumb\":{\"@id\":\"https:\/\/hivaz.org\/ryan-white-portal-informational-videos-2\/#breadcrumb\"},\"inLanguage\":\"es\",\"potentialAction\":[{\"@type\":\"ReadAction\",\"target\":[\"https:\/\/hivaz.org\/ryan-white-portal-informational-videos-2\/\"]}]},{\"@type\":\"BreadcrumbList\",\"@id\":\"https:\/\/hivaz.org\/ryan-white-portal-informational-videos-2\/#breadcrumb\",\"itemListElement\":[{\"@type\":\"ListItem\",\"position\":1,\"name\":\"Home\",\"item\":\"https:\/\/hivaz.org\/\"},{\"@type\":\"ListItem\",\"position\":2,\"name\":\"Ryan White Portal Informational Videos\"}]},{\"@type\":\"WebSite\",\"@id\":\"https:\/\/hivaz.org\/#website\",\"url\":\"https:\/\/hivaz.org\/\",\"name\":\"HIV prevention, care, and resources throughout Arizona. Developed and maintained by Aunt Rita\u2019s Foundation, HIVAZ is dedicated to providing accurate, thorough information to Arizona residents.\",\"description\":\"Everyone, regardless of HIV status, is deserving of empathetic, competent care and education without prejudice or stigma.\",\"publisher\":{\"@id\":\"https:\/\/hivaz.org\/#organization\"},\"potentialAction\":[{\"@type\":\"SearchAction\",\"target\":{\"@type\":\"EntryPoint\",\"urlTemplate\":\"https:\/\/hivaz.org\/?s={search_term_string}\"},\"query-input\":{\"@type\":\"PropertyValueSpecification\",\"valueRequired\":true,\"valueName\":\"search_term_string\"}}],\"inLanguage\":\"es\"},{\"@type\":\"Organization\",\"@id\":\"https:\/\/hivaz.org\/#organization\",\"name\":\"Aunt Rita's Foundation\",\"url\":\"https:\/\/hivaz.org\/\",\"logo\":{\"@type\":\"ImageObject\",\"inLanguage\":\"es\",\"@id\":\"https:\/\/hivaz.org\/#\/schema\/logo\/image\/\",\"url\":\"https:\/\/hivaz.org\/wp-content\/uploads\/2022\/05\/Aunt-Ritas-Foundation-Logo-Tagline-01-300x202-1.png\",\"contentUrl\":\"https:\/\/hivaz.org\/wp-content\/uploads\/2022\/05\/Aunt-Ritas-Foundation-Logo-Tagline-01-300x202-1.png\",\"width\":300,\"height\":202,\"caption\":\"Aunt Rita's Foundation\"},\"image\":{\"@id\":\"https:\/\/hivaz.org\/#\/schema\/logo\/image\/\"},\"sameAs\":[\"https:\/\/www.facebook.com\/AuntRitasFoundation1\",\"https:\/\/x.com\/auntritas\"]}]}<\/script>\n<!-- \/ Yoast SEO plugin. -->","yoast_head_json":{"title":"Videos informativos del Portal Ryan White: prevenci\u00f3n, atenci\u00f3n y recursos sobre el VIH en todo Arizona. Desarrollado y mantenido por la Fundaci\u00f3n T\u00eda Rita, HIVAZ se dedica a proporcionar informaci\u00f3n precisa y completa a los residentes de Arizona.","robots":{"index":"index","follow":"follow","max-snippet":"max-snippet:-1","max-image-preview":"max-image-preview:large","max-video-preview":"max-video-preview:-1"},"canonical":"https:\/\/hivaz.org\/es\/ryan-white-portal-informational-videos-2\/","og_locale":"es_MX","og_type":"article","og_title":"Ryan White Portal Informational Videos - HIV prevention, care, and resources throughout Arizona. Developed and maintained by Aunt Rita\u2019s Foundation, HIVAZ is dedicated to providing accurate, thorough information to Arizona residents.","og_description":"&nbsp; This online application portal is designed for anyone interested in receiving or renewing Ryan White or ADAP services. \u00a0 Our goals are to connect clients like you to care [&hellip;]","og_url":"https:\/\/hivaz.org\/es\/ryan-white-portal-informational-videos-2\/","og_site_name":"HIV prevention, care, and resources throughout Arizona. Developed and maintained by Aunt Rita\u2019s Foundation, HIVAZ is dedicated to providing accurate, thorough information to Arizona residents.","article_publisher":"https:\/\/www.facebook.com\/AuntRitasFoundation1","article_modified_time":"2025-01-15T21:10:51+00:00","twitter_card":"summary_large_image","twitter_site":"@auntritas","schema":{"@context":"https:\/\/schema.org","@graph":[{"@type":"WebPage","@id":"https:\/\/hivaz.org\/ryan-white-portal-informational-videos-2\/","url":"https:\/\/hivaz.org\/ryan-white-portal-informational-videos-2\/","name":"Videos informativos del Portal Ryan White: prevenci\u00f3n, atenci\u00f3n y recursos sobre el VIH en todo Arizona. Desarrollado y mantenido por la Fundaci\u00f3n T\u00eda Rita, HIVAZ se dedica a proporcionar informaci\u00f3n precisa y completa a los residentes de Arizona.","isPartOf":{"@id":"https:\/\/hivaz.org\/#website"},"datePublished":"2024-06-05T15:13:47+00:00","dateModified":"2025-01-15T21:10:51+00:00","breadcrumb":{"@id":"https:\/\/hivaz.org\/ryan-white-portal-informational-videos-2\/#breadcrumb"},"inLanguage":"es","potentialAction":[{"@type":"ReadAction","target":["https:\/\/hivaz.org\/ryan-white-portal-informational-videos-2\/"]}]},{"@type":"BreadcrumbList","@id":"https:\/\/hivaz.org\/ryan-white-portal-informational-videos-2\/#breadcrumb","itemListElement":[{"@type":"ListItem","position":1,"name":"Home","item":"https:\/\/hivaz.org\/"},{"@type":"ListItem","position":2,"name":"Ryan White Portal Informational Videos"}]},{"@type":"WebSite","@id":"https:\/\/hivaz.org\/#website","url":"https:\/\/hivaz.org\/","name":"Prevenci\u00f3n, atenci\u00f3n y recursos del VIH en todo Arizona. Desarrollado y mantenido por la Fundaci\u00f3n Aunt Rita, HIVAZ se dedica a brindar informaci\u00f3n precisa y completa a los residentes de Arizona.","description":"Todas las personas, independientemente de su estado serol\u00f3gico respecto del VIH, merecen atenci\u00f3n y educaci\u00f3n emp\u00e1ticas y competentes sin prejuicios ni estigmas.","publisher":{"@id":"https:\/\/hivaz.org\/#organization"},"potentialAction":[{"@type":"SearchAction","target":{"@type":"EntryPoint","urlTemplate":"https:\/\/hivaz.org\/?s={search_term_string}"},"query-input":{"@type":"PropertyValueSpecification","valueRequired":true,"valueName":"search_term_string"}}],"inLanguage":"es"},{"@type":"Organization","@id":"https:\/\/hivaz.org\/#organization","name":"Fundaci\u00f3n de la t\u00eda Rita","url":"https:\/\/hivaz.org\/","logo":{"@type":"ImageObject","inLanguage":"es","@id":"https:\/\/hivaz.org\/#\/schema\/logo\/image\/","url":"https:\/\/hivaz.org\/wp-content\/uploads\/2022\/05\/Aunt-Ritas-Foundation-Logo-Tagline-01-300x202-1.png","contentUrl":"https:\/\/hivaz.org\/wp-content\/uploads\/2022\/05\/Aunt-Ritas-Foundation-Logo-Tagline-01-300x202-1.png","width":300,"height":202,"caption":"Aunt Rita's Foundation"},"image":{"@id":"https:\/\/hivaz.org\/#\/schema\/logo\/image\/"},"sameAs":["https:\/\/www.facebook.com\/AuntRitasFoundation1","https:\/\/x.com\/auntritas"]}]}},"_links":{"self":[{"href":"https:\/\/hivaz.org\/es\/wp-json\/wp\/v2\/pages\/232436","targetHints":{"allow":["GET"]}}],"collection":[{"href":"https:\/\/hivaz.org\/es\/wp-json\/wp\/v2\/pages"}],"about":[{"href":"https:\/\/hivaz.org\/es\/wp-json\/wp\/v2\/types\/page"}],"author":[{"embeddable":true,"href":"https:\/\/hivaz.org\/es\/wp-json\/wp\/v2\/users\/14"}],"replies":[{"embeddable":true,"href":"https:\/\/hivaz.org\/es\/wp-json\/wp\/v2\/comments?post=232436"}],"version-history":[{"count":40,"href":"https:\/\/hivaz.org\/es\/wp-json\/wp\/v2\/pages\/232436\/revisions"}],"predecessor-version":[{"id":232746,"href":"https:\/\/hivaz.org\/es\/wp-json\/wp\/v2\/pages\/232436\/revisions\/232746"}],"wp:attachment":[{"href":"https:\/\/hivaz.org\/es\/wp-json\/wp\/v2\/media?parent=232436"}],"curies":[{"name":"wp","href":"https:\/\/api.w.org\/{rel}","templated":true}]}}