{"id":232994,"date":"2025-08-19T15:47:13","date_gmt":"2025-08-19T22:47:13","guid":{"rendered":"https:\/\/hivaz.org\/?page_id=232994"},"modified":"2025-08-19T15:47:16","modified_gmt":"2025-08-19T22:47:16","slug":"perinatal-hep-c","status":"publish","type":"page","link":"https:\/\/hivaz.org\/es\/perinatal-hep-c\/","title":{"rendered":"Hepatitis C perinatal"},"content":{"rendered":"[et_pb_section fb_built=\u201d1\u2033 fullwidth=\u201don\u201d admin_label=\u201dEncabezado de secci\u00f3n de ancho completo\u201d _builder_version=\u201d4.16\u2033 _module_preset=\u201ddefault\u201d background_color_gradient_start=\u201drgba(255,255,255,0.66)\u201d background_color_gradient_end=\u201drgba(255,255,255,0.81)\u201d background_image=\u201dhttps:\/\/hivaz.org\/wp-content\/uploads\/2022\/03\/plain-light-bg.png\u201d background_position=\u201dtop_center\u201d min_height=\u201d600px\u201d min_height_tablet=\u201d600px\u201d min_height_phone=\u201d140px\u201d min_height_last_edited=\u201don|phone\u201d height_tablet=\u201d\u201d altura_tel\u00e9fono=\u201d\u201d altura_\u00faltima_edici\u00f3n=\u201dactivado|tel\u00e9fono\u201d relleno_personalizado=\u201d||||falso|falso\u201d color_fondo_tel\u00e9fono=\u201drgba(229,237,239,0.71)\u201d \u00faltima_edici\u00f3n_tel\u00e9fono=\u201dactivado|tel\u00e9fono\u201d habilitar_color_fondo_tel\u00e9fono=\u201dactivado\u201d usar_gradiente_color_fondo_tel\u00e9fono=\u201ddesactivado\u201d gradiente_color_fondo_tel\u00e9fono_detiene=\u201d#ffffff 0%|rgba(255,255,255,0.96) 100%\u201d gradiente_color_fondo_tel\u00e9fono_inicio=\u201d#ffffff\u201d gradiente_color_fondo_tel\u00e9fono_fin=\u201drgba(255,255,255,0.96)\u201d Imagen de fondo para tel\u00e9fono = &quot;https:\/\/hivaz.org\/wp-content\/uploads\/2022\/03\/plain-light-bg.png&quot; Activaci\u00f3n de imagen de fondo para tel\u00e9fono = &quot;activado&quot; Informaci\u00f3n de colores globales = &quot;{}&quot; \u00c1rea del generador de temas = &quot;Contenido de la publicaci\u00f3n&quot;][et_pb_fullwidth_header T\u00edtulo = &quot;Hepatitis C perinatal&quot; Ancho m\u00e1ximo del contenido = &quot;40%&quot; Ancho m\u00e1ximo del contenido para tableta = &quot;33%&quot; Ancho m\u00e1ximo del contenido para tel\u00e9fono = &quot;100%&quot; Ancho m\u00e1ximo del contenido para \u00faltima edici\u00f3n = &quot;activado | escritorio&quot; Versi\u00f3n del generador = &quot;4.16&quot; Ajuste preestablecido del m\u00f3dulo = &quot;predeterminado&quot; Nivel del t\u00edtulo = &quot;h2&quot; Fuente del t\u00edtulo = &quot;Montserrat | 700 | | | | | | |&quot; color del texto del t\u00edtulo=\u201d#FFFFFF\u201d tama\u00f1o de la fuente del t\u00edtulo=\u201d52px\u201d fuente del subt\u00edtulo=\u201dMontserrat|700|||||||\u201d Color del texto del subt\u00edtulo = \u201c#000000\u2033 Tama\u00f1o de la fuente del subt\u00edtulo = \u201c29px\u201d Altura de la l\u00ednea del subt\u00edtulo = \u201c1.2em\u201d Color del fondo = \u201cRGBA(255,255,255,0)\u201d Dise\u00f1o del fondo = \u201cclaro\u201d Altura m\u00ednima de la tableta = \u201c\u201d Altura m\u00ednima del tel\u00e9fono = \u201c\u201d Altura m\u00ednima de la \u00faltima edici\u00f3n = \u201cen el tel\u00e9fono\u201d Relleno personalizado = \u201c12%||12%||Falso|Falso\u201d Relleno personalizado de la tableta = \u201c||||Falso|Falso\u201d Relleno personalizado del tel\u00e9fono = \u201c||||Falso|Falso\u201d Relleno personalizado de la \u00faltima edici\u00f3n = \u201cen la tableta\u201d Tama\u00f1o de la fuente del t\u00edtulo de la tableta = \u201c31px\u201d Tama\u00f1o de la fuente del t\u00edtulo del tel\u00e9fono = \u201c24px\u201d Tama\u00f1o de la fuente del t\u00edtulo de la \u00faltima edici\u00f3n = \u201cen el tel\u00e9fono\u201d Tama\u00f1o de fuente del subt\u00edtulo tableta = 21 px. Tama\u00f1o de fuente del subt\u00edtulo tel\u00e9fono = 20 px. Tama\u00f1o de fuente del subt\u00edtulo \u00faltima edici\u00f3n = activado | tableta. \u00daltima edici\u00f3n del fondo = activado | tel\u00e9fono. Activaci\u00f3n del color del fondo tel\u00e9fono = desactivada. Uso del degradado de color de fondo tel\u00e9fono = activado. El degradado de color de fondo termina en el tel\u00e9fono = rgba (255, 255, 255, 0,85) 0% | rgba (255, 255, 255, 0,86) 100%. Inicio del degradado de color de fondo tel\u00e9fono = rgba (255, 255, 255, 0,85). Fin del degradado de color de fondo tel\u00e9fono = rgba (255, 255, 255, 0,86). Activaci\u00f3n de la imagen tel\u00e9fono = desactivada. Informaci\u00f3n global de colores = &quot;{}&quot; \u00c1rea del generador de temas = &quot;Contenido de la publicaci\u00f3n&quot;][\/et_pb_fullwidth_header][\/et_pb_section][et_pb_section fb_built = &quot;1&quot; Etiqueta de administraci\u00f3n = &quot;Secci\u00f3n de contenido&quot; Clase de m\u00f3dulo = &quot;.pa-parallax-background-image-size .et_parallax_bg&quot; Versi\u00f3n del generador = &quot;4.16&quot; Imagen de fondo = &quot;https:\/\/hivaz.org\/wp-content\/uploads\/2022\/03\/lower-page-dots.png&quot; Tama\u00f1o de fondo = &quot;Contain&quot; \u00daltima edici\u00f3n de fondo = &quot;On|Tablet&quot; Activaci\u00f3n de imagen de fondo para tableta = &quot;Off&quot; Activaci\u00f3n de imagen de fondo para tel\u00e9fono = &quot;Off&quot; Informaci\u00f3n global de colores = &quot;{}&quot; Activaci\u00f3n de fondo con desplazamiento = &quot;On|Desktop&quot; \u00c1rea del generador de temas = \u201ccontenido de la publicaci\u00f3n\u201d][et_pb_row estructura de columna = \u201c2_3,1_3\u2033 uso_mediante_personalizado = \u201cactivado\u201d ancho_mediante = \u201c2\u2033 relleno_personalizado_\u00faltima_edici\u00f3n = \u201cactivado|tableta\u201d etiqueta_administraci\u00f3n = \u201cFila de contenido\u201d versi\u00f3n_generador = \u201c4.16\u2033 tama\u00f1o_fondo = \u201cinicial\u201d posici\u00f3n_fondo = \u201carriba_izquierda\u201d repetici\u00f3n_fondo = \u201crepetir\u201d relleno_personalizado_tableta = \u201c5px||||falso|falso\u201d relleno_personalizado_tel\u00e9fono = \u201c5px||||falso|falso\u201d informaci\u00f3n_colores_globales = \u201c{}\u201d \u00e1rea del generador de temas = \u201ccontenido de la publicaci\u00f3n\u201d][et_pb_column tipo = \u201c2_3\u2033 versi\u00f3n_generador = \u201c4.16\u2033 relleno_personalizado = \u201c|||\u201d Informaci\u00f3n de colores globales=\u201d{}\u201d Relleno personalizado__hover=\u201d|||\u201d \u00c1rea del creador de temas=\u201dContenido de la publicaci\u00f3n\u201d][Texto de et_pb Etiqueta de administraci\u00f3n=\u201dContenido principal\u201d Versi\u00f3n del creador=\u201d4.27.4\u2033 Tama\u00f1o de fuente del texto=\u201d20px\u201d Tama\u00f1o de fuente ul=\u201d20px\u201d Altura de l\u00ednea ul=\u201d1.4em\u201d Fuente del encabezado=\u201dMontserrat|700||on|||||\u201d Altura de l\u00ednea del encabezado=\u201d1.3em\u201d Fuente del encabezado_2=\u201dMontserrat|700||on|||||\u201d header_2_line_height=\u201d1.3em\u201d hover_enabled=\u201d0\u2033 text_font_size_tablet=\u201d\u201d text_font_size_phone=\u201d16px\u201d text_font_size_last_edited=\u201don|desktop\u201d ul_font_size_tablet=\u201d24px\u201d ul_font_size_phone=\u201d15px\u201d ul_font_size_last_edited=\u201don|phone\u201d global_colors_info=\u201d{}\u201d theme_builder_area=\u201dpost_content\u201d sticky_enabled=\u201d0\u2033]<p><\/p>\n<h1 class=\"wp-block-heading\">\u00bfQu\u00e9 es la hepatitis C perinatal?<\/h1>\n<p><span style=\"font-weight: 400;\">La hepatitis C perinatal es la transmisi\u00f3n del virus de la hepatitis C durante el embarazo o el parto de una mujer embarazada a su beb\u00e9. La tasa de infecci\u00f3n por hepatitis C perinatal es de aproximadamente 5%. Esta tasa puede ser mayor en mujeres con VIH no controlado y en mujeres con una alta concentraci\u00f3n de hepatitis C en un resultado de la prueba de ARN.<\/span><\/p>\n<h3><b>\u00bfQui\u00e9n deber\u00eda hacerse la prueba?<\/b><\/h3>\n<p><span style=\"font-weight: 400;\">Algunas conclusiones clave de<\/span> <a href=\"https:\/\/www.cdc.gov\/hepatitis-c\/hcp\/diagnosis-testing\/index.html\"><span style=\"font-weight: 400;\">recomendaciones de detecci\u00f3n<\/span><\/a> <span style=\"font-weight: 400;\">Para esta poblaci\u00f3n se incluyen:<\/span><\/p>\n<ul>\n<li style=\"font-weight: 400;\" aria-level=\"1\"><span style=\"font-weight: 400;\">Los Centros para el Control y la Prevenci\u00f3n de Enfermedades (CDC) recomiendan la detecci\u00f3n universal para las personas de 18 a\u00f1os o m\u00e1s, as\u00ed como una vez durante cada embarazo para las mujeres embarazadas. <\/span><\/li>\n<li style=\"font-weight: 400;\" aria-level=\"1\">Los beb\u00e9s y ni\u00f1os expuestos perinatalmente tambi\u00e9n deben ser evaluados. Por favor, revise la <a href=\"https:\/\/www.cdc.gov\/mmwr\/volumes\/72\/rr\/rr7204a1.htm#F3_down\"><span>recomendaciones de pruebas actualizadas<\/span><\/a> <span>para beb\u00e9s y ni\u00f1os expuestos perinatalmente publicado en noviembre de 2023.<\/span><\/li>\n<\/ul>\n<h3><b>\u00bfQui\u00e9n debe recibir tratamiento?<\/b><\/h3>\n<p><span style=\"font-weight: 400;\">\u00a1La hepatitis C es curable! Esto implica tratamientos seguros y eficaces, y el 95% de las personas pueden esperar curarse en un plazo de 8 a 12 semanas. En el caso de los ni\u00f1os de tres a\u00f1os o m\u00e1s, se ha aprobado el tratamiento con antivirales de acci\u00f3n directa (AAD). Puede encontrar m\u00e1s informaci\u00f3n sobre las recomendaciones de tratamiento en el sitio web.<\/span> <a href=\"https:\/\/www.hcvguidelines.org\/unique-populations\/children\"><span style=\"font-weight: 400;\">Gu\u00edas sobre el VHC: p\u00e1gina web sobre el VHC en ni\u00f1os<\/span><\/a> <span style=\"font-weight: 400;\">y<\/span> <a href=\"https:\/\/www.cdc.gov\/hepatitis-c\/treatment\/index.html\"><span style=\"font-weight: 400;\">P\u00e1gina web sobre el tratamiento de la hepatitis C<\/span><\/a><span style=\"font-weight: 400;\">.<\/span><\/p>\n<p><b>\u00bfQuerer aprender m\u00e1s?<\/b><\/p>\n<p><b><i>Seminario web sobre hepatitis C perinatal | 15 de octubre, de 12:00 a 13:30 h <\/i><\/b><\/p>\n<p><span style=\"font-weight: 400;\">La Oficina de Servicios para el VIH y la Hepatitis C (OHHS) del Departamento de Servicios de Salud de Arizona ofrecer\u00e1 un seminario web sobre la hepatitis C perinatal como parte de su ciclo &quot;Almuerzo y Aprendizaje&quot;. Este seminario web brindar\u00e1 a los profesionales de la salud de Arizona informaci\u00f3n sobre los detalles de las pruebas y el tratamiento de ni\u00f1os con hepatitis C en Arizona, incluyendo experiencias trabajando con embarazadas y beb\u00e9s, as\u00ed como sobre las barreras para las pruebas en beb\u00e9s. Entre los ponentes actuales se encuentran:\u00a0<\/span><\/p>\n<p><span style=\"font-weight: 400;\">Dra. Kim Costello, DO, MMM, CPE, FAAP \u2013 Neonat\u00f3loga de UPMC Central PA<\/span><\/p>\n<p><span style=\"font-weight: 400;\">Dra. Elizabeth Moran, MD \u2013 Servicios Comunitarios COPE\u00a0<\/span><\/p>\n<p><span style=\"font-weight: 400;\">Dr. Nathan Price, MD<\/span><\/p>\n<p><span style=\"font-weight: 400;\">Registro:<\/span> <a href=\"https:\/\/docs.google.com\/forms\/d\/e\/1FAIpQLSfM1kyTfPmyB90wnqoNbGCgYzUAAQZR2WR-pflLDBlrfOs8_g\/viewform?usp=dialog\"><span style=\"font-weight: 400;\">ENLACE<\/span><\/a><\/p>\n<p>&nbsp;<\/p>\n<p><b>Recursos<\/b><\/p>\n<p><a href=\"https:\/\/drive.google.com\/file\/d\/1SFITnWBED4x247pCDo8qxwuV6QxGhLQY\/view?usp=drive_link\"><span style=\"font-weight: 400;\">Folleto para proveedores digitales<\/span><\/a><\/p>\n<p><a href=\"https:\/\/drive.google.com\/file\/d\/1R4IhJpTVPWr_DEF_kAg7YNcTPmiFCrH4\/view?usp=drive_link\"><span style=\"font-weight: 400;\">Folleto digital para padres<\/span><\/a><\/p>\n<p><a href=\"https:\/\/drive.google.com\/file\/d\/1z5lXvtcCdJnArn4t-ZeQNNMowgf6gA82\/view?usp=drive_link\"><span style=\"font-weight: 400;\">Material de redes sociales #1<\/span><\/a><\/p>\n<p><a href=\"https:\/\/drive.google.com\/file\/d\/1fbO0zWL9ZH4UBz_d7eDvEwSNxEI4_5uk\/view?usp=drive_link\"><span style=\"font-weight: 400;\">Material de redes sociales #2<\/span><\/a><\/p>\n<p><a href=\"https:\/\/drive.google.com\/file\/d\/1VCamF2dPBMPfgjXvzpQq9bD1CA7G6PC0\/view?usp=drive_link\"><span style=\"font-weight: 400;\">Material de redes sociales #3<\/span><\/a><\/p>\n<p><a href=\"https:\/\/drive.google.com\/file\/d\/1uaC1Q6Blb3FSVbv_OjYU529qLt8eDvEW\/view?usp=sharing\"><span style=\"font-weight: 400;\">Hoja informativa para pediatras<\/span><\/a><\/p>\n<p><a href=\"https:\/\/drive.google.com\/file\/d\/1jbciZbhK6h3So4VXXjB6vJefoz_j4sVQ\/view?usp=sharing\"><span style=\"font-weight: 400;\">Hoja informativa para proveedores de atenci\u00f3n m\u00e9dica<\/span><\/a><\/p>\n<p>&nbsp;<\/p>\n<p>&nbsp;<\/p>\n<p><\/p>[\/et_pb_text][\/et_pb_column][et_pb_column type=&#8221;1_3&#8243; _builder_version=&#8221;4.16&#8243; background_color=&#8221;gcid-e175341b-00a8-4061-89ca-5213f7d4a72e&#8221; custom_padding=&#8221;20px|20px|20px|20px|false|false&#8221; border_radii=&#8221;off|20px|20px|20px|20px&#8221; global_colors_info=&#8221;{%22gcid-e175341b-00a8-4061-89ca-5213f7d4a72e%22:%91%22background_color%22%93}&#8221; custom_padding__hover=&#8221;|||&#8221; theme_builder_area=&#8221;post_content&#8221;][et_pb_text admin_label=&#8221;Sidebar Header&#8221; _builder_version=&#8221;4.16&#8243; _module_preset=&#8221;021209c3-8a8b-4f8a-a07a-c747310fb902&#8243; saved_tabs=&#8221;all&#8221; global_colors_info=&#8221;{}&#8221; theme_builder_area=&#8221;post_content&#8221;]<h1>Recursos<\/h1>[\/et_pb_text][et_pb_menu menu_id=&#8221;38&#8243; active_link_color=&#8221;gcid-73d8ac0c-cd9a-4d4e-8b93-105ba7631331&#8243; module_class=&#8221;lwp-hide-mobile-menu&#8221; _builder_version=&#8221;4.17.4&#8243; _module_preset=&#8221;default&#8221; menu_font=&#8221;Montserrat|700|||||||&#8221; menu_text_color=&#8221;gcid-87279394-6308-41fb-8034-a74a095a19a0&#8243; menu_font_size=&#8221;20px&#8221; menu_line_height=&#8221;1.1em&#8221; background_enable_color=&#8221;off&#8221; width=&#8221;100%&#8221; custom_css_main_element=&#8221;width:100%!important;&#8221; custom_css_menu_link=&#8221;background-color: rgba(255,255,255,0.71);||padding: .5em 2em .5em 1em;||border-radius:8px;||||||&#8221; custom_css_active_menu_link=&#8221;background-color: rgba(255,255,255,1);||padding: .5em 2em .5em 1em;||border-radius:8px;&#8221; global_colors_info=&#8221;{%22gcid-73d8ac0c-cd9a-4d4e-8b93-105ba7631331%22:%91%22active_link_color%22,%22menu_text_color__hover%22%93,%22gcid-87279394-6308-41fb-8034-a74a095a19a0%22:%91%22menu_text_color%22%93}&#8221; menu_text_color__hover_enabled=&#8221;on|desktop&#8221; menu_text_color__hover=&#8221;#e14f25&#8243; theme_builder_area=&#8221;post_content&#8221;][\/et_pb_menu][et_pb_cta title=&#8221;AZ 2022-2026 HIV\/STI\/HEP C Integrated Plan&#8221; button_url=&#8221;@ET-DC@eyJkeW5hbWljIjp0cnVlLCJjb250ZW50IjoicG9zdF9saW5rX3VybF9wYWdlIiwic2V0dGluZ3MiOnsicG9zdF9pZCI6IjIzMTE4MyJ9fQ==@&#8221; button_text=&#8221;Learn More&#8221; admin_label=&#8221;Integrated Plan&#8221; _builder_version=&#8221;4.17.6&#8243; _dynamic_attributes=&#8221;button_url&#8221; _module_preset=&#8221;default&#8221; header_font=&#8221;Montserrat|700|||||||&#8221; header_font_size=&#8221;18px&#8221; header_line_height=&#8221;1.2em&#8221; body_font=&#8221;Montserrat|700|||||||&#8221; background_color=&#8221;gcid-87279394-6308-41fb-8034-a74a095a19a0&#8243; custom_button=&#8221;on&#8221; button_text_color=&#8221;#FFFFFF&#8221; button_bg_color=&#8221;gcid-73d8ac0c-cd9a-4d4e-8b93-105ba7631331&#8243; button_border_width=&#8221;0px&#8221; button_border_radius=&#8221;8px&#8221; button_font=&#8221;Montserrat|700|||||||&#8221; custom_margin=&#8221;24px||||false|false&#8221; custom_padding=&#8221;20px||20px||true|false&#8221; custom_css_promo_button=&#8221;width:100%;&#8221; border_radii=&#8221;on|10px|10px|10px|10px&#8221; global_module=&#8221;231341&#8243; saved_tabs=&#8221;all&#8221; locked=&#8221;off&#8221; global_colors_info=&#8221;{%22gcid-87279394-6308-41fb-8034-a74a095a19a0%22:%91%22background_color%22%93,%22gcid-73d8ac0c-cd9a-4d4e-8b93-105ba7631331%22:%91%22button_bg_color%22%93}&#8221; theme_builder_area=&#8221;post_content&#8221;][\/et_pb_cta][\/et_pb_column][\/et_pb_row][\/et_pb_section]","protected":false},"excerpt":{"rendered":"<p>\u00bfQu\u00e9 es la hepatitis C perinatal? La hepatitis C perinatal es la transmisi\u00f3n de la hepatitis C durante el embarazo o el parto de una mujer embarazada a su beb\u00e9. La tasa de infecci\u00f3n de [\u2026]<\/p>","protected":false},"author":16,"featured_media":0,"parent":0,"menu_order":0,"comment_status":"closed","ping_status":"closed","template":"","meta":{"_et_pb_use_builder":"on","_et_pb_old_content":"","_et_gb_content_width":"","footnotes":""},"class_list":["post-232994","page","type-page","status-publish","hentry"],"yoast_head":"<!-- This site is optimized with the Yoast SEO plugin v26.1.1 - https:\/\/yoast.com\/wordpress\/plugins\/seo\/ -->\n<title>Perinatal hep C - HIV prevention, care, and resources throughout Arizona. Developed and maintained by Aunt Rita\u2019s Foundation, HIVAZ is dedicated to providing accurate, thorough information to Arizona residents.<\/title>\n<meta name=\"robots\" content=\"index, follow, max-snippet:-1, max-image-preview:large, max-video-preview:-1\" \/>\n<link rel=\"canonical\" href=\"https:\/\/hivaz.org\/es\/perinatal-hep-c\/\" \/>\n<meta property=\"og:locale\" content=\"es_MX\" \/>\n<meta property=\"og:type\" content=\"article\" \/>\n<meta property=\"og:title\" content=\"Perinatal hep C - HIV prevention, care, and resources throughout Arizona. Developed and maintained by Aunt Rita\u2019s Foundation, HIVAZ is dedicated to providing accurate, thorough information to Arizona residents.\" \/>\n<meta property=\"og:description\" content=\"What is Perinatal Hepatitis C? Perinatal hepatitis C is the transmission of hepatitis C during pregnancy or delivery of a pregnant woman to their infant. The rate of infection for [&hellip;]\" \/>\n<meta property=\"og:url\" content=\"https:\/\/hivaz.org\/es\/perinatal-hep-c\/\" \/>\n<meta property=\"og:site_name\" content=\"HIV prevention, care, and resources throughout Arizona. Developed and maintained by Aunt Rita\u2019s Foundation, HIVAZ is dedicated to providing accurate, thorough information to Arizona residents.\" \/>\n<meta property=\"article:publisher\" content=\"https:\/\/www.facebook.com\/AuntRitasFoundation1\" \/>\n<meta property=\"article:modified_time\" content=\"2025-08-19T22:47:16+00:00\" \/>\n<meta name=\"twitter:card\" content=\"summary_large_image\" \/>\n<meta name=\"twitter:site\" content=\"@auntritas\" \/>\n<script type=\"application\/ld+json\" class=\"yoast-schema-graph\">{\"@context\":\"https:\/\/schema.org\",\"@graph\":[{\"@type\":\"WebPage\",\"@id\":\"https:\/\/hivaz.org\/perinatal-hep-c\/\",\"url\":\"https:\/\/hivaz.org\/perinatal-hep-c\/\",\"name\":\"Perinatal hep C - HIV prevention, care, and resources throughout Arizona. Developed and maintained by Aunt Rita\u2019s Foundation, HIVAZ is dedicated to providing accurate, thorough information to Arizona residents.\",\"isPartOf\":{\"@id\":\"https:\/\/hivaz.org\/#website\"},\"datePublished\":\"2025-08-19T22:47:13+00:00\",\"dateModified\":\"2025-08-19T22:47:16+00:00\",\"breadcrumb\":{\"@id\":\"https:\/\/hivaz.org\/perinatal-hep-c\/#breadcrumb\"},\"inLanguage\":\"es\",\"potentialAction\":[{\"@type\":\"ReadAction\",\"target\":[\"https:\/\/hivaz.org\/perinatal-hep-c\/\"]}]},{\"@type\":\"BreadcrumbList\",\"@id\":\"https:\/\/hivaz.org\/perinatal-hep-c\/#breadcrumb\",\"itemListElement\":[{\"@type\":\"ListItem\",\"position\":1,\"name\":\"Home\",\"item\":\"https:\/\/hivaz.org\/\"},{\"@type\":\"ListItem\",\"position\":2,\"name\":\"Perinatal hep C\"}]},{\"@type\":\"WebSite\",\"@id\":\"https:\/\/hivaz.org\/#website\",\"url\":\"https:\/\/hivaz.org\/\",\"name\":\"HIV prevention, care, and resources throughout Arizona. Developed and maintained by Aunt Rita\u2019s Foundation, HIVAZ is dedicated to providing accurate, thorough information to Arizona residents.\",\"description\":\"Everyone, regardless of HIV status, is deserving of empathetic, competent care and education without prejudice or stigma.\",\"publisher\":{\"@id\":\"https:\/\/hivaz.org\/#organization\"},\"potentialAction\":[{\"@type\":\"SearchAction\",\"target\":{\"@type\":\"EntryPoint\",\"urlTemplate\":\"https:\/\/hivaz.org\/?s={search_term_string}\"},\"query-input\":{\"@type\":\"PropertyValueSpecification\",\"valueRequired\":true,\"valueName\":\"search_term_string\"}}],\"inLanguage\":\"es\"},{\"@type\":\"Organization\",\"@id\":\"https:\/\/hivaz.org\/#organization\",\"name\":\"Aunt Rita's Foundation\",\"url\":\"https:\/\/hivaz.org\/\",\"logo\":{\"@type\":\"ImageObject\",\"inLanguage\":\"es\",\"@id\":\"https:\/\/hivaz.org\/#\/schema\/logo\/image\/\",\"url\":\"https:\/\/hivaz.org\/wp-content\/uploads\/2022\/05\/Aunt-Ritas-Foundation-Logo-Tagline-01-300x202-1.png\",\"contentUrl\":\"https:\/\/hivaz.org\/wp-content\/uploads\/2022\/05\/Aunt-Ritas-Foundation-Logo-Tagline-01-300x202-1.png\",\"width\":300,\"height\":202,\"caption\":\"Aunt Rita's Foundation\"},\"image\":{\"@id\":\"https:\/\/hivaz.org\/#\/schema\/logo\/image\/\"},\"sameAs\":[\"https:\/\/www.facebook.com\/AuntRitasFoundation1\",\"https:\/\/x.com\/auntritas\"]}]}<\/script>\n<!-- \/ Yoast SEO plugin. -->","yoast_head_json":{"title":"Hepatitis C perinatal: prevenci\u00f3n, atenci\u00f3n y recursos para el VIH en todo Arizona. Desarrollado y mantenido por la Fundaci\u00f3n T\u00eda Rita, HIVAZ se dedica a brindar informaci\u00f3n precisa y completa a los residentes de Arizona.","robots":{"index":"index","follow":"follow","max-snippet":"max-snippet:-1","max-image-preview":"max-image-preview:large","max-video-preview":"max-video-preview:-1"},"canonical":"https:\/\/hivaz.org\/es\/perinatal-hep-c\/","og_locale":"es_MX","og_type":"article","og_title":"Perinatal hep C - HIV prevention, care, and resources throughout Arizona. Developed and maintained by Aunt Rita\u2019s Foundation, HIVAZ is dedicated to providing accurate, thorough information to Arizona residents.","og_description":"What is Perinatal Hepatitis C? Perinatal hepatitis C is the transmission of hepatitis C during pregnancy or delivery of a pregnant woman to their infant. The rate of infection for [&hellip;]","og_url":"https:\/\/hivaz.org\/es\/perinatal-hep-c\/","og_site_name":"HIV prevention, care, and resources throughout Arizona. Developed and maintained by Aunt Rita\u2019s Foundation, HIVAZ is dedicated to providing accurate, thorough information to Arizona residents.","article_publisher":"https:\/\/www.facebook.com\/AuntRitasFoundation1","article_modified_time":"2025-08-19T22:47:16+00:00","twitter_card":"summary_large_image","twitter_site":"@auntritas","schema":{"@context":"https:\/\/schema.org","@graph":[{"@type":"WebPage","@id":"https:\/\/hivaz.org\/perinatal-hep-c\/","url":"https:\/\/hivaz.org\/perinatal-hep-c\/","name":"Hepatitis C perinatal: prevenci\u00f3n, atenci\u00f3n y recursos para el VIH en todo Arizona. Desarrollado y mantenido por la Fundaci\u00f3n T\u00eda Rita, HIVAZ se dedica a brindar informaci\u00f3n precisa y completa a los residentes de Arizona.","isPartOf":{"@id":"https:\/\/hivaz.org\/#website"},"datePublished":"2025-08-19T22:47:13+00:00","dateModified":"2025-08-19T22:47:16+00:00","breadcrumb":{"@id":"https:\/\/hivaz.org\/perinatal-hep-c\/#breadcrumb"},"inLanguage":"es","potentialAction":[{"@type":"ReadAction","target":["https:\/\/hivaz.org\/perinatal-hep-c\/"]}]},{"@type":"BreadcrumbList","@id":"https:\/\/hivaz.org\/perinatal-hep-c\/#breadcrumb","itemListElement":[{"@type":"ListItem","position":1,"name":"Home","item":"https:\/\/hivaz.org\/"},{"@type":"ListItem","position":2,"name":"Perinatal hep C"}]},{"@type":"WebSite","@id":"https:\/\/hivaz.org\/#website","url":"https:\/\/hivaz.org\/","name":"Prevenci\u00f3n, atenci\u00f3n y recursos del VIH en todo Arizona. Desarrollado y mantenido por la Fundaci\u00f3n Aunt Rita, HIVAZ se dedica a brindar informaci\u00f3n precisa y completa a los residentes de Arizona.","description":"Todas las personas, independientemente de su estado serol\u00f3gico respecto del VIH, merecen atenci\u00f3n y educaci\u00f3n emp\u00e1ticas y competentes sin prejuicios ni estigmas.","publisher":{"@id":"https:\/\/hivaz.org\/#organization"},"potentialAction":[{"@type":"SearchAction","target":{"@type":"EntryPoint","urlTemplate":"https:\/\/hivaz.org\/?s={search_term_string}"},"query-input":{"@type":"PropertyValueSpecification","valueRequired":true,"valueName":"search_term_string"}}],"inLanguage":"es"},{"@type":"Organization","@id":"https:\/\/hivaz.org\/#organization","name":"Fundaci\u00f3n de la t\u00eda Rita","url":"https:\/\/hivaz.org\/","logo":{"@type":"ImageObject","inLanguage":"es","@id":"https:\/\/hivaz.org\/#\/schema\/logo\/image\/","url":"https:\/\/hivaz.org\/wp-content\/uploads\/2022\/05\/Aunt-Ritas-Foundation-Logo-Tagline-01-300x202-1.png","contentUrl":"https:\/\/hivaz.org\/wp-content\/uploads\/2022\/05\/Aunt-Ritas-Foundation-Logo-Tagline-01-300x202-1.png","width":300,"height":202,"caption":"Aunt Rita's Foundation"},"image":{"@id":"https:\/\/hivaz.org\/#\/schema\/logo\/image\/"},"sameAs":["https:\/\/www.facebook.com\/AuntRitasFoundation1","https:\/\/x.com\/auntritas"]}]}},"_links":{"self":[{"href":"https:\/\/hivaz.org\/es\/wp-json\/wp\/v2\/pages\/232994","targetHints":{"allow":["GET"]}}],"collection":[{"href":"https:\/\/hivaz.org\/es\/wp-json\/wp\/v2\/pages"}],"about":[{"href":"https:\/\/hivaz.org\/es\/wp-json\/wp\/v2\/types\/page"}],"author":[{"embeddable":true,"href":"https:\/\/hivaz.org\/es\/wp-json\/wp\/v2\/users\/16"}],"replies":[{"embeddable":true,"href":"https:\/\/hivaz.org\/es\/wp-json\/wp\/v2\/comments?post=232994"}],"version-history":[{"count":5,"href":"https:\/\/hivaz.org\/es\/wp-json\/wp\/v2\/pages\/232994\/revisions"}],"predecessor-version":[{"id":233001,"href":"https:\/\/hivaz.org\/es\/wp-json\/wp\/v2\/pages\/232994\/revisions\/233001"}],"wp:attachment":[{"href":"https:\/\/hivaz.org\/es\/wp-json\/wp\/v2\/media?parent=232994"}],"curies":[{"name":"wp","href":"https:\/\/api.w.org\/{rel}","templated":true}]}}