{"id":3,"date":"2020-12-18T23:32:57","date_gmt":"2020-12-18T23:32:57","guid":{"rendered":"https:\/\/hivaz.wpengine.com\/?page_id=3"},"modified":"2020-12-30T00:05:28","modified_gmt":"2020-12-30T07:05:28","slug":"privacy-policy","status":"publish","type":"page","link":"https:\/\/hivaz.org\/es\/privacy-policy\/","title":{"rendered":"Pol\u00edtica de privacidad"},"content":{"rendered":"<p><\/p>\n\n\n\n<p class=\"has-text-align-right\"><em>\u00daltima revisi\u00f3n 29\/12\/2020<\/em><\/p>\n\n\n\n<h2 class=\"wp-block-heading\">Quienes somos<\/h2>\n\n\n\n<p>Este sitio es propiedad y est\u00e1 operado por la Fundaci\u00f3n de la t\u00eda Rita. La direcci\u00f3n del sitio web es: https:\/\/hivaz.wpengine.com<\/p>\n\n\n\n<h2 class=\"wp-block-heading\">Qu\u00e9 datos personales recopilamos y por qu\u00e9 los recopilamos<\/h2>\n\n\n\n<h3 class=\"wp-block-heading\">Datos de localizaci\u00f3n<\/h3>\n\n\n\n<p>No almacenamos ning\u00fan dato de ubicaci\u00f3n que nos proporcione en nuestros servidores. Los datos se nos transmiten en cookies para cada solicitud de su navegador. No se archiva en el servidor de ninguna manera.<\/p>\n\n\n\n<h3 class=\"wp-block-heading\">Galletas<\/h3>\n\n\n\n<p>Para los visitantes habituales, las \u00fanicas cookies que almacenamos son su ubicaci\u00f3n actual, si nos la proporciona. Estas cookies se descartan cuando cierra su navegador. <\/p>\n\n\n\n<p>Si intenta iniciar sesi\u00f3n, se crear\u00e1n cookies adicionales. Los visitantes habituales no requieren iniciar sesi\u00f3n en ning\u00fan momento para acceder al sitio web.<\/p>\n\n\n\n<h3 class=\"wp-block-heading\">Contenido incrustado de otros sitios web<\/h3>\n\n\n\n<p>Las p\u00e1ginas de este sitio pueden incluir contenido incrustado (por ejemplo, videos, im\u00e1genes, art\u00edculos, etc.). El contenido incrustado de otros sitios web se comporta exactamente de la misma manera que si el visitante hubiera visitado el otro sitio web.<\/p>\n\n\n\n<p>Estos sitios web pueden recopilar datos sobre usted, usar cookies, incrustar un seguimiento adicional de terceros y monitorear su interacci\u00f3n con ese contenido incrustado, incluido el seguimiento de su interacci\u00f3n con el contenido incrustado si tiene una cuenta y ha iniciado sesi\u00f3n en ese sitio web.<\/p>\n\n\n\n<h3 class=\"wp-block-heading\">Anal\u00edtica <\/h3>\n\n\n\n<p>Nuestro sitio web utiliza Google Analytics, un servicio que transmite datos de tr\u00e1fico del sitio web a los servidores de Google en los Estados Unidos. Google Analytics no identifica a los usuarios individuales ni asocia su direcci\u00f3n IP con ning\u00fan otro dato del que disponga Google. Utilizamos informes proporcionados por Google Analytics para ayudarnos a comprender el tr\u00e1fico del sitio web y el uso de la p\u00e1gina web. Puede optar por no participar en Google Analytics si deshabilita o rechaza la cookie, deshabilita JavaScript o <a href=\"https:\/\/tools.google.com\/dlpage\/gaoptout\">utilizar el servicio de exclusi\u00f3n proporcionado por Google<\/a>.<\/p>\n\n\n\n<p>Al utilizar este sitio web, usted acepta el procesamiento de datos sobre usted por parte de Google en la forma descrita en <a href=\"https:\/\/policies.google.com\/privacy\">Pol\u00edtica de privacidad de Google <\/a>y para los fines establecidos anteriormente.<\/p>\n\n\n\n<h2 class=\"wp-block-heading\">Con qui\u00e9n compartimos sus datos<\/h2>\n\n\n\n<p>No recopilamos datos en el sitio web que no sean datos de visitantes an\u00f3nimos (direcci\u00f3n IP, etc.) proporcionados por su navegador. Si solicita un producto, se le transfiere a otro sitio web que recopilar\u00e1 la informaci\u00f3n necesaria para cumplir con su pedido. Si se comunica con nosotros por correo electr\u00f3nico o por tel\u00e9fono, esa informaci\u00f3n se conservar\u00e1 en otro lugar durante un per\u00edodo para cumplir con su solicitud.<\/p>\n\n\n\n<h2 class=\"wp-block-heading\">Cu\u00e1nto tiempo conservamos sus datos<\/h2>\n\n\n\n<p>No recopilamos datos personales en este sitio web. Los registros de nuestro servidor se conservan de 2 a 6 meses y luego se descartan.<\/p>\n\n\n\n<h2 class=\"wp-block-heading\">Qu\u00e9 derechos tienes sobre tus datos<\/h2>\n\n\n\n<p>Puede solicitar que eliminemos cualquier dato personal que tengamos sobre usted. Esto no incluye ning\u00fan dato que estemos obligados a conservar con fines administrativos, legales o de seguridad.<\/p>\n\n\n\n<h2 class=\"wp-block-heading\">Informaci\u00f3n adicional<\/h2>\n\n\n\n<h3 class=\"wp-block-heading\">Seguridad<\/h3>\n\n\n\n<p>Utilizamos servidores protegidos por cortafuegos est\u00e1ndar de la industria y sistemas de protecci\u00f3n con contrase\u00f1a. Nuestras pol\u00edticas de seguridad y privacidad se revisan y mejoran peri\u00f3dicamente seg\u00fan sea necesario y solo las personas autorizadas tienen acceso a la informaci\u00f3n proporcionada por nuestros visitantes. El alojamiento es proporcionado por <a href=\"https:\/\/www.lodesys.com\/about-us\/privacy-policy\/\">Sistemas de piedra im\u00e1n <\/a>utilizando servidores de <a href=\"https:\/\/www.namehero.com\/legal\/privacy-policy\">H\u00e9roe de nombre<\/a>.<\/p>\n\n\n\n<h3 class=\"wp-block-heading\">Tu consentimiento<\/h3>\n\n\n\n<p>Al usar este sitio, usted da su consentimiento para que recopilemos y usemos la informaci\u00f3n que nos proporciona. Si decidimos cambiar nuestra pol\u00edtica de privacidad, publicaremos esos cambios en esta p\u00e1gina, junto con la fecha en que se actualiz\u00f3 por \u00faltima vez nuestra pol\u00edtica de privacidad, para que siempre sepa qu\u00e9 informaci\u00f3n recopilamos, c\u00f3mo la usamos y en qu\u00e9 circunstancias. lo divulgamos.<\/p>\n\n\n\n<h3 class=\"wp-block-heading\">Informaci\u00f3n del contacto<\/h3>\n\n\n\n<p>Puede encontrar nuestra informaci\u00f3n de contacto actual en <a href=\"https:\/\/www.auntritas.org\/contact\">https:\/\/www.auntritas.org\/contact<\/a><\/p>","protected":false},"excerpt":{"rendered":"<p>\u00daltima revisi\u00f3n 29\/12\/2020 Qui\u00e9nes somos Este sitio es propiedad y est\u00e1 operado por Aunt Rita&#039;s Foundation. La direcci\u00f3n del sitio web es: https:\/\/hivaz.wpengine.com Qu\u00e9 datos personales recopilamos y por qu\u00e9 recopilamos [\u2026]<\/p>","protected":false},"author":13,"featured_media":0,"parent":0,"menu_order":0,"comment_status":"closed","ping_status":"open","template":"","meta":{"_et_pb_use_builder":"","_et_pb_old_content":"","_et_gb_content_width":"","footnotes":""},"class_list":["post-3","page","type-page","status-publish","hentry"],"yoast_head":"<!-- This site is optimized with the Yoast SEO plugin v26.1.1 - https:\/\/yoast.com\/wordpress\/plugins\/seo\/ -->\n<title>Privacy Policy - HIV prevention, care, and resources throughout Arizona. Developed and maintained by Aunt Rita\u2019s Foundation, HIVAZ is dedicated to providing accurate, thorough information to Arizona residents.<\/title>\n<meta name=\"robots\" content=\"index, follow, max-snippet:-1, max-image-preview:large, max-video-preview:-1\" \/>\n<link rel=\"canonical\" href=\"https:\/\/hivaz.org\/es\/privacy-policy\/\" \/>\n<meta property=\"og:locale\" content=\"es_MX\" \/>\n<meta property=\"og:type\" content=\"article\" \/>\n<meta property=\"og:title\" content=\"Privacy Policy - HIV prevention, care, and resources throughout Arizona. Developed and maintained by Aunt Rita\u2019s Foundation, HIVAZ is dedicated to providing accurate, thorough information to Arizona residents.\" \/>\n<meta property=\"og:description\" content=\"Last revised 12\/29\/2020 Who we are This site is owned and operated by Aunt Rita&#8217;s Foundation. The website address is: https:\/\/hivaz.wpengine.com What personal data we collect and why we collect [&hellip;]\" \/>\n<meta property=\"og:url\" content=\"https:\/\/hivaz.org\/es\/privacy-policy\/\" \/>\n<meta property=\"og:site_name\" content=\"HIV prevention, care, and resources throughout Arizona. Developed and maintained by Aunt Rita\u2019s Foundation, HIVAZ is dedicated to providing accurate, thorough information to Arizona residents.\" \/>\n<meta property=\"article:publisher\" content=\"https:\/\/www.facebook.com\/AuntRitasFoundation1\" \/>\n<meta property=\"article:modified_time\" content=\"2020-12-30T07:05:28+00:00\" \/>\n<meta name=\"twitter:card\" content=\"summary_large_image\" \/>\n<meta name=\"twitter:site\" content=\"@auntritas\" \/>\n<script type=\"application\/ld+json\" class=\"yoast-schema-graph\">{\"@context\":\"https:\/\/schema.org\",\"@graph\":[{\"@type\":\"WebPage\",\"@id\":\"https:\/\/hivaz.org\/privacy-policy\/\",\"url\":\"https:\/\/hivaz.org\/privacy-policy\/\",\"name\":\"Privacy Policy - HIV prevention, care, and resources throughout Arizona. Developed and maintained by Aunt Rita\u2019s Foundation, HIVAZ is dedicated to providing accurate, thorough information to Arizona residents.\",\"isPartOf\":{\"@id\":\"https:\/\/hivaz.org\/#website\"},\"datePublished\":\"2020-12-18T23:32:57+00:00\",\"dateModified\":\"2020-12-30T07:05:28+00:00\",\"breadcrumb\":{\"@id\":\"https:\/\/hivaz.org\/privacy-policy\/#breadcrumb\"},\"inLanguage\":\"es\",\"potentialAction\":[{\"@type\":\"ReadAction\",\"target\":[\"https:\/\/hivaz.org\/privacy-policy\/\"]}]},{\"@type\":\"BreadcrumbList\",\"@id\":\"https:\/\/hivaz.org\/privacy-policy\/#breadcrumb\",\"itemListElement\":[{\"@type\":\"ListItem\",\"position\":1,\"name\":\"Home\",\"item\":\"https:\/\/hivaz.org\/\"},{\"@type\":\"ListItem\",\"position\":2,\"name\":\"Privacy Policy\"}]},{\"@type\":\"WebSite\",\"@id\":\"https:\/\/hivaz.org\/#website\",\"url\":\"https:\/\/hivaz.org\/\",\"name\":\"HIV prevention, care, and resources throughout Arizona. Developed and maintained by Aunt Rita\u2019s Foundation, HIVAZ is dedicated to providing accurate, thorough information to Arizona residents.\",\"description\":\"Everyone, regardless of HIV status, is deserving of empathetic, competent care and education without prejudice or stigma.\",\"publisher\":{\"@id\":\"https:\/\/hivaz.org\/#organization\"},\"potentialAction\":[{\"@type\":\"SearchAction\",\"target\":{\"@type\":\"EntryPoint\",\"urlTemplate\":\"https:\/\/hivaz.org\/?s={search_term_string}\"},\"query-input\":{\"@type\":\"PropertyValueSpecification\",\"valueRequired\":true,\"valueName\":\"search_term_string\"}}],\"inLanguage\":\"es\"},{\"@type\":\"Organization\",\"@id\":\"https:\/\/hivaz.org\/#organization\",\"name\":\"Aunt Rita's Foundation\",\"url\":\"https:\/\/hivaz.org\/\",\"logo\":{\"@type\":\"ImageObject\",\"inLanguage\":\"es\",\"@id\":\"https:\/\/hivaz.org\/#\/schema\/logo\/image\/\",\"url\":\"https:\/\/hivaz.org\/wp-content\/uploads\/2022\/05\/Aunt-Ritas-Foundation-Logo-Tagline-01-300x202-1.png\",\"contentUrl\":\"https:\/\/hivaz.org\/wp-content\/uploads\/2022\/05\/Aunt-Ritas-Foundation-Logo-Tagline-01-300x202-1.png\",\"width\":300,\"height\":202,\"caption\":\"Aunt Rita's Foundation\"},\"image\":{\"@id\":\"https:\/\/hivaz.org\/#\/schema\/logo\/image\/\"},\"sameAs\":[\"https:\/\/www.facebook.com\/AuntRitasFoundation1\",\"https:\/\/x.com\/auntritas\"]}]}<\/script>\n<!-- \/ Yoast SEO plugin. -->","yoast_head_json":{"title":"Privacy Policy - HIV prevention, care, and resources throughout Arizona. Developed and maintained by Aunt Rita\u2019s Foundation, HIVAZ is dedicated to providing accurate, thorough information to Arizona residents.","robots":{"index":"index","follow":"follow","max-snippet":"max-snippet:-1","max-image-preview":"max-image-preview:large","max-video-preview":"max-video-preview:-1"},"canonical":"https:\/\/hivaz.org\/es\/privacy-policy\/","og_locale":"es_MX","og_type":"article","og_title":"Privacy Policy - HIV prevention, care, and resources throughout Arizona. Developed and maintained by Aunt Rita\u2019s Foundation, HIVAZ is dedicated to providing accurate, thorough information to Arizona residents.","og_description":"Last revised 12\/29\/2020 Who we are This site is owned and operated by Aunt Rita&#8217;s Foundation. The website address is: https:\/\/hivaz.wpengine.com What personal data we collect and why we collect [&hellip;]","og_url":"https:\/\/hivaz.org\/es\/privacy-policy\/","og_site_name":"HIV prevention, care, and resources throughout Arizona. Developed and maintained by Aunt Rita\u2019s Foundation, HIVAZ is dedicated to providing accurate, thorough information to Arizona residents.","article_publisher":"https:\/\/www.facebook.com\/AuntRitasFoundation1","article_modified_time":"2020-12-30T07:05:28+00:00","twitter_card":"summary_large_image","twitter_site":"@auntritas","schema":{"@context":"https:\/\/schema.org","@graph":[{"@type":"WebPage","@id":"https:\/\/hivaz.org\/privacy-policy\/","url":"https:\/\/hivaz.org\/privacy-policy\/","name":"Privacy Policy - HIV prevention, care, and resources throughout Arizona. Developed and maintained by Aunt Rita\u2019s Foundation, HIVAZ is dedicated to providing accurate, thorough information to Arizona residents.","isPartOf":{"@id":"https:\/\/hivaz.org\/#website"},"datePublished":"2020-12-18T23:32:57+00:00","dateModified":"2020-12-30T07:05:28+00:00","breadcrumb":{"@id":"https:\/\/hivaz.org\/privacy-policy\/#breadcrumb"},"inLanguage":"es","potentialAction":[{"@type":"ReadAction","target":["https:\/\/hivaz.org\/privacy-policy\/"]}]},{"@type":"BreadcrumbList","@id":"https:\/\/hivaz.org\/privacy-policy\/#breadcrumb","itemListElement":[{"@type":"ListItem","position":1,"name":"Home","item":"https:\/\/hivaz.org\/"},{"@type":"ListItem","position":2,"name":"Privacy Policy"}]},{"@type":"WebSite","@id":"https:\/\/hivaz.org\/#website","url":"https:\/\/hivaz.org\/","name":"Prevenci\u00f3n, atenci\u00f3n y recursos del VIH en todo Arizona. Desarrollado y mantenido por la Fundaci\u00f3n Aunt Rita, HIVAZ se dedica a brindar informaci\u00f3n precisa y completa a los residentes de Arizona.","description":"Todas las personas, independientemente de su estado serol\u00f3gico respecto del VIH, merecen atenci\u00f3n y educaci\u00f3n emp\u00e1ticas y competentes sin prejuicios ni estigmas.","publisher":{"@id":"https:\/\/hivaz.org\/#organization"},"potentialAction":[{"@type":"SearchAction","target":{"@type":"EntryPoint","urlTemplate":"https:\/\/hivaz.org\/?s={search_term_string}"},"query-input":{"@type":"PropertyValueSpecification","valueRequired":true,"valueName":"search_term_string"}}],"inLanguage":"es"},{"@type":"Organization","@id":"https:\/\/hivaz.org\/#organization","name":"Fundaci\u00f3n de la t\u00eda Rita","url":"https:\/\/hivaz.org\/","logo":{"@type":"ImageObject","inLanguage":"es","@id":"https:\/\/hivaz.org\/#\/schema\/logo\/image\/","url":"https:\/\/hivaz.org\/wp-content\/uploads\/2022\/05\/Aunt-Ritas-Foundation-Logo-Tagline-01-300x202-1.png","contentUrl":"https:\/\/hivaz.org\/wp-content\/uploads\/2022\/05\/Aunt-Ritas-Foundation-Logo-Tagline-01-300x202-1.png","width":300,"height":202,"caption":"Aunt Rita's Foundation"},"image":{"@id":"https:\/\/hivaz.org\/#\/schema\/logo\/image\/"},"sameAs":["https:\/\/www.facebook.com\/AuntRitasFoundation1","https:\/\/x.com\/auntritas"]}]}},"_links":{"self":[{"href":"https:\/\/hivaz.org\/es\/wp-json\/wp\/v2\/pages\/3","targetHints":{"allow":["GET"]}}],"collection":[{"href":"https:\/\/hivaz.org\/es\/wp-json\/wp\/v2\/pages"}],"about":[{"href":"https:\/\/hivaz.org\/es\/wp-json\/wp\/v2\/types\/page"}],"author":[{"embeddable":true,"href":"https:\/\/hivaz.org\/es\/wp-json\/wp\/v2\/users\/13"}],"replies":[{"embeddable":true,"href":"https:\/\/hivaz.org\/es\/wp-json\/wp\/v2\/comments?post=3"}],"version-history":[{"count":0,"href":"https:\/\/hivaz.org\/es\/wp-json\/wp\/v2\/pages\/3\/revisions"}],"wp:attachment":[{"href":"https:\/\/hivaz.org\/es\/wp-json\/wp\/v2\/media?parent=3"}],"curies":[{"name":"wp","href":"https:\/\/api.w.org\/{rel}","templated":true}]}}