{"id":344,"date":"2020-12-28T11:13:21","date_gmt":"2020-12-28T18:13:21","guid":{"rendered":"https:\/\/hivaz.wpengine.com\/?page_id=344"},"modified":"2020-12-28T12:03:47","modified_gmt":"2020-12-28T19:03:47","slug":"financial-assistance","status":"publish","type":"page","link":"https:\/\/hivaz.org\/es\/hiv-positive\/financial-assistance\/","title":{"rendered":"Asistencia financiera"},"content":{"rendered":"<h2 class=\"wp-block-heading\">\u00bfMiedo a los costos? No seas.<\/h2>\n\n\n\n<p>Si es VIH positivo, los programas Ryan White ofrecen evaluaciones de elegibilidad gratuitas para una variedad de programas de asistencia. Tambi\u00e9n brindan referencias a AHCCCS (programa de Medicaid de Arizona), Servicio de Salud Ind\u00edgena, Administraci\u00f3n del Seguro Social, Administraci\u00f3n de Veteranos y otros.<\/p>\n\n\n\n<p>Si cree que gana demasiado dinero para calificar para la asistencia, pero no gana lo suficiente para pagar la atenci\u00f3n m\u00e9dica por su cuenta, a\u00fan debe presentar una solicitud. Hay programas dise\u00f1ados para ayudar a las personas con una amplia gama de niveles de ingresos y necesidades.<\/p>\n\n\n\n<h3 class=\"wp-block-heading\">Ayuda para obtener atenci\u00f3n<\/h3>\n\n\n\n<p>Hay personas aqu\u00ed para usted: personas atentas y afectuosas que est\u00e1n capacitadas para guiarlo hacia la atenci\u00f3n m\u00e9dica y los servicios de apoyo. Entienden c\u00f3mo te sientes y realmente quieren que tengas la mejor experiencia posible.<\/p>\n\n\n\n<p>Para comenzar su inscripci\u00f3n, llame a la oficina de elegibilidad de su \u00e1rea para programar un horario para reunirse con un especialista en elegibilidad. Si lo prefiere, el personal puede hacer arreglos para reunirse con usted en su casa o en otro lugar.<\/p>\n\n\n\n<ul class=\"wp-block-list\"><li><strong>Ryan White Parte A Central Elegibilidad<\/strong> \u2013 <a href=\"tel:602-212-3788\">(602) 212-3788<\/a><br>Sirviendo a los condados de Maricopa y Pinal (incluyendo el \u00e1rea metropolitana de Phoenix y Casa Grande).<\/li><li><strong>Programa de asistencia para medicamentos contra el SIDA Ryan White Parte B (ADAP)<\/strong> \u2013 <a href=\"tel:602-364-3610\">(602) 364-3610<\/a> o <a href=\"tel:800-334-1540\">(800) 334-1540<\/a><br>Sirviendo a todos los dem\u00e1s condados en Arizona<\/li><\/ul>\n\n\n\n<h3 class=\"wp-block-heading\">Determinar su elegibilidad<\/h3>\n\n\n\n<p>Los programas de asistencia suelen determinar la elegibilidad en funci\u00f3n de los ingresos. Algunos programas tienen otras pautas de elegibilidad. Antes de solicitar cualquier programa, es \u00fatil recopilar los siguientes tipos de documentos y tenerlos disponibles para su revisi\u00f3n durante su cita de elegibilidad.<\/p>\n\n\n\n<ul class=\"wp-block-list\"><li>Prueba de su estado de VIH positivo, como su \u00faltimo informe de laboratorio o los resultados de su prueba de VIH. Su m\u00e9dico puede proporcionarle copias de estos documentos.<\/li><li>Prueba de residencia en Arizona, como un contrato de arrendamiento actual o una factura de servicios p\u00fablicos a su nombre, su licencia de conducir de Arizona o tarjeta de identificaci\u00f3n estatal, etc.<\/li><li>Comprobante de sus ingresos actuales, como talones de cheques de pago de un mes, su declaraci\u00f3n de impuestos m\u00e1s reciente, una declaraci\u00f3n de beneficios del Seguro Social, etc. Si no tiene ingresos, algunos programas le pedir\u00e1n que firme un formulario que lo indique.<\/li><li>Para recibir asistencia con la prima del seguro o el copago, deber\u00e1 proporcionar un comprobante de su seguro, como su AHCCCS, Medicare o tarjeta de seguro privado.<\/li><\/ul>\n\n\n\n<h3 class=\"wp-block-heading\">\u00bfNecesita asistencia de seguro?<\/h3>\n\n\n\n<p>La burocracia de los seguros puede complicarse. Es por eso que hay especialistas en inscripci\u00f3n para ayudarlo a solicitar programas de asistencia financiera relacionados con primas de seguro m\u00e9dico, copagos\/deducibles y primas de COBRA.<\/p>","protected":false},"excerpt":{"rendered":"<p>\u00bfMiedo a los costos? No seas. Si es VIH positivo, los programas Ryan White ofrecen evaluaciones de elegibilidad gratuitas para una variedad de programas de asistencia. Tambi\u00e9n brindan referencias a AHCCCS (Arizona&#039;s [\u2026]<\/p>","protected":false},"author":13,"featured_media":0,"parent":332,"menu_order":0,"comment_status":"closed","ping_status":"closed","template":"","meta":{"_et_pb_use_builder":"","_et_pb_old_content":"","_et_gb_content_width":"","footnotes":""},"class_list":["post-344","page","type-page","status-publish","hentry"],"yoast_head":"<!-- This site is optimized with the Yoast SEO plugin v26.1.1 - https:\/\/yoast.com\/wordpress\/plugins\/seo\/ -->\n<title>Financial Assistance - HIV prevention, care, and resources throughout Arizona. Developed and maintained by Aunt Rita\u2019s Foundation, HIVAZ is dedicated to providing accurate, thorough information to Arizona residents.<\/title>\n<meta name=\"robots\" content=\"index, follow, max-snippet:-1, max-image-preview:large, max-video-preview:-1\" \/>\n<link rel=\"canonical\" href=\"https:\/\/hivaz.org\/es\/hiv-positive\/financial-assistance\/\" \/>\n<meta property=\"og:locale\" content=\"es_MX\" \/>\n<meta property=\"og:type\" content=\"article\" \/>\n<meta property=\"og:title\" content=\"Financial Assistance - HIV prevention, care, and resources throughout Arizona. Developed and maintained by Aunt Rita\u2019s Foundation, HIVAZ is dedicated to providing accurate, thorough information to Arizona residents.\" \/>\n<meta property=\"og:description\" content=\"Afraid of Costs? Don\u2019t Be. If you are HIV positive, Ryan White programs offer free eligibility screenings for a variety of assistance programs. They also provide referrals to AHCCCS (Arizona\u2019s [&hellip;]\" \/>\n<meta property=\"og:url\" content=\"https:\/\/hivaz.org\/es\/hiv-positive\/financial-assistance\/\" \/>\n<meta property=\"og:site_name\" content=\"HIV prevention, care, and resources throughout Arizona. Developed and maintained by Aunt Rita\u2019s Foundation, HIVAZ is dedicated to providing accurate, thorough information to Arizona residents.\" \/>\n<meta property=\"article:publisher\" content=\"https:\/\/www.facebook.com\/AuntRitasFoundation1\" \/>\n<meta property=\"article:modified_time\" content=\"2020-12-28T19:03:47+00:00\" \/>\n<meta name=\"twitter:card\" content=\"summary_large_image\" \/>\n<meta name=\"twitter:site\" content=\"@auntritas\" \/>\n<script type=\"application\/ld+json\" class=\"yoast-schema-graph\">{\"@context\":\"https:\/\/schema.org\",\"@graph\":[{\"@type\":\"WebPage\",\"@id\":\"https:\/\/hivaz.org\/hiv-positive\/financial-assistance\/\",\"url\":\"https:\/\/hivaz.org\/hiv-positive\/financial-assistance\/\",\"name\":\"Financial Assistance - HIV prevention, care, and resources throughout Arizona. Developed and maintained by Aunt Rita\u2019s Foundation, HIVAZ is dedicated to providing accurate, thorough information to Arizona residents.\",\"isPartOf\":{\"@id\":\"https:\/\/hivaz.org\/#website\"},\"datePublished\":\"2020-12-28T18:13:21+00:00\",\"dateModified\":\"2020-12-28T19:03:47+00:00\",\"breadcrumb\":{\"@id\":\"https:\/\/hivaz.org\/hiv-positive\/financial-assistance\/#breadcrumb\"},\"inLanguage\":\"es\",\"potentialAction\":[{\"@type\":\"ReadAction\",\"target\":[\"https:\/\/hivaz.org\/hiv-positive\/financial-assistance\/\"]}]},{\"@type\":\"BreadcrumbList\",\"@id\":\"https:\/\/hivaz.org\/hiv-positive\/financial-assistance\/#breadcrumb\",\"itemListElement\":[{\"@type\":\"ListItem\",\"position\":1,\"name\":\"Home\",\"item\":\"https:\/\/hivaz.org\/\"},{\"@type\":\"ListItem\",\"position\":2,\"name\":\"HIV Positive\",\"item\":\"https:\/\/hivaz.org\/hiv-positive\/\"},{\"@type\":\"ListItem\",\"position\":3,\"name\":\"Financial Assistance\"}]},{\"@type\":\"WebSite\",\"@id\":\"https:\/\/hivaz.org\/#website\",\"url\":\"https:\/\/hivaz.org\/\",\"name\":\"HIV prevention, care, and resources throughout Arizona. Developed and maintained by Aunt Rita\u2019s Foundation, HIVAZ is dedicated to providing accurate, thorough information to Arizona residents.\",\"description\":\"Everyone, regardless of HIV status, is deserving of empathetic, competent care and education without prejudice or stigma.\",\"publisher\":{\"@id\":\"https:\/\/hivaz.org\/#organization\"},\"potentialAction\":[{\"@type\":\"SearchAction\",\"target\":{\"@type\":\"EntryPoint\",\"urlTemplate\":\"https:\/\/hivaz.org\/?s={search_term_string}\"},\"query-input\":{\"@type\":\"PropertyValueSpecification\",\"valueRequired\":true,\"valueName\":\"search_term_string\"}}],\"inLanguage\":\"es\"},{\"@type\":\"Organization\",\"@id\":\"https:\/\/hivaz.org\/#organization\",\"name\":\"Aunt Rita's Foundation\",\"url\":\"https:\/\/hivaz.org\/\",\"logo\":{\"@type\":\"ImageObject\",\"inLanguage\":\"es\",\"@id\":\"https:\/\/hivaz.org\/#\/schema\/logo\/image\/\",\"url\":\"https:\/\/hivaz.org\/wp-content\/uploads\/2022\/05\/Aunt-Ritas-Foundation-Logo-Tagline-01-300x202-1.png\",\"contentUrl\":\"https:\/\/hivaz.org\/wp-content\/uploads\/2022\/05\/Aunt-Ritas-Foundation-Logo-Tagline-01-300x202-1.png\",\"width\":300,\"height\":202,\"caption\":\"Aunt Rita's Foundation\"},\"image\":{\"@id\":\"https:\/\/hivaz.org\/#\/schema\/logo\/image\/\"},\"sameAs\":[\"https:\/\/www.facebook.com\/AuntRitasFoundation1\",\"https:\/\/x.com\/auntritas\"]}]}<\/script>\n<!-- \/ Yoast SEO plugin. -->","yoast_head_json":{"title":"Asistencia financiera: prevenci\u00f3n, atenci\u00f3n y recursos para el VIH en todo Arizona. Desarrollada y mantenida por la Fundaci\u00f3n T\u00eda Rita, HIVAZ se dedica a proporcionar informaci\u00f3n precisa y completa a los residentes de Arizona.","robots":{"index":"index","follow":"follow","max-snippet":"max-snippet:-1","max-image-preview":"max-image-preview:large","max-video-preview":"max-video-preview:-1"},"canonical":"https:\/\/hivaz.org\/es\/hiv-positive\/financial-assistance\/","og_locale":"es_MX","og_type":"article","og_title":"Financial Assistance - HIV prevention, care, and resources throughout Arizona. Developed and maintained by Aunt Rita\u2019s Foundation, HIVAZ is dedicated to providing accurate, thorough information to Arizona residents.","og_description":"Afraid of Costs? Don\u2019t Be. If you are HIV positive, Ryan White programs offer free eligibility screenings for a variety of assistance programs. They also provide referrals to AHCCCS (Arizona\u2019s [&hellip;]","og_url":"https:\/\/hivaz.org\/es\/hiv-positive\/financial-assistance\/","og_site_name":"HIV prevention, care, and resources throughout Arizona. Developed and maintained by Aunt Rita\u2019s Foundation, HIVAZ is dedicated to providing accurate, thorough information to Arizona residents.","article_publisher":"https:\/\/www.facebook.com\/AuntRitasFoundation1","article_modified_time":"2020-12-28T19:03:47+00:00","twitter_card":"summary_large_image","twitter_site":"@auntritas","schema":{"@context":"https:\/\/schema.org","@graph":[{"@type":"WebPage","@id":"https:\/\/hivaz.org\/hiv-positive\/financial-assistance\/","url":"https:\/\/hivaz.org\/hiv-positive\/financial-assistance\/","name":"Asistencia financiera: prevenci\u00f3n, atenci\u00f3n y recursos para el VIH en todo Arizona. Desarrollada y mantenida por la Fundaci\u00f3n T\u00eda Rita, HIVAZ se dedica a proporcionar informaci\u00f3n precisa y completa a los residentes de Arizona.","isPartOf":{"@id":"https:\/\/hivaz.org\/#website"},"datePublished":"2020-12-28T18:13:21+00:00","dateModified":"2020-12-28T19:03:47+00:00","breadcrumb":{"@id":"https:\/\/hivaz.org\/hiv-positive\/financial-assistance\/#breadcrumb"},"inLanguage":"es","potentialAction":[{"@type":"ReadAction","target":["https:\/\/hivaz.org\/hiv-positive\/financial-assistance\/"]}]},{"@type":"BreadcrumbList","@id":"https:\/\/hivaz.org\/hiv-positive\/financial-assistance\/#breadcrumb","itemListElement":[{"@type":"ListItem","position":1,"name":"Home","item":"https:\/\/hivaz.org\/"},{"@type":"ListItem","position":2,"name":"HIV Positive","item":"https:\/\/hivaz.org\/hiv-positive\/"},{"@type":"ListItem","position":3,"name":"Financial Assistance"}]},{"@type":"WebSite","@id":"https:\/\/hivaz.org\/#website","url":"https:\/\/hivaz.org\/","name":"Prevenci\u00f3n, atenci\u00f3n y recursos del VIH en todo Arizona. Desarrollado y mantenido por la Fundaci\u00f3n Aunt Rita, HIVAZ se dedica a brindar informaci\u00f3n precisa y completa a los residentes de Arizona.","description":"Todas las personas, independientemente de su estado serol\u00f3gico respecto del VIH, merecen atenci\u00f3n y educaci\u00f3n emp\u00e1ticas y competentes sin prejuicios ni estigmas.","publisher":{"@id":"https:\/\/hivaz.org\/#organization"},"potentialAction":[{"@type":"SearchAction","target":{"@type":"EntryPoint","urlTemplate":"https:\/\/hivaz.org\/?s={search_term_string}"},"query-input":{"@type":"PropertyValueSpecification","valueRequired":true,"valueName":"search_term_string"}}],"inLanguage":"es"},{"@type":"Organization","@id":"https:\/\/hivaz.org\/#organization","name":"Fundaci\u00f3n de la t\u00eda Rita","url":"https:\/\/hivaz.org\/","logo":{"@type":"ImageObject","inLanguage":"es","@id":"https:\/\/hivaz.org\/#\/schema\/logo\/image\/","url":"https:\/\/hivaz.org\/wp-content\/uploads\/2022\/05\/Aunt-Ritas-Foundation-Logo-Tagline-01-300x202-1.png","contentUrl":"https:\/\/hivaz.org\/wp-content\/uploads\/2022\/05\/Aunt-Ritas-Foundation-Logo-Tagline-01-300x202-1.png","width":300,"height":202,"caption":"Aunt Rita's Foundation"},"image":{"@id":"https:\/\/hivaz.org\/#\/schema\/logo\/image\/"},"sameAs":["https:\/\/www.facebook.com\/AuntRitasFoundation1","https:\/\/x.com\/auntritas"]}]}},"_links":{"self":[{"href":"https:\/\/hivaz.org\/es\/wp-json\/wp\/v2\/pages\/344","targetHints":{"allow":["GET"]}}],"collection":[{"href":"https:\/\/hivaz.org\/es\/wp-json\/wp\/v2\/pages"}],"about":[{"href":"https:\/\/hivaz.org\/es\/wp-json\/wp\/v2\/types\/page"}],"author":[{"embeddable":true,"href":"https:\/\/hivaz.org\/es\/wp-json\/wp\/v2\/users\/13"}],"replies":[{"embeddable":true,"href":"https:\/\/hivaz.org\/es\/wp-json\/wp\/v2\/comments?post=344"}],"version-history":[{"count":0,"href":"https:\/\/hivaz.org\/es\/wp-json\/wp\/v2\/pages\/344\/revisions"}],"up":[{"embeddable":true,"href":"https:\/\/hivaz.org\/es\/wp-json\/wp\/v2\/pages\/332"}],"wp:attachment":[{"href":"https:\/\/hivaz.org\/es\/wp-json\/wp\/v2\/media?parent=344"}],"curies":[{"name":"wp","href":"https:\/\/api.w.org\/{rel}","templated":true}]}}