{"id":362,"date":"2020-12-28T12:01:56","date_gmt":"2020-12-28T19:01:56","guid":{"rendered":"https:\/\/hivaz.wpengine.com\/?page_id=362"},"modified":"2024-11-08T16:33:13","modified_gmt":"2024-11-08T23:33:13","slug":"pep","status":"publish","type":"page","link":"https:\/\/hivaz.org\/es\/hiv-testing-and-prevention\/pep\/","title":{"rendered":"PEP \u2013 Prevenci\u00f3n del VIH del d\u00eda despu\u00e9s"},"content":{"rendered":"<p>[et_pb_section fb_built=\u201d1\u2033 fullwidth=\u201don\u201d admin_label=\u201dEncabezado de secci\u00f3n de ancho completo\u201d _builder_version=\u201d4.16\u2033 _module_preset=\u201ddefault\u201d background_color_gradient_start=\u201drgba(255,255,255,0.66)\u201d background_color_gradient_end=\u201drgba(255,255,255,0.81)\u201d background_image=\u201dhttps:\/\/hivaz.org\/wp-content\/uploads\/2022\/03\/pep-hero.png\u201d background_position=\u201dtop_center\u201d min_height=\u201d600px\u201d min_height_tablet=\u201d600px\u201d min_height_phone=\u201d140px\u201d min_height_last_edited=\u201don|phone\u201d height_tablet=\u201d\u201d altura_tel\u00e9fono=\u201d\u201d altura_\u00faltima_edici\u00f3n=\u201dactivado|tel\u00e9fono\u201d relleno_personalizado=\u201d||||falso|falso\u201d color_fondo_tel\u00e9fono=\u201drgba(229,237,239,0.71)\u201d \u00faltima_edici\u00f3n_tel\u00e9fono=\u201dactivado|tel\u00e9fono\u201d habilitar_color_fondo_tel\u00e9fono=\u201dactivado\u201d usar_gradiente_color_fondo_tel\u00e9fono=\u201ddesactivado\u201d gradiente_color_fondo_tel\u00e9fono_detiene=\u201d#ffffff 0%|rgba(255,255,255,0.96) 100%\u201d gradiente_color_fondo_tel\u00e9fono_inicio=\u201d#ffffff\u201d gradiente_color_fondo_tel\u00e9fono_fin=\u201drgba(255,255,255,0.96)\u201d background_image_phone=\u201dhttps:\/\/hivaz.org\/wp-content\/uploads\/2022\/03\/pep-hero.png\u201d background_enable_image_phone=\u201don\u201d global_colors_info=\u201d{}\u201d][et_pb_fullwidth_header title=\u201dPEP\u201d subhead=\u201dPrevenci\u00f3n del VIH posterior a la exposici\u00f3n\u201d content_max_width=\u201d40%\u201d content_max_width_tablet=\u201d33%\u201d content_max_width_phone=\u201d100%\u201d content_max_width_last_edited=\u201don|desktop\u201d _builder_version=\u201d4.16\u2033 _module_preset=\u201ddefault\u201d title_level=\u201dh2\u2033 title_font=\u201dMontserrat|700|||||||\u201d color del texto del t\u00edtulo=\u201d#36bea8\u2033 tama\u00f1o de la fuente del t\u00edtulo=\u201d52px\u201d fuente del subt\u00edtulo=\u201dMontserrat|700|||||||\u201d Color del texto del subt\u00edtulo = \u201c#000000\u2033 Tama\u00f1o de la fuente del subt\u00edtulo = \u201c29px\u201d Altura de la l\u00ednea del subt\u00edtulo = \u201c1.2em\u201d Color del fondo = \u201cRGBA(255,255,255,0)\u201d Dise\u00f1o del fondo = \u201cclaro\u201d Altura m\u00ednima de la tableta = \u201c\u201d Altura m\u00ednima del tel\u00e9fono = \u201c\u201d Altura m\u00ednima de la \u00faltima edici\u00f3n = \u201cen el tel\u00e9fono\u201d Relleno personalizado = \u201c12%||12%||Falso|Falso\u201d Relleno personalizado de la tableta = \u201c||||Falso|Falso\u201d Relleno personalizado del tel\u00e9fono = \u201c||||Falso|Falso\u201d Relleno personalizado de la \u00faltima edici\u00f3n = \u201cen la tableta\u201d Tama\u00f1o de la fuente del t\u00edtulo de la tableta = \u201c31px\u201d Tama\u00f1o de la fuente del t\u00edtulo del tel\u00e9fono = \u201c24px\u201d Tama\u00f1o de la fuente del t\u00edtulo de la \u00faltima edici\u00f3n = \u201cen el tel\u00e9fono\u201d Tama\u00f1o de fuente del subt\u00edtulo tableta = 21 px. Tama\u00f1o de fuente del subt\u00edtulo tel\u00e9fono = 20 px. Tama\u00f1o de fuente del subt\u00edtulo \u00faltima edici\u00f3n = activado | tableta. \u00daltima edici\u00f3n del fondo = activado | tel\u00e9fono. Activaci\u00f3n del color del fondo tel\u00e9fono = desactivada. Uso del degradado de color de fondo tel\u00e9fono = activado. El degradado de color de fondo termina en el tel\u00e9fono = rgba (255, 255, 255, 0,85) 0% | rgba (255, 255, 255, 0,86) 100%. Inicio del degradado de color de fondo tel\u00e9fono = rgba (255, 255, 255, 0,85). Fin del degradado de color de fondo tel\u00e9fono = rgba (255, 255, 255, 0,86). Activaci\u00f3n de la imagen tel\u00e9fono = desactivada. Informaci\u00f3n global de colores = &quot;{}&quot;][\/et_pb_fullwidth_header][\/et_pb_section][et_pb_section fb_built = &quot;1&quot; etiqueta de administrador = &quot;Secci\u00f3n de contenido&quot; clase de m\u00f3dulo = &quot;.pa-parallax-background-image-size .et_parallax_bg&quot; versi\u00f3n del generador = &quot;4.16&quot; imagen de fondo = &quot;https:\/\/hivaz.org\/wp-content\/uploads\/2022\/03\/lower-page-dots.png&quot; tama\u00f1o de fondo = &quot;contain&quot; \u00faltima edici\u00f3n de fondo = &quot;on|tablet&quot; habilitar imagen de fondo en tableta = &quot;off&quot; habilitar imagen de fondo en tel\u00e9fono = &quot;off&quot; informaci\u00f3n global de colores = &quot;{}&quot; fondo__hover_enabled = &quot;on|desktop&quot;][et_pb_row estructura de columna = &quot;2_3,1_3&quot; use_custom_gutter=\u201don\u201d gutter_width=\u201d2\u2033 custom_padding_last_edited=\u201don|tablet\u201d admin_label=\u201dContent Row\u201d _builder_version=\u201d4.16\u2033 background_size=\u201dinitial\u201d background_position=\u201dtop_left\u201d background_repeat=\u201drepeat\u201d custom_padding_tablet=\u201d5px||||false|false\u201d custom_padding_phone=\u201d5px||||false|false\u201d global_colors_info=\u201d{}\u201d][et_pb_column type=\u201d2_3\u2033 _builder_version=\u201d4.16\u2033 custom_padding=\u201d|||\u201d Informaci\u00f3n global de colores = &quot;{}&quot; relleno personalizado__hover = &quot;|||&quot;][et_pb_text etiqueta_administradora = &quot;Texto de contenido&quot; _versi\u00f3n_compilador = &quot;4.27.2&quot; _ajuste_predeterminado_del_m\u00f3dulo = &quot;579dba04-b231-4c85-973d-ee2a0581baef&quot; fuente_encabezado = &quot;|700|||||||&quot; habilitado_al_flotar = &quot;0&quot; Informaci\u00f3n global de colores = &quot;{}&quot; habilitado_al_flotar = &quot;0&quot;]<\/p>\n<h1>PEP \u2013 PREVENCI\u00d3N DEL VIH DEL D\u00cdA DESPU\u00c9S<\/h1>\n<h3>INCLUSO SI USTED ES DILIGENTE EN LA PREVENCI\u00d3N DEL VIH, ES POSIBLE UN RETROCESO.<\/h3>\n<p>Si es as\u00ed, ahora existe la profilaxis posterior a la exposici\u00f3n (PEP), un tratamiento que debe buscar lo antes posible.<\/p>\n<p>Para ser efectivo, el tratamiento PEP <strong>debe comenzar dentro de las 72 horas posteriores a la exposici\u00f3n<\/strong>. Se debe tomar todos los d\u00edas durante 28 d\u00edas. Su m\u00e9dico determinar\u00e1 qu\u00e9 tratamiento es adecuado para usted en funci\u00f3n de c\u00f3mo estuvo expuesto al VIH.<\/p>\n<p>Debe recibir tratamiento PEP de inmediato si cree que puede haber tenido una exposici\u00f3n de alto riesgo al VIH, como:<\/p>\n<ul>\n<li>Relaciones sexuales sin protecci\u00f3n con alguien que le ha dicho que es VIH positivo o que cree que puede tener el VIH<\/li>\n<li>Un cond\u00f3n que se ha roto o ca\u00eddo durante las relaciones sexuales<\/li>\n<li>Violaci\u00f3n o agresi\u00f3n sexual<\/li>\n<li>Exposici\u00f3n al VIH relacionada con el trabajo, como el contacto con materiales infectados o una lesi\u00f3n por pinchazo de aguja<\/li>\n<li>Compartir agujas para inyectarse cualquier tipo de droga (incluyendo esteroides)<\/li>\n<\/ul>\n<h3>PREVENCI\u00d3N DE EMERGENCIA<\/h3>\n<p>PEP es una estrategia de prevenci\u00f3n de emergencia que debe iniciarse a m\u00e1s tardar 72 horas despu\u00e9s de la exposici\u00f3n. Cuanto antes comience el tratamiento, mejor.<\/p>\n<p>Consulte a su m\u00e9dico, vaya a la sala de emergencias local o encuentre un <a href=\"\/es\/locate-services\/?sl-category=52\">proveedor cercano<\/a>.<\/p>\n<p>Si se encuentra repetidamente en riesgo de exposici\u00f3n al VIH, no debe confiar en la PEP como m\u00e9todo de prevenci\u00f3n. En cambio, considere <a href=\"https:\/\/hivaz.org\/es\/hiv-negative\/prep\/\" data-type=\"page\" data-id=\"359\">Profilaxis previa a la exposici\u00f3n<\/a>(PrEP), una pastilla que se toma una vez al d\u00eda y que ayuda a prevenir el VIH.<\/p>\n<p>Para obtener m\u00e1s informaci\u00f3n sobre PEP, llame a Aunt Rita&#039;s al <a href=\"tel:602-903-1221\">(602) 903-1221<\/a>.[\/et_pb_text][\/et_pb_column][et_pb_column type=\u201d1_3\u2033 _builder_version=\u201d4.16\u2033 background_color=\u201d#cbdfe1\u2033 custom_padding=\u201d20px|20px|20px|20px|false|false\u201d border_radii=\u201doff|20px|20px|20px|20px\u201d global_colors_info=\u201d{}\u201d custom_padding__hover=\u201d|||\u201d][et_pb_text admin_label=\u201dEncabezado de la barra lateral\u201d _builder_version=\u201d4.16\u2033 _module_preset=\u201d021209c3-8a8b-4f8a-a07a-c747310fb902\u2033 saved_tabs=\u201dall\u201d informaci\u00f3n_global_colores=\u201d{}\u201d]<\/p>\n<h1>Recursos<\/h1>\n<p>[\/et_pb_text][et_pb_menu menu_id=&#8221;36&#8243; active_link_color=&#8221;gcid-73d8ac0c-cd9a-4d4e-8b93-105ba7631331&#8243; module_class=&#8221;lwp-hide-mobile-menu&#8221; _builder_version=&#8221;4.17.4&#8243; _module_preset=&#8221;default&#8221; menu_font=&#8221;Montserrat|700|||||||&#8221; menu_text_color=&#8221;gcid-87279394-6308-41fb-8034-a74a095a19a0&#8243; menu_font_size=&#8221;20px&#8221; menu_line_height=&#8221;1.1em&#8221; background_enable_color=&#8221;off&#8221; width=&#8221;100%&#8221; custom_css_main_element=&#8221;width:100%!important;&#8221; custom_css_menu_link=&#8221;background-color: rgba(255,255,255,0.71);||padding: .5em 2em .5em 1em;||border-radius:8px;||||||&#8221; custom_css_active_menu_link=&#8221;background-color: rgba(255,255,255,1);||padding: .5em 2em .5em 1em;||border-radius:8px;&#8221; global_colors_info=&#8221;{%22gcid-73d8ac0c-cd9a-4d4e-8b93-105ba7631331%22:%91%22active_link_color%22,%22menu_text_color__hover%22%93,%22gcid-87279394-6308-41fb-8034-a74a095a19a0%22:%91%22menu_text_color%22%93}&#8221; menu_text_color__hover_enabled=&#8221;on|desktop&#8221; menu_text_color__hover=&#8221;#e14f25&#8243;][\/et_pb_menu][et_pb_cta title=&#8221;AZ 2022-2026 HIV\/STI\/HEP C Integrated Plan&#8221; button_url=&#8221;@ET-DC@eyJkeW5hbWljIjp0cnVlLCJjb250ZW50IjoicG9zdF9saW5rX3VybF9wYWdlIiwic2V0dGluZ3MiOnsicG9zdF9pZCI6IjIzMTE4MyJ9fQ==@&#8221; button_text=&#8221;Learn More&#8221; admin_label=&#8221;Integrated Plan&#8221; _builder_version=&#8221;4.17.6&#8243; _dynamic_attributes=&#8221;button_url&#8221; _module_preset=&#8221;default&#8221; header_font=&#8221;Montserrat|700|||||||&#8221; header_font_size=&#8221;18px&#8221; header_line_height=&#8221;1.2em&#8221; body_font=&#8221;Montserrat|700|||||||&#8221; background_color=&#8221;gcid-87279394-6308-41fb-8034-a74a095a19a0&#8243; custom_button=&#8221;on&#8221; button_text_color=&#8221;#FFFFFF&#8221; button_bg_color=&#8221;gcid-73d8ac0c-cd9a-4d4e-8b93-105ba7631331&#8243; button_border_width=&#8221;0px&#8221; button_border_radius=&#8221;8px&#8221; button_font=&#8221;Montserrat|700|||||||&#8221; custom_margin=&#8221;24px||||false|false&#8221; custom_padding=&#8221;20px||20px||true|false&#8221; custom_css_promo_button=&#8221;width:100%;&#8221; border_radii=&#8221;on|10px|10px|10px|10px&#8221; global_module=&#8221;231341&#8243; saved_tabs=&#8221;all&#8221; locked=&#8221;off&#8221; global_colors_info=&#8221;{%22gcid-87279394-6308-41fb-8034-a74a095a19a0%22:%91%22background_color%22%93,%22gcid-73d8ac0c-cd9a-4d4e-8b93-105ba7631331%22:%91%22button_bg_color%22%93}&#8221;][\/et_pb_cta][\/et_pb_column][\/et_pb_row][\/et_pb_section]<\/p>","protected":false},"excerpt":{"rendered":"<p>PEP: LA PREVENCI\u00d3N DEL VIH DEL D\u00cdA DESPU\u00c9S INCLUSO SI USTED ES DILIGENTE EN LA PREVENCI\u00d3N DEL VIH, ES POSIBLE UN RETROCESO. Si es as\u00ed, ahora existe la profilaxis posterior a la exposici\u00f3n (PEP), un tratamiento que debe [\u2026]<\/p>","protected":false},"author":13,"featured_media":0,"parent":230886,"menu_order":0,"comment_status":"closed","ping_status":"closed","template":"","meta":{"_et_pb_use_builder":"on","_et_pb_old_content":"<!-- wp:heading {\"level\":3} -->\r\n<h3>Even if you\u2019re diligent about HIV prevention, it is possible to slip up.<\/h3>\r\n<!-- \/wp:heading -->\r\n\r\n<!-- wp:paragraph -->\r\n<p>If you do, there\u2019s now Post-Exposure Prophylaxis (PEP), a treatment you should seek as soon as possible.<\/p>\r\n<!-- \/wp:paragraph -->\r\n\r\n<!-- wp:paragraph -->\r\n<p>To be effective, PEP treatment <strong>must begin within 72 hours of exposure<\/strong>. It should be taken every day for 28 days. Your doctor will determine which treatment is right for you based on how you were exposed to HIV.<\/p>\r\n<!-- \/wp:paragraph -->\r\n\r\n<!-- wp:paragraph -->\r\n<p>You should get PEP treatment immediately if you believe you may have had a high-risk exposure to HIV, such as:<\/p>\r\n<!-- \/wp:paragraph -->\r\n\r\n<!-- wp:list -->\r\n<ul><li>Unprotected sex with someone who has told you he or she is HIV positive or you think may have HIV<\/li><li>A condom that has broken or fallen off during sex<\/li><li>Rape or sexual assault<\/li><li>Work-related exposure to HIV, such as contact with infected materials or a needle stick injury<\/li><li>Sharing needles to inject any type of drugs (including steroids)<\/li><\/ul>\r\n<!-- \/wp:list -->\r\n\r\n<!-- wp:heading {\"level\":3} -->\r\n<h3>Emergency Prevention<\/h3>\r\n<!-- \/wp:heading -->\r\n\r\n<!-- wp:paragraph -->\r\n<p>PEP is an emergency prevention strategy that needs to be started no later than 72 hours after exposure. The sooner you begin treatment, the better.<\/p>\r\n<!-- \/wp:paragraph -->\r\n\r\n<!-- wp:paragraph -->\r\n<p>See your doctor, go to your local Emergency Room, or find a <a href=\"https:\/\/hivaz.wpengine.com\/category\/?category_id=14\">nearby provider<\/a>.<\/p>\r\n<!-- \/wp:paragraph -->\r\n\r\n<!-- wp:paragraph -->\r\n<p>If you repeatedly find yourself at risk for exposure to HIV, you shouldn\u2019t rely on PEP as a prevention method. Instead, consider <a href=\"https:\/\/hivaz.wpengine.com\/hiv-negative\/prep\/\" data-type=\"page\" data-id=\"359\">Pre-Exposure Prophylaxis<\/a> (PrEP), a once-a-day pill that helps prevent HIV.<\/p>\r\n<!-- \/wp:paragraph -->\r\n\r\n<!-- wp:paragraph -->\r\n<p>To learn more about PEP, call Aunt Rita\u2019s at <a href=\"tel:602-903-1221\">(602) 903-1221<\/a>.<\/p>\r\n<!-- \/wp:paragraph -->","_et_gb_content_width":"","footnotes":""},"class_list":["post-362","page","type-page","status-publish","hentry"],"yoast_head":"<!-- This site is optimized with the Yoast SEO plugin v26.1.1 - https:\/\/yoast.com\/wordpress\/plugins\/seo\/ -->\n<title>PEP \u2013 Morning-After HIV Prevention - HIV prevention, care, and resources throughout Arizona. Developed and maintained by Aunt Rita\u2019s Foundation, HIVAZ is dedicated to providing accurate, thorough information to Arizona residents.<\/title>\n<meta name=\"robots\" content=\"index, follow, max-snippet:-1, max-image-preview:large, max-video-preview:-1\" \/>\n<link rel=\"canonical\" href=\"https:\/\/hivaz.org\/es\/hiv-testing-and-prevention\/pep\/\" \/>\n<meta property=\"og:locale\" content=\"es_MX\" \/>\n<meta property=\"og:type\" content=\"article\" \/>\n<meta property=\"og:title\" content=\"PEP \u2013 Morning-After HIV Prevention - HIV prevention, care, and resources throughout Arizona. Developed and maintained by Aunt Rita\u2019s Foundation, HIVAZ is dedicated to providing accurate, thorough information to Arizona residents.\" \/>\n<meta property=\"og:description\" content=\"PEP \u2013 MORNING-AFTER HIV PREVENTION EVEN IF YOU\u2019RE DILIGENT ABOUT HIV PREVENTION, IT IS POSSIBLE TO SLIP UP. If you do, there\u2019s now Post-Exposure Prophylaxis (PEP), a treatment you should [&hellip;]\" \/>\n<meta property=\"og:url\" content=\"https:\/\/hivaz.org\/es\/hiv-testing-and-prevention\/pep\/\" \/>\n<meta property=\"og:site_name\" content=\"HIV prevention, care, and resources throughout Arizona. Developed and maintained by Aunt Rita\u2019s Foundation, HIVAZ is dedicated to providing accurate, thorough information to Arizona residents.\" \/>\n<meta property=\"article:publisher\" content=\"https:\/\/www.facebook.com\/AuntRitasFoundation1\" \/>\n<meta property=\"article:modified_time\" content=\"2024-11-08T23:33:13+00:00\" \/>\n<meta name=\"twitter:card\" content=\"summary_large_image\" \/>\n<meta name=\"twitter:site\" content=\"@auntritas\" \/>\n<script type=\"application\/ld+json\" class=\"yoast-schema-graph\">{\"@context\":\"https:\/\/schema.org\",\"@graph\":[{\"@type\":\"WebPage\",\"@id\":\"https:\/\/hivaz.org\/hiv-testing-and-prevention\/pep\/\",\"url\":\"https:\/\/hivaz.org\/hiv-testing-and-prevention\/pep\/\",\"name\":\"PEP \u2013 Morning-After HIV Prevention - HIV prevention, care, and resources throughout Arizona. Developed and maintained by Aunt Rita\u2019s Foundation, HIVAZ is dedicated to providing accurate, thorough information to Arizona residents.\",\"isPartOf\":{\"@id\":\"https:\/\/hivaz.org\/#website\"},\"datePublished\":\"2020-12-28T19:01:56+00:00\",\"dateModified\":\"2024-11-08T23:33:13+00:00\",\"breadcrumb\":{\"@id\":\"https:\/\/hivaz.org\/hiv-testing-and-prevention\/pep\/#breadcrumb\"},\"inLanguage\":\"es\",\"potentialAction\":[{\"@type\":\"ReadAction\",\"target\":[\"https:\/\/hivaz.org\/hiv-testing-and-prevention\/pep\/\"]}]},{\"@type\":\"BreadcrumbList\",\"@id\":\"https:\/\/hivaz.org\/hiv-testing-and-prevention\/pep\/#breadcrumb\",\"itemListElement\":[{\"@type\":\"ListItem\",\"position\":1,\"name\":\"Home\",\"item\":\"https:\/\/hivaz.org\/\"},{\"@type\":\"ListItem\",\"position\":2,\"name\":\"HIV Testing and Prevention\",\"item\":\"https:\/\/hivaz.org\/hiv-testing-and-prevention\/\"},{\"@type\":\"ListItem\",\"position\":3,\"name\":\"PEP \u2013 Morning-After HIV Prevention\"}]},{\"@type\":\"WebSite\",\"@id\":\"https:\/\/hivaz.org\/#website\",\"url\":\"https:\/\/hivaz.org\/\",\"name\":\"HIV prevention, care, and resources throughout Arizona. Developed and maintained by Aunt Rita\u2019s Foundation, HIVAZ is dedicated to providing accurate, thorough information to Arizona residents.\",\"description\":\"Everyone, regardless of HIV status, is deserving of empathetic, competent care and education without prejudice or stigma.\",\"publisher\":{\"@id\":\"https:\/\/hivaz.org\/#organization\"},\"potentialAction\":[{\"@type\":\"SearchAction\",\"target\":{\"@type\":\"EntryPoint\",\"urlTemplate\":\"https:\/\/hivaz.org\/?s={search_term_string}\"},\"query-input\":{\"@type\":\"PropertyValueSpecification\",\"valueRequired\":true,\"valueName\":\"search_term_string\"}}],\"inLanguage\":\"es\"},{\"@type\":\"Organization\",\"@id\":\"https:\/\/hivaz.org\/#organization\",\"name\":\"Aunt Rita's Foundation\",\"url\":\"https:\/\/hivaz.org\/\",\"logo\":{\"@type\":\"ImageObject\",\"inLanguage\":\"es\",\"@id\":\"https:\/\/hivaz.org\/#\/schema\/logo\/image\/\",\"url\":\"https:\/\/hivaz.org\/wp-content\/uploads\/2022\/05\/Aunt-Ritas-Foundation-Logo-Tagline-01-300x202-1.png\",\"contentUrl\":\"https:\/\/hivaz.org\/wp-content\/uploads\/2022\/05\/Aunt-Ritas-Foundation-Logo-Tagline-01-300x202-1.png\",\"width\":300,\"height\":202,\"caption\":\"Aunt Rita's Foundation\"},\"image\":{\"@id\":\"https:\/\/hivaz.org\/#\/schema\/logo\/image\/\"},\"sameAs\":[\"https:\/\/www.facebook.com\/AuntRitasFoundation1\",\"https:\/\/x.com\/auntritas\"]}]}<\/script>\n<!-- \/ Yoast SEO plugin. -->","yoast_head_json":{"title":"PEP \u2013 Morning-After HIV Prevention - HIV prevention, care, and resources throughout Arizona. Developed and maintained by Aunt Rita\u2019s Foundation, HIVAZ is dedicated to providing accurate, thorough information to Arizona residents.","robots":{"index":"index","follow":"follow","max-snippet":"max-snippet:-1","max-image-preview":"max-image-preview:large","max-video-preview":"max-video-preview:-1"},"canonical":"https:\/\/hivaz.org\/es\/hiv-testing-and-prevention\/pep\/","og_locale":"es_MX","og_type":"article","og_title":"PEP \u2013 Morning-After HIV Prevention - HIV prevention, care, and resources throughout Arizona. Developed and maintained by Aunt Rita\u2019s Foundation, HIVAZ is dedicated to providing accurate, thorough information to Arizona residents.","og_description":"PEP \u2013 MORNING-AFTER HIV PREVENTION EVEN IF YOU\u2019RE DILIGENT ABOUT HIV PREVENTION, IT IS POSSIBLE TO SLIP UP. If you do, there\u2019s now Post-Exposure Prophylaxis (PEP), a treatment you should [&hellip;]","og_url":"https:\/\/hivaz.org\/es\/hiv-testing-and-prevention\/pep\/","og_site_name":"HIV prevention, care, and resources throughout Arizona. Developed and maintained by Aunt Rita\u2019s Foundation, HIVAZ is dedicated to providing accurate, thorough information to Arizona residents.","article_publisher":"https:\/\/www.facebook.com\/AuntRitasFoundation1","article_modified_time":"2024-11-08T23:33:13+00:00","twitter_card":"summary_large_image","twitter_site":"@auntritas","schema":{"@context":"https:\/\/schema.org","@graph":[{"@type":"WebPage","@id":"https:\/\/hivaz.org\/hiv-testing-and-prevention\/pep\/","url":"https:\/\/hivaz.org\/hiv-testing-and-prevention\/pep\/","name":"PEP \u2013 Morning-After HIV Prevention - HIV prevention, care, and resources throughout Arizona. Developed and maintained by Aunt Rita\u2019s Foundation, HIVAZ is dedicated to providing accurate, thorough information to Arizona residents.","isPartOf":{"@id":"https:\/\/hivaz.org\/#website"},"datePublished":"2020-12-28T19:01:56+00:00","dateModified":"2024-11-08T23:33:13+00:00","breadcrumb":{"@id":"https:\/\/hivaz.org\/hiv-testing-and-prevention\/pep\/#breadcrumb"},"inLanguage":"es","potentialAction":[{"@type":"ReadAction","target":["https:\/\/hivaz.org\/hiv-testing-and-prevention\/pep\/"]}]},{"@type":"BreadcrumbList","@id":"https:\/\/hivaz.org\/hiv-testing-and-prevention\/pep\/#breadcrumb","itemListElement":[{"@type":"ListItem","position":1,"name":"Home","item":"https:\/\/hivaz.org\/"},{"@type":"ListItem","position":2,"name":"HIV Testing and Prevention","item":"https:\/\/hivaz.org\/hiv-testing-and-prevention\/"},{"@type":"ListItem","position":3,"name":"PEP \u2013 Morning-After HIV Prevention"}]},{"@type":"WebSite","@id":"https:\/\/hivaz.org\/#website","url":"https:\/\/hivaz.org\/","name":"Prevenci\u00f3n, atenci\u00f3n y recursos del VIH en todo Arizona. Desarrollado y mantenido por la Fundaci\u00f3n Aunt Rita, HIVAZ se dedica a brindar informaci\u00f3n precisa y completa a los residentes de Arizona.","description":"Todas las personas, independientemente de su estado serol\u00f3gico respecto del VIH, merecen atenci\u00f3n y educaci\u00f3n emp\u00e1ticas y competentes sin prejuicios ni estigmas.","publisher":{"@id":"https:\/\/hivaz.org\/#organization"},"potentialAction":[{"@type":"SearchAction","target":{"@type":"EntryPoint","urlTemplate":"https:\/\/hivaz.org\/?s={search_term_string}"},"query-input":{"@type":"PropertyValueSpecification","valueRequired":true,"valueName":"search_term_string"}}],"inLanguage":"es"},{"@type":"Organization","@id":"https:\/\/hivaz.org\/#organization","name":"Fundaci\u00f3n de la t\u00eda Rita","url":"https:\/\/hivaz.org\/","logo":{"@type":"ImageObject","inLanguage":"es","@id":"https:\/\/hivaz.org\/#\/schema\/logo\/image\/","url":"https:\/\/hivaz.org\/wp-content\/uploads\/2022\/05\/Aunt-Ritas-Foundation-Logo-Tagline-01-300x202-1.png","contentUrl":"https:\/\/hivaz.org\/wp-content\/uploads\/2022\/05\/Aunt-Ritas-Foundation-Logo-Tagline-01-300x202-1.png","width":300,"height":202,"caption":"Aunt Rita's Foundation"},"image":{"@id":"https:\/\/hivaz.org\/#\/schema\/logo\/image\/"},"sameAs":["https:\/\/www.facebook.com\/AuntRitasFoundation1","https:\/\/x.com\/auntritas"]}]}},"_links":{"self":[{"href":"https:\/\/hivaz.org\/es\/wp-json\/wp\/v2\/pages\/362","targetHints":{"allow":["GET"]}}],"collection":[{"href":"https:\/\/hivaz.org\/es\/wp-json\/wp\/v2\/pages"}],"about":[{"href":"https:\/\/hivaz.org\/es\/wp-json\/wp\/v2\/types\/page"}],"author":[{"embeddable":true,"href":"https:\/\/hivaz.org\/es\/wp-json\/wp\/v2\/users\/13"}],"replies":[{"embeddable":true,"href":"https:\/\/hivaz.org\/es\/wp-json\/wp\/v2\/comments?post=362"}],"version-history":[{"count":1,"href":"https:\/\/hivaz.org\/es\/wp-json\/wp\/v2\/pages\/362\/revisions"}],"predecessor-version":[{"id":232679,"href":"https:\/\/hivaz.org\/es\/wp-json\/wp\/v2\/pages\/362\/revisions\/232679"}],"up":[{"embeddable":true,"href":"https:\/\/hivaz.org\/es\/wp-json\/wp\/v2\/pages\/230886"}],"wp:attachment":[{"href":"https:\/\/hivaz.org\/es\/wp-json\/wp\/v2\/media?parent=362"}],"curies":[{"name":"wp","href":"https:\/\/api.w.org\/{rel}","templated":true}]}}