{"id":367,"date":"2020-12-28T12:09:36","date_gmt":"2020-12-28T19:09:36","guid":{"rendered":"https:\/\/hivaz.wpengine.com\/?page_id=367"},"modified":"2021-03-17T17:13:31","modified_gmt":"2021-03-18T00:13:31","slug":"finding-care","status":"publish","type":"page","link":"https:\/\/hivaz.org\/es\/hiv-negative\/finding-care\/","title":{"rendered":"Encontrar atenci\u00f3n y asistencia"},"content":{"rendered":"<p>Es importante encontrar el cuidado adecuado. Afortunadamente, tienes muchas opciones si eres VIH-.<\/p>\n\n\n\n<h3 class=\"wp-block-heading\">\u00bfSin seguro m\u00e9dico?<\/h3>\n\n\n\n<p>Si no tiene seguro m\u00e9dico, encontraremos la manera de brindarle atenci\u00f3n. Incluso puede calificar para programas de asistencia gratuitos o de bajo costo que pueden brindarle atenci\u00f3n m\u00e9dica y servicios de apoyo.<\/p>\n\n\n\n<h3 class=\"wp-block-heading\">\u00bfTienes seguro?<\/h3>\n\n\n\n<p>Si tienes seguro m\u00e9dico, consulta los distintos <a href=\"https:\/\/hivaz.wpengine.com\/categories\/?wdt_search=hiv+medical+care\">Categor\u00edas de atenci\u00f3n m\u00e9dica para el VIH<\/a> para encontrar atenci\u00f3n m\u00e9dica para el VIH cerca de usted. Todos los proveedores enumerados en HIVAZ.org tienen experiencia brindando atenci\u00f3n de calidad para el VIH.<\/p>\n\n\n\n<p>Si ya tiene atenci\u00f3n m\u00e9dica pero su m\u00e9dico no aparece en los resultados de su b\u00fasqueda, debe llamar para confirmar que tiene experiencia en el tratamiento de personas que viven con el VIH. De lo contrario, pregunte si lo pueden derivar a un m\u00e9dico cercano que lo haga.<\/p>\n\n\n\n<p>Si est\u00e1 eligiendo un nuevo proveedor m\u00e9dico, confirme que acepta su plan de seguro cuando haga su cita.<\/p>\n\n\n\n<h3 class=\"wp-block-heading\">\u00bfNecesita ayuda para pagar sus costos de atenci\u00f3n m\u00e9dica?<\/h3>\n\n\n\n<p>Incluso si tiene seguro, es posible que tenga que pagar de su bolsillo los copagos de los m\u00e9dicos, los medicamentos o los deducibles del plan de salud. Nuestra secci\u00f3n de atenci\u00f3n gratuita\/de bajo costo <strong>qqq-FIX qqq <\/strong>le ayudar\u00e1 a conocer los programas de asistencia que pueden estar disponibles para usted.<\/p>","protected":false},"excerpt":{"rendered":"<p>Es importante encontrar el cuidado adecuado. Afortunadamente, tienes muchas opciones si eres VIH-. \u00bfSin seguro m\u00e9dico? Si no tiene seguro m\u00e9dico, encontraremos la manera de [\u2026]<\/p>","protected":false},"author":13,"featured_media":0,"parent":354,"menu_order":0,"comment_status":"closed","ping_status":"closed","template":"","meta":{"_et_pb_use_builder":"","_et_pb_old_content":"","_et_gb_content_width":"","footnotes":""},"class_list":["post-367","page","type-page","status-publish","hentry"],"yoast_head":"<!-- This site is optimized with the Yoast SEO plugin v26.1.1 - https:\/\/yoast.com\/wordpress\/plugins\/seo\/ -->\n<title>Finding Care and Assistance - HIV prevention, care, and resources throughout Arizona. Developed and maintained by Aunt Rita\u2019s Foundation, HIVAZ is dedicated to providing accurate, thorough information to Arizona residents.<\/title>\n<meta name=\"robots\" content=\"index, follow, max-snippet:-1, max-image-preview:large, max-video-preview:-1\" \/>\n<link rel=\"canonical\" href=\"https:\/\/hivaz.org\/es\/hiv-negative\/finding-care\/\" \/>\n<meta property=\"og:locale\" content=\"es_MX\" \/>\n<meta property=\"og:type\" content=\"article\" \/>\n<meta property=\"og:title\" content=\"Finding Care and Assistance - HIV prevention, care, and resources throughout Arizona. Developed and maintained by Aunt Rita\u2019s Foundation, HIVAZ is dedicated to providing accurate, thorough information to Arizona residents.\" \/>\n<meta property=\"og:description\" content=\"Finding the right care is important. Fortunately, you have lots of options of you are HIV-. No Medical Insurance? If you don\u2019t have health insurance, we\u2019ll find a way to [&hellip;]\" \/>\n<meta property=\"og:url\" content=\"https:\/\/hivaz.org\/es\/hiv-negative\/finding-care\/\" \/>\n<meta property=\"og:site_name\" content=\"HIV prevention, care, and resources throughout Arizona. Developed and maintained by Aunt Rita\u2019s Foundation, HIVAZ is dedicated to providing accurate, thorough information to Arizona residents.\" \/>\n<meta property=\"article:publisher\" content=\"https:\/\/www.facebook.com\/AuntRitasFoundation1\" \/>\n<meta property=\"article:modified_time\" content=\"2021-03-18T00:13:31+00:00\" \/>\n<meta name=\"twitter:card\" content=\"summary_large_image\" \/>\n<meta name=\"twitter:site\" content=\"@auntritas\" \/>\n<script type=\"application\/ld+json\" class=\"yoast-schema-graph\">{\"@context\":\"https:\/\/schema.org\",\"@graph\":[{\"@type\":\"WebPage\",\"@id\":\"https:\/\/hivaz.org\/hiv-negative\/finding-care\/\",\"url\":\"https:\/\/hivaz.org\/hiv-negative\/finding-care\/\",\"name\":\"Finding Care and Assistance - HIV prevention, care, and resources throughout Arizona. Developed and maintained by Aunt Rita\u2019s Foundation, HIVAZ is dedicated to providing accurate, thorough information to Arizona residents.\",\"isPartOf\":{\"@id\":\"https:\/\/hivaz.org\/#website\"},\"datePublished\":\"2020-12-28T19:09:36+00:00\",\"dateModified\":\"2021-03-18T00:13:31+00:00\",\"breadcrumb\":{\"@id\":\"https:\/\/hivaz.org\/hiv-negative\/finding-care\/#breadcrumb\"},\"inLanguage\":\"es\",\"potentialAction\":[{\"@type\":\"ReadAction\",\"target\":[\"https:\/\/hivaz.org\/hiv-negative\/finding-care\/\"]}]},{\"@type\":\"BreadcrumbList\",\"@id\":\"https:\/\/hivaz.org\/hiv-negative\/finding-care\/#breadcrumb\",\"itemListElement\":[{\"@type\":\"ListItem\",\"position\":1,\"name\":\"Home\",\"item\":\"https:\/\/hivaz.org\/\"},{\"@type\":\"ListItem\",\"position\":2,\"name\":\"HIV Negative\",\"item\":\"https:\/\/hivaz.org\/hiv-negative\/\"},{\"@type\":\"ListItem\",\"position\":3,\"name\":\"Finding Care and Assistance\"}]},{\"@type\":\"WebSite\",\"@id\":\"https:\/\/hivaz.org\/#website\",\"url\":\"https:\/\/hivaz.org\/\",\"name\":\"HIV prevention, care, and resources throughout Arizona. Developed and maintained by Aunt Rita\u2019s Foundation, HIVAZ is dedicated to providing accurate, thorough information to Arizona residents.\",\"description\":\"Everyone, regardless of HIV status, is deserving of empathetic, competent care and education without prejudice or stigma.\",\"publisher\":{\"@id\":\"https:\/\/hivaz.org\/#organization\"},\"potentialAction\":[{\"@type\":\"SearchAction\",\"target\":{\"@type\":\"EntryPoint\",\"urlTemplate\":\"https:\/\/hivaz.org\/?s={search_term_string}\"},\"query-input\":{\"@type\":\"PropertyValueSpecification\",\"valueRequired\":true,\"valueName\":\"search_term_string\"}}],\"inLanguage\":\"es\"},{\"@type\":\"Organization\",\"@id\":\"https:\/\/hivaz.org\/#organization\",\"name\":\"Aunt Rita's Foundation\",\"url\":\"https:\/\/hivaz.org\/\",\"logo\":{\"@type\":\"ImageObject\",\"inLanguage\":\"es\",\"@id\":\"https:\/\/hivaz.org\/#\/schema\/logo\/image\/\",\"url\":\"https:\/\/hivaz.org\/wp-content\/uploads\/2022\/05\/Aunt-Ritas-Foundation-Logo-Tagline-01-300x202-1.png\",\"contentUrl\":\"https:\/\/hivaz.org\/wp-content\/uploads\/2022\/05\/Aunt-Ritas-Foundation-Logo-Tagline-01-300x202-1.png\",\"width\":300,\"height\":202,\"caption\":\"Aunt Rita's Foundation\"},\"image\":{\"@id\":\"https:\/\/hivaz.org\/#\/schema\/logo\/image\/\"},\"sameAs\":[\"https:\/\/www.facebook.com\/AuntRitasFoundation1\",\"https:\/\/x.com\/auntritas\"]}]}<\/script>\n<!-- \/ Yoast SEO plugin. -->","yoast_head_json":{"title":"Atenci\u00f3n y asistencia: prevenci\u00f3n, atenci\u00f3n y recursos para el VIH en todo Arizona. Desarrollada y mantenida por la Fundaci\u00f3n T\u00eda Rita, HIVAZ se dedica a proporcionar informaci\u00f3n precisa y completa a los residentes de Arizona.","robots":{"index":"index","follow":"follow","max-snippet":"max-snippet:-1","max-image-preview":"max-image-preview:large","max-video-preview":"max-video-preview:-1"},"canonical":"https:\/\/hivaz.org\/es\/hiv-negative\/finding-care\/","og_locale":"es_MX","og_type":"article","og_title":"Finding Care and Assistance - HIV prevention, care, and resources throughout Arizona. Developed and maintained by Aunt Rita\u2019s Foundation, HIVAZ is dedicated to providing accurate, thorough information to Arizona residents.","og_description":"Finding the right care is important. Fortunately, you have lots of options of you are HIV-. No Medical Insurance? If you don\u2019t have health insurance, we\u2019ll find a way to [&hellip;]","og_url":"https:\/\/hivaz.org\/es\/hiv-negative\/finding-care\/","og_site_name":"HIV prevention, care, and resources throughout Arizona. Developed and maintained by Aunt Rita\u2019s Foundation, HIVAZ is dedicated to providing accurate, thorough information to Arizona residents.","article_publisher":"https:\/\/www.facebook.com\/AuntRitasFoundation1","article_modified_time":"2021-03-18T00:13:31+00:00","twitter_card":"summary_large_image","twitter_site":"@auntritas","schema":{"@context":"https:\/\/schema.org","@graph":[{"@type":"WebPage","@id":"https:\/\/hivaz.org\/hiv-negative\/finding-care\/","url":"https:\/\/hivaz.org\/hiv-negative\/finding-care\/","name":"Atenci\u00f3n y asistencia: prevenci\u00f3n, atenci\u00f3n y recursos para el VIH en todo Arizona. Desarrollada y mantenida por la Fundaci\u00f3n T\u00eda Rita, HIVAZ se dedica a proporcionar informaci\u00f3n precisa y completa a los residentes de Arizona.","isPartOf":{"@id":"https:\/\/hivaz.org\/#website"},"datePublished":"2020-12-28T19:09:36+00:00","dateModified":"2021-03-18T00:13:31+00:00","breadcrumb":{"@id":"https:\/\/hivaz.org\/hiv-negative\/finding-care\/#breadcrumb"},"inLanguage":"es","potentialAction":[{"@type":"ReadAction","target":["https:\/\/hivaz.org\/hiv-negative\/finding-care\/"]}]},{"@type":"BreadcrumbList","@id":"https:\/\/hivaz.org\/hiv-negative\/finding-care\/#breadcrumb","itemListElement":[{"@type":"ListItem","position":1,"name":"Home","item":"https:\/\/hivaz.org\/"},{"@type":"ListItem","position":2,"name":"HIV Negative","item":"https:\/\/hivaz.org\/hiv-negative\/"},{"@type":"ListItem","position":3,"name":"Finding Care and Assistance"}]},{"@type":"WebSite","@id":"https:\/\/hivaz.org\/#website","url":"https:\/\/hivaz.org\/","name":"Prevenci\u00f3n, atenci\u00f3n y recursos del VIH en todo Arizona. Desarrollado y mantenido por la Fundaci\u00f3n Aunt Rita, HIVAZ se dedica a brindar informaci\u00f3n precisa y completa a los residentes de Arizona.","description":"Todas las personas, independientemente de su estado serol\u00f3gico respecto del VIH, merecen atenci\u00f3n y educaci\u00f3n emp\u00e1ticas y competentes sin prejuicios ni estigmas.","publisher":{"@id":"https:\/\/hivaz.org\/#organization"},"potentialAction":[{"@type":"SearchAction","target":{"@type":"EntryPoint","urlTemplate":"https:\/\/hivaz.org\/?s={search_term_string}"},"query-input":{"@type":"PropertyValueSpecification","valueRequired":true,"valueName":"search_term_string"}}],"inLanguage":"es"},{"@type":"Organization","@id":"https:\/\/hivaz.org\/#organization","name":"Fundaci\u00f3n de la t\u00eda Rita","url":"https:\/\/hivaz.org\/","logo":{"@type":"ImageObject","inLanguage":"es","@id":"https:\/\/hivaz.org\/#\/schema\/logo\/image\/","url":"https:\/\/hivaz.org\/wp-content\/uploads\/2022\/05\/Aunt-Ritas-Foundation-Logo-Tagline-01-300x202-1.png","contentUrl":"https:\/\/hivaz.org\/wp-content\/uploads\/2022\/05\/Aunt-Ritas-Foundation-Logo-Tagline-01-300x202-1.png","width":300,"height":202,"caption":"Aunt Rita's Foundation"},"image":{"@id":"https:\/\/hivaz.org\/#\/schema\/logo\/image\/"},"sameAs":["https:\/\/www.facebook.com\/AuntRitasFoundation1","https:\/\/x.com\/auntritas"]}]}},"_links":{"self":[{"href":"https:\/\/hivaz.org\/es\/wp-json\/wp\/v2\/pages\/367","targetHints":{"allow":["GET"]}}],"collection":[{"href":"https:\/\/hivaz.org\/es\/wp-json\/wp\/v2\/pages"}],"about":[{"href":"https:\/\/hivaz.org\/es\/wp-json\/wp\/v2\/types\/page"}],"author":[{"embeddable":true,"href":"https:\/\/hivaz.org\/es\/wp-json\/wp\/v2\/users\/13"}],"replies":[{"embeddable":true,"href":"https:\/\/hivaz.org\/es\/wp-json\/wp\/v2\/comments?post=367"}],"version-history":[{"count":0,"href":"https:\/\/hivaz.org\/es\/wp-json\/wp\/v2\/pages\/367\/revisions"}],"up":[{"embeddable":true,"href":"https:\/\/hivaz.org\/es\/wp-json\/wp\/v2\/pages\/354"}],"wp:attachment":[{"href":"https:\/\/hivaz.org\/es\/wp-json\/wp\/v2\/media?parent=367"}],"curies":[{"name":"wp","href":"https:\/\/api.w.org\/{rel}","templated":true}]}}