{"id":383,"date":"2020-12-28T17:54:26","date_gmt":"2020-12-29T00:54:26","guid":{"rendered":"https:\/\/hivaz.wpengine.com\/?page_id=383"},"modified":"2021-03-15T18:29:32","modified_gmt":"2021-03-16T01:29:32","slug":"understanding-your-test-results","status":"publish","type":"page","link":"https:\/\/hivaz.org\/es\/get-tested\/understanding-your-test-results\/","title":{"rendered":"Comprender los resultados de su prueba"},"content":{"rendered":"<p>Tenga en cuenta que sus resultados son preliminares: debe confirmar cualquier resultado de la prueba con una segunda prueba de laboratorio de confirmaci\u00f3n. <\/p>\n\n\n\n<h3 class=\"wp-block-heading\"><span style=\"color:#6251ff\" class=\"has-inline-color\">NEGATIVO -<\/span><\/h3>\n\n\n\n<figure class=\"wp-block-table\"><table><tbody><tr><td><strong>Lo que significa para ti ahora.<\/strong><\/td><td>ESTA PRUEBA NO DETECT\u00d3 EL VIH.<\/td><\/tr><tr><td><strong>Lo que debes tener en cuenta.<\/strong><\/td><td>SI TUVISTE EL VIH RECIENTEMENTE, ES POSIBLE QUE A\u00daN NO SE HAYA PRESENTADO.<\/td><\/tr><tr><td><strong>Lo que debe hacer a continuaci\u00f3n.<\/strong><\/td><td>NECESITA OTRA PRUEBA EN 1-3 MESES Y LIMITA SU RIESGO. <a href=\"https:\/\/hivaz.wpengine.com\/dont-know-your-status\/next-steps\/\" data-type=\"page\" data-id=\"393\">PR\u00d3XIMOS PASOS<\/a><\/td><\/tr><\/tbody><\/table><\/figure>\n\n\n\n<h3 class=\"wp-block-heading\"><span style=\"color:#6251ff\" class=\"has-inline-color\">POSITIVO +<\/span><\/h3>\n\n\n\n<figure class=\"wp-block-table\"><table><tbody><tr><td><strong>Lo que significa para ti ahora.<\/strong><\/td><td>PUEDE TENER VIH.<\/td><\/tr><tr><td><strong>Lo que debes tener en cuenta.<\/strong><\/td><td>SE NECESITA UNA SEGUNDA PRUEBA DE VIH PARA CONFIRMAR LOS RESULTADOS.<\/td><\/tr><tr><td><strong>Lo que debe hacer a continuaci\u00f3n.<\/strong><\/td><td>TOMAR UNA RESPIRACI\u00d3N PROFUNDA. VA A ESTAR BIEN.<br>SI LA 2DA PRUEBA ES POSITIVA, TIENE VIH Y NECESITA COMENZAR ATENCI\u00d3N M\u00c9DICA Y MEDICAMENTOS. <a href=\"https:\/\/hivaz.wpengine.com\/dont-know-your-status\/next-steps\/\" data-type=\"page\" data-id=\"393\">PR\u00d3XIMOS PASOS<\/a><\/td><\/tr><\/tbody><\/table><\/figure>\n\n\n\n<p>Para obtener informaci\u00f3n sobre comportamientos de riesgo y c\u00f3mo se transmite el VIH, consulte <a href=\"https:\/\/www.cdc.gov\/hiv\/basics\/transmission.html\">Informaci\u00f3n b\u00e1sica sobre el VIH de los CDC sobre la transmisi\u00f3n del VIH<\/a>.<\/p>\n\n\n\n<p>\u00bfNecesitas ayuda? Llamar <a href=\"tel:602-9031211\">(602) 903-1221<\/a><\/p>","protected":false},"excerpt":{"rendered":"<p>Tenga en cuenta que sus resultados son preliminares: debe confirmar cualquier resultado de la prueba con una segunda prueba de laboratorio de confirmaci\u00f3n. NEGATIVO \u2013 Lo que significa para ti ahora. ESTA PRUEBA [\u2026]<\/p>","protected":false},"author":13,"featured_media":0,"parent":381,"menu_order":0,"comment_status":"closed","ping_status":"closed","template":"","meta":{"_et_pb_use_builder":"","_et_pb_old_content":"","_et_gb_content_width":"","footnotes":""},"class_list":["post-383","page","type-page","status-publish","hentry"],"yoast_head":"<!-- This site is optimized with the Yoast SEO plugin v26.1.1 - https:\/\/yoast.com\/wordpress\/plugins\/seo\/ -->\n<title>Understanding Your Test Results - HIV prevention, care, and resources throughout Arizona. Developed and maintained by Aunt Rita\u2019s Foundation, HIVAZ is dedicated to providing accurate, thorough information to Arizona residents.<\/title>\n<meta name=\"robots\" content=\"index, follow, max-snippet:-1, max-image-preview:large, max-video-preview:-1\" \/>\n<link rel=\"canonical\" href=\"https:\/\/hivaz.org\/es\/get-tested\/understanding-your-test-results\/\" \/>\n<meta property=\"og:locale\" content=\"es_MX\" \/>\n<meta property=\"og:type\" content=\"article\" \/>\n<meta property=\"og:title\" content=\"Understanding Your Test Results - HIV prevention, care, and resources throughout Arizona. Developed and maintained by Aunt Rita\u2019s Foundation, HIVAZ is dedicated to providing accurate, thorough information to Arizona residents.\" \/>\n<meta property=\"og:description\" content=\"Keep in mind, your results are preliminary \u2013 you should confirm any test result with a second, confirmation lab test. NEGATIVE \u2013 What it means to you now. THIS TEST [&hellip;]\" \/>\n<meta property=\"og:url\" content=\"https:\/\/hivaz.org\/es\/get-tested\/understanding-your-test-results\/\" \/>\n<meta property=\"og:site_name\" content=\"HIV prevention, care, and resources throughout Arizona. Developed and maintained by Aunt Rita\u2019s Foundation, HIVAZ is dedicated to providing accurate, thorough information to Arizona residents.\" \/>\n<meta property=\"article:publisher\" content=\"https:\/\/www.facebook.com\/AuntRitasFoundation1\" \/>\n<meta property=\"article:modified_time\" content=\"2021-03-16T01:29:32+00:00\" \/>\n<meta name=\"twitter:card\" content=\"summary_large_image\" \/>\n<meta name=\"twitter:site\" content=\"@auntritas\" \/>\n<script type=\"application\/ld+json\" class=\"yoast-schema-graph\">{\"@context\":\"https:\/\/schema.org\",\"@graph\":[{\"@type\":\"WebPage\",\"@id\":\"https:\/\/hivaz.org\/get-tested\/understanding-your-test-results\/\",\"url\":\"https:\/\/hivaz.org\/get-tested\/understanding-your-test-results\/\",\"name\":\"Understanding Your Test Results - HIV prevention, care, and resources throughout Arizona. Developed and maintained by Aunt Rita\u2019s Foundation, HIVAZ is dedicated to providing accurate, thorough information to Arizona residents.\",\"isPartOf\":{\"@id\":\"https:\/\/hivaz.org\/#website\"},\"datePublished\":\"2020-12-29T00:54:26+00:00\",\"dateModified\":\"2021-03-16T01:29:32+00:00\",\"breadcrumb\":{\"@id\":\"https:\/\/hivaz.org\/get-tested\/understanding-your-test-results\/#breadcrumb\"},\"inLanguage\":\"es\",\"potentialAction\":[{\"@type\":\"ReadAction\",\"target\":[\"https:\/\/hivaz.org\/get-tested\/understanding-your-test-results\/\"]}]},{\"@type\":\"BreadcrumbList\",\"@id\":\"https:\/\/hivaz.org\/get-tested\/understanding-your-test-results\/#breadcrumb\",\"itemListElement\":[{\"@type\":\"ListItem\",\"position\":1,\"name\":\"Home\",\"item\":\"https:\/\/hivaz.org\/\"},{\"@type\":\"ListItem\",\"position\":2,\"name\":\"Don&#8217;t Know Your Status?\",\"item\":\"https:\/\/hivaz.org\/get-tested\/\"},{\"@type\":\"ListItem\",\"position\":3,\"name\":\"Understanding Your Test Results\"}]},{\"@type\":\"WebSite\",\"@id\":\"https:\/\/hivaz.org\/#website\",\"url\":\"https:\/\/hivaz.org\/\",\"name\":\"HIV prevention, care, and resources throughout Arizona. Developed and maintained by Aunt Rita\u2019s Foundation, HIVAZ is dedicated to providing accurate, thorough information to Arizona residents.\",\"description\":\"Everyone, regardless of HIV status, is deserving of empathetic, competent care and education without prejudice or stigma.\",\"publisher\":{\"@id\":\"https:\/\/hivaz.org\/#organization\"},\"potentialAction\":[{\"@type\":\"SearchAction\",\"target\":{\"@type\":\"EntryPoint\",\"urlTemplate\":\"https:\/\/hivaz.org\/?s={search_term_string}\"},\"query-input\":{\"@type\":\"PropertyValueSpecification\",\"valueRequired\":true,\"valueName\":\"search_term_string\"}}],\"inLanguage\":\"es\"},{\"@type\":\"Organization\",\"@id\":\"https:\/\/hivaz.org\/#organization\",\"name\":\"Aunt Rita's Foundation\",\"url\":\"https:\/\/hivaz.org\/\",\"logo\":{\"@type\":\"ImageObject\",\"inLanguage\":\"es\",\"@id\":\"https:\/\/hivaz.org\/#\/schema\/logo\/image\/\",\"url\":\"https:\/\/hivaz.org\/wp-content\/uploads\/2022\/05\/Aunt-Ritas-Foundation-Logo-Tagline-01-300x202-1.png\",\"contentUrl\":\"https:\/\/hivaz.org\/wp-content\/uploads\/2022\/05\/Aunt-Ritas-Foundation-Logo-Tagline-01-300x202-1.png\",\"width\":300,\"height\":202,\"caption\":\"Aunt Rita's Foundation\"},\"image\":{\"@id\":\"https:\/\/hivaz.org\/#\/schema\/logo\/image\/\"},\"sameAs\":[\"https:\/\/www.facebook.com\/AuntRitasFoundation1\",\"https:\/\/x.com\/auntritas\"]}]}<\/script>\n<!-- \/ Yoast SEO plugin. -->","yoast_head_json":{"title":"Understanding Your Test Results - HIV prevention, care, and resources throughout Arizona. Developed and maintained by Aunt Rita\u2019s Foundation, HIVAZ is dedicated to providing accurate, thorough information to Arizona residents.","robots":{"index":"index","follow":"follow","max-snippet":"max-snippet:-1","max-image-preview":"max-image-preview:large","max-video-preview":"max-video-preview:-1"},"canonical":"https:\/\/hivaz.org\/es\/get-tested\/understanding-your-test-results\/","og_locale":"es_MX","og_type":"article","og_title":"Understanding Your Test Results - HIV prevention, care, and resources throughout Arizona. Developed and maintained by Aunt Rita\u2019s Foundation, HIVAZ is dedicated to providing accurate, thorough information to Arizona residents.","og_description":"Keep in mind, your results are preliminary \u2013 you should confirm any test result with a second, confirmation lab test. NEGATIVE \u2013 What it means to you now. THIS TEST [&hellip;]","og_url":"https:\/\/hivaz.org\/es\/get-tested\/understanding-your-test-results\/","og_site_name":"HIV prevention, care, and resources throughout Arizona. Developed and maintained by Aunt Rita\u2019s Foundation, HIVAZ is dedicated to providing accurate, thorough information to Arizona residents.","article_publisher":"https:\/\/www.facebook.com\/AuntRitasFoundation1","article_modified_time":"2021-03-16T01:29:32+00:00","twitter_card":"summary_large_image","twitter_site":"@auntritas","schema":{"@context":"https:\/\/schema.org","@graph":[{"@type":"WebPage","@id":"https:\/\/hivaz.org\/get-tested\/understanding-your-test-results\/","url":"https:\/\/hivaz.org\/get-tested\/understanding-your-test-results\/","name":"Understanding Your Test Results - HIV prevention, care, and resources throughout Arizona. Developed and maintained by Aunt Rita\u2019s Foundation, HIVAZ is dedicated to providing accurate, thorough information to Arizona residents.","isPartOf":{"@id":"https:\/\/hivaz.org\/#website"},"datePublished":"2020-12-29T00:54:26+00:00","dateModified":"2021-03-16T01:29:32+00:00","breadcrumb":{"@id":"https:\/\/hivaz.org\/get-tested\/understanding-your-test-results\/#breadcrumb"},"inLanguage":"es","potentialAction":[{"@type":"ReadAction","target":["https:\/\/hivaz.org\/get-tested\/understanding-your-test-results\/"]}]},{"@type":"BreadcrumbList","@id":"https:\/\/hivaz.org\/get-tested\/understanding-your-test-results\/#breadcrumb","itemListElement":[{"@type":"ListItem","position":1,"name":"Home","item":"https:\/\/hivaz.org\/"},{"@type":"ListItem","position":2,"name":"Don&#8217;t Know Your Status?","item":"https:\/\/hivaz.org\/get-tested\/"},{"@type":"ListItem","position":3,"name":"Understanding Your Test Results"}]},{"@type":"WebSite","@id":"https:\/\/hivaz.org\/#website","url":"https:\/\/hivaz.org\/","name":"Prevenci\u00f3n, atenci\u00f3n y recursos del VIH en todo Arizona. Desarrollado y mantenido por la Fundaci\u00f3n Aunt Rita, HIVAZ se dedica a brindar informaci\u00f3n precisa y completa a los residentes de Arizona.","description":"Todas las personas, independientemente de su estado serol\u00f3gico respecto del VIH, merecen atenci\u00f3n y educaci\u00f3n emp\u00e1ticas y competentes sin prejuicios ni estigmas.","publisher":{"@id":"https:\/\/hivaz.org\/#organization"},"potentialAction":[{"@type":"SearchAction","target":{"@type":"EntryPoint","urlTemplate":"https:\/\/hivaz.org\/?s={search_term_string}"},"query-input":{"@type":"PropertyValueSpecification","valueRequired":true,"valueName":"search_term_string"}}],"inLanguage":"es"},{"@type":"Organization","@id":"https:\/\/hivaz.org\/#organization","name":"Fundaci\u00f3n de la t\u00eda Rita","url":"https:\/\/hivaz.org\/","logo":{"@type":"ImageObject","inLanguage":"es","@id":"https:\/\/hivaz.org\/#\/schema\/logo\/image\/","url":"https:\/\/hivaz.org\/wp-content\/uploads\/2022\/05\/Aunt-Ritas-Foundation-Logo-Tagline-01-300x202-1.png","contentUrl":"https:\/\/hivaz.org\/wp-content\/uploads\/2022\/05\/Aunt-Ritas-Foundation-Logo-Tagline-01-300x202-1.png","width":300,"height":202,"caption":"Aunt Rita's Foundation"},"image":{"@id":"https:\/\/hivaz.org\/#\/schema\/logo\/image\/"},"sameAs":["https:\/\/www.facebook.com\/AuntRitasFoundation1","https:\/\/x.com\/auntritas"]}]}},"_links":{"self":[{"href":"https:\/\/hivaz.org\/es\/wp-json\/wp\/v2\/pages\/383","targetHints":{"allow":["GET"]}}],"collection":[{"href":"https:\/\/hivaz.org\/es\/wp-json\/wp\/v2\/pages"}],"about":[{"href":"https:\/\/hivaz.org\/es\/wp-json\/wp\/v2\/types\/page"}],"author":[{"embeddable":true,"href":"https:\/\/hivaz.org\/es\/wp-json\/wp\/v2\/users\/13"}],"replies":[{"embeddable":true,"href":"https:\/\/hivaz.org\/es\/wp-json\/wp\/v2\/comments?post=383"}],"version-history":[{"count":0,"href":"https:\/\/hivaz.org\/es\/wp-json\/wp\/v2\/pages\/383\/revisions"}],"up":[{"embeddable":true,"href":"https:\/\/hivaz.org\/es\/wp-json\/wp\/v2\/pages\/381"}],"wp:attachment":[{"href":"https:\/\/hivaz.org\/es\/wp-json\/wp\/v2\/media?parent=383"}],"curies":[{"name":"wp","href":"https:\/\/api.w.org\/{rel}","templated":true}]}}