{"id":387,"date":"2020-12-28T18:28:38","date_gmt":"2020-12-29T01:28:38","guid":{"rendered":"https:\/\/hivaz.wpengine.com\/?page_id=387"},"modified":"2020-12-29T17:40:30","modified_gmt":"2020-12-30T00:40:30","slug":"learn-about-the-tests","status":"publish","type":"page","link":"https:\/\/hivaz.org\/es\/get-tested\/learn-about-the-tests\/","title":{"rendered":"Aprenda sobre las pruebas"},"content":{"rendered":"<h2 class=\"wp-block-heading\">Lo que necesitas saber<\/h2>\n\n\n\n<p>Hay mucho que saber, pero esto es todo lo que realmente necesitas saber. Una prueba de detecci\u00f3n del VIH busca anticuerpos o partes del virus. Si una prueba de detecci\u00f3n detecta algo sospechoso y arroja un resultado positivo, deber\u00e1 hacerse una prueba de seguimiento para confirmar su estado serol\u00f3gico.<\/p>\n\n\n\n<p>Sea abierto y honesto con su proveedor de pruebas sobre cualquier posible exposici\u00f3n reciente. Esto ayuda a su proveedor a elegir la prueba m\u00e1s adecuada.<\/p>\n\n\n\n<h2 class=\"wp-block-heading\">Tipos de pruebas de VIH<\/h2>\n\n\n\n<h3 class=\"wp-block-heading\">PRUEBA R\u00c1PIDA<\/h3>\n\n\n\n<figure class=\"wp-block-table\"><table><tbody><tr><td><strong>Detecta el VIH despu\u00e9s<\/strong><\/td><td>ACERCA DE 21 D\u00cdAS<\/td><\/tr><tr><td><strong>C\u00f3mo est\u00e1 hecho<\/strong><\/td><td>PINCHAZO EN EL DEDO \u2013 GOTA DE SANGRE<\/td><\/tr><tr><td><strong>Tiempo de espera para resultados<\/strong><\/td><td>30 MINUTOS<\/td><\/tr><tr><td><strong>D\u00f3nde hacerse la prueba<\/strong><\/td><td><a href=\"https:\/\/hivaz.wpengine.com\/category\/?category_id=12\">Proveedores de pruebas de VIH<\/a><\/td><\/tr><tr><td><strong>Costo<\/strong><\/td><td>GRATIS O A BAJO COSTO (MENOS DE $20)<\/td><\/tr><\/tbody><\/table><\/figure>\n\n\n\n<h3 class=\"wp-block-heading\">PRUEBA DE LABORATORIO<\/h3>\n\n\n\n<figure class=\"wp-block-table\"><table><tbody><tr><td><strong>Detecta el VIH despu\u00e9s<\/strong><\/td><td>ACERCA DE 21 D\u00cdAS<\/td><\/tr><tr><td><strong>C\u00f3mo est\u00e1 hecho<\/strong><\/td><td>EXTRACCI\u00d3N DE SANGRE<\/td><\/tr><tr><td><strong>Tiempo de espera para resultados<\/strong><\/td><td>48 A 72 HORAS<\/td><\/tr><tr><td><strong>D\u00f3nde hacerse la prueba<\/strong><\/td><td><a href=\"https:\/\/hivaz.wpengine.com\/category\/?category_id=12\">Proveedores de pruebas de VIH<\/a><\/td><\/tr><tr><td><strong>Costo<\/strong><\/td><td>GRATIS O A BAJO COSTO (MENOS DE $20)<\/td><\/tr><\/tbody><\/table><\/figure>\n\n\n\n<h3 class=\"wp-block-heading\">PRUEBA EN CASA<\/h3>\n\n\n\n<figure class=\"wp-block-table\"><table><tbody><tr><td><strong>Detecta el VIH despu\u00e9s<\/strong><\/td><td>3 MESES<\/td><\/tr><tr><td><strong>C\u00f3mo est\u00e1 hecho<\/strong><\/td><td>HISOPO ORAL<\/td><\/tr><tr><td><strong>Tiempo de espera para resultados<\/strong><\/td><td>20 A 40 MINUTOS<\/td><\/tr><tr><td><strong>D\u00f3nde hacerse la prueba<\/strong><\/td><td><a href=\"https:\/\/gettestedaz.org\/\">GETTESTEDAZ.ORG<\/a><br>FARMACIA LOCAL<\/td><\/tr><tr><td><strong>Costo<\/strong><\/td><td>GRATIS A TRAV\u00c9S <a href=\"https:\/\/gettestedaz.org\/\">GETTESTEDAZ.ORG<\/a><br>$40-$60 EN FARMACIA<\/td><\/tr><\/tbody><\/table><\/figure>\n\n\n\n<blockquote class=\"wp-block-quote is-layout-flow wp-block-quote-is-layout-flow\"><p>Los resultados falsos negativos y falsos positivos son siempre una posibilidad. Aseg\u00farese de hacer una prueba de seguimiento.<\/p><\/blockquote>\n\n\n\n<p><\/p>","protected":false},"excerpt":{"rendered":"<p>Lo que necesita saber Hay mucho que saber, pero esto es todo lo que realmente necesita saber. Una prueba de detecci\u00f3n del VIH busca anticuerpos o partes del virus. [\u2026]<\/p>","protected":false},"author":13,"featured_media":0,"parent":381,"menu_order":0,"comment_status":"closed","ping_status":"closed","template":"","meta":{"_et_pb_use_builder":"","_et_pb_old_content":"","_et_gb_content_width":"","footnotes":""},"class_list":["post-387","page","type-page","status-publish","hentry"],"yoast_head":"<!-- This site is optimized with the Yoast SEO plugin v26.1.1 - https:\/\/yoast.com\/wordpress\/plugins\/seo\/ -->\n<title>Learn About The Tests - HIV prevention, care, and resources throughout Arizona. Developed and maintained by Aunt Rita\u2019s Foundation, HIVAZ is dedicated to providing accurate, thorough information to Arizona residents.<\/title>\n<meta name=\"robots\" content=\"index, follow, max-snippet:-1, max-image-preview:large, max-video-preview:-1\" \/>\n<link rel=\"canonical\" href=\"https:\/\/hivaz.org\/es\/get-tested\/learn-about-the-tests\/\" \/>\n<meta property=\"og:locale\" content=\"es_MX\" \/>\n<meta property=\"og:type\" content=\"article\" \/>\n<meta property=\"og:title\" content=\"Learn About The Tests - HIV prevention, care, and resources throughout Arizona. Developed and maintained by Aunt Rita\u2019s Foundation, HIVAZ is dedicated to providing accurate, thorough information to Arizona residents.\" \/>\n<meta property=\"og:description\" content=\"What You Need To Know There\u2019s a lot to know, but here\u2019s all you really need to know. An HIV screening looks for either antibodies or parts of the virus. [&hellip;]\" \/>\n<meta property=\"og:url\" content=\"https:\/\/hivaz.org\/es\/get-tested\/learn-about-the-tests\/\" \/>\n<meta property=\"og:site_name\" content=\"HIV prevention, care, and resources throughout Arizona. Developed and maintained by Aunt Rita\u2019s Foundation, HIVAZ is dedicated to providing accurate, thorough information to Arizona residents.\" \/>\n<meta property=\"article:publisher\" content=\"https:\/\/www.facebook.com\/AuntRitasFoundation1\" \/>\n<meta property=\"article:modified_time\" content=\"2020-12-30T00:40:30+00:00\" \/>\n<meta name=\"twitter:card\" content=\"summary_large_image\" \/>\n<meta name=\"twitter:site\" content=\"@auntritas\" \/>\n<script type=\"application\/ld+json\" class=\"yoast-schema-graph\">{\"@context\":\"https:\/\/schema.org\",\"@graph\":[{\"@type\":\"WebPage\",\"@id\":\"https:\/\/hivaz.org\/get-tested\/learn-about-the-tests\/\",\"url\":\"https:\/\/hivaz.org\/get-tested\/learn-about-the-tests\/\",\"name\":\"Learn About The Tests - HIV prevention, care, and resources throughout Arizona. Developed and maintained by Aunt Rita\u2019s Foundation, HIVAZ is dedicated to providing accurate, thorough information to Arizona residents.\",\"isPartOf\":{\"@id\":\"https:\/\/hivaz.org\/#website\"},\"datePublished\":\"2020-12-29T01:28:38+00:00\",\"dateModified\":\"2020-12-30T00:40:30+00:00\",\"breadcrumb\":{\"@id\":\"https:\/\/hivaz.org\/get-tested\/learn-about-the-tests\/#breadcrumb\"},\"inLanguage\":\"es\",\"potentialAction\":[{\"@type\":\"ReadAction\",\"target\":[\"https:\/\/hivaz.org\/get-tested\/learn-about-the-tests\/\"]}]},{\"@type\":\"BreadcrumbList\",\"@id\":\"https:\/\/hivaz.org\/get-tested\/learn-about-the-tests\/#breadcrumb\",\"itemListElement\":[{\"@type\":\"ListItem\",\"position\":1,\"name\":\"Home\",\"item\":\"https:\/\/hivaz.org\/\"},{\"@type\":\"ListItem\",\"position\":2,\"name\":\"Don&#8217;t Know Your Status?\",\"item\":\"https:\/\/hivaz.org\/get-tested\/\"},{\"@type\":\"ListItem\",\"position\":3,\"name\":\"Learn About The Tests\"}]},{\"@type\":\"WebSite\",\"@id\":\"https:\/\/hivaz.org\/#website\",\"url\":\"https:\/\/hivaz.org\/\",\"name\":\"HIV prevention, care, and resources throughout Arizona. Developed and maintained by Aunt Rita\u2019s Foundation, HIVAZ is dedicated to providing accurate, thorough information to Arizona residents.\",\"description\":\"Everyone, regardless of HIV status, is deserving of empathetic, competent care and education without prejudice or stigma.\",\"publisher\":{\"@id\":\"https:\/\/hivaz.org\/#organization\"},\"potentialAction\":[{\"@type\":\"SearchAction\",\"target\":{\"@type\":\"EntryPoint\",\"urlTemplate\":\"https:\/\/hivaz.org\/?s={search_term_string}\"},\"query-input\":{\"@type\":\"PropertyValueSpecification\",\"valueRequired\":true,\"valueName\":\"search_term_string\"}}],\"inLanguage\":\"es\"},{\"@type\":\"Organization\",\"@id\":\"https:\/\/hivaz.org\/#organization\",\"name\":\"Aunt Rita's Foundation\",\"url\":\"https:\/\/hivaz.org\/\",\"logo\":{\"@type\":\"ImageObject\",\"inLanguage\":\"es\",\"@id\":\"https:\/\/hivaz.org\/#\/schema\/logo\/image\/\",\"url\":\"https:\/\/hivaz.org\/wp-content\/uploads\/2022\/05\/Aunt-Ritas-Foundation-Logo-Tagline-01-300x202-1.png\",\"contentUrl\":\"https:\/\/hivaz.org\/wp-content\/uploads\/2022\/05\/Aunt-Ritas-Foundation-Logo-Tagline-01-300x202-1.png\",\"width\":300,\"height\":202,\"caption\":\"Aunt Rita's Foundation\"},\"image\":{\"@id\":\"https:\/\/hivaz.org\/#\/schema\/logo\/image\/\"},\"sameAs\":[\"https:\/\/www.facebook.com\/AuntRitasFoundation1\",\"https:\/\/x.com\/auntritas\"]}]}<\/script>\n<!-- \/ Yoast SEO plugin. -->","yoast_head_json":{"title":"Learn About The Tests - HIV prevention, care, and resources throughout Arizona. Developed and maintained by Aunt Rita\u2019s Foundation, HIVAZ is dedicated to providing accurate, thorough information to Arizona residents.","robots":{"index":"index","follow":"follow","max-snippet":"max-snippet:-1","max-image-preview":"max-image-preview:large","max-video-preview":"max-video-preview:-1"},"canonical":"https:\/\/hivaz.org\/es\/get-tested\/learn-about-the-tests\/","og_locale":"es_MX","og_type":"article","og_title":"Learn About The Tests - HIV prevention, care, and resources throughout Arizona. Developed and maintained by Aunt Rita\u2019s Foundation, HIVAZ is dedicated to providing accurate, thorough information to Arizona residents.","og_description":"What You Need To Know There\u2019s a lot to know, but here\u2019s all you really need to know. An HIV screening looks for either antibodies or parts of the virus. [&hellip;]","og_url":"https:\/\/hivaz.org\/es\/get-tested\/learn-about-the-tests\/","og_site_name":"HIV prevention, care, and resources throughout Arizona. Developed and maintained by Aunt Rita\u2019s Foundation, HIVAZ is dedicated to providing accurate, thorough information to Arizona residents.","article_publisher":"https:\/\/www.facebook.com\/AuntRitasFoundation1","article_modified_time":"2020-12-30T00:40:30+00:00","twitter_card":"summary_large_image","twitter_site":"@auntritas","schema":{"@context":"https:\/\/schema.org","@graph":[{"@type":"WebPage","@id":"https:\/\/hivaz.org\/get-tested\/learn-about-the-tests\/","url":"https:\/\/hivaz.org\/get-tested\/learn-about-the-tests\/","name":"Learn About The Tests - HIV prevention, care, and resources throughout Arizona. Developed and maintained by Aunt Rita\u2019s Foundation, HIVAZ is dedicated to providing accurate, thorough information to Arizona residents.","isPartOf":{"@id":"https:\/\/hivaz.org\/#website"},"datePublished":"2020-12-29T01:28:38+00:00","dateModified":"2020-12-30T00:40:30+00:00","breadcrumb":{"@id":"https:\/\/hivaz.org\/get-tested\/learn-about-the-tests\/#breadcrumb"},"inLanguage":"es","potentialAction":[{"@type":"ReadAction","target":["https:\/\/hivaz.org\/get-tested\/learn-about-the-tests\/"]}]},{"@type":"BreadcrumbList","@id":"https:\/\/hivaz.org\/get-tested\/learn-about-the-tests\/#breadcrumb","itemListElement":[{"@type":"ListItem","position":1,"name":"Home","item":"https:\/\/hivaz.org\/"},{"@type":"ListItem","position":2,"name":"Don&#8217;t Know Your Status?","item":"https:\/\/hivaz.org\/get-tested\/"},{"@type":"ListItem","position":3,"name":"Learn About The Tests"}]},{"@type":"WebSite","@id":"https:\/\/hivaz.org\/#website","url":"https:\/\/hivaz.org\/","name":"Prevenci\u00f3n, atenci\u00f3n y recursos del VIH en todo Arizona. Desarrollado y mantenido por la Fundaci\u00f3n Aunt Rita, HIVAZ se dedica a brindar informaci\u00f3n precisa y completa a los residentes de Arizona.","description":"Todas las personas, independientemente de su estado serol\u00f3gico respecto del VIH, merecen atenci\u00f3n y educaci\u00f3n emp\u00e1ticas y competentes sin prejuicios ni estigmas.","publisher":{"@id":"https:\/\/hivaz.org\/#organization"},"potentialAction":[{"@type":"SearchAction","target":{"@type":"EntryPoint","urlTemplate":"https:\/\/hivaz.org\/?s={search_term_string}"},"query-input":{"@type":"PropertyValueSpecification","valueRequired":true,"valueName":"search_term_string"}}],"inLanguage":"es"},{"@type":"Organization","@id":"https:\/\/hivaz.org\/#organization","name":"Fundaci\u00f3n de la t\u00eda Rita","url":"https:\/\/hivaz.org\/","logo":{"@type":"ImageObject","inLanguage":"es","@id":"https:\/\/hivaz.org\/#\/schema\/logo\/image\/","url":"https:\/\/hivaz.org\/wp-content\/uploads\/2022\/05\/Aunt-Ritas-Foundation-Logo-Tagline-01-300x202-1.png","contentUrl":"https:\/\/hivaz.org\/wp-content\/uploads\/2022\/05\/Aunt-Ritas-Foundation-Logo-Tagline-01-300x202-1.png","width":300,"height":202,"caption":"Aunt Rita's Foundation"},"image":{"@id":"https:\/\/hivaz.org\/#\/schema\/logo\/image\/"},"sameAs":["https:\/\/www.facebook.com\/AuntRitasFoundation1","https:\/\/x.com\/auntritas"]}]}},"_links":{"self":[{"href":"https:\/\/hivaz.org\/es\/wp-json\/wp\/v2\/pages\/387","targetHints":{"allow":["GET"]}}],"collection":[{"href":"https:\/\/hivaz.org\/es\/wp-json\/wp\/v2\/pages"}],"about":[{"href":"https:\/\/hivaz.org\/es\/wp-json\/wp\/v2\/types\/page"}],"author":[{"embeddable":true,"href":"https:\/\/hivaz.org\/es\/wp-json\/wp\/v2\/users\/13"}],"replies":[{"embeddable":true,"href":"https:\/\/hivaz.org\/es\/wp-json\/wp\/v2\/comments?post=387"}],"version-history":[{"count":0,"href":"https:\/\/hivaz.org\/es\/wp-json\/wp\/v2\/pages\/387\/revisions"}],"up":[{"embeddable":true,"href":"https:\/\/hivaz.org\/es\/wp-json\/wp\/v2\/pages\/381"}],"wp:attachment":[{"href":"https:\/\/hivaz.org\/es\/wp-json\/wp\/v2\/media?parent=387"}],"curies":[{"name":"wp","href":"https:\/\/api.w.org\/{rel}","templated":true}]}}