{"id":393,"date":"2020-12-28T18:50:12","date_gmt":"2020-12-29T01:50:12","guid":{"rendered":"https:\/\/hivaz.wpengine.com\/?page_id=393"},"modified":"2020-12-29T17:36:18","modified_gmt":"2020-12-30T00:36:18","slug":"next-steps","status":"publish","type":"page","link":"https:\/\/hivaz.org\/es\/get-tested\/next-steps\/","title":{"rendered":"Pr\u00f3ximos pasos"},"content":{"rendered":"<blockquote class=\"wp-block-quote is-layout-flow wp-block-quote-is-layout-flow\"><p>100% Prevenible<br>100% tratable<\/p><\/blockquote>\n\n\n\n<h3 class=\"wp-block-heading\">RESULTADOS NEGATIVOS DE LA PRUEBA<\/h3>\n\n\n\n<ul class=\"wp-block-list\"><li><a href=\"https:\/\/www.cdc.gov\/hiv\/basics\/whatishiv.html\">Aprende lo b\u00e1sico <\/a>sobre el VIH y c\u00f3mo puedes <a href=\"https:\/\/www.cdc.gov\/hiv\/basics\/prevention.html\">Prot\u00e9gete a ti mismo<\/a>.<br><\/li><li>Comprom\u00e9tase a mantenerse VIH negativo. Aseg\u00farate de que tus amigos y parejas sexuales conozcan tus l\u00edmites.<br><\/li><li>Vuelva a hacerse la prueba al menos cada seis meses.<br><\/li><li>Uso de preservativos. Es la manera m\u00e1s f\u00e1cil de protegerse contra el VIH y las ETS. incluso entregaremos <a href=\"https:\/\/hivaz.wpengine.com\/free-condoms\/\" data-type=\"page\" data-id=\"357\">Condones GRATIS<\/a> directamente a usted<br><\/li><li>Dar <a href=\"https:\/\/hivaz.wpengine.com\/hiv-negative\/prep\/\" data-type=\"page\" data-id=\"359\">Profilaxis previa a la exposici\u00f3n<\/a> (PrEP) una mirada seria.<br><br><a href=\"https:\/\/hivaz.wpengine.com\/hiv-negative\/prep\/\" data-type=\"page\" data-id=\"359\">PrEP<\/a> ayuda a prevenir el VIH en personas que han resultado negativas. Reduce el riesgo de contraer el VIH en m\u00e1s de 99%. Use un cond\u00f3n mientras toma la PrEP y estar\u00e1 cerca de la prevenci\u00f3n de ETS 100%.<\/li><\/ul>\n\n\n\n<h3 class=\"wp-block-heading\">RESULTADOS POSITIVOS DE LA PRUEBA<\/h3>\n\n\n\n<p>Si los resultados iniciales de su prueba de VIH son positivos, necesitar\u00e1 otro an\u00e1lisis de sangre para confirmar los resultados. Si los resultados de la prueba de confirmaci\u00f3n tambi\u00e9n son positivos, se le diagnosticar\u00e1 VIH positivo.<\/p>\n\n\n\n<p>Ser diagnosticado con VIH positivo no es el fin del mundo. Con el cuidado adecuado, puede vivir una vida larga, productiva y feliz. <\/p>\n\n\n\n<p>Su cita de atenci\u00f3n inicial lo ayudar\u00e1 a lidiar con el diagn\u00f3stico y aprender\u00e1 lo que significa ser VIH positivo para usted y su salud. Se le derivar\u00e1 a atenci\u00f3n m\u00e9dica y servicios de apoyo. Tambi\u00e9n aprender\u00e1 c\u00f3mo prevenir la transmisi\u00f3n a otros.<\/p>","protected":false},"excerpt":{"rendered":"<p>100% Prevenible100% Tratable RESULTADOS NEGATIVOS DE LA PRUEBA Aprenda los conceptos b\u00e1sicos sobre el VIH y c\u00f3mo puede protegerse. Comprom\u00e9tase a mantenerse VIH negativo. Aseg\u00farate de que tus amigos y relaciones sexuales [\u2026]<\/p>","protected":false},"author":13,"featured_media":0,"parent":381,"menu_order":0,"comment_status":"closed","ping_status":"closed","template":"","meta":{"_et_pb_use_builder":"","_et_pb_old_content":"","_et_gb_content_width":"","footnotes":""},"class_list":["post-393","page","type-page","status-publish","hentry"],"yoast_head":"<!-- This site is optimized with the Yoast SEO plugin v26.1.1 - https:\/\/yoast.com\/wordpress\/plugins\/seo\/ -->\n<title>Next Steps - HIV prevention, care, and resources throughout Arizona. Developed and maintained by Aunt Rita\u2019s Foundation, HIVAZ is dedicated to providing accurate, thorough information to Arizona residents.<\/title>\n<meta name=\"robots\" content=\"index, follow, max-snippet:-1, max-image-preview:large, max-video-preview:-1\" \/>\n<link rel=\"canonical\" href=\"https:\/\/hivaz.org\/es\/get-tested\/next-steps\/\" \/>\n<meta property=\"og:locale\" content=\"es_MX\" \/>\n<meta property=\"og:type\" content=\"article\" \/>\n<meta property=\"og:title\" content=\"Next Steps - HIV prevention, care, and resources throughout Arizona. Developed and maintained by Aunt Rita\u2019s Foundation, HIVAZ is dedicated to providing accurate, thorough information to Arizona residents.\" \/>\n<meta property=\"og:description\" content=\"100% Preventable100% Treatable NEGATIVE TEST RESULTS Learn the basics about HIV and how you can protect yourself. Make a commitment to stay HIV negative. Make sure your friends and sexual [&hellip;]\" \/>\n<meta property=\"og:url\" content=\"https:\/\/hivaz.org\/es\/get-tested\/next-steps\/\" \/>\n<meta property=\"og:site_name\" content=\"HIV prevention, care, and resources throughout Arizona. Developed and maintained by Aunt Rita\u2019s Foundation, HIVAZ is dedicated to providing accurate, thorough information to Arizona residents.\" \/>\n<meta property=\"article:publisher\" content=\"https:\/\/www.facebook.com\/AuntRitasFoundation1\" \/>\n<meta property=\"article:modified_time\" content=\"2020-12-30T00:36:18+00:00\" \/>\n<meta name=\"twitter:card\" content=\"summary_large_image\" \/>\n<meta name=\"twitter:site\" content=\"@auntritas\" \/>\n<script type=\"application\/ld+json\" class=\"yoast-schema-graph\">{\"@context\":\"https:\/\/schema.org\",\"@graph\":[{\"@type\":\"WebPage\",\"@id\":\"https:\/\/hivaz.org\/get-tested\/next-steps\/\",\"url\":\"https:\/\/hivaz.org\/get-tested\/next-steps\/\",\"name\":\"Next Steps - HIV prevention, care, and resources throughout Arizona. Developed and maintained by Aunt Rita\u2019s Foundation, HIVAZ is dedicated to providing accurate, thorough information to Arizona residents.\",\"isPartOf\":{\"@id\":\"https:\/\/hivaz.org\/#website\"},\"datePublished\":\"2020-12-29T01:50:12+00:00\",\"dateModified\":\"2020-12-30T00:36:18+00:00\",\"breadcrumb\":{\"@id\":\"https:\/\/hivaz.org\/get-tested\/next-steps\/#breadcrumb\"},\"inLanguage\":\"es\",\"potentialAction\":[{\"@type\":\"ReadAction\",\"target\":[\"https:\/\/hivaz.org\/get-tested\/next-steps\/\"]}]},{\"@type\":\"BreadcrumbList\",\"@id\":\"https:\/\/hivaz.org\/get-tested\/next-steps\/#breadcrumb\",\"itemListElement\":[{\"@type\":\"ListItem\",\"position\":1,\"name\":\"Home\",\"item\":\"https:\/\/hivaz.org\/\"},{\"@type\":\"ListItem\",\"position\":2,\"name\":\"Don&#8217;t Know Your Status?\",\"item\":\"https:\/\/hivaz.org\/get-tested\/\"},{\"@type\":\"ListItem\",\"position\":3,\"name\":\"Next Steps\"}]},{\"@type\":\"WebSite\",\"@id\":\"https:\/\/hivaz.org\/#website\",\"url\":\"https:\/\/hivaz.org\/\",\"name\":\"HIV prevention, care, and resources throughout Arizona. Developed and maintained by Aunt Rita\u2019s Foundation, HIVAZ is dedicated to providing accurate, thorough information to Arizona residents.\",\"description\":\"Everyone, regardless of HIV status, is deserving of empathetic, competent care and education without prejudice or stigma.\",\"publisher\":{\"@id\":\"https:\/\/hivaz.org\/#organization\"},\"potentialAction\":[{\"@type\":\"SearchAction\",\"target\":{\"@type\":\"EntryPoint\",\"urlTemplate\":\"https:\/\/hivaz.org\/?s={search_term_string}\"},\"query-input\":{\"@type\":\"PropertyValueSpecification\",\"valueRequired\":true,\"valueName\":\"search_term_string\"}}],\"inLanguage\":\"es\"},{\"@type\":\"Organization\",\"@id\":\"https:\/\/hivaz.org\/#organization\",\"name\":\"Aunt Rita's Foundation\",\"url\":\"https:\/\/hivaz.org\/\",\"logo\":{\"@type\":\"ImageObject\",\"inLanguage\":\"es\",\"@id\":\"https:\/\/hivaz.org\/#\/schema\/logo\/image\/\",\"url\":\"https:\/\/hivaz.org\/wp-content\/uploads\/2022\/05\/Aunt-Ritas-Foundation-Logo-Tagline-01-300x202-1.png\",\"contentUrl\":\"https:\/\/hivaz.org\/wp-content\/uploads\/2022\/05\/Aunt-Ritas-Foundation-Logo-Tagline-01-300x202-1.png\",\"width\":300,\"height\":202,\"caption\":\"Aunt Rita's Foundation\"},\"image\":{\"@id\":\"https:\/\/hivaz.org\/#\/schema\/logo\/image\/\"},\"sameAs\":[\"https:\/\/www.facebook.com\/AuntRitasFoundation1\",\"https:\/\/x.com\/auntritas\"]}]}<\/script>\n<!-- \/ Yoast SEO plugin. -->","yoast_head_json":{"title":"Pr\u00f3ximos pasos: prevenci\u00f3n, atenci\u00f3n y recursos sobre el VIH en todo Arizona. Desarrollado y mantenido por la Fundaci\u00f3n T\u00eda Rita, HIVAZ se dedica a proporcionar informaci\u00f3n precisa y completa a los residentes de Arizona.","robots":{"index":"index","follow":"follow","max-snippet":"max-snippet:-1","max-image-preview":"max-image-preview:large","max-video-preview":"max-video-preview:-1"},"canonical":"https:\/\/hivaz.org\/es\/get-tested\/next-steps\/","og_locale":"es_MX","og_type":"article","og_title":"Next Steps - HIV prevention, care, and resources throughout Arizona. Developed and maintained by Aunt Rita\u2019s Foundation, HIVAZ is dedicated to providing accurate, thorough information to Arizona residents.","og_description":"100% Preventable100% Treatable NEGATIVE TEST RESULTS Learn the basics about HIV and how you can protect yourself. Make a commitment to stay HIV negative. Make sure your friends and sexual [&hellip;]","og_url":"https:\/\/hivaz.org\/es\/get-tested\/next-steps\/","og_site_name":"HIV prevention, care, and resources throughout Arizona. Developed and maintained by Aunt Rita\u2019s Foundation, HIVAZ is dedicated to providing accurate, thorough information to Arizona residents.","article_publisher":"https:\/\/www.facebook.com\/AuntRitasFoundation1","article_modified_time":"2020-12-30T00:36:18+00:00","twitter_card":"summary_large_image","twitter_site":"@auntritas","schema":{"@context":"https:\/\/schema.org","@graph":[{"@type":"WebPage","@id":"https:\/\/hivaz.org\/get-tested\/next-steps\/","url":"https:\/\/hivaz.org\/get-tested\/next-steps\/","name":"Pr\u00f3ximos pasos: prevenci\u00f3n, atenci\u00f3n y recursos sobre el VIH en todo Arizona. Desarrollado y mantenido por la Fundaci\u00f3n T\u00eda Rita, HIVAZ se dedica a proporcionar informaci\u00f3n precisa y completa a los residentes de Arizona.","isPartOf":{"@id":"https:\/\/hivaz.org\/#website"},"datePublished":"2020-12-29T01:50:12+00:00","dateModified":"2020-12-30T00:36:18+00:00","breadcrumb":{"@id":"https:\/\/hivaz.org\/get-tested\/next-steps\/#breadcrumb"},"inLanguage":"es","potentialAction":[{"@type":"ReadAction","target":["https:\/\/hivaz.org\/get-tested\/next-steps\/"]}]},{"@type":"BreadcrumbList","@id":"https:\/\/hivaz.org\/get-tested\/next-steps\/#breadcrumb","itemListElement":[{"@type":"ListItem","position":1,"name":"Home","item":"https:\/\/hivaz.org\/"},{"@type":"ListItem","position":2,"name":"Don&#8217;t Know Your Status?","item":"https:\/\/hivaz.org\/get-tested\/"},{"@type":"ListItem","position":3,"name":"Next Steps"}]},{"@type":"WebSite","@id":"https:\/\/hivaz.org\/#website","url":"https:\/\/hivaz.org\/","name":"Prevenci\u00f3n, atenci\u00f3n y recursos del VIH en todo Arizona. Desarrollado y mantenido por la Fundaci\u00f3n Aunt Rita, HIVAZ se dedica a brindar informaci\u00f3n precisa y completa a los residentes de Arizona.","description":"Todas las personas, independientemente de su estado serol\u00f3gico respecto del VIH, merecen atenci\u00f3n y educaci\u00f3n emp\u00e1ticas y competentes sin prejuicios ni estigmas.","publisher":{"@id":"https:\/\/hivaz.org\/#organization"},"potentialAction":[{"@type":"SearchAction","target":{"@type":"EntryPoint","urlTemplate":"https:\/\/hivaz.org\/?s={search_term_string}"},"query-input":{"@type":"PropertyValueSpecification","valueRequired":true,"valueName":"search_term_string"}}],"inLanguage":"es"},{"@type":"Organization","@id":"https:\/\/hivaz.org\/#organization","name":"Fundaci\u00f3n de la t\u00eda Rita","url":"https:\/\/hivaz.org\/","logo":{"@type":"ImageObject","inLanguage":"es","@id":"https:\/\/hivaz.org\/#\/schema\/logo\/image\/","url":"https:\/\/hivaz.org\/wp-content\/uploads\/2022\/05\/Aunt-Ritas-Foundation-Logo-Tagline-01-300x202-1.png","contentUrl":"https:\/\/hivaz.org\/wp-content\/uploads\/2022\/05\/Aunt-Ritas-Foundation-Logo-Tagline-01-300x202-1.png","width":300,"height":202,"caption":"Aunt Rita's Foundation"},"image":{"@id":"https:\/\/hivaz.org\/#\/schema\/logo\/image\/"},"sameAs":["https:\/\/www.facebook.com\/AuntRitasFoundation1","https:\/\/x.com\/auntritas"]}]}},"_links":{"self":[{"href":"https:\/\/hivaz.org\/es\/wp-json\/wp\/v2\/pages\/393","targetHints":{"allow":["GET"]}}],"collection":[{"href":"https:\/\/hivaz.org\/es\/wp-json\/wp\/v2\/pages"}],"about":[{"href":"https:\/\/hivaz.org\/es\/wp-json\/wp\/v2\/types\/page"}],"author":[{"embeddable":true,"href":"https:\/\/hivaz.org\/es\/wp-json\/wp\/v2\/users\/13"}],"replies":[{"embeddable":true,"href":"https:\/\/hivaz.org\/es\/wp-json\/wp\/v2\/comments?post=393"}],"version-history":[{"count":0,"href":"https:\/\/hivaz.org\/es\/wp-json\/wp\/v2\/pages\/393\/revisions"}],"up":[{"embeddable":true,"href":"https:\/\/hivaz.org\/es\/wp-json\/wp\/v2\/pages\/381"}],"wp:attachment":[{"href":"https:\/\/hivaz.org\/es\/wp-json\/wp\/v2\/media?parent=393"}],"curies":[{"name":"wp","href":"https:\/\/api.w.org\/{rel}","templated":true}]}}