{"id":423,"date":"2020-12-28T19:56:49","date_gmt":"2020-12-29T02:56:49","guid":{"rendered":"https:\/\/hivaz.wpengine.com\/?page_id=423"},"modified":"2022-05-18T08:39:09","modified_gmt":"2022-05-18T15:39:09","slug":"u-u","status":"publish","type":"page","link":"https:\/\/hivaz.org\/es\/u-u\/","title":{"rendered":"I = I"},"content":{"rendered":"[et_pb_section fb_built=\u201d1\u2033 fullwidth=\u201don\u201d admin_label=\u201dEncabezado de secci\u00f3n de ancho completo\u201d _builder_version=\u201d4.16\u2033 _module_preset=\u201ddefault\u201d background_color_gradient_start=\u201drgba(255,255,255,0.66)\u201d background_color_gradient_end=\u201drgba(255,255,825)\u201dbackground_image. =\u201dhttps:\/\/hivaz.org\/wp-content\/uploads\/2022\/03\/uu-hero.png\u201d background_position=\u201dtop_center\u201d min_height=\u201d600px\u201d min_height_tablet=\u201d600px\u201d min_height_phone=\u201d140px\u201d min_height_last_edited=\u201don |phone\u201d height_tablet=\u201d\u201d height_phone=\u201d\u201d height_last_edited=\u201don|phone\u201d custom_padding=\u201d||||false|false\u201d background_color_phone=\u201drgba(229,237,239,0.71)\u201d background_last_edited=\u201don|phone\u201d background_enable_color_phone=\u201don \u201d use_background_color_gradient_phone=\u201doff\u201d background_color_gradient_stops_phone=\u201d#ffffff 0%|rgba(255,255,255,0.96) 100%\u201d background_color_gradient_start_phone=\u201d#ffffff\u201d background_color_gradient_end_phone=\u201drgba(255,255,255\u201d,https:\/\/phone-image_z.96)content uploads\/2022\/03\/uu-h\u00e9roe.png\u201d bac kground_enable_image_phone=\u201don\u201d global_colors_info=\u201d{}\u201d][et_pb_fullwidth_header title=\u201dU=U\u201d subhead=\u201dIndetectable = No transmisible\u201d content_max_width=\u201d40%\u201d content_max_width_tablet=\u201d33%\u201d content_max_width_phone=\u201d100%\u201d content_max_width_on|_edited= _builder_version=\u201d4.16\u2033 _module_preset=\u201ddefault\u201d title_level=\u201dh2\u2033 title_font=\u201dMontserrat|700|||||||\u201d title_text_color=\u201d#FFFFFFF\u201d title_font_size=\u201d52px\u201d subhead_font=\u201dMontserrat|700||en|||||\u201d subhead_text_color=\u201d#000000\u2033 subhead_font_size=\u201d29px\u201d subhead_line_height=\u201d1.2em\u201d background_color=\u201dRGBA(255,255,255,0)\u201d background_layout=\u201dlight\u201d min_height_tablet=\u201d\u201d min_height_phone=\u201d\u201d min_height_last_edited=\u201don|phone\u201d custom_padding=\u201d12% ||12%||falso|falso\u201d custom_padding_tablet=\u201d||||falso|falso\u201d custom_padding_phone=\u201d||||falso|falso\u201d custom_padding_last_edited=\u201den|tableta\u201d title_font_size_tablet=\u201d31px\u201d title_font_size_phone=\u201d24px\u201d title_font_size_last_edited= \u201don|phone\u201d subhead_font_size_tablet=\u201d21px\u201d subhead_font_size_phone=\u201d20px\u201d subhead_font_size_last_edited=\u201don|tablet\u201d background_last_edited=\u201don|phone\u201d background_enable_color_phone=\u201doff\u201d use_background_color_gradient_phone=\u201don\u201d background_color_gradient_stops_phone=\u201drgba(255,255,255)|0.85T rgba(255,255,255,0.86) 100%\u201d background_color_gradient_start_phone=\u201drgba(255,255,255,0.85)\u201d background_color_gradient_end_phone=\u201drgba(255,255,255,0.86)\u201d background_enable_image_phone=\u201doff\u201d global_colors_info=\u201d{}\u201d_f ullwidth_header][\/et_pb_section][et_pb_section fb_built=\u201d1\u2033 admin_label=\u201dContent Section\u201d module_class=\u201d.pa-parallax-background-image-size .et_parallax_bg\u201d _builder_version=\u201d4.16\u2033 background_image=\u201dhttps:\/\/hivaz.org \/wp-content\/uploads\/2022\/03\/lower-page-dots.png\u201d background_size=\u201dcontain\u201d background_last_edited=\u201don|tablet\u201d background_enable_image_tablet=\u201doff\u201d background_enable_image_phone=\u201doff\u201d global_colors_info=\u201d{}\u201d background__hover_enabled=\u201d on|desktop\u201d][et_pb_row column_structure=\u201d2_3,1_3\u2033 use_custom_gutter=\u201don\u201d gutter_width=\u201d2\u2033 custom_padding_last_edited=\u201don|tablet\u201d admin_label=\u201dContent Row\u201d _builder_version=\u201d4.16\u2033 background_size=\u201dinitial\u201d background_position=\u201d top_left\u201d background_repeat=\u201drepetir\u201d custom_padding_tablet=\u201d5px||||false|false\u201d custom_padding_phone=\u201d5px||||false|false\u201d global_colors_info=\u201d{}\u201d][et_pb_column type=\u201d2_3\u2033 _builder_version=\u201d4.16\u2033 custom_padding=\u201d|||\u201d global_colors_info=\u201d{}\u201d custom_padding__hover=\u201d|||\u201d][et_pb_text ul_item_indent=\u201d20px\u201d admin_label=\u201dContenido principal\u201d _builder_version=\u201d4.16.0\u2033 _module_preset=\u201dpredeterminado\u201d ul_line_height=\u201d1.4em\u201d header_font=\u201d|700 |||||||\u201d header_2_font=\u201d|700|||||||\u201d text_font_size_phone=\u201d16px\u201d ul_font_size_tablet=\u201d20px\u201d ul_font_size_phone=\u201d16px\u201d ul_font_size_last_edited=\u201den|tableta\u201d header_font_size_phone=\u201d24px\u201d header_2_font_size_tablet=\u201d\u201d header_2_font_size_phone=\u201d\u201d header_2_font_size_last_edited=\u201den|tel\u00e9fono\u201d global_color}\u201d]_info=\u201d{<p><\/p>\n<h2 class=\"wp-block-heading\">Indetectable = Intransmisible<\/h2>\n<p><\/p>\n<p>La ciencia es clara.<\/p>\n<p>Las personas que viven con el VIH pueden estar seguras de que si tienen una carga viral indetectable y toman sus medicamentos seg\u00fan lo recetado, <strong>no transmitir\u00e1n el VIH <\/strong>a las parejas sexuales. <em>I = I<\/em> medio <em>Indetectable = Intransmisible<\/em>.<\/p>\n<p>U=U ofrece libertad y esperanza. Para muchas personas que viven con el VIH y sus parejas, U=U abre opciones sociales, sexuales y reproductivas que nunca pensaron que ser\u00edan posibles. Es una oportunidad sin precedentes para transformar la vida de las personas con VIH y el campo:<\/p>\n<p><\/p>\n<ul class=\"wp-block-list\">\n<li>Reduce la verg\u00fcenza y el miedo a la transmisi\u00f3n sexual y abre posibilidades para concebir hijos sin medios alternativos de inseminaci\u00f3n.<\/li>\n<li>Desmantela el estigma del VIH a nivel comunitario, cl\u00ednico y personal.<\/li>\n<li>Alienta a las personas que viven con el VIH a comenzar y continuar el tratamiento para mantener su salud y la de sus parejas.<\/li>\n<li>Ofrece un fuerte argumento de salud p\u00fablica para el acceso universal al diagn\u00f3stico, tratamiento y atenci\u00f3n para salvar vidas y acercarnos a poner fin a la epidemia.<\/li>\n<\/ul>\n<p><\/p>\n<p>Si vive con el VIH, tome el control de su vida con la adherencia a los medicamentos y el objetivo de ser viralmente indetectable.<\/p>\n<p>Si amas a alguien que vive con el VIH, celebra que t\u00fa tambi\u00e9n est\u00e1s protegido si tu pareja tiene una carga viral indetectable.<\/p>\n<p><\/p>\n<p><\/p>\n<h3 class=\"wp-block-heading\">Aprende m\u00e1s<\/h3>\n<p><\/p>\n<ul class=\"wp-block-list\">\n<li>CENTROS PARA EL CONTROL Y LA PREVENCI\u00d3N DE ENFERMEDADES - <a href=\"https:\/\/www.cdc.gov\/hiv\/pdf\/risk\/art\/The-Journey-to-Undetectable-Brochure.pdf\">Folleto El viaje a lo indetectable<\/a><\/li>\n<li>CENTROS PARA EL CONTROL Y LA PREVENCI\u00d3N DE ENFERMEDADES - <a href=\"https:\/\/www.cdc.gov\/hiv\/risk\/art\/index.html\">Tratamiento del VIH como prevenci\u00f3n<\/a><\/li>\n<li><a href=\"https:\/\/www.preventionaccess.org\/\">Campa\u00f1a de acceso a la prevenci\u00f3n<\/a><\/li>\n<\/ul>\n<p><\/p>\n<p><\/p>\n<h3 class=\"wp-block-heading\">\u00bfPreguntas?<\/h3>\n<p><\/p>\n<p>P\u00f3ngase en contacto con la Fundaci\u00f3n de la t\u00eda Rita en <a href=\"tel:602-903-1221\">(602) 903-1221<\/a> o <a href=\"mailto:connect@hivaz.org\">connect@hivaz.org<\/a><\/p>\n<p><\/p>[\/et_pb_text][\/et_pb_column][et_pb_column type=\u201d1_3\u2033 _builder_version=\u201d4.16\u2033 background_color=\u201d#cbdfe1\u2033 custom_padding=\u201d20px|20px|20px|20px|false|false\u201d border_radii=\u201doff|20px|20px|20px |20px\u201d global_colors_info=\u201d{}\u201d custom_padding__hover=\u201d|||\u201d][et_pb_text admin_label=\u201dEncabezado de la barra lateral\u201d _builder_version=\u201d4.16\u2033 _module_preset=\u201d021209c3-8a8b-4f8a-a07a-c747310fb902\u2033 Saved_tabs=\u201dall\u201d global_colors_info= \u201d{}\u201d]<h1>Recursos<\/h1>[\/et_pb_text][et_pb_menu menu_id=&#8221;37&#8243; active_link_color=&#8221;gcid-73d8ac0c-cd9a-4d4e-8b93-105ba7631331&#8243; _builder_version=&#8221;4.17.4&#8243; _module_preset=&#8221;default&#8221; menu_font=&#8221;Montserrat|700|||||||&#8221; menu_text_color=&#8221;gcid-87279394-6308-41fb-8034-a74a095a19a0&#8243; menu_font_size=&#8221;20px&#8221; menu_line_height=&#8221;1.1em&#8221; background_enable_color=&#8221;off&#8221; width=&#8221;100%&#8221; hover_enabled=&#8221;0&#8243; custom_css_main_element=&#8221;width:100%!important;&#8221; custom_css_menu_link=&#8221;background-color: rgba(255,255,255,0.71);||padding: .5em 2em .5em 1em;||border-radius:8px;||||||&#8221; custom_css_active_menu_link=&#8221;background-color: rgba(255,255,255,1);||padding: .5em 2em .5em 1em;||border-radius:8px;&#8221; global_colors_info=&#8221;{%22gcid-73d8ac0c-cd9a-4d4e-8b93-105ba7631331%22:%91%22active_link_color%22,%22menu_text_color__hover%22%93,%22gcid-87279394-6308-41fb-8034-a74a095a19a0%22:%91%22menu_text_color%22%93}&#8221; menu_text_color__hover_enabled=&#8221;on|desktop&#8221; menu_text_color__hover=&#8221;#e14f25&#8243; module_class=&#8221;lwp-hide-mobile-menu&#8221; sticky_enabled=&#8221;0&#8243;][\/et_pb_menu][et_pb_cta title=&#8221;AZ 2022-2026 HIV\/STI\/HEP C Integrated Plan&#8221; button_url=&#8221;@ET-DC@eyJkeW5hbWljIjp0cnVlLCJjb250ZW50IjoicG9zdF9saW5rX3VybF9wYWdlIiwic2V0dGluZ3MiOnsicG9zdF9pZCI6IjIzMTE4MyJ9fQ==@&#8221; button_text=&#8221;Learn More&#8221; admin_label=&#8221;Integrated Plan&#8221; _builder_version=&#8221;4.15.1&#8243; _dynamic_attributes=&#8221;button_url&#8221; _module_preset=&#8221;default&#8221; header_font=&#8221;Montserrat|700|||||||&#8221; header_font_size=&#8221;18px&#8221; header_line_height=&#8221;1.2em&#8221; body_font=&#8221;Montserrat|700|||||||&#8221; background_color=&#8221;gcid-87279394-6308-41fb-8034-a74a095a19a0&#8243; custom_button=&#8221;on&#8221; button_text_color=&#8221;#FFFFFF&#8221; button_bg_color=&#8221;gcid-73d8ac0c-cd9a-4d4e-8b93-105ba7631331&#8243; button_border_width=&#8221;0px&#8221; button_border_radius=&#8221;8px&#8221; button_font=&#8221;Montserrat|700|||||||&#8221; custom_margin=&#8221;24px||||false|false&#8221; custom_padding=&#8221;20px||20px||true|false&#8221; custom_css_promo_button=&#8221;width:100%;&#8221; border_radii=&#8221;on|10px|10px|10px|10px&#8221; global_module=&#8221;231341&#8243; saved_tabs=&#8221;all&#8221; global_colors_info=&#8221;{%22gcid-87279394-6308-41fb-8034-a74a095a19a0%22:%91%22background_color%22%93,%22gcid-73d8ac0c-cd9a-4d4e-8b93-105ba7631331%22:%91%22button_bg_color%22%93}&#8221;][\/et_pb_cta][\/et_pb_column][\/et_pb_row][\/et_pb_section]","protected":false},"excerpt":{"rendered":"<p>Indetectable = Intransmisible La ciencia es clara. Las personas que viven con el VIH pueden estar seguras de que si tienen una carga viral indetectable y toman sus medicamentos seg\u00fan lo recetado, [\u2026]<\/p>","protected":false},"author":13,"featured_media":0,"parent":0,"menu_order":0,"comment_status":"closed","ping_status":"closed","template":"","meta":{"_et_pb_use_builder":"on","_et_pb_old_content":"<!-- wp:heading -->\r\n<h2>Undetectable = Untransmittable<\/h2>\r\n<!-- \/wp:heading -->\r\n\r\n<!-- wp:paragraph -->\r\n<p>The science is clear. <\/p>\r\n<!-- \/wp:paragraph -->\r\n\r\n<!-- wp:paragraph -->\r\n<p>People living with HIV can feel confident that if they have an undetectable viral load and take their medications as prescribed, <strong>they will not pass on HIV <\/strong>to sexual partners. <em>U=U<\/em> means <em>Undetectable = Untransmittable<\/em>.<\/p>\r\n<!-- \/wp:paragraph -->\r\n\r\n<!-- wp:paragraph -->\r\n<p>U=U offers freedom and hope. For many people living with HIV and their partners, U=U opens up social, sexual, and reproductive choices they never thought would be possible. It is an unprecedented opportunity to transform the lives of people with HIV and the field:<\/p>\r\n<!-- \/wp:paragraph -->\r\n\r\n<!-- wp:list -->\r\n<ul><li>Reduces the shame and fear of sexual transmission and opens up possibilities for conceiving children without alternative means of insemination.<br><\/li><li>Dismantles HIV stigma on the community, clinical, and personal level.<br><\/li><li>Encourages people living with HIV to start and stay on treatment to keep them and their partners healthy.<br><\/li><li>Offers a strong public health argument for universal access to diagnostics, treatment, and care to save lives and bring us closer to ending the epidemic.<\/li><\/ul>\r\n<!-- \/wp:list -->\r\n\r\n<!-- wp:paragraph -->\r\n<p>If you are living with HIV take control of your life with medication adherence and a goal to be virally undetectable. <\/p>\r\n<!-- \/wp:paragraph -->\r\n\r\n<!-- wp:paragraph -->\r\n<p>If you love someone living with HIV, celebrate that you too are protected if your partner has an undetectable viral load.<\/p>\r\n<!-- \/wp:paragraph -->\r\n\r\n<!-- wp:heading {\"level\":3} -->\r\n<h3>Learn More<\/h3>\r\n<!-- \/wp:heading -->\r\n\r\n<!-- wp:list -->\r\n<ul><li>CDC - <a href=\"https:\/\/www.cdc.gov\/hiv\/pdf\/risk\/art\/The-Journey-to-Undetectable-Brochure.pdf\">The Journey To Undetectable Brochure<\/a><\/li><li>CDC - <a href=\"https:\/\/www.cdc.gov\/hiv\/risk\/art\/index.html\">HIV Treatment as Prevention<\/a><\/li><li><a href=\"https:\/\/www.preventionaccess.org\/\">Prevention Access Campaign<\/a><\/li><\/ul>\r\n<!-- \/wp:list -->\r\n\r\n<!-- wp:heading {\"level\":3} -->\r\n<h3>Questions?<\/h3>\r\n<!-- \/wp:heading -->\r\n\r\n<!-- wp:paragraph -->\r\n<p>Contact Aunt Rita\u2019s Foundation at <a href=\"tel:602-903-1221\">(602) 903-1221<\/a> or <a href=\"mailto:connect@hivaz.org\">connect@hivaz.org<\/a><\/p>\r\n<!-- \/wp:paragraph -->","_et_gb_content_width":"","footnotes":""},"class_list":["post-423","page","type-page","status-publish","hentry"],"yoast_head":"<!-- This site is optimized with the Yoast SEO plugin v26.1.1 - https:\/\/yoast.com\/wordpress\/plugins\/seo\/ -->\n<title>U = U - HIV prevention, care, and resources throughout Arizona. Developed and maintained by Aunt Rita\u2019s Foundation, HIVAZ is dedicated to providing accurate, thorough information to Arizona residents.<\/title>\n<meta name=\"robots\" content=\"index, follow, max-snippet:-1, max-image-preview:large, max-video-preview:-1\" \/>\n<link rel=\"canonical\" href=\"https:\/\/hivaz.org\/es\/u-u\/\" \/>\n<meta property=\"og:locale\" content=\"es_MX\" \/>\n<meta property=\"og:type\" content=\"article\" \/>\n<meta property=\"og:title\" content=\"U = U - HIV prevention, care, and resources throughout Arizona. Developed and maintained by Aunt Rita\u2019s Foundation, HIVAZ is dedicated to providing accurate, thorough information to Arizona residents.\" \/>\n<meta property=\"og:description\" content=\"Undetectable = Untransmittable The science is clear. People living with HIV can feel confident that if they have an undetectable viral load and take their medications as prescribed, they will [&hellip;]\" \/>\n<meta property=\"og:url\" content=\"https:\/\/hivaz.org\/es\/u-u\/\" \/>\n<meta property=\"og:site_name\" content=\"HIV prevention, care, and resources throughout Arizona. Developed and maintained by Aunt Rita\u2019s Foundation, HIVAZ is dedicated to providing accurate, thorough information to Arizona residents.\" \/>\n<meta property=\"article:publisher\" content=\"https:\/\/www.facebook.com\/AuntRitasFoundation1\" \/>\n<meta property=\"article:modified_time\" content=\"2022-05-18T15:39:09+00:00\" \/>\n<meta name=\"twitter:card\" content=\"summary_large_image\" \/>\n<meta name=\"twitter:site\" content=\"@auntritas\" \/>\n<script type=\"application\/ld+json\" class=\"yoast-schema-graph\">{\"@context\":\"https:\/\/schema.org\",\"@graph\":[{\"@type\":\"WebPage\",\"@id\":\"https:\/\/hivaz.org\/u-u\/\",\"url\":\"https:\/\/hivaz.org\/u-u\/\",\"name\":\"U = U - HIV prevention, care, and resources throughout Arizona. Developed and maintained by Aunt Rita\u2019s Foundation, HIVAZ is dedicated to providing accurate, thorough information to Arizona residents.\",\"isPartOf\":{\"@id\":\"https:\/\/hivaz.org\/#website\"},\"datePublished\":\"2020-12-29T02:56:49+00:00\",\"dateModified\":\"2022-05-18T15:39:09+00:00\",\"breadcrumb\":{\"@id\":\"https:\/\/hivaz.org\/u-u\/#breadcrumb\"},\"inLanguage\":\"es\",\"potentialAction\":[{\"@type\":\"ReadAction\",\"target\":[\"https:\/\/hivaz.org\/u-u\/\"]}]},{\"@type\":\"BreadcrumbList\",\"@id\":\"https:\/\/hivaz.org\/u-u\/#breadcrumb\",\"itemListElement\":[{\"@type\":\"ListItem\",\"position\":1,\"name\":\"Home\",\"item\":\"https:\/\/hivaz.org\/\"},{\"@type\":\"ListItem\",\"position\":2,\"name\":\"U = U\"}]},{\"@type\":\"WebSite\",\"@id\":\"https:\/\/hivaz.org\/#website\",\"url\":\"https:\/\/hivaz.org\/\",\"name\":\"HIV prevention, care, and resources throughout Arizona. Developed and maintained by Aunt Rita\u2019s Foundation, HIVAZ is dedicated to providing accurate, thorough information to Arizona residents.\",\"description\":\"Everyone, regardless of HIV status, is deserving of empathetic, competent care and education without prejudice or stigma.\",\"publisher\":{\"@id\":\"https:\/\/hivaz.org\/#organization\"},\"potentialAction\":[{\"@type\":\"SearchAction\",\"target\":{\"@type\":\"EntryPoint\",\"urlTemplate\":\"https:\/\/hivaz.org\/?s={search_term_string}\"},\"query-input\":{\"@type\":\"PropertyValueSpecification\",\"valueRequired\":true,\"valueName\":\"search_term_string\"}}],\"inLanguage\":\"es\"},{\"@type\":\"Organization\",\"@id\":\"https:\/\/hivaz.org\/#organization\",\"name\":\"Aunt Rita's Foundation\",\"url\":\"https:\/\/hivaz.org\/\",\"logo\":{\"@type\":\"ImageObject\",\"inLanguage\":\"es\",\"@id\":\"https:\/\/hivaz.org\/#\/schema\/logo\/image\/\",\"url\":\"https:\/\/hivaz.org\/wp-content\/uploads\/2022\/05\/Aunt-Ritas-Foundation-Logo-Tagline-01-300x202-1.png\",\"contentUrl\":\"https:\/\/hivaz.org\/wp-content\/uploads\/2022\/05\/Aunt-Ritas-Foundation-Logo-Tagline-01-300x202-1.png\",\"width\":300,\"height\":202,\"caption\":\"Aunt Rita's Foundation\"},\"image\":{\"@id\":\"https:\/\/hivaz.org\/#\/schema\/logo\/image\/\"},\"sameAs\":[\"https:\/\/www.facebook.com\/AuntRitasFoundation1\",\"https:\/\/x.com\/auntritas\"]}]}<\/script>\n<!-- \/ Yoast SEO plugin. -->","yoast_head_json":{"title":"U = U - HIV prevention, care, and resources throughout Arizona. Developed and maintained by Aunt Rita\u2019s Foundation, HIVAZ is dedicated to providing accurate, thorough information to Arizona residents.","robots":{"index":"index","follow":"follow","max-snippet":"max-snippet:-1","max-image-preview":"max-image-preview:large","max-video-preview":"max-video-preview:-1"},"canonical":"https:\/\/hivaz.org\/es\/u-u\/","og_locale":"es_MX","og_type":"article","og_title":"U = U - HIV prevention, care, and resources throughout Arizona. Developed and maintained by Aunt Rita\u2019s Foundation, HIVAZ is dedicated to providing accurate, thorough information to Arizona residents.","og_description":"Undetectable = Untransmittable The science is clear. People living with HIV can feel confident that if they have an undetectable viral load and take their medications as prescribed, they will [&hellip;]","og_url":"https:\/\/hivaz.org\/es\/u-u\/","og_site_name":"HIV prevention, care, and resources throughout Arizona. Developed and maintained by Aunt Rita\u2019s Foundation, HIVAZ is dedicated to providing accurate, thorough information to Arizona residents.","article_publisher":"https:\/\/www.facebook.com\/AuntRitasFoundation1","article_modified_time":"2022-05-18T15:39:09+00:00","twitter_card":"summary_large_image","twitter_site":"@auntritas","schema":{"@context":"https:\/\/schema.org","@graph":[{"@type":"WebPage","@id":"https:\/\/hivaz.org\/u-u\/","url":"https:\/\/hivaz.org\/u-u\/","name":"U = U - HIV prevention, care, and resources throughout Arizona. Developed and maintained by Aunt Rita\u2019s Foundation, HIVAZ is dedicated to providing accurate, thorough information to Arizona residents.","isPartOf":{"@id":"https:\/\/hivaz.org\/#website"},"datePublished":"2020-12-29T02:56:49+00:00","dateModified":"2022-05-18T15:39:09+00:00","breadcrumb":{"@id":"https:\/\/hivaz.org\/u-u\/#breadcrumb"},"inLanguage":"es","potentialAction":[{"@type":"ReadAction","target":["https:\/\/hivaz.org\/u-u\/"]}]},{"@type":"BreadcrumbList","@id":"https:\/\/hivaz.org\/u-u\/#breadcrumb","itemListElement":[{"@type":"ListItem","position":1,"name":"Home","item":"https:\/\/hivaz.org\/"},{"@type":"ListItem","position":2,"name":"U = U"}]},{"@type":"WebSite","@id":"https:\/\/hivaz.org\/#website","url":"https:\/\/hivaz.org\/","name":"Prevenci\u00f3n, atenci\u00f3n y recursos del VIH en todo Arizona. Desarrollado y mantenido por la Fundaci\u00f3n Aunt Rita, HIVAZ se dedica a brindar informaci\u00f3n precisa y completa a los residentes de Arizona.","description":"Todas las personas, independientemente de su estado serol\u00f3gico respecto del VIH, merecen atenci\u00f3n y educaci\u00f3n emp\u00e1ticas y competentes sin prejuicios ni estigmas.","publisher":{"@id":"https:\/\/hivaz.org\/#organization"},"potentialAction":[{"@type":"SearchAction","target":{"@type":"EntryPoint","urlTemplate":"https:\/\/hivaz.org\/?s={search_term_string}"},"query-input":{"@type":"PropertyValueSpecification","valueRequired":true,"valueName":"search_term_string"}}],"inLanguage":"es"},{"@type":"Organization","@id":"https:\/\/hivaz.org\/#organization","name":"Fundaci\u00f3n de la t\u00eda Rita","url":"https:\/\/hivaz.org\/","logo":{"@type":"ImageObject","inLanguage":"es","@id":"https:\/\/hivaz.org\/#\/schema\/logo\/image\/","url":"https:\/\/hivaz.org\/wp-content\/uploads\/2022\/05\/Aunt-Ritas-Foundation-Logo-Tagline-01-300x202-1.png","contentUrl":"https:\/\/hivaz.org\/wp-content\/uploads\/2022\/05\/Aunt-Ritas-Foundation-Logo-Tagline-01-300x202-1.png","width":300,"height":202,"caption":"Aunt Rita's Foundation"},"image":{"@id":"https:\/\/hivaz.org\/#\/schema\/logo\/image\/"},"sameAs":["https:\/\/www.facebook.com\/AuntRitasFoundation1","https:\/\/x.com\/auntritas"]}]}},"_links":{"self":[{"href":"https:\/\/hivaz.org\/es\/wp-json\/wp\/v2\/pages\/423","targetHints":{"allow":["GET"]}}],"collection":[{"href":"https:\/\/hivaz.org\/es\/wp-json\/wp\/v2\/pages"}],"about":[{"href":"https:\/\/hivaz.org\/es\/wp-json\/wp\/v2\/types\/page"}],"author":[{"embeddable":true,"href":"https:\/\/hivaz.org\/es\/wp-json\/wp\/v2\/users\/13"}],"replies":[{"embeddable":true,"href":"https:\/\/hivaz.org\/es\/wp-json\/wp\/v2\/comments?post=423"}],"version-history":[{"count":0,"href":"https:\/\/hivaz.org\/es\/wp-json\/wp\/v2\/pages\/423\/revisions"}],"wp:attachment":[{"href":"https:\/\/hivaz.org\/es\/wp-json\/wp\/v2\/media?parent=423"}],"curies":[{"name":"wp","href":"https:\/\/api.w.org\/{rel}","templated":true}]}}