{"id":554,"date":"2021-05-11T10:43:48","date_gmt":"2021-05-11T17:43:48","guid":{"rendered":"https:\/\/hivaz.wpengine.com\/?page_id=554"},"modified":"2022-02-02T12:24:18","modified_gmt":"2022-02-02T19:24:18","slug":"survey-done","status":"publish","type":"page","link":"https:\/\/hivaz.org\/es\/survey-done\/","title":{"rendered":"\u00a1Encuesta terminada!"},"content":{"rendered":"<p>Gracias por completar la encuesta, la informaci\u00f3n que proporcion\u00f3 ayudar\u00e1 a mejorar los programas que se ofrecen a todos los arizonenses para la prevenci\u00f3n del VIH y el acceso a la atenci\u00f3n. \u00a1Marque estos pr\u00f3ximos pasos a medida que completa la lista!<\/p>\n\n\n\n<h2 class=\"wp-block-heading\" id=\"next-steps\"><strong><span class=\"has-inline-color has-vivid-purple-color\">PR\u00d3XIMOS PASOS <\/span><\/strong><\/h2>\n\n\n\n<p><strong><mark style=\"background-color:rgba(0, 0, 0, 0)\" class=\"has-inline-color has-vivid-purple-color\"><strong>SERVICIOS DE PREVENCI\u00d3N DE ITS Y VIH<\/strong><\/mark><\/strong><\/p>\n\n\n\n<ul class=\"wp-block-list\"><li>Se le pueden enviar condones gratis por correo. Visitar\u00a0<a href=\"http:\/\/www.nicepackage.org\/\">Lindo paquete\u00a0<\/a>\u00a1ordenar!<\/li><li>Puede obtener una prueba de VIH en casa gratis. Visitar\u00a0<a href=\"http:\/\/www.gettestedaz.org\/\">H\u00e1gase la prueba de la A a la Z<\/a>\u00a0para solicitar una prueba!<ul><li>\u00a1Las personas sin seguro o con seguro insuficiente califican para un vale de prueba de s\u00edfilis GRATIS! Puede acceder al cup\u00f3n gratuito desplaz\u00e1ndose hasta la secci\u00f3n &#039;Obtener el cup\u00f3n gratuito&#039; de la p\u00e1gina de inicio Get Tested AZ, que se puede canjear en cualquier Sonora Quest Lab.<\/li><\/ul><\/li><\/ul>\n\n\n\n<p><strong><mark style=\"background-color:rgba(0, 0, 0, 0)\" class=\"has-inline-color has-vivid-purple-color\"><strong>\u00bfBUSCA SERVICIOS DE DETECCI\u00d3N DE ITS?<\/strong><\/mark><\/strong><\/p>\n\n\n\n<ul class=\"wp-block-list\"><li><strong>Para encontrar una cl\u00ednica cerca de usted usando su c\u00f3digo postal<\/strong>, haga clic&nbsp;<a href=\"https:\/\/gettested.cdc.gov\/search_results?location=\">aqu\u00ed<\/a>!&nbsp;<\/li><\/ul>\n\n\n\n<p><strong><mark style=\"background-color:rgba(0, 0, 0, 0)\" class=\"has-inline-color has-vivid-purple-color\"><strong>\u00bfBUSCAS M\u00c1S INFORMACI\u00d3N?<\/strong><\/mark><\/strong><\/p>\n\n\n\n<p><strong>Condado de Maricopa y Pinal:<\/strong><\/p>\n\n\n\n<ul class=\"wp-block-list\"><li><strong>Los servicios de la Parte A de Ryan White incluyen<\/strong>: pruebas de VIH, administraci\u00f3n de casos, servicios m\u00e9dicos y de salud, servicios de alimentos, evaluaci\u00f3n de seguros, asistencia de vivienda, navegaci\u00f3n PrEP\/PEP. Si est\u00e1 interesado en obtener m\u00e1s informaci\u00f3n, llame a la oficina de RWPA al: (602) 506-5341 o env\u00ede un correo electr\u00f3nico a: RyanWhitePartA@maricopa.gov.<\/li><\/ul>\n\n\n\n<p><strong>En otros condados de Arizona:<\/strong><\/p>\n\n\n\n<ul class=\"wp-block-list\"><li><strong>Ryan White Parte B y el Programa de asistencia para medicamentos contra el SIDA (ADAP) incluyen:&nbsp;<\/strong>Administraci\u00f3n de casos, ayuda con pagos de primas, copagos y deducibles, asistencia de vivienda, transporte m\u00e9dico, asistencia financiera de emergencia, educaci\u00f3n y asesoramiento sobre la salud. Si est\u00e1 interesado en obtener m\u00e1s informaci\u00f3n, llame a la oficina de RWPB\/ADAP al: (602) 364-3610 o env\u00ede un correo electr\u00f3nico a:&nbsp;<a href=\"mailto:careandservices@azdhs.gov\">careandservices@azdhs.gov<\/a>.<\/li><\/ul>\n\n\n\n<p><strong><mark style=\"background-color:rgba(0, 0, 0, 0)\" class=\"has-inline-color has-vivid-purple-color\"><strong>\u00a1INVOLUCRARSE!<\/strong><\/mark><\/strong><\/p>\n\n\n\n<ul class=\"wp-block-list\"><li><strong>Ryan White Parte B y el Programa de Asistencia de Medicamentos contra el SIDA <\/strong><\/li><\/ul>\n\n\n\n<ul class=\"wp-block-list\"><li>En 2022, los defensores del VIH, la hepatitis C y las ITS en todo el estado trabajar\u00e1n juntos para redactar el Plan integrado de VIH\/VHC\/ITS de Arizona para 2022-2026. \u00bfQuieres involucrarte? Correo electr\u00f3nico&nbsp;<a href=\"mailto:HIVintegratedplan@azdhs.gov\">HIVintegratedplan@azdhs.gov<\/a><\/li><li><a href=\"https:\/\/www.maricopa.gov\/384\/Ryan-White-Planning-Council\">Consejo de Planificaci\u00f3n Ryan White<\/a>&nbsp;conf\u00eda en las voces de la comunidad de VIH para tomar decisiones de servicio. \u00bfInteresado o tiene preguntas? Llame al (602)506-6321.<\/li><li><a href=\"https:\/\/azdhs.gov\/preparedness\/epidemiology-disease-control\/disease-integration-services\/hiv-prevention\/index.php#swag\">Grupo asesor estatal (SWAG)<\/a><strong>&nbsp;<\/strong>actualmente est\u00e1 reclutando nuevos miembros. Ayude a contribuir con el plan de Arizona para poner fin a la epidemia local de VIH. \u00bfInteresado o tiene preguntas? Env\u00ede un correo electr\u00f3nico a deborah.reardon@azdhs.gov<\/li><\/ul>\n\n\n\n<p><em><sub>La informaci\u00f3n de esta p\u00e1gina se complet\u00f3 como resultado del Grupo de Trabajo de Evaluaci\u00f3n Integral de Necesidades de Arizona<\/sub><\/em><\/p>","protected":false},"excerpt":{"rendered":"<p>Gracias por completar la encuesta, la informaci\u00f3n que proporcion\u00f3 ayudar\u00e1 a mejorar los programas que se ofrecen a todos los arizonenses para la prevenci\u00f3n del VIH y el acceso a la atenci\u00f3n. Marque estos pr\u00f3ximos [\u2026]<\/p>","protected":false},"author":13,"featured_media":0,"parent":0,"menu_order":0,"comment_status":"closed","ping_status":"closed","template":"","meta":{"_et_pb_use_builder":"","_et_pb_old_content":"","_et_gb_content_width":"","footnotes":""},"class_list":["post-554","page","type-page","status-publish","hentry"],"yoast_head":"<!-- This site is optimized with the Yoast SEO plugin v26.1.1 - https:\/\/yoast.com\/wordpress\/plugins\/seo\/ -->\n<title>Survey Done! - HIV prevention, care, and resources throughout Arizona. Developed and maintained by Aunt Rita\u2019s Foundation, HIVAZ is dedicated to providing accurate, thorough information to Arizona residents.<\/title>\n<meta name=\"robots\" content=\"index, follow, max-snippet:-1, max-image-preview:large, max-video-preview:-1\" \/>\n<link rel=\"canonical\" href=\"https:\/\/hivaz.org\/es\/survey-done\/\" \/>\n<meta property=\"og:locale\" content=\"es_MX\" \/>\n<meta property=\"og:type\" content=\"article\" \/>\n<meta property=\"og:title\" content=\"Survey Done! - HIV prevention, care, and resources throughout Arizona. Developed and maintained by Aunt Rita\u2019s Foundation, HIVAZ is dedicated to providing accurate, thorough information to Arizona residents.\" \/>\n<meta property=\"og:description\" content=\"Thank you for completing the survey, the information you provided will help to improve programs offered to all Arizonans for HIV prevention and access to care. Check off these next [&hellip;]\" \/>\n<meta property=\"og:url\" content=\"https:\/\/hivaz.org\/es\/survey-done\/\" \/>\n<meta property=\"og:site_name\" content=\"HIV prevention, care, and resources throughout Arizona. Developed and maintained by Aunt Rita\u2019s Foundation, HIVAZ is dedicated to providing accurate, thorough information to Arizona residents.\" \/>\n<meta property=\"article:publisher\" content=\"https:\/\/www.facebook.com\/AuntRitasFoundation1\" \/>\n<meta property=\"article:modified_time\" content=\"2022-02-02T19:24:18+00:00\" \/>\n<meta name=\"twitter:card\" content=\"summary_large_image\" \/>\n<meta name=\"twitter:site\" content=\"@auntritas\" \/>\n<script type=\"application\/ld+json\" class=\"yoast-schema-graph\">{\"@context\":\"https:\/\/schema.org\",\"@graph\":[{\"@type\":\"WebPage\",\"@id\":\"https:\/\/hivaz.org\/survey-done\/\",\"url\":\"https:\/\/hivaz.org\/survey-done\/\",\"name\":\"Survey Done! - HIV prevention, care, and resources throughout Arizona. Developed and maintained by Aunt Rita\u2019s Foundation, HIVAZ is dedicated to providing accurate, thorough information to Arizona residents.\",\"isPartOf\":{\"@id\":\"https:\/\/hivaz.org\/#website\"},\"datePublished\":\"2021-05-11T17:43:48+00:00\",\"dateModified\":\"2022-02-02T19:24:18+00:00\",\"breadcrumb\":{\"@id\":\"https:\/\/hivaz.org\/survey-done\/#breadcrumb\"},\"inLanguage\":\"es\",\"potentialAction\":[{\"@type\":\"ReadAction\",\"target\":[\"https:\/\/hivaz.org\/survey-done\/\"]}]},{\"@type\":\"BreadcrumbList\",\"@id\":\"https:\/\/hivaz.org\/survey-done\/#breadcrumb\",\"itemListElement\":[{\"@type\":\"ListItem\",\"position\":1,\"name\":\"Home\",\"item\":\"https:\/\/hivaz.org\/\"},{\"@type\":\"ListItem\",\"position\":2,\"name\":\"Survey Done!\"}]},{\"@type\":\"WebSite\",\"@id\":\"https:\/\/hivaz.org\/#website\",\"url\":\"https:\/\/hivaz.org\/\",\"name\":\"HIV prevention, care, and resources throughout Arizona. Developed and maintained by Aunt Rita\u2019s Foundation, HIVAZ is dedicated to providing accurate, thorough information to Arizona residents.\",\"description\":\"Everyone, regardless of HIV status, is deserving of empathetic, competent care and education without prejudice or stigma.\",\"publisher\":{\"@id\":\"https:\/\/hivaz.org\/#organization\"},\"potentialAction\":[{\"@type\":\"SearchAction\",\"target\":{\"@type\":\"EntryPoint\",\"urlTemplate\":\"https:\/\/hivaz.org\/?s={search_term_string}\"},\"query-input\":{\"@type\":\"PropertyValueSpecification\",\"valueRequired\":true,\"valueName\":\"search_term_string\"}}],\"inLanguage\":\"es\"},{\"@type\":\"Organization\",\"@id\":\"https:\/\/hivaz.org\/#organization\",\"name\":\"Aunt Rita's Foundation\",\"url\":\"https:\/\/hivaz.org\/\",\"logo\":{\"@type\":\"ImageObject\",\"inLanguage\":\"es\",\"@id\":\"https:\/\/hivaz.org\/#\/schema\/logo\/image\/\",\"url\":\"https:\/\/hivaz.org\/wp-content\/uploads\/2022\/05\/Aunt-Ritas-Foundation-Logo-Tagline-01-300x202-1.png\",\"contentUrl\":\"https:\/\/hivaz.org\/wp-content\/uploads\/2022\/05\/Aunt-Ritas-Foundation-Logo-Tagline-01-300x202-1.png\",\"width\":300,\"height\":202,\"caption\":\"Aunt Rita's Foundation\"},\"image\":{\"@id\":\"https:\/\/hivaz.org\/#\/schema\/logo\/image\/\"},\"sameAs\":[\"https:\/\/www.facebook.com\/AuntRitasFoundation1\",\"https:\/\/x.com\/auntritas\"]}]}<\/script>\n<!-- \/ Yoast SEO plugin. -->","yoast_head_json":{"title":"Survey Done! - HIV prevention, care, and resources throughout Arizona. Developed and maintained by Aunt Rita\u2019s Foundation, HIVAZ is dedicated to providing accurate, thorough information to Arizona residents.","robots":{"index":"index","follow":"follow","max-snippet":"max-snippet:-1","max-image-preview":"max-image-preview:large","max-video-preview":"max-video-preview:-1"},"canonical":"https:\/\/hivaz.org\/es\/survey-done\/","og_locale":"es_MX","og_type":"article","og_title":"Survey Done! - HIV prevention, care, and resources throughout Arizona. Developed and maintained by Aunt Rita\u2019s Foundation, HIVAZ is dedicated to providing accurate, thorough information to Arizona residents.","og_description":"Thank you for completing the survey, the information you provided will help to improve programs offered to all Arizonans for HIV prevention and access to care. Check off these next [&hellip;]","og_url":"https:\/\/hivaz.org\/es\/survey-done\/","og_site_name":"HIV prevention, care, and resources throughout Arizona. Developed and maintained by Aunt Rita\u2019s Foundation, HIVAZ is dedicated to providing accurate, thorough information to Arizona residents.","article_publisher":"https:\/\/www.facebook.com\/AuntRitasFoundation1","article_modified_time":"2022-02-02T19:24:18+00:00","twitter_card":"summary_large_image","twitter_site":"@auntritas","schema":{"@context":"https:\/\/schema.org","@graph":[{"@type":"WebPage","@id":"https:\/\/hivaz.org\/survey-done\/","url":"https:\/\/hivaz.org\/survey-done\/","name":"Survey Done! - HIV prevention, care, and resources throughout Arizona. Developed and maintained by Aunt Rita\u2019s Foundation, HIVAZ is dedicated to providing accurate, thorough information to Arizona residents.","isPartOf":{"@id":"https:\/\/hivaz.org\/#website"},"datePublished":"2021-05-11T17:43:48+00:00","dateModified":"2022-02-02T19:24:18+00:00","breadcrumb":{"@id":"https:\/\/hivaz.org\/survey-done\/#breadcrumb"},"inLanguage":"es","potentialAction":[{"@type":"ReadAction","target":["https:\/\/hivaz.org\/survey-done\/"]}]},{"@type":"BreadcrumbList","@id":"https:\/\/hivaz.org\/survey-done\/#breadcrumb","itemListElement":[{"@type":"ListItem","position":1,"name":"Home","item":"https:\/\/hivaz.org\/"},{"@type":"ListItem","position":2,"name":"Survey Done!"}]},{"@type":"WebSite","@id":"https:\/\/hivaz.org\/#website","url":"https:\/\/hivaz.org\/","name":"Prevenci\u00f3n, atenci\u00f3n y recursos del VIH en todo Arizona. Desarrollado y mantenido por la Fundaci\u00f3n Aunt Rita, HIVAZ se dedica a brindar informaci\u00f3n precisa y completa a los residentes de Arizona.","description":"Todas las personas, independientemente de su estado serol\u00f3gico respecto del VIH, merecen atenci\u00f3n y educaci\u00f3n emp\u00e1ticas y competentes sin prejuicios ni estigmas.","publisher":{"@id":"https:\/\/hivaz.org\/#organization"},"potentialAction":[{"@type":"SearchAction","target":{"@type":"EntryPoint","urlTemplate":"https:\/\/hivaz.org\/?s={search_term_string}"},"query-input":{"@type":"PropertyValueSpecification","valueRequired":true,"valueName":"search_term_string"}}],"inLanguage":"es"},{"@type":"Organization","@id":"https:\/\/hivaz.org\/#organization","name":"Fundaci\u00f3n de la t\u00eda Rita","url":"https:\/\/hivaz.org\/","logo":{"@type":"ImageObject","inLanguage":"es","@id":"https:\/\/hivaz.org\/#\/schema\/logo\/image\/","url":"https:\/\/hivaz.org\/wp-content\/uploads\/2022\/05\/Aunt-Ritas-Foundation-Logo-Tagline-01-300x202-1.png","contentUrl":"https:\/\/hivaz.org\/wp-content\/uploads\/2022\/05\/Aunt-Ritas-Foundation-Logo-Tagline-01-300x202-1.png","width":300,"height":202,"caption":"Aunt Rita's Foundation"},"image":{"@id":"https:\/\/hivaz.org\/#\/schema\/logo\/image\/"},"sameAs":["https:\/\/www.facebook.com\/AuntRitasFoundation1","https:\/\/x.com\/auntritas"]}]}},"_links":{"self":[{"href":"https:\/\/hivaz.org\/es\/wp-json\/wp\/v2\/pages\/554","targetHints":{"allow":["GET"]}}],"collection":[{"href":"https:\/\/hivaz.org\/es\/wp-json\/wp\/v2\/pages"}],"about":[{"href":"https:\/\/hivaz.org\/es\/wp-json\/wp\/v2\/types\/page"}],"author":[{"embeddable":true,"href":"https:\/\/hivaz.org\/es\/wp-json\/wp\/v2\/users\/13"}],"replies":[{"embeddable":true,"href":"https:\/\/hivaz.org\/es\/wp-json\/wp\/v2\/comments?post=554"}],"version-history":[{"count":0,"href":"https:\/\/hivaz.org\/es\/wp-json\/wp\/v2\/pages\/554\/revisions"}],"wp:attachment":[{"href":"https:\/\/hivaz.org\/es\/wp-json\/wp\/v2\/media?parent=554"}],"curies":[{"name":"wp","href":"https:\/\/api.w.org\/{rel}","templated":true}]}}