{"id":580,"date":"2021-10-22T15:35:03","date_gmt":"2021-10-22T22:35:03","guid":{"rendered":"https:\/\/hivaz.wpengine.com\/?page_id=580"},"modified":"2022-03-29T23:14:55","modified_gmt":"2022-03-30T06:14:55","slug":"covid-19-vaccinations-for-arizonans-living-with-hiv","status":"publish","type":"page","link":"https:\/\/hivaz.org\/es\/covid-19-vaccinations-for-arizonans-living-with-hiv\/","title":{"rendered":"Vacunas contra el COVID-19 para los arizonenses que viven con el VIH"},"content":{"rendered":"[et_pb_section fb_built=\u201d1\u2033 _builder_version=\u201d4.15\u2033 global_colors_info=\u201d{}\u201d][et_pb_row _builder_version=\u201d4.15\u2033 background_size=\u201dinitial\u201d background_position=\u201dtop_left\u201d background_repeat=\u201drepetir\u201d global_colors_info=\u201d{}\u201d][et_pb_column type=\u201d4_4\u2033 _builder_version=\u201d4.15\u2033 custom_padding=\u201d|||\u201d global_colors_info=\u201d{}\u201d custom_padding__hover=\u201d|||\u201d][et_pb_text _builder_version=\u201d4.15.1\u2033 background_size=\u201dinitial\u201d background_position=\u201dtop_left\u201d background_repeat=\u201drepeat\u201d hover_enabled=\u201d0\u2033 global_colors_info=\u201d{}\u201d sticky_enabled =\u201d0\u2033]<p>COVID-19 y sus variantes siguen siendo una seria amenaza para los arizonenses. Se alienta a las personas que viven con el VIH a recibir la vacuna para ayudar a:<\/p>\n<ul>\n<li><span class=\"has-inline-color has-vivid-purple-color\"><strong>Reducir la propagaci\u00f3n de COVID-19<\/strong><\/span><\/li>\n<li><span class=\"has-inline-color has-vivid-purple-color\"><strong>Proteger contra enfermedades graves y la muerte.<\/strong><\/span><\/li>\n<\/ul>\n<p>Las vacunas junto con otras medidas de prevenci\u00f3n pueden ayudar a poner fin a la pandemia de COVID-19.<\/p>\n<h3><span class=\"has-inline-color has-vivid-red-color\">Q1<\/span>: \u00bfLa vacuna es da\u00f1ina para alguien que actualmente toma medicamentos para el VIH?<\/h3>\n<p><strong><span class=\"has-inline-color has-vivid-purple-color\">A1<\/span><\/strong>: Las tres vacunas COVID-19 autorizadas por la FDA no tienen interacciones con los medicamentos contra el VIH.<br \/><strong><span class=\"has-inline-color has-vivid-purple-color\">A2<\/span><\/strong>: No se recomienda que las personas con VIH suspendan sus medicamentos contra el VIH cuando reciben una vacuna contra el COVID-19. Dejar de tomar sus medicamentos contra el VIH podr\u00eda ponerlo en mayor riesgo de contraer enfermedades relacionadas con el VIH y de contraer una infecci\u00f3n grave debido a la COVID-19.<\/p>\n<h2 class=\"has-text-align-center\"><span class=\"has-inline-color has-vivid-purple-color\">Las vacunas COVID-19 est\u00e1n disponibles para todos, independientemente del pa\u00eds de origen.<\/span><\/h2>\n<h3><span class=\"has-inline-color has-vivid-red-color\">Q2<\/span>: Para las personas que viven con el VIH con un sistema inmunitario CD4&lt;200\/bajo, \u00bfes efectiva la vacuna COVID-19 y es necesario compartir el estado del VIH?<\/h3>\n<p><strong><span class=\"has-inline-color has-vivid-purple-color\">A1<\/span><\/strong>: Las personas con VIH deben recibir la vacuna COVID-19 independientemente<br \/>de recuento de CD4 o carga viral. \u00c9l<br \/>Los CDC recomiendan que las personas inmunocomprometidas, incluidas las personas con VIH, reciban la vacuna contra el COVID-19 debido a su posible mayor riesgo de enfermarse gravemente debido al COVID-19.<\/p>\n<p><strong><span class=\"has-inline-color has-vivid-purple-color\">A2<\/span><\/strong>: Las personas que viven con el VIH se incluyeron en los estudios para crear y evaluar la vacuna contra el COVID-19.<\/p>\n<p><span class=\"has-inline-color has-vivid-purple-color\"><strong>A3<\/strong><\/span>: A las personas con VIH se les puede preguntar<br \/>una serie de preguntas de detecci\u00f3n seg\u00fan el sitio de vacunaci\u00f3n. Si no quieren compartir su estado serol\u00f3gico, podr\u00edan compartir que est\u00e1n inmunocomprometidos.<\/p>\n<h3><span class=\"has-inline-color has-vivid-red-color\">Q3<\/span>: \u00bfSe necesita seguro o copago para recibir la vacuna COVID-19?<\/h3>\n<p><strong><span class=\"has-inline-color has-vivid-purple-color\">A1<\/span><\/strong>: No hay ning\u00fan cargo por la vacuna contra el COVID-19 y no necesita seguro para recibir la vacuna contra el COVID-19. El gobierno federal est\u00e1 cubriendo el costo de la vacuna COVID-19 para todos.<br \/><strong><span class=\"has-inline-color has-vivid-purple-color\">A2<\/span><\/strong>: Si tiene seguro, puede haber una tarifa por recibir la vacuna COVID-19, pero esa tarifa debe cobrarse a su proveedor de seguro m\u00e9dico, incluidos Medicaid o Medicare.<br \/><strong><span class=\"has-inline-color has-vivid-purple-color\">A3<\/span><\/strong>: Si normalmente tiene un copago por una visita al consultorio de su proveedor, es posible que deba pagar ese copago por la visita al consultorio.<\/p>\n<h2 class=\"has-text-align-center\"><span class=\"has-inline-color has-vivid-purple-color\">Mantenga una cita regular de atenci\u00f3n del VIH y haga un seguimiento con su proveedor sobre cualquier pregunta sobre el COVID-19.<\/span><\/h2>\n<h3><span class=\"has-inline-color has-vivid-red-color\">Q4<\/span>: \u00bfPor qu\u00e9 hay una vacuna para el COVID-19 en menos de un a\u00f1o, pero a\u00fan no hay una vacuna para el VIH?<\/h3>\n<p><strong><span class=\"has-inline-color has-vivid-purple-color\">A1<\/span><\/strong>: El virus que causa el COVID-19 es muy diferente al VIH. El cuerpo se deshace del virus que causa el COVID-19 en cuesti\u00f3n de semanas, mientras que el VIH permanece en el cuerpo y afecta el sistema inmunitario. Estas diferencias, y muchas otras, hacen que la creaci\u00f3n de una vacuna contra el VIH sea mucho m\u00e1s complicada.<br \/><strong><span class=\"has-inline-color has-vivid-purple-color\">A2<\/span><\/strong>: El trabajo en el desarrollo de una vacuna contra el VIH contin\u00faa y algunos de los primeros trabajos en el desarrollo de una vacuna contra el VIH ayudaron a crear las vacunas COVID-19 autorizadas.<br \/><strong><span class=\"has-inline-color has-vivid-purple-color\">A3<\/span><\/strong>: La informaci\u00f3n sobre la creaci\u00f3n de las vacunas COVID-19 podr\u00eda ser \u00fatil para otras vacunas, incluso para el VIH.<\/p>\n<p><\/p>\n<h3 class=\"has-text-align-center wp-block-heading\">Informaci\u00f3n sobre d\u00f3nde obtener una vacuna COVID-19:<\/h3>\n<p><\/p>\n<div class=\"wp-block-columns is-layout-flex wp-container-core-columns-is-layout-9d6595d7 wp-block-columns-is-layout-flex\">\n<p><\/p>\n<div class=\"wp-block-column is-layout-flow wp-block-column-is-layout-flow\">\n<p><\/p>\n<h5 class=\"has-text-align-center wp-block-heading\"><a href=\"https:\/\/www.azdhs.gov\/covid19\/vaccines\/index.php#find-vaccines\" target=\"_blank\" rel=\"noreferrer noopener\">Mapas de vacunas <\/a><\/h5>\n<p><\/p>\n<\/div>\n<p><\/p>\n<p><\/p>\n<div class=\"wp-block-column is-layout-flow wp-block-column-is-layout-flow\">\n<p><\/p>\n<h5 class=\"has-text-align-center wp-block-heading\"><a href=\"https:\/\/www.azdhs.gov\/covid19\/vaccines\/index.php#registration\" target=\"_blank\" rel=\"noreferrer noopener\">Registro de vacunas<\/a><\/h5>\n<p><\/p>\n<\/div>\n<p><\/p>\n<\/div>\n<p><\/p>\n<h3>\u00bfNecesita hacer una cita para el cuidado del VIH?<\/h3>\n<p>\u00a1Comun\u00edquese con el Programa de la Parte B de Ryan White!<br \/>Correo electr\u00f3nico: careandservices@azdhs.gov<br \/>Llamar: (602) 360-3610<\/p>\n<p><a href=\"http:\/\/azhealth.gov\/covid19vaccines\" target=\"_blank\" rel=\"noreferrer noopener\">azhealth.gov\/covid19vaccines<\/a><\/p>\n<h3><a href=\"https:\/\/hivaz.wpengine.com\/covid-19-vaccinations-for-arizonans-living-with-hiv\/\" target=\"_blank\" rel=\"noreferrer noopener\">Gu\u00eda imprimible<\/a><\/h3>[\/et_pb_text][\/et_pb_column][\/et_pb_row][\/et_pb_section]","protected":false},"excerpt":{"rendered":"<p>COVID-19 y sus variantes siguen siendo una seria amenaza para los arizonenses. Se alienta a las personas que viven con el VIH a recibir la vacuna para ayudar a: Reducir la propagaci\u00f3n de COVID-19 Proteger contra [\u2026]<\/p>","protected":false},"author":13,"featured_media":0,"parent":0,"menu_order":0,"comment_status":"closed","ping_status":"closed","template":"","meta":{"_et_pb_use_builder":"on","_et_pb_old_content":"<p>COVID-19 and it\u2019s variants remain a serious threat to Arizonans. People Living with HIV are encouraged to receive the vaccine to help:<\/p>\r\n\r\n\r\n\r\n<ul><li><span class=\"has-inline-color has-vivid-purple-color\"><strong>Reduce the spread of COVID-19<\/strong><\/span><\/li><li><span class=\"has-inline-color has-vivid-purple-color\"><strong>Protect against severe disease and death<\/strong><\/span><\/li><\/ul>\r\n<!-- \/wp:list -->\r\n\r\n<!-- wp:paragraph -->\r\n<p>Vaccines along with other prevention measures can help end the COVID-19 pandemic.<\/p>\r\n<!-- \/wp:paragraph -->\r\n\r\n<!-- wp:paragraph -->\r\n<p><\/p>\r\n<!-- \/wp:paragraph -->\r\n\r\n<!-- wp:paragraph -->\r\n<p><\/p>\r\n<!-- \/wp:paragraph -->\r\n\r\n<!-- wp:heading {\"level\":3} -->\r\n<h3><span class=\"has-inline-color has-vivid-red-color\">Q1<\/span>: Is the vaccine harmful to anyone currently on HIV medications?<\/h3>\r\n<!-- \/wp:heading -->\r\n\r\n<!-- wp:paragraph -->\r\n<p><\/p>\r\n<!-- \/wp:paragraph -->\r\n\r\n<!-- wp:paragraph -->\r\n<p><strong><span class=\"has-inline-color has-vivid-purple-color\">A1<\/span><\/strong>: All three FDA-authorized COVID-19 vaccines have no interactions with HIV medications.<br><\/p>\r\n<!-- \/wp:paragraph -->\r\n\r\n<!-- wp:paragraph -->\r\n<p><strong><span class=\"has-inline-color has-vivid-purple-color\">A2<\/span><\/strong>: It is not recommended that people with HIV stop their HIV medicines when they receive a COVID-19 vaccine. Stopping your HIV medications could put you at greater risk for HIV-related illnesses and at greater risk for serious infection due to COVID-19.<\/p>\r\n<!-- \/wp:paragraph -->\r\n\r\n<!-- wp:paragraph -->\r\n<p><\/p>\r\n<!-- \/wp:paragraph -->\r\n\r\n<!-- wp:heading {\"textAlign\":\"center\"} -->\r\n<h2 class=\"has-text-align-center\"><span class=\"has-inline-color has-vivid-purple-color\">COVID-19 vaccines are available to everyone regardless of country of origin.<\/span><\/h2>\r\n<!-- \/wp:heading -->\r\n\r\n<!-- wp:paragraph -->\r\n<p><\/p>\r\n<!-- \/wp:paragraph -->\r\n\r\n<!-- wp:heading {\"level\":3} -->\r\n<h3><span class=\"has-inline-color has-vivid-red-color\">Q2<\/span>: For people living with HIV with a CD4<200\/low immune system, is the COVID-19 vaccine effective and does HIV status need to be shared<\/h3>\r\n<!-- \/wp:heading -->\r\n\r\n<!-- wp:paragraph -->\r\n<p><\/p>\r\n<!-- \/wp:paragraph -->\r\n\r\n<!-- wp:paragraph -->\r\n<p><strong><span class=\"has-inline-color has-vivid-purple-color\">A1<\/span><\/strong>: People with HIV should receive the COVID-19 vaccine regardless<br>of CD4 count or viral load. The<br>CDC advises that people who are immunocompromised, including people with HIV, receive the COVID-19 vaccine because of their potential increased risk for serious illness due to COVID-19.<\/p>\r\n<!-- \/wp:paragraph -->\r\n\r\n<!-- wp:paragraph -->\r\n<p><strong><span class=\"has-inline-color has-vivid-purple-color\">A2<\/span><\/strong>: People living with HIV were included in the studies to create and evaluate the COVID-19 vaccine.<\/p>\r\n<!-- \/wp:paragraph -->\r\n\r\n<!-- wp:paragraph -->\r\n<p><span class=\"has-inline-color has-vivid-purple-color\"><strong>A3<\/strong><\/span>: People with HIV may be asked<br>a number of screening questions depending on vaccination site. If they do not want to share HIV status, they could share they are immunocompromised.<\/p>\r\n<!-- \/wp:paragraph -->\r\n\r\n<!-- wp:heading {\"level\":3} -->\r\n<h3><span class=\"has-inline-color has-vivid-red-color\">Q3<\/span>: Is insurance or copayment needed to receive the COVID-19 vaccine?<\/h3>\r\n<!-- \/wp:heading -->\r\n\r\n<!-- wp:paragraph -->\r\n<p><\/p>\r\n<!-- \/wp:paragraph -->\r\n\r\n<!-- wp:paragraph -->\r\n<p><strong><span class=\"has-inline-color has-vivid-purple-color\">A1<\/span><\/strong>: There is no charge for the COVID-19 vaccine and you do not need insurance to receive the COVID-19 vaccine. The federal government is covering the cost of the COVID-19 vaccine for everyone.<br><\/p>\r\n<!-- \/wp:paragraph -->\r\n\r\n<!-- wp:paragraph -->\r\n<p><strong><span class=\"has-inline-color has-vivid-purple-color\">A2<\/span><\/strong>: If you do have insurance, there may be a fee for receiving the COVID-19 vaccine, but that fee should be charged to your health insurance provider, including Medicaid or Medicare.<br><\/p>\r\n<!-- \/wp:paragraph -->\r\n\r\n<!-- wp:paragraph -->\r\n<p><strong><span class=\"has-inline-color has-vivid-purple-color\">A3<\/span><\/strong>: If you normally do have a copayment for an office visit with your provider, you might be required to pay that office visit copayment.<\/p>\r\n<!-- \/wp:paragraph -->\r\n\r\n<!-- wp:paragraph -->\r\n<p><\/p>\r\n<!-- \/wp:paragraph -->\r\n\r\n<!-- wp:heading {\"textAlign\":\"center\"} -->\r\n<h2 class=\"has-text-align-center\"><span class=\"has-inline-color has-vivid-purple-color\">Keep regular HIV-care appointment and follow up with your provider about any COVID-19 questions.<\/span><\/h2>\r\n<!-- \/wp:heading -->\r\n\r\n<!-- wp:paragraph -->\r\n<p><\/p>\r\n<!-- \/wp:paragraph -->\r\n\r\n<!-- wp:heading {\"level\":3} -->\r\n<h3><span class=\"has-inline-color has-vivid-red-color\">Q4<\/span>: Why is there a vaccine for COVID-19 in less than a year, but still no vaccine for HIV?<\/h3>\r\n<!-- \/wp:heading -->\r\n\r\n<!-- wp:paragraph -->\r\n<p><\/p>\r\n<!-- \/wp:paragraph -->\r\n\r\n<!-- wp:paragraph -->\r\n<p><strong><span class=\"has-inline-color has-vivid-purple-color\">A1<\/span><\/strong>: The virus that causes COVID-19 is very different from HIV. The body rids itself of the virus that causes COVID-19 within weeks while HIV stays in the body and affects the immune system. These differences, and many others, make creating an HIV vaccine much more complicated.<br><\/p>\r\n<!-- \/wp:paragraph -->\r\n\r\n<!-- wp:paragraph -->\r\n<p><strong><span class=\"has-inline-color has-vivid-purple-color\">A2<\/span><\/strong>: Work on developing an HIV vaccine continues and some of the early work in developing an HIV vaccine helped to create the authorized COVID-19 vaccines.<br><\/p>\r\n<!-- \/wp:paragraph -->\r\n\r\n<!-- wp:paragraph -->\r\n<p><strong><span class=\"has-inline-color has-vivid-purple-color\">A3<\/span><\/strong>: Information from creating the COVID-19 vaccines might be helpful for other vaccines, including for HIV.<\/p>\r\n<!-- \/wp:paragraph -->\r\n\r\n<!-- wp:paragraph -->\r\n<p><\/p>\r\n<!-- \/wp:paragraph -->\r\n\r\n<!-- wp:heading {\"textAlign\":\"center\",\"level\":3} -->\r\n<h3 class=\"has-text-align-center\">Information on where to get a COVID-19 vaccine:<\/h3>\r\n<!-- \/wp:heading -->\r\n\r\n<!-- wp:paragraph -->\r\n<p><\/p>\r\n<!-- \/wp:paragraph -->\r\n\r\n<!-- wp:columns -->\r\n<div class=\"wp-block-columns\"><!-- wp:column -->\r\n<div class=\"wp-block-column\"><!-- wp:heading {\"textAlign\":\"center\",\"level\":5} -->\r\n<h5 class=\"has-text-align-center\"><a href=\"https:\/\/www.azdhs.gov\/covid19\/vaccines\/index.php#find-vaccines\" target=\"_blank\" rel=\"noreferrer noopener\">Vaccine Maps <\/a><\/h5>\r\n<!-- \/wp:heading --><\/div>\r\n<!-- \/wp:column -->\r\n\r\n<!-- wp:column -->\r\n<div class=\"wp-block-column\"><!-- wp:heading {\"textAlign\":\"center\",\"level\":5} -->\r\n<h5 class=\"has-text-align-center\"><a href=\"https:\/\/www.azdhs.gov\/covid19\/vaccines\/index.php#registration\" target=\"_blank\" rel=\"noreferrer noopener\">Vaccines Registration<\/a><\/h5>\r\n<!-- \/wp:heading --><\/div>\r\n<!-- \/wp:column --><\/div>\r\n<!-- \/wp:columns -->\r\n\r\n<!-- wp:heading {\"level\":3} -->\r\n<h3>Need to make an appointment for HIV-Care? <\/h3>\r\n<!-- \/wp:heading -->\r\n\r\n<!-- wp:paragraph -->\r\n<p><\/p>\r\n<!-- \/wp:paragraph -->\r\n\r\n<!-- wp:paragraph -->\r\n<p>Contact Ryan White Part B Program!<br><\/p>\r\n<!-- \/wp:paragraph -->\r\n\r\n<!-- wp:paragraph -->\r\n<p>Email: careandservices@azdhs.gov<br>Call: (602) 360-3610<\/p>\r\n<!-- \/wp:paragraph -->\r\n\r\n<!-- wp:paragraph -->\r\n<p><a rel=\"noreferrer noopener\" href=\"http:\/\/azhealth.gov\/covid19vaccines\" target=\"_blank\">azhealth.gov\/covid19vaccines<\/a><\/p>\r\n<!-- \/wp:paragraph -->\r\n\r\n<!-- wp:paragraph -->\r\n<p><\/p>\r\n<!-- \/wp:paragraph -->\r\n\r\n<!-- wp:heading {\"level\":3} -->\r\n<h3><a href=\"https:\/\/hivaz.wpengine.com\/covid-19-vaccinations-for-arizonans-living-with-hiv\/\" target=\"_blank\" rel=\"noreferrer noopener\">Printable Guide<\/a><\/h3>\r\n<!-- \/wp:heading -->","_et_gb_content_width":"","footnotes":""},"class_list":["post-580","page","type-page","status-publish","hentry"],"yoast_head":"<!-- This site is optimized with the Yoast SEO plugin v26.1.1 - https:\/\/yoast.com\/wordpress\/plugins\/seo\/ -->\n<title>COVID-19 Vaccinations for Arizonans Living with HIV - HIV prevention, care, and resources throughout Arizona. Developed and maintained by Aunt Rita\u2019s Foundation, HIVAZ is dedicated to providing accurate, thorough information to Arizona residents.<\/title>\n<meta name=\"robots\" content=\"index, follow, max-snippet:-1, max-image-preview:large, max-video-preview:-1\" \/>\n<link rel=\"canonical\" href=\"https:\/\/hivaz.org\/es\/covid-19-vaccinations-for-arizonans-living-with-hiv\/\" \/>\n<meta property=\"og:locale\" content=\"es_MX\" \/>\n<meta property=\"og:type\" content=\"article\" \/>\n<meta property=\"og:title\" content=\"COVID-19 Vaccinations for Arizonans Living with HIV - HIV prevention, care, and resources throughout Arizona. Developed and maintained by Aunt Rita\u2019s Foundation, HIVAZ is dedicated to providing accurate, thorough information to Arizona residents.\" \/>\n<meta property=\"og:description\" content=\"COVID-19 and it\u2019s variants remain a serious threat to Arizonans. People Living with HIV are encouraged to receive the vaccine to help: Reduce the spread of COVID-19 Protect against severe [&hellip;]\" \/>\n<meta property=\"og:url\" content=\"https:\/\/hivaz.org\/es\/covid-19-vaccinations-for-arizonans-living-with-hiv\/\" \/>\n<meta property=\"og:site_name\" content=\"HIV prevention, care, and resources throughout Arizona. Developed and maintained by Aunt Rita\u2019s Foundation, HIVAZ is dedicated to providing accurate, thorough information to Arizona residents.\" \/>\n<meta property=\"article:publisher\" content=\"https:\/\/www.facebook.com\/AuntRitasFoundation1\" \/>\n<meta property=\"article:modified_time\" content=\"2022-03-30T06:14:55+00:00\" \/>\n<meta name=\"twitter:card\" content=\"summary_large_image\" \/>\n<meta name=\"twitter:site\" content=\"@auntritas\" \/>\n<script type=\"application\/ld+json\" class=\"yoast-schema-graph\">{\"@context\":\"https:\/\/schema.org\",\"@graph\":[{\"@type\":\"WebPage\",\"@id\":\"https:\/\/hivaz.org\/covid-19-vaccinations-for-arizonans-living-with-hiv\/\",\"url\":\"https:\/\/hivaz.org\/covid-19-vaccinations-for-arizonans-living-with-hiv\/\",\"name\":\"COVID-19 Vaccinations for Arizonans Living with HIV - HIV prevention, care, and resources throughout Arizona. Developed and maintained by Aunt Rita\u2019s Foundation, HIVAZ is dedicated to providing accurate, thorough information to Arizona residents.\",\"isPartOf\":{\"@id\":\"https:\/\/hivaz.org\/#website\"},\"datePublished\":\"2021-10-22T22:35:03+00:00\",\"dateModified\":\"2022-03-30T06:14:55+00:00\",\"breadcrumb\":{\"@id\":\"https:\/\/hivaz.org\/covid-19-vaccinations-for-arizonans-living-with-hiv\/#breadcrumb\"},\"inLanguage\":\"es\",\"potentialAction\":[{\"@type\":\"ReadAction\",\"target\":[\"https:\/\/hivaz.org\/covid-19-vaccinations-for-arizonans-living-with-hiv\/\"]}]},{\"@type\":\"BreadcrumbList\",\"@id\":\"https:\/\/hivaz.org\/covid-19-vaccinations-for-arizonans-living-with-hiv\/#breadcrumb\",\"itemListElement\":[{\"@type\":\"ListItem\",\"position\":1,\"name\":\"Home\",\"item\":\"https:\/\/hivaz.org\/\"},{\"@type\":\"ListItem\",\"position\":2,\"name\":\"COVID-19 Vaccinations for Arizonans Living with HIV\"}]},{\"@type\":\"WebSite\",\"@id\":\"https:\/\/hivaz.org\/#website\",\"url\":\"https:\/\/hivaz.org\/\",\"name\":\"HIV prevention, care, and resources throughout Arizona. Developed and maintained by Aunt Rita\u2019s Foundation, HIVAZ is dedicated to providing accurate, thorough information to Arizona residents.\",\"description\":\"Everyone, regardless of HIV status, is deserving of empathetic, competent care and education without prejudice or stigma.\",\"publisher\":{\"@id\":\"https:\/\/hivaz.org\/#organization\"},\"potentialAction\":[{\"@type\":\"SearchAction\",\"target\":{\"@type\":\"EntryPoint\",\"urlTemplate\":\"https:\/\/hivaz.org\/?s={search_term_string}\"},\"query-input\":{\"@type\":\"PropertyValueSpecification\",\"valueRequired\":true,\"valueName\":\"search_term_string\"}}],\"inLanguage\":\"es\"},{\"@type\":\"Organization\",\"@id\":\"https:\/\/hivaz.org\/#organization\",\"name\":\"Aunt Rita's Foundation\",\"url\":\"https:\/\/hivaz.org\/\",\"logo\":{\"@type\":\"ImageObject\",\"inLanguage\":\"es\",\"@id\":\"https:\/\/hivaz.org\/#\/schema\/logo\/image\/\",\"url\":\"https:\/\/hivaz.org\/wp-content\/uploads\/2022\/05\/Aunt-Ritas-Foundation-Logo-Tagline-01-300x202-1.png\",\"contentUrl\":\"https:\/\/hivaz.org\/wp-content\/uploads\/2022\/05\/Aunt-Ritas-Foundation-Logo-Tagline-01-300x202-1.png\",\"width\":300,\"height\":202,\"caption\":\"Aunt Rita's Foundation\"},\"image\":{\"@id\":\"https:\/\/hivaz.org\/#\/schema\/logo\/image\/\"},\"sameAs\":[\"https:\/\/www.facebook.com\/AuntRitasFoundation1\",\"https:\/\/x.com\/auntritas\"]}]}<\/script>\n<!-- \/ Yoast SEO plugin. -->","yoast_head_json":{"title":"COVID-19 Vaccinations for Arizonans Living with HIV - HIV prevention, care, and resources throughout Arizona. Developed and maintained by Aunt Rita\u2019s Foundation, HIVAZ is dedicated to providing accurate, thorough information to Arizona residents.","robots":{"index":"index","follow":"follow","max-snippet":"max-snippet:-1","max-image-preview":"max-image-preview:large","max-video-preview":"max-video-preview:-1"},"canonical":"https:\/\/hivaz.org\/es\/covid-19-vaccinations-for-arizonans-living-with-hiv\/","og_locale":"es_MX","og_type":"article","og_title":"COVID-19 Vaccinations for Arizonans Living with HIV - HIV prevention, care, and resources throughout Arizona. Developed and maintained by Aunt Rita\u2019s Foundation, HIVAZ is dedicated to providing accurate, thorough information to Arizona residents.","og_description":"COVID-19 and it\u2019s variants remain a serious threat to Arizonans. People Living with HIV are encouraged to receive the vaccine to help: Reduce the spread of COVID-19 Protect against severe [&hellip;]","og_url":"https:\/\/hivaz.org\/es\/covid-19-vaccinations-for-arizonans-living-with-hiv\/","og_site_name":"HIV prevention, care, and resources throughout Arizona. Developed and maintained by Aunt Rita\u2019s Foundation, HIVAZ is dedicated to providing accurate, thorough information to Arizona residents.","article_publisher":"https:\/\/www.facebook.com\/AuntRitasFoundation1","article_modified_time":"2022-03-30T06:14:55+00:00","twitter_card":"summary_large_image","twitter_site":"@auntritas","schema":{"@context":"https:\/\/schema.org","@graph":[{"@type":"WebPage","@id":"https:\/\/hivaz.org\/covid-19-vaccinations-for-arizonans-living-with-hiv\/","url":"https:\/\/hivaz.org\/covid-19-vaccinations-for-arizonans-living-with-hiv\/","name":"COVID-19 Vaccinations for Arizonans Living with HIV - HIV prevention, care, and resources throughout Arizona. Developed and maintained by Aunt Rita\u2019s Foundation, HIVAZ is dedicated to providing accurate, thorough information to Arizona residents.","isPartOf":{"@id":"https:\/\/hivaz.org\/#website"},"datePublished":"2021-10-22T22:35:03+00:00","dateModified":"2022-03-30T06:14:55+00:00","breadcrumb":{"@id":"https:\/\/hivaz.org\/covid-19-vaccinations-for-arizonans-living-with-hiv\/#breadcrumb"},"inLanguage":"es","potentialAction":[{"@type":"ReadAction","target":["https:\/\/hivaz.org\/covid-19-vaccinations-for-arizonans-living-with-hiv\/"]}]},{"@type":"BreadcrumbList","@id":"https:\/\/hivaz.org\/covid-19-vaccinations-for-arizonans-living-with-hiv\/#breadcrumb","itemListElement":[{"@type":"ListItem","position":1,"name":"Home","item":"https:\/\/hivaz.org\/"},{"@type":"ListItem","position":2,"name":"COVID-19 Vaccinations for Arizonans Living with HIV"}]},{"@type":"WebSite","@id":"https:\/\/hivaz.org\/#website","url":"https:\/\/hivaz.org\/","name":"Prevenci\u00f3n, atenci\u00f3n y recursos del VIH en todo Arizona. Desarrollado y mantenido por la Fundaci\u00f3n Aunt Rita, HIVAZ se dedica a brindar informaci\u00f3n precisa y completa a los residentes de Arizona.","description":"Todas las personas, independientemente de su estado serol\u00f3gico respecto del VIH, merecen atenci\u00f3n y educaci\u00f3n emp\u00e1ticas y competentes sin prejuicios ni estigmas.","publisher":{"@id":"https:\/\/hivaz.org\/#organization"},"potentialAction":[{"@type":"SearchAction","target":{"@type":"EntryPoint","urlTemplate":"https:\/\/hivaz.org\/?s={search_term_string}"},"query-input":{"@type":"PropertyValueSpecification","valueRequired":true,"valueName":"search_term_string"}}],"inLanguage":"es"},{"@type":"Organization","@id":"https:\/\/hivaz.org\/#organization","name":"Fundaci\u00f3n de la t\u00eda Rita","url":"https:\/\/hivaz.org\/","logo":{"@type":"ImageObject","inLanguage":"es","@id":"https:\/\/hivaz.org\/#\/schema\/logo\/image\/","url":"https:\/\/hivaz.org\/wp-content\/uploads\/2022\/05\/Aunt-Ritas-Foundation-Logo-Tagline-01-300x202-1.png","contentUrl":"https:\/\/hivaz.org\/wp-content\/uploads\/2022\/05\/Aunt-Ritas-Foundation-Logo-Tagline-01-300x202-1.png","width":300,"height":202,"caption":"Aunt Rita's Foundation"},"image":{"@id":"https:\/\/hivaz.org\/#\/schema\/logo\/image\/"},"sameAs":["https:\/\/www.facebook.com\/AuntRitasFoundation1","https:\/\/x.com\/auntritas"]}]}},"_links":{"self":[{"href":"https:\/\/hivaz.org\/es\/wp-json\/wp\/v2\/pages\/580","targetHints":{"allow":["GET"]}}],"collection":[{"href":"https:\/\/hivaz.org\/es\/wp-json\/wp\/v2\/pages"}],"about":[{"href":"https:\/\/hivaz.org\/es\/wp-json\/wp\/v2\/types\/page"}],"author":[{"embeddable":true,"href":"https:\/\/hivaz.org\/es\/wp-json\/wp\/v2\/users\/13"}],"replies":[{"embeddable":true,"href":"https:\/\/hivaz.org\/es\/wp-json\/wp\/v2\/comments?post=580"}],"version-history":[{"count":0,"href":"https:\/\/hivaz.org\/es\/wp-json\/wp\/v2\/pages\/580\/revisions"}],"wp:attachment":[{"href":"https:\/\/hivaz.org\/es\/wp-json\/wp\/v2\/media?parent=580"}],"curies":[{"name":"wp","href":"https:\/\/api.w.org\/{rel}","templated":true}]}}