{"id":611,"date":"2022-02-03T22:49:58","date_gmt":"2022-02-04T05:49:58","guid":{"rendered":"https:\/\/hivaz.org\/?page_id=611"},"modified":"2025-01-06T08:58:34","modified_gmt":"2025-01-06T15:58:34","slug":"home-2022","status":"publish","type":"page","link":"https:\/\/hivaz.org\/es\/","title":{"rendered":"VIHAZ.org"},"content":{"rendered":"<p>[et_pb_section fb_built=\u201d1\u2033 _builder_version=\u201d4.16\u2033 _module_preset=\u201ddefault\u201d background_color=\u201d#c5e0e2\u2033 background_image=\u201dhttps:\/\/hivaz.org\/wp-content\/uploads\/2022\/03\/azdhs-staff-background.png \u201d background_position=\u201dtop_right\u201d custom_padding=\u201d0px|0px|0px|0px|false|false\u201d background_last_edited=\u201don|desktop\u201d background_enable_image_tablet=\u201doff\u201d global_colors_info=\u201d{}\u201d][et_pb_row module_id=\u201dlocate-services-block \u201d _builder_version=\u201d4.21.0\u2033 _module_preset=\u201ddefault\u201d width=\u201d100%\u201d custom_padding=\u201d||15px||false|false\u201d global_colors_info=\u201d{}\u201d][et_pb_column type=\u201d4_4\u2033 _builder_version=\u201d4.16\u2033 _module_preset =\u201ddefault\u201d global_colors_info=\u201d{}\u201d][et_pb_text _builder_version=\u201d4.17.3\u2033 _module_preset=\u201ddefault\u201d text_font=\u201dMontserrat|600|||||||\u201d text_font_size=\u201d21px\u201d text_line_height=\u201d1.2em\u201d header_font=\u201dMontserrat||||||||\u201d header_text_color=\u201d#122857\u2033 width=\u201d49%\u201d width_tablet=\u201d62%\u201d width_phone=\u201d62%\u201d width_last_edited=\u201don|phone\u201d custom_margin=\u201d||0px||false|false\u201d custom_padding=\u201d|15px|19px|15px|false |false\u201d text_font_size_tablet=\u201d17px\u201d text_font_size_phone=\u201d14px\u201d text_font_size_last_edited=\u201don|tablet\u201d header_font_size_tablet=\u201d\u201d header_font_size_phone=\u201d\u201d header_font_size_last_edited=\u201don|tablet\u201d custom_css_main_element=\u201dpadding-left: 15px !importante;\u201d global_colors_info=\u201d{}\u201d]<\/p>\n<h1>Localizar Servicios<\/h1>\n<div><span lang=\"EN\">Encuentre proveedores de servicios en Arizona para cada categor\u00eda enumerada a continuaci\u00f3n o vea todos los proveedores en su \u00e1rea. <\/span><\/div>\n<div><\/div>\n<p>[\/et_pb_text][et_pb_code admin_label=\u201dC\u00f3digo para el formulario de b\u00fasqueda\u201d _builder_version=\u201d4.25.0\u2033 _module_preset=\u201ddefault\u201d custom_margin=\u201d||35px||false|false\u201d global_colors_info=\u201d{}\u201d]<\/p>\n<div id=\"wrapper\"><!-- [et_pb_line_break_holder] -->    <\/p>\n<section class=\"services-selection\"><!-- [et_pb_line_break_holder] -->        <form<!--___noise___ 1016-->            class=\u201dformulario-de-selecci\u00f3n-de-servicios\u201d<!-- [et_pb_line_break_holder] -->            data-services-form=\u201d\/localizar-servicios\/\u201d<!-- [et_pb_line_break_holder] -->        ><!-- [et_pb_line_break_holder] -->            <\/p>\n<div class=\"services-selection-form__container\"><!-- [et_pb_line_break_holder] -->                <\/p>\n<div class=\"services-selection-form__wrap\"><!-- [et_pb_line_break_holder] -->                    <\/p>\n<div class=\"search-providers\"><!-- [et_pb_line_break_holder] --><!-- [et_pb_line_break_holder] -->                        <input type=\"submit\" value=\"buscar servicios\" \/><!-- [et_pb_line_break_holder] --><!-- [et_pb_line_break_holder] -->                    <\/div>\n<p><!-- [et_pb_line_break_holder] -->                <\/div>\n<p><!-- [et_pb_line_break_holder] -->            <\/div>\n<p><!-- [et_pb_line_break_holder] -->        <\/form>\n<p><!-- [et_pb_line_break_holder] -->    <\/section>\n<p><!-- [et_pb_line_break_holder] -->    <!-- Services selection end --><!-- [et_pb_line_break_holder] --><\/div>\n<p>[\/et_pb_code][\/et_pb_column][\/et_pb_row][\/et_pb_section][et_pb_section fb_built=\u201d1\u2033 admin_label=\u201dRealizar la encuesta\u201d _builder_version=\u201d4.27.4\u2033 _module_preset=\u201dpredeterminado\u201d global_colors_info=\u201d{}\u201d][et_pb_row estructura_columna=\u201d1_4,1_2,1_4\u2033 _builder_version=\u201d4.27.4\u2033 _module_preset=\u201dpredeterminado\u201d global_colors_info=\u201d{}\u201d][et_pb_column tipo=\u201d1_4\u2033 _builder_version=\u201d4.27.4\u2033 _module_preset=\u201dpredeterminado\u201d global_colors_info=\u201d{}\u201d][\/et_pb_column][et_pb_column tipo=\u201d1_2\u2033 _builder_version=\u201d4.27.4\u2033 _module_preset=\u201dpredeterminado\u201d global_colors_info=\u201d{}\u201d][\/et_pb_column][et_pb_column tipo=\u201d1_4\u2033 _builder_version=\u201d4.27.4\u2033 _module_preset=\u201dpredeterminado\u201d global_colors_info=\u201d{}\u201d][\/et_pb_column][\/et_pb_row][\/et_pb_section][et_pb_section fb_built=\u201d1\u2033 deshabilitado_encendido=\u201dapagado|apagado|apagado\u201d admin_label=\u201dSecci\u00f3n Lo que defendemos\u201d _builder_version=\u201d4.16\u2033 _module_preset=\u201dpredeterminado\u201d background_color=\u201d#122857\u2033 posicionamiento=\u201dninguno\u201d margen_personalizado=\u201d||||falso|falso\u201d relleno_personalizado=\u201d0px||0px|||\u201d global_colors_info=\u201d{}\u201d][et_pb_row column_structure=\u201d3_5,2_5\u2033 use_custom_gutter=\u201don\u201d make_equal=\u201don\u201d disabled_on=\u201don|on|off\u201d admin_label=\u201dLo que defendemos Row\u201d _builder_version=\u201d4.16\u2033 _module_preset=\u201ddefault\u201d background_color=\u201d#122857\u2033 position_origin_a_tablet=\u201d\u201d position_origin_a_phone=\u201d\u201d position_origin_a_last_edited=\u201don|desktop\u201d position_origin_f_tablet=\u201d\u201d position_origin_f_phone=\u201d\u201d position_origin_f_last_edited=\u201don|desktop\u201d position_origin_r_tablet=\u201d\u201d position_origin_r_phone=\u201d\u201d position_origin_r_last_edited=\u201den|escritorio\u201d max_width=\u201d1140px\u201d module_alignment=\u201dcenter\u201d custom_margin=\u201d0px|20px|0px|20px|false|false\u201d custom_padding=\u201d|24px||24px|false|false\u201d placement_tablet=\u201d\u201d placement_phone=\u201d\u201d placement_last_edited=\u201den|escritorio\u201d border_radii=\u201den|30px|30px|30px|30px\u201d global_colors_info=\u201d{}\u201d][et_pb_column type=\u201d3_5\u2033 _builder_version=\u201d4.16\u2033 _module_preset=\u201dpredeterminado\u201d custom_css_main_element=\u201dmargin:auto;\u201d border_radii=\u201doff|30px|||30px\u201d global_colors_info=\u201d{}\u201d][et_pb_cta title=\u201dLo que defendemos\u201d button_text=\u201dHaga clic aqu\u00ed\u201d _builder_version=\u201d4.16\u2033 _module_preset=\u201ddefault\u201d header_font=\u201dMontserrat|700|||||||\u201d header_text_align=\u201dleft\u201d body_text_align=\u201dleft\u201d body_line_height=\u201d1.4em\u201d background_color=\u201dRGBA(255,255,255,0)\u201d custom_padding=\u201d42px|24px||16px||\u201d global_colors_info=\u201d{}\u201d]<\/p>\n<p>Creemos que todo el mundo es VIH <strong>Igual.<\/strong> Como tal, creemos que <strong>todo el mundo,<\/strong> independientemente de su estado serol\u00f3gico, merece atenci\u00f3n y educaci\u00f3n emp\u00e1ticas y competentes sin prejuicios ni estigmas.\u00a0<\/p>\n<p>Este sitio web est\u00e1 dise\u00f1ado para ser una fuente de informaci\u00f3n multiprop\u00f3sito sobre la prevenci\u00f3n, el cuidado y los recursos del VIH en todo Arizona. Desarrollado y mantenido por la Fundaci\u00f3n Aunt Rita, HIVAZ se dedica a proporcionar informaci\u00f3n precisa y completa a los residentes de Arizona.<\/p>\n<p>[\/et_pb_cta][\/et_pb_column][et_pb_column tipo=\u201d2_5\u2033 _builder_version=\u201d4.16\u2033 _module_preset=\u201dpredeterminado\u201d z_index=\u201d1\u2033 padding_personalizado=\u201d||||falso|falso\u201d elemento_principal_css_personalizado=\u201dmargen:autom\u00e1tico;\u201d global_colors_info=\u201d{}\u201d][et_pb_image src=\u201dhttps:\/\/hivaz.org\/wp-content\/uploads\/2022\/03\/hivaz-ribbon.png\u201d title_text=\u201dhivaz-ribbon\u201d _builder_version=\u201d4.16\u2033 _module_preset=\u201dpredeterminado\u201d max_width=\u201d352px\u201d module_alignment=\u201dcenter\u201d custom_padding=\u201d30px||||false|false\u201d global_colors_info=\u201d{}\u201d][\/et_pb_image][\/et_pb_column][\/et_pb_row][\/et_pb_section][et_pb_section fb_built=\u201d1\u2033 _builder_version=\u201d4.16\u2033 _module_preset=\u201dpredeterminado\u201d background_image=\u201dhttps:\/\/hivaz.org\/wp-content\/uploads\/2022\/03\/background-right-dots.png\u201d background_size=\u201dcontain\u201d background_position=\u201dtop_right\u201d global_colors_info=\u201d{}\u201d][et_pb_row estructura_columna=\u201d1_3,1_3,1_3\u2033 make_equal=\u201don\u201d _builder_version=\u201d4.16\u2033 _module_preset=\u201ddefault\u201d global_colors_info=\u201d{}\u201d][et_pb_column tipo=\u201d1_3\u2033 _builder_version=\u201d4.17.6\u2033 _module_preset=\u201ddefault\u201d global_colors_info=\u201d{}\u201d][et_pb_image src=\u201dhttps:\/\/hivaz.org\/wp-content\/uploads\/2022\/07\/image002.png\u201d title_text=\u201dimage002\u2033 align=\u201dcenter\u201d _builder_version=\u201d4.17.6\u2033 _module_preset=\u201ddefault\u201d global_colors_info=\u201d{}\u201d][\/et_pb_image][\/et_pb_column][et_pb_column type=\u201d1_3\u2033 _builder_version=\u201d4.16\u2033 _module_preset=\u201ddefault\u201d global_colors_info=\u201d{}\u201d][et_pb_text _builder_version=\u201d4.16\u2033 _module_preset=\u201ddefault\u201d text_font_size=\u201d22px\u201d text_line_height=\u201d1.3em\u201d header_font_size=\u201d42px\u201d header_2_font=\u201dMontserrat|600|||||||\u201d tama\u00f1o_de_fuente_del_encabezado_2=\u201d27px\u201d altura_de_l\u00ednea_del_encabezado_2=\u201d1.2em\u201d informaci\u00f3n_de_colores_globales=\u201d{}\u201d]<\/p>\n<h1>\u00a1Positivamente Tu!<\/h1>\n<h2>Explore recursos para personas reci\u00e9n diagnosticadas con VIH.<\/h2>\n<div><span lang=\"EN\">\u00a1Positivamente Tu! es una campa\u00f1a para ayudar a las personas con VIH a conectarse con recursos, apoyo y mucho m\u00e1s. Echa un vistazo a Positively You! sitio web para obtener informaci\u00f3n sobre lo que est\u00e1 disponible en el condado de Maricopa y c\u00f3mo enfocarse en permanecer positivamente USTED!<\/span><\/div>\n<div><\/div>\n<p>[\/et_pb_text][et_pb_button button_url=&#8221;https:\/\/positivelyyouaz.com\/%20&#8243; url_new_window=&#8221;on&#8221; button_text=&#8221;Learn More&#8221; button_alignment=&#8221;center&#8221; _builder_version=&#8221;4.17.6&#8243; _module_preset=&#8221;2b33b77b-2541-4084-bbd9-23c9002a874f&#8221; custom_button=&#8221;on&#8221; button_text_size=&#8221;24px&#8221; button_text_color=&#8221;#FFFFFF&#8221; button_bg_color=&#8221;#e14f25&#8243; button_border_width=&#8221;0px&#8221; button_font=&#8221;Montserrat|700||on|||||&#8221; global_colors_info=&#8221;{}&#8221;][\/et_pb_button][\/et_pb_column][et_pb_column type=&#8221;1_3&#8243; _builder_version=&#8221;4.16&#8243; _module_preset=&#8221;default&#8221; custom_css_main_element=&#8221;margin:auto;&#8221; global_colors_info=&#8221;{}&#8221;][et_pb_image src=&#8221;https:\/\/hivaz.org\/wp-content\/uploads\/2022\/03\/positively-you.png&#8221; title_text=&#8221;positively-you&#8221; url=&#8221;https:\/\/positivelyyouaz.com\/%20&#8243; url_new_window=&#8221;on&#8221; _builder_version=&#8221;4.16&#8243; _module_preset=&#8221;default&#8221; max_height=&#8221;420px&#8221; border_radii=&#8221;on|20px|20px|20px|20px&#8221; global_colors_info=&#8221;{}&#8221;][\/et_pb_image][\/et_pb_column][\/et_pb_row][\/et_pb_section]<\/p>","protected":false},"excerpt":{"rendered":"<p>Localizar servicios Encuentre proveedores de servicios en Arizona para cada categor\u00eda enumerada a continuaci\u00f3n o vea todos los proveedores en su \u00e1rea. Creemos que todo el mundo es VIH igual. Como tal, creemos [\u2026]<\/p>","protected":false},"author":13,"featured_media":0,"parent":0,"menu_order":0,"comment_status":"closed","ping_status":"closed","template":"","meta":{"_et_pb_use_builder":"on","_et_pb_old_content":"","_et_gb_content_width":"","footnotes":""},"class_list":["post-611","page","type-page","status-publish","hentry"],"yoast_head":"<!-- This site is optimized with the Yoast SEO plugin v26.1.1 - https:\/\/yoast.com\/wordpress\/plugins\/seo\/ -->\n<title>HIV AZ - Dedicated to providing accurate information to Arizona Residents<\/title>\n<meta name=\"description\" content=\"HIV prevention, care, and resources throughout Arizona. Developed and maintained by Aunt Rita\u2019s Foundation, HIVAZ is dedicated to providing accurate, thorough information to Arizona residents.\" \/>\n<meta name=\"robots\" content=\"index, follow, max-snippet:-1, max-image-preview:large, max-video-preview:-1\" \/>\n<link rel=\"canonical\" href=\"https:\/\/hivaz.org\/es\/\" \/>\n<meta property=\"og:locale\" content=\"es_MX\" \/>\n<meta property=\"og:type\" content=\"article\" \/>\n<meta property=\"og:title\" content=\"HIV AZ - Dedicated to providing accurate information to Arizona Residents\" \/>\n<meta property=\"og:description\" content=\"HIV prevention, care, and resources throughout Arizona. Developed and maintained by Aunt Rita\u2019s Foundation, HIVAZ is dedicated to providing accurate, thorough information to Arizona residents.\" \/>\n<meta property=\"og:url\" content=\"https:\/\/hivaz.org\/es\/\" \/>\n<meta property=\"og:site_name\" content=\"HIV prevention, care, and resources throughout Arizona. Developed and maintained by Aunt Rita\u2019s Foundation, HIVAZ is dedicated to providing accurate, thorough information to Arizona residents.\" \/>\n<meta property=\"article:publisher\" content=\"https:\/\/www.facebook.com\/AuntRitasFoundation1\" \/>\n<meta property=\"article:modified_time\" content=\"2025-01-06T15:58:34+00:00\" \/>\n<meta name=\"twitter:card\" content=\"summary_large_image\" \/>\n<meta name=\"twitter:site\" content=\"@auntritas\" \/>\n<script type=\"application\/ld+json\" class=\"yoast-schema-graph\">{\"@context\":\"https:\/\/schema.org\",\"@graph\":[{\"@type\":\"WebPage\",\"@id\":\"https:\/\/hivaz.org\/\",\"url\":\"https:\/\/hivaz.org\/\",\"name\":\"HIV AZ - Dedicated to providing accurate information to Arizona Residents\",\"isPartOf\":{\"@id\":\"https:\/\/hivaz.org\/#website\"},\"datePublished\":\"2022-02-04T05:49:58+00:00\",\"dateModified\":\"2025-01-06T15:58:34+00:00\",\"description\":\"HIV prevention, care, and resources throughout Arizona. Developed and maintained by Aunt Rita\u2019s Foundation, HIVAZ is dedicated to providing accurate, thorough information to Arizona residents.\",\"breadcrumb\":{\"@id\":\"https:\/\/hivaz.org\/#breadcrumb\"},\"inLanguage\":\"es\",\"potentialAction\":[{\"@type\":\"ReadAction\",\"target\":[\"https:\/\/hivaz.org\/\"]}]},{\"@type\":\"BreadcrumbList\",\"@id\":\"https:\/\/hivaz.org\/#breadcrumb\",\"itemListElement\":[{\"@type\":\"ListItem\",\"position\":1,\"name\":\"Home\",\"item\":\"https:\/\/hivaz.org\/\"},{\"@type\":\"ListItem\",\"position\":2,\"name\":\"HIVAZ.org\"}]},{\"@type\":\"WebSite\",\"@id\":\"https:\/\/hivaz.org\/#website\",\"url\":\"https:\/\/hivaz.org\/\",\"name\":\"HIV prevention, care, and resources throughout Arizona. Developed and maintained by Aunt Rita\u2019s Foundation, HIVAZ is dedicated to providing accurate, thorough information to Arizona residents.\",\"description\":\"Everyone, regardless of HIV status, is deserving of empathetic, competent care and education without prejudice or stigma.\",\"publisher\":{\"@id\":\"https:\/\/hivaz.org\/#organization\"},\"potentialAction\":[{\"@type\":\"SearchAction\",\"target\":{\"@type\":\"EntryPoint\",\"urlTemplate\":\"https:\/\/hivaz.org\/?s={search_term_string}\"},\"query-input\":{\"@type\":\"PropertyValueSpecification\",\"valueRequired\":true,\"valueName\":\"search_term_string\"}}],\"inLanguage\":\"es\"},{\"@type\":\"Organization\",\"@id\":\"https:\/\/hivaz.org\/#organization\",\"name\":\"Aunt Rita's Foundation\",\"url\":\"https:\/\/hivaz.org\/\",\"logo\":{\"@type\":\"ImageObject\",\"inLanguage\":\"es\",\"@id\":\"https:\/\/hivaz.org\/#\/schema\/logo\/image\/\",\"url\":\"https:\/\/hivaz.org\/wp-content\/uploads\/2022\/05\/Aunt-Ritas-Foundation-Logo-Tagline-01-300x202-1.png\",\"contentUrl\":\"https:\/\/hivaz.org\/wp-content\/uploads\/2022\/05\/Aunt-Ritas-Foundation-Logo-Tagline-01-300x202-1.png\",\"width\":300,\"height\":202,\"caption\":\"Aunt Rita's Foundation\"},\"image\":{\"@id\":\"https:\/\/hivaz.org\/#\/schema\/logo\/image\/\"},\"sameAs\":[\"https:\/\/www.facebook.com\/AuntRitasFoundation1\",\"https:\/\/x.com\/auntritas\"]}]}<\/script>\n<!-- \/ Yoast SEO plugin. -->","yoast_head_json":{"title":"VIH AZ - Dedicados a proporcionar informaci\u00f3n precisa a los residentes de Arizona","description":"Prevenci\u00f3n, atenci\u00f3n y recursos del VIH en todo Arizona. Desarrollado y mantenido por la Fundaci\u00f3n Aunt Rita, HIVAZ se dedica a brindar informaci\u00f3n precisa y completa a los residentes de Arizona.","robots":{"index":"index","follow":"follow","max-snippet":"max-snippet:-1","max-image-preview":"max-image-preview:large","max-video-preview":"max-video-preview:-1"},"canonical":"https:\/\/hivaz.org\/es\/","og_locale":"es_MX","og_type":"article","og_title":"HIV AZ - Dedicated to providing accurate information to Arizona Residents","og_description":"HIV prevention, care, and resources throughout Arizona. Developed and maintained by Aunt Rita\u2019s Foundation, HIVAZ is dedicated to providing accurate, thorough information to Arizona residents.","og_url":"https:\/\/hivaz.org\/es\/","og_site_name":"HIV prevention, care, and resources throughout Arizona. Developed and maintained by Aunt Rita\u2019s Foundation, HIVAZ is dedicated to providing accurate, thorough information to Arizona residents.","article_publisher":"https:\/\/www.facebook.com\/AuntRitasFoundation1","article_modified_time":"2025-01-06T15:58:34+00:00","twitter_card":"summary_large_image","twitter_site":"@auntritas","schema":{"@context":"https:\/\/schema.org","@graph":[{"@type":"WebPage","@id":"https:\/\/hivaz.org\/","url":"https:\/\/hivaz.org\/","name":"VIH AZ - Dedicados a proporcionar informaci\u00f3n precisa a los residentes de Arizona","isPartOf":{"@id":"https:\/\/hivaz.org\/#website"},"datePublished":"2022-02-04T05:49:58+00:00","dateModified":"2025-01-06T15:58:34+00:00","description":"Prevenci\u00f3n, atenci\u00f3n y recursos del VIH en todo Arizona. Desarrollado y mantenido por la Fundaci\u00f3n Aunt Rita, HIVAZ se dedica a brindar informaci\u00f3n precisa y completa a los residentes de Arizona.","breadcrumb":{"@id":"https:\/\/hivaz.org\/#breadcrumb"},"inLanguage":"es","potentialAction":[{"@type":"ReadAction","target":["https:\/\/hivaz.org\/"]}]},{"@type":"BreadcrumbList","@id":"https:\/\/hivaz.org\/#breadcrumb","itemListElement":[{"@type":"ListItem","position":1,"name":"Home","item":"https:\/\/hivaz.org\/"},{"@type":"ListItem","position":2,"name":"HIVAZ.org"}]},{"@type":"WebSite","@id":"https:\/\/hivaz.org\/#website","url":"https:\/\/hivaz.org\/","name":"Prevenci\u00f3n, atenci\u00f3n y recursos del VIH en todo Arizona. Desarrollado y mantenido por la Fundaci\u00f3n Aunt Rita, HIVAZ se dedica a brindar informaci\u00f3n precisa y completa a los residentes de Arizona.","description":"Todas las personas, independientemente de su estado serol\u00f3gico respecto del VIH, merecen atenci\u00f3n y educaci\u00f3n emp\u00e1ticas y competentes sin prejuicios ni estigmas.","publisher":{"@id":"https:\/\/hivaz.org\/#organization"},"potentialAction":[{"@type":"SearchAction","target":{"@type":"EntryPoint","urlTemplate":"https:\/\/hivaz.org\/?s={search_term_string}"},"query-input":{"@type":"PropertyValueSpecification","valueRequired":true,"valueName":"search_term_string"}}],"inLanguage":"es"},{"@type":"Organization","@id":"https:\/\/hivaz.org\/#organization","name":"Fundaci\u00f3n de la t\u00eda Rita","url":"https:\/\/hivaz.org\/","logo":{"@type":"ImageObject","inLanguage":"es","@id":"https:\/\/hivaz.org\/#\/schema\/logo\/image\/","url":"https:\/\/hivaz.org\/wp-content\/uploads\/2022\/05\/Aunt-Ritas-Foundation-Logo-Tagline-01-300x202-1.png","contentUrl":"https:\/\/hivaz.org\/wp-content\/uploads\/2022\/05\/Aunt-Ritas-Foundation-Logo-Tagline-01-300x202-1.png","width":300,"height":202,"caption":"Aunt Rita's Foundation"},"image":{"@id":"https:\/\/hivaz.org\/#\/schema\/logo\/image\/"},"sameAs":["https:\/\/www.facebook.com\/AuntRitasFoundation1","https:\/\/x.com\/auntritas"]}]}},"_links":{"self":[{"href":"https:\/\/hivaz.org\/es\/wp-json\/wp\/v2\/pages\/611","targetHints":{"allow":["GET"]}}],"collection":[{"href":"https:\/\/hivaz.org\/es\/wp-json\/wp\/v2\/pages"}],"about":[{"href":"https:\/\/hivaz.org\/es\/wp-json\/wp\/v2\/types\/page"}],"author":[{"embeddable":true,"href":"https:\/\/hivaz.org\/es\/wp-json\/wp\/v2\/users\/13"}],"replies":[{"embeddable":true,"href":"https:\/\/hivaz.org\/es\/wp-json\/wp\/v2\/comments?post=611"}],"version-history":[{"count":19,"href":"https:\/\/hivaz.org\/es\/wp-json\/wp\/v2\/pages\/611\/revisions"}],"predecessor-version":[{"id":232723,"href":"https:\/\/hivaz.org\/es\/wp-json\/wp\/v2\/pages\/611\/revisions\/232723"}],"wp:attachment":[{"href":"https:\/\/hivaz.org\/es\/wp-json\/wp\/v2\/media?parent=611"}],"curies":[{"name":"wp","href":"https:\/\/api.w.org\/{rel}","templated":true}]}}